{"id":13740,"date":"2025-05-27T11:00:30","date_gmt":"2025-05-27T09:00:30","guid":{"rendered":"https:\/\/ptm-mechatronics.com\/?post_type=product&#038;p=13740"},"modified":"2025-11-07T15:54:49","modified_gmt":"2025-11-07T14:54:49","slug":"hdpe-ruehrorgan-fuer-container","status":"publish","type":"product","link":"https:\/\/ptm-mechatronics.com\/sk\/product\/hdpe-ruehrorgan-fuer-container\/","title":{"rendered":"Plastov\u00e9 mie\u0161adlo HDPE 450 mm, sklopn\u00e9"},"content":{"rendered":"<h1 data-start=\"215\" data-end=\"309\"><span style=\"font-size: 75%;\">HDPE z\u00e1vesn\u00e9 mie\u0161adlo \u00d8450 mm pre IBC - \u013eahk\u00e9, odoln\u00e9 vo\u010di chemik\u00e1li\u00e1m, d\u00f4myselne navrhnut\u00e9<\/span><\/h1>\n<p data-start=\"311\" data-end=\"767\">Skl\u00e1pac\u00ed mie\u0161ac\u00ed disk HDPE \u00d8450 mm bol \u0161peci\u00e1lne vyvinut\u00fd na pou\u017eitie v kontajneroch IBC s otvormi od DN160 a pon\u00faka efekt\u00edvne a bezpe\u010dn\u00e9 rie\u0161enie na mie\u0161anie \u0161irokej \u0161k\u00e1ly m\u00e9di\u00ed - od kvapal\u00edn s n\u00edzkou viskozitou a\u017e po hustej\u0161ie l\u00e1tky. Mie\u0161ac\u00ed disk je vyroben\u00fd z HDPE odoln\u00e9ho vo\u010di chemik\u00e1li\u00e1m (napr. chl\u00f3ru) a zaujme svojou n\u00edzkou hmotnos\u0165ou a vysokou odolnos\u0165ou vo\u010di agres\u00edvnym l\u00e1tkam.<\/p>\n<p data-start=\"769\" data-end=\"1189\">Skl\u00e1pacie mie\u0161adlo je namontovan\u00e9 na dutom plastovom hriadeli s vn\u00fatorn\u00fdm hriade\u013eom z nehrdzavej\u00facej ocele a m\u00e1 upevnenie M16 na bezpe\u010dn\u00e9 a stabiln\u00e9 pripojenie k syst\u00e9mu pohonu. V\u010faka z\u00e1vesn\u00e9mu mechanizmu sa mie\u0161adlo d\u00e1 \u013eahko zasun\u00fa\u0165 cez otvor IBC (od DN160) a po oto\u010den\u00ed sa automaticky rozlo\u017e\u00ed na pln\u00fd priemer - bez ak\u00e9hoko\u013evek manu\u00e1lneho z\u00e1sahu.<\/p>\n<p data-start=\"1191\" data-end=\"1371\">T\u00e1to d\u00f4myseln\u00e1 kon\u0161trukcia zaru\u010duje priestorovo \u00fasporn\u00fa manipul\u00e1ciu, r\u00fdchlu pripravenos\u0165 na pou\u017eitie a homog\u00e9nny v\u00fdsledok mie\u0161ania s minim\u00e1lnou n\u00e1mahou.<\/p>","protected":false},"excerpt":{"rendered":"<p>HDPE v\u00fdkyvn\u00e9 mie\u0161adlo \u00d8450 mm s upevnen\u00edm M16 a vn\u00fatorn\u00fdm hriade\u013eom z nehrdzavej\u00facej ocele pre otvory IBC od DN160, pri ot\u00e1\u010dan\u00ed sa automaticky rozklad\u00e1 - ide\u00e1lne na \u00fa\u010dinn\u00e9 mie\u0161anie v IBC kontajneroch odoln\u00e9 vo\u010di chemik\u00e1li\u00e1m.<\/p>","protected":false},"featured_media":15538,"comment_status":"closed","ping_status":"closed","template":"","meta":{"_acf_changed":false},"product_brand":[],"product_cat":[1421,631],"product_tag":[2990,2991,2992,2993,2983,2994,2984,2985,2986,2987,2988,2989],"class_list":{"0":"post-13740","1":"product","2":"type-product","3":"status-publish","4":"has-post-thumbnail","6":"product_cat-zubehoer-ruehrwerkstechnik","7":"product_cat-ruehrorgane","8":"product_tag-ruehrorgan-mit-m16-befestigung","9":"product_tag-kunststoff-hohlwelle","10":"product_tag-ruehrorgan-fuer-ibc-behaelter","11":"product_tag-kunststoff-ruehrorgan","12":"product_tag-hdpe-ruehrorgan","13":"product_tag-ruehrorgan-chlorbestaendig","14":"product_tag-klappruehrorgan-ibc","15":"product_tag-ruehrscheibe-dn160","16":"product_tag-ruehrorgan-o450-mm","17":"product_tag-hdpe-ruehrfluegel","18":"product_tag-ruehrwerk-ibc-container","19":"product_tag-chemikalienbestaendiges-ruehrorgan","20":"product_shipping_class-karton-paketversand","21":"pa_durchmesser-450mm","22":"pa_material-hdpe","23":"pa_oeffnung-dn160-und-dn225","25":"first","26":"instock","27":"taxable","28":"shipping-taxable","29":"purchasable","30":"product-type-simple"},"bundled_by":[],"bundle_stock_status":"instock","bundle_stock_quantity":null,"bundle_virtual":false,"bundle_layout":"","bundle_add_to_cart_form_location":"","bundle_editable_in_cart":false,"bundle_sold_individually_context":"","bundle_item_grouping":"","bundle_min_size":"","bundle_max_size":"","bundle_price":[],"bundled_items":[],"bundle_sell_ids":[],"exclude_global_add_ons":[],"addons":[],"acf":[],"_links":{"self":[{"href":"https:\/\/ptm-mechatronics.com\/sk\/wp-json\/wp\/v2\/product\/13740","targetHints":{"allow":["GET"]}}],"collection":[{"href":"https:\/\/ptm-mechatronics.com\/sk\/wp-json\/wp\/v2\/product"}],"about":[{"href":"https:\/\/ptm-mechatronics.com\/sk\/wp-json\/wp\/v2\/types\/product"}],"replies":[{"embeddable":true,"href":"https:\/\/ptm-mechatronics.com\/sk\/wp-json\/wp\/v2\/comments?post=13740"}],"wp:featuredmedia":[{"embeddable":true,"href":"https:\/\/ptm-mechatronics.com\/sk\/wp-json\/wp\/v2\/media\/15538"}],"wp:attachment":[{"href":"https:\/\/ptm-mechatronics.com\/sk\/wp-json\/wp\/v2\/media?parent=13740"}],"wp:term":[{"taxonomy":"product_brand","embeddable":true,"href":"https:\/\/ptm-mechatronics.com\/sk\/wp-json\/wp\/v2\/product_brand?post=13740"},{"taxonomy":"product_cat","embeddable":true,"href":"https:\/\/ptm-mechatronics.com\/sk\/wp-json\/wp\/v2\/product_cat?post=13740"},{"taxonomy":"product_tag","embeddable":true,"href":"https:\/\/ptm-mechatronics.com\/sk\/wp-json\/wp\/v2\/product_tag?post=13740"}],"curies":[{"name":"wp","href":"https:\/\/api.w.org\/{rel}","templated":true}]}}