{"id":13531,"date":"2025-05-08T10:40:22","date_gmt":"2025-05-08T08:40:22","guid":{"rendered":"https:\/\/ptm-mechatronics.com\/?post_type=product&#038;p=13531"},"modified":"2025-11-07T15:54:51","modified_gmt":"2025-11-07T14:54:51","slug":"elektr-ruehrwerksantrieb-atex-mit-schnellwechselsystem","status":"publish","type":"product","link":"https:\/\/ptm-mechatronics.com\/sk\/product\/elektr-ruehrwerksantrieb-atex-mit-schnellwechselsystem\/","title":{"rendered":"Elektrick\u00fd pohon mie\u0161adla ATEX s r\u00fdchlov\u00fdmenn\u00fdm syst\u00e9mom"},"content":{"rendered":"<p data-start=\"124\" data-end=\"216\"><span class=\"_fadeIn_pfttw_8\">Elektrick\u00e1 sie\u0165 <\/span><span class=\"_fadeIn_pfttw_8\">Pohony mie\u0161adiel - <\/span><span class=\"_fadeIn_pfttw_8\">ATEX-<\/span><span class=\"_fadeIn_pfttw_8\">certifikovan\u00e9, <\/span><span class=\"_fadeIn_pfttw_8\">V\u00fdkonn\u00fd <\/span><span class=\"_fadeIn_pfttw_8\">a <\/span><span class=\"_fadeIn_pfttw_8\">Flexibiln\u00e9 <\/span><span class=\"_fadeIn_pfttw_8\">ovl\u00e1danie<\/span><\/p>\n<p data-start=\"218\" data-end=\"588\"><span class=\"_fadeIn_pfttw_8\">Na\u0161a str\u00e1nka <\/span><span class=\"_fadeIn_pfttw_8\">elektrick\u00e9 <\/span><span class=\"_fadeIn_pfttw_8\">Pohony mie\u0161adiel<\/span> <span class=\"_fadeIn_pfttw_8\">s\u00fa <\/span><span class=\"_fadeIn_pfttw_8\">. <\/span><span class=\"_fadeIn_pfttw_8\">ide\u00e1lne <\/span><span class=\"_fadeIn_pfttw_8\">Rie\u0161enie <\/span><span class=\"_fadeIn_pfttw_8\">pre <\/span><span class=\"_fadeIn_pfttw_8\">n\u00e1ro\u010dn\u00e9 <\/span><span class=\"_fadeIn_pfttw_8\">priemyseln\u00e9 <\/span><span class=\"_fadeIn_pfttw_8\">Procesy mie\u0161ania<\/span><span class=\"_fadeIn_pfttw_8\">, <\/span><span class=\"_fadeIn_pfttw_8\">s <\/span><span class=\"_fadeIn_pfttw_8\">tie <\/span><span class=\"_fadeIn_pfttw_8\">obidve str\u00e1nky <\/span><span class=\"_fadeIn_pfttw_8\">Vysok\u00fd v\u00fdkon<\/span> <span class=\"_fadeIn_pfttw_8\">ako <\/span><span class=\"_fadeIn_pfttw_8\">tie\u017e <\/span><span class=\"_fadeIn_pfttw_8\">spo\u013eahlivos\u0165 <\/span><span class=\"_fadeIn_pfttw_8\">a <\/span><span class=\"_fadeIn_pfttw_8\">Zabezpe\u010denie<\/span> <span class=\"_fadeIn_pfttw_8\">sa p\u00fdtal <\/span><span class=\"_fadeIn_pfttw_8\">s\u00fa. <\/span><span class=\"_fadeIn_pfttw_8\">Vyroben\u00e9 <\/span><span class=\"_fadeIn_pfttw_8\">pre <\/span><span class=\"_fadeIn_pfttw_8\">. <\/span><span class=\"_fadeIn_pfttw_8\">Nepretr\u017eit\u00e1 prev\u00e1dzka<\/span> <span class=\"_fadeIn_pfttw_8\">pod <\/span><span class=\"_fadeIn_pfttw_8\">hard <\/span><span class=\"_fadeIn_pfttw_8\">Podmienky, <\/span><span class=\"_fadeIn_pfttw_8\">\u010derpanie <\/span><span class=\"_fadeIn_pfttw_8\">ich <\/span><span class=\"_fadeIn_pfttw_8\">samotn\u00fd <\/span><span class=\"_fadeIn_pfttw_8\">prostredn\u00edctvom str\u00e1nky . <\/span><span class=\"_fadeIn_pfttw_8\">ich <\/span><span class=\"_fadeIn_pfttw_8\">Robustnos\u0165<\/span><span class=\"_fadeIn_pfttw_8\">, <\/span><span class=\"_fadeIn_pfttw_8\">Dlhovekos\u0165<\/span> <span class=\"_fadeIn_pfttw_8\">a <\/span><span class=\"_fadeIn_pfttw_8\">flexibiln\u00e9 <\/span><span class=\"_fadeIn_pfttw_8\">Pou\u017eite\u013enos\u0165<\/span> <span class=\"_fadeIn_pfttw_8\">z.<\/span><\/p>\n<p data-start=\"590\" data-end=\"1011\"><span class=\"_fadeIn_pfttw_8\">Najm\u00e4 <\/span><span class=\"_fadeIn_pfttw_8\">treba zd\u00f4razni\u0165: <\/span><span class=\"_fadeIn_pfttw_8\">Tieto str\u00e1nky <\/span><span class=\"_fadeIn_pfttw_8\">Pohonn\u00e9 jednotky <\/span><span class=\"_fadeIn_pfttw_8\">s\u00fa <\/span><span class=\"_fadeIn_pfttw_8\">ATEX-<\/span><span class=\"_fadeIn_pfttw_8\">certifikovan\u00e9 <\/span><span class=\"_fadeIn_pfttw_8\">pre <\/span><span class=\"_fadeIn_pfttw_8\">Z\u00f3na <\/span><span class=\"_fadeIn_pfttw_8\">0\/<\/span><span class=\"_fadeIn_pfttw_8\">1<\/span> <span class=\"_fadeIn_pfttw_8\">a <\/span><span class=\"_fadeIn_pfttw_8\">aby <\/span><span class=\"_fadeIn_pfttw_8\">tie\u017e <\/span><span class=\"_fadeIn_pfttw_8\">pre <\/span><span class=\"_fadeIn_pfttw_8\">. <\/span><span class=\"_fadeIn_pfttw_8\">Pou\u017eite <\/span><span class=\"_fadeIn_pfttw_8\">na str\u00e1nke <\/span><span class=\"_fadeIn_pfttw_8\">potenci\u00e1lne v\u00fdbu\u0161n\u00e9 prostredia <\/span><span class=\"_fadeIn_pfttw_8\">Oblasti<\/span> <span class=\"_fadeIn_pfttw_8\">vhodn\u00e9 - <\/span><span class=\"_fadeIn_pfttw_8\">o <\/span><span class=\"_fadeIn_pfttw_8\">na str\u00e1nke <\/span><span class=\"_fadeIn_pfttw_8\">. <\/span><span class=\"_fadeIn_pfttw_8\">Ch\u00e9mia, <\/span><span class=\"_fadeIn_pfttw_8\">Farmaceutick\u00e9 <\/span><span class=\"_fadeIn_pfttw_8\">alebo <\/span><span class=\"_fadeIn_pfttw_8\">Potravin\u00e1rsky priemysel<\/span><span class=\"_fadeIn_pfttw_8\">. <\/span><span class=\"_fadeIn_pfttw_8\">Na str\u00e1nke <\/span><span class=\"_fadeIn_pfttw_8\">Kombin\u00e1cia <\/span><span class=\"_fadeIn_pfttw_8\">s <\/span><span class=\"_fadeIn_pfttw_8\">jeden <\/span><span class=\"_fadeIn_pfttw_8\">samostatne <\/span><span class=\"_fadeIn_pfttw_8\">k dispoz\u00edcii na <\/span><span class=\"_fadeIn_pfttw_8\">Frekven\u010dn\u00fd meni\u010d<\/span> <span class=\"_fadeIn_pfttw_8\">opustite str\u00e1nku . <\/span><span class=\"_fadeIn_pfttw_8\">samotn\u00fd <\/span><span class=\"_fadeIn_pfttw_8\">. <\/span><span class=\"_fadeIn_pfttw_8\">Pohonn\u00e9 jednotky <\/span><span class=\"_fadeIn_pfttw_8\">Presn\u00fd <\/span><span class=\"_fadeIn_pfttw_8\">regulova\u0165, <\/span><span class=\"_fadeIn_pfttw_8\">limit <\/span><span class=\"_fadeIn_pfttw_8\">a <\/span><span class=\"_fadeIn_pfttw_8\">Pre\u010d\u00edtajte si<\/span><span class=\"_fadeIn_pfttw_8\">, <\/span><span class=\"_fadeIn_pfttw_8\">bez <\/span><span class=\"_fadeIn_pfttw_8\">\u017ee <\/span><span class=\"_fadeIn_pfttw_8\">. <\/span><span class=\"_fadeIn_pfttw_8\">Frekven\u010dn\u00fd meni\u010d <\/span><span class=\"_fadeIn_pfttw_8\">v <\/span><span class=\"_fadeIn_pfttw_8\">Motor <\/span><span class=\"_fadeIn_pfttw_8\">integrovan\u00fd <\/span><span class=\"_fadeIn_pfttw_8\">by\u0165 <\/span><span class=\"_fadeIn_pfttw_8\">mus\u00ed.<\/span><\/p>\n<p data-start=\"590\" data-end=\"1011\">S integrovan\u00fdm <a href=\"https:\/\/youtu.be\/TjagGW4DoyA?si=47p3rr-tFkZz2McY\" target=\"_blank\" rel=\"noopener\">r\u00fdchlov\u00fdmenn\u00fd syst\u00e9m eco-Quick<\/a> m\u00f4\u017eete vymeni\u0165 mie\u0161acie hriadele v priebehu nieko\u013ek\u00fdch sek\u00fand bez pou\u017eitia \u010fal\u0161ieho n\u00e1radia.<\/p>\n<p data-start=\"1013\" data-end=\"1044\"><span class=\"_fadeIn_pfttw_8\">V\u00fdhody <\/span><span class=\"_fadeIn_pfttw_8\">na str\u00e1nke . <\/span><span class=\"_fadeIn_pfttw_8\">jeden <\/span><span class=\"_fadeIn_pfttw_8\">Zobrazenie:<\/span><\/p>\n<ul>\n<li data-start=\"1047\" data-end=\"1079\"><span class=\"_fadeIn_pfttw_8\">ATEX-<\/span><span class=\"_fadeIn_pfttw_8\">certifikovan\u00e9 <\/span><span class=\"_fadeIn_pfttw_8\">pre <\/span><span class=\"_fadeIn_pfttw_8\">Z\u00f3na <\/span><span class=\"_fadeIn_pfttw_8\">0\/<\/span><span class=\"_fadeIn_pfttw_8\">1<\/span><\/li>\n<li data-start=\"1047\" data-end=\"1079\"><span class=\"_fadeIn_pfttw_8\">V\u00fdkonnej\u0161ie, <\/span><span class=\"_fadeIn_pfttw_8\">elektrick\u00fd <\/span><span class=\"_fadeIn_pfttw_8\">Pohon mie\u0161adla<\/span><\/li>\n<li data-start=\"1047\" data-end=\"1079\"><span class=\"_fadeIn_pfttw_8\">Najm\u00e4 <\/span><span class=\"_fadeIn_pfttw_8\">Odoln\u00e9 <\/span><span class=\"_fadeIn_pfttw_8\">a <\/span><span class=\"_fadeIn_pfttw_8\">N\u00edzka \u00fadr\u017eba<\/span><\/li>\n<li data-start=\"1047\" data-end=\"1079\"><span class=\"_fadeIn_pfttw_8\">K<\/span><span class=\"_fadeIn_pfttw_8\">ompatibiln\u00e9 <\/span><span class=\"_fadeIn_pfttw_8\">s <\/span><span class=\"_fadeIn_pfttw_8\">extern\u00e9 <\/span><span class=\"_fadeIn_pfttw_8\">Frekven\u010dn\u00fd meni\u010d<\/span><\/li>\n<li data-start=\"1047\" data-end=\"1079\"><span class=\"_fadeIn_pfttw_8\">Jednoduch\u00e9 <\/span><span class=\"_fadeIn_pfttw_8\">Nariadenie <\/span><span class=\"_fadeIn_pfttw_8\">a <\/span><span class=\"_fadeIn_pfttw_8\">Riadiaci syst\u00e9m <\/span><span class=\"_fadeIn_pfttw_8\">mo\u017en\u00e9<\/span><\/li>\n<li data-start=\"1047\" data-end=\"1079\"><span class=\"_fadeIn_pfttw_8\">Robustn\u00fd <\/span><span class=\"_fadeIn_pfttw_8\">Vykon\u00e1vanie <\/span><span class=\"_fadeIn_pfttw_8\">pre <\/span><span class=\"_fadeIn_pfttw_8\">Nepretr\u017eit\u00e1 prev\u00e1dzka<\/span><\/li>\n<li data-start=\"1047\" data-end=\"1079\"><span class=\"_fadeIn_pfttw_8\">Flexibiln\u00e9 <\/span><span class=\"_fadeIn_pfttw_8\">pou\u017eite\u013en\u00e9 <\/span><span class=\"_fadeIn_pfttw_8\">na str\u00e1nke <\/span><span class=\"_fadeIn_pfttw_8\">potenci\u00e1lne v\u00fdbu\u0161n\u00e9 prostredia <\/span><span class=\"_fadeIn_pfttw_8\">Prostredie<\/span><\/li>\n<\/ul>","protected":false},"excerpt":{"rendered":"<p><span class=\"_fadeIn_pfttw_8\">L<\/span><span class=\"_fadeIn_pfttw_8\">anglebige, <\/span><span class=\"_fadeIn_pfttw_8\">elektrick\u00e9 <\/span><span class=\"_fadeIn_pfttw_8\">Pohony mie\u0161adiel s <\/span><span class=\"_fadeIn_pfttw_8\">vysok\u00e1 <\/span><span class=\"_fadeIn_pfttw_8\">Schopnos\u0165 v\u00fdkonu <\/span><span class=\"_fadeIn_pfttw_8\">a <\/span><span class=\"_fadeIn_pfttw_8\">Odolnos\u0165, certifikovan\u00e9 pre z\u00f3nu ATEX 0\/1, <\/span><span class=\"_fadeIn_pfttw_8\">prostredn\u00edctvom extern\u00e9ho <\/span><span class=\"_fadeIn_pfttw_8\">Frekven\u010dn\u00fd meni\u010d <\/span><span class=\"_fadeIn_pfttw_8\">jednoduch\u00fd <\/span><span class=\"_fadeIn_pfttw_8\">pravidlo-, <\/span><span class=\"_fadeIn_pfttw_8\">da\u0148 <\/span><span class=\"_fadeIn_pfttw_8\">a <\/span><span class=\"_fadeIn_pfttw_8\">\u010ditate\u013en\u00fd - <\/span><span class=\"_fadeIn_pfttw_8\">ide\u00e1lne <\/span><span class=\"_fadeIn_pfttw_8\">pre <\/span><span class=\"_fadeIn_pfttw_8\">. <\/span><span class=\"_fadeIn_pfttw_8\">priemyseln\u00e9 <\/span><span class=\"_fadeIn_pfttw_8\">Nepretr\u017eit\u00e1 prev\u00e1dzka.<\/span><\/p>","protected":false},"featured_media":15536,"comment_status":"open","ping_status":"closed","template":"","meta":{"_acf_changed":false},"product_brand":[],"product_cat":[595,632],"product_tag":[2867,2868,2869,2578,2861,2862,2863,2864,2865,2866],"class_list":{"0":"post-13531","1":"product","2":"type-product","3":"status-publish","4":"has-post-thumbnail","6":"product_cat-ruehrwerkstechnik","7":"product_cat-ruehrwerksantriebe","8":"product_tag-atex-ruehrwerk-elektrisch","9":"product_tag-ex-geschuetzter-antrieb-ruehrtechnik","10":"product_tag-atex-ruehrwerksantrieb-zone-0-1","11":"product_tag-explosionsgeschuetzter-ruehrantrieb","12":"product_tag-elektrischer-ruehrmotor-atex","13":"product_tag-ruehrwerksantrieb-mit-atex-zulassung","14":"product_tag-frequenzumrichter-optional","15":"product_tag-ruehrantrieb-elektrisch-industrie","16":"product_tag-robuster-atex-motor","17":"product_tag-zone-1-ruehrantrieb","18":"product_shipping_class-karton-paketversand","19":"pa_antriebsart-elektrisch","20":"pa_atex-zone-0-1","21":"pa_atex-motor-ex-ii-2d-ex-h-iiic-t120c","22":"pa_atex-zonentrennung-ex-ii-1-2-g-ex-h-iic-t5-ga-gb","23":"pa_model-e-drive","24":"pa_motor-spannung-230-400v","25":"pa_nabe-gewinde-m16","26":"pa_schaltart-dreieck-stern","28":"first","29":"instock","30":"taxable","31":"shipping-taxable","32":"purchasable","33":"product-type-variable"},"bundled_by":[],"bundle_stock_status":"instock","bundle_stock_quantity":null,"bundle_virtual":false,"bundle_layout":"","bundle_add_to_cart_form_location":"","bundle_editable_in_cart":false,"bundle_sold_individually_context":"","bundle_item_grouping":"","bundle_min_size":"","bundle_max_size":"","bundle_price":[],"bundled_items":[],"bundle_sell_ids":[],"exclude_global_add_ons":[],"addons":[],"acf":[],"_links":{"self":[{"href":"https:\/\/ptm-mechatronics.com\/sk\/wp-json\/wp\/v2\/product\/13531","targetHints":{"allow":["GET"]}}],"collection":[{"href":"https:\/\/ptm-mechatronics.com\/sk\/wp-json\/wp\/v2\/product"}],"about":[{"href":"https:\/\/ptm-mechatronics.com\/sk\/wp-json\/wp\/v2\/types\/product"}],"replies":[{"embeddable":true,"href":"https:\/\/ptm-mechatronics.com\/sk\/wp-json\/wp\/v2\/comments?post=13531"}],"wp:featuredmedia":[{"embeddable":true,"href":"https:\/\/ptm-mechatronics.com\/sk\/wp-json\/wp\/v2\/media\/15536"}],"wp:attachment":[{"href":"https:\/\/ptm-mechatronics.com\/sk\/wp-json\/wp\/v2\/media?parent=13531"}],"wp:term":[{"taxonomy":"product_brand","embeddable":true,"href":"https:\/\/ptm-mechatronics.com\/sk\/wp-json\/wp\/v2\/product_brand?post=13531"},{"taxonomy":"product_cat","embeddable":true,"href":"https:\/\/ptm-mechatronics.com\/sk\/wp-json\/wp\/v2\/product_cat?post=13531"},{"taxonomy":"product_tag","embeddable":true,"href":"https:\/\/ptm-mechatronics.com\/sk\/wp-json\/wp\/v2\/product_tag?post=13531"}],"curies":[{"name":"wp","href":"https:\/\/api.w.org\/{rel}","templated":true}]}}