{"id":13435,"date":"2025-04-07T09:56:22","date_gmt":"2025-04-07T07:56:22","guid":{"rendered":"https:\/\/ptm-mechatronics.com\/?post_type=product&#038;p=13435"},"modified":"2025-11-07T15:54:40","modified_gmt":"2025-11-07T14:54:40","slug":"wellendichtring-ptfe-fda-weiss","status":"publish","type":"product","link":"https:\/\/ptm-mechatronics.com\/sk\/product\/wellendichtring-ptfe-fda-weiss\/","title":{"rendered":"Olejov\u00e9 tesnenie PTFE FDA biela"},"content":{"rendered":"<p class=\"\" data-start=\"187\" data-end=\"307\">PTFE tesniaci kr\u00fa\u017eok hriade\u013ea biely (v s\u00falade s FDA) pre vzduchov\u00e9 motory PTM - hygienick\u00e9 rie\u0161enie tesnenia pre najvy\u0161\u0161ie n\u00e1roky<\/p>\n<p class=\"\" data-start=\"309\" data-end=\"733\">Biele PTFE tesnenie hriade\u013ea (v s\u00falade s FDA) sp\u013a\u0148a najvy\u0161\u0161ie po\u017eiadavky na hygienu, chemick\u00fa odolnos\u0165 a teplotn\u00fa stabilitu. Pou\u017eit\u00fd materi\u00e1l PTFE potravin\u00e1rskej kvality je schv\u00e1len\u00fd v s\u00falade so smernicami FDA, a preto je ide\u00e1lny na pou\u017eitie v potravin\u00e1rskom, kozmetickom a farmaceutickom priemysle.<\/p>\n<p class=\"\" data-start=\"735\" data-end=\"1054\">V\u010faka svojmu povrchu s n\u00edzkym tren\u00edm, odoln\u00e9mu vo\u010di opotrebovaniu a vynikaj\u00facej odolnosti vo\u010di agres\u00edvnym m\u00e9di\u00e1m, \u010distiacim prostriedkom a vysok\u00fdm teplot\u00e1m je tesniaci kr\u00fa\u017eok ide\u00e1lny na pou\u017eitie v hygienicky citliv\u00fdch procesoch - \u010di u\u017e na prevent\u00edvnu \u00fadr\u017ebu alebo ako n\u00e1hradn\u00fd diel s dlhou \u017eivotnos\u0165ou.<\/p>\n<p class=\"\" data-start=\"1056\" data-end=\"1087\">V\u00fdhody na prv\u00fd poh\u013ead:<\/p>\n<ul>\n<li data-start=\"1090\" data-end=\"1124\">Vhodn\u00e9 pre vzduchov\u00e9 motory PTM<\/li>\n<li data-start=\"1090\" data-end=\"1124\">PTFE biely, v s\u00falade s FDA<\/li>\n<li data-start=\"1090\" data-end=\"1124\">Bezpe\u010dn\u00e9 pre potraviny a hygienick\u00e9<\/li>\n<li data-start=\"1090\" data-end=\"1124\">Odolnos\u0165 vo\u010di chemik\u00e1li\u00e1m a teplot\u00e1m<\/li>\n<li data-start=\"1090\" data-end=\"1124\">N\u00edzke trenie a odolnos\u0165 proti opotrebovaniu<\/li>\n<li data-start=\"1090\" data-end=\"1124\">Ide\u00e1lne pre aplik\u00e1cie s kritick\u00fdmi hygienick\u00fdmi po\u017eiadavkami<\/li>\n<li data-start=\"1090\" data-end=\"1124\">Jednoduch\u00e1 \u00fadr\u017eba a odolnos\u0165<\/li>\n<\/ul>","protected":false},"excerpt":{"rendered":"<p>Hygienick\u00e9 tesnenie odoln\u00e9 vo\u010di chemik\u00e1li\u00e1m a teplot\u00e1m, ide\u00e1lne na pou\u017eitie v potravin\u00e1rskom, farmaceutickom a kozmetickom priemysle.<\/p>","protected":false},"featured_media":15374,"comment_status":"open","ping_status":"closed","template":"","meta":{"_acf_changed":false},"product_brand":[],"product_cat":[2745],"product_tag":[2790,2805,2806,2807,2808,2809,2810,2811,2812,2813],"class_list":{"0":"post-13435","1":"product","2":"type-product","3":"status-publish","4":"has-post-thumbnail","6":"product_cat-ersatzteile","7":"product_tag-ptm-ersatzteile-kaufen","8":"product_tag-ptfe-wellendichtring-weiss","9":"product_tag-fda-dichtung-ptm","10":"product_tag-ptfe-dichtungsring-lebensmittel","11":"product_tag-hygienedichtung-druckluftmotor","12":"product_tag-ruehrwerksantrieb-fda-konform","13":"product_tag-wellendichtring-pharmaindustrie","14":"product_tag-ptfe-weiss-dichtung","15":"product_tag-fda-konforme-ruehrwerksdichtung","16":"product_tag-lebensmitteltechnik-dichtungsring","17":"product_shipping_class-karton-paketversand","19":"first","20":"instock","21":"taxable","22":"shipping-taxable","23":"purchasable","24":"product-type-variable"},"bundled_by":[],"bundle_stock_status":"instock","bundle_stock_quantity":null,"bundle_virtual":false,"bundle_layout":"","bundle_add_to_cart_form_location":"","bundle_editable_in_cart":false,"bundle_sold_individually_context":"","bundle_item_grouping":"","bundle_min_size":"","bundle_max_size":"","bundle_price":[],"bundled_items":[],"bundle_sell_ids":[],"exclude_global_add_ons":[],"addons":[],"acf":[],"_links":{"self":[{"href":"https:\/\/ptm-mechatronics.com\/sk\/wp-json\/wp\/v2\/product\/13435","targetHints":{"allow":["GET"]}}],"collection":[{"href":"https:\/\/ptm-mechatronics.com\/sk\/wp-json\/wp\/v2\/product"}],"about":[{"href":"https:\/\/ptm-mechatronics.com\/sk\/wp-json\/wp\/v2\/types\/product"}],"replies":[{"embeddable":true,"href":"https:\/\/ptm-mechatronics.com\/sk\/wp-json\/wp\/v2\/comments?post=13435"}],"wp:featuredmedia":[{"embeddable":true,"href":"https:\/\/ptm-mechatronics.com\/sk\/wp-json\/wp\/v2\/media\/15374"}],"wp:attachment":[{"href":"https:\/\/ptm-mechatronics.com\/sk\/wp-json\/wp\/v2\/media?parent=13435"}],"wp:term":[{"taxonomy":"product_brand","embeddable":true,"href":"https:\/\/ptm-mechatronics.com\/sk\/wp-json\/wp\/v2\/product_brand?post=13435"},{"taxonomy":"product_cat","embeddable":true,"href":"https:\/\/ptm-mechatronics.com\/sk\/wp-json\/wp\/v2\/product_cat?post=13435"},{"taxonomy":"product_tag","embeddable":true,"href":"https:\/\/ptm-mechatronics.com\/sk\/wp-json\/wp\/v2\/product_tag?post=13435"}],"curies":[{"name":"wp","href":"https:\/\/api.w.org\/{rel}","templated":true}]}}