{"id":13432,"date":"2025-04-07T09:42:20","date_gmt":"2025-04-07T07:42:20","guid":{"rendered":"https:\/\/ptm-mechatronics.com\/?post_type=product&#038;p=13432"},"modified":"2025-11-07T15:54:40","modified_gmt":"2025-11-07T14:54:40","slug":"wellendichtring-ptfe-schwarz","status":"publish","type":"product","link":"https:\/\/ptm-mechatronics.com\/sk\/product\/wellendichtring-ptfe-schwarz\/","title":{"rendered":"Tesnenie hriade\u013ea PTFE \u010dierne"},"content":{"rendered":"<p class=\"\" data-start=\"184\" data-end=\"311\">\u010cierne olejov\u00e9 tesnenie PTFE\/EPDM pre vzduchov\u00e9 motory PTM - univerz\u00e1lne vysoko v\u00fdkonn\u00e9 tesnenie pre priemyseln\u00e9 aplik\u00e1cie<\/p>\n<p class=\"\" data-start=\"313\" data-end=\"784\">\u010cierne olejov\u00e9 tesnenie PTFE\/EPDM pon\u00faka vynikaj\u00facu kombin\u00e1ciu chemickej odolnosti, tepelnej odolnosti a mechanickej pru\u017enosti. Kombin\u00e1cia PTFE (polytetraflu\u00f3retyl\u00e9n) a EPDM (etyl\u00e9npropyl\u00e9nd\u00e9nov\u00fd kau\u010duk) zabezpe\u010duje n\u00edzke trenie a dlh\u00fa \u017eivotnos\u0165 tesnenia aj v n\u00e1ro\u010dn\u00fdch prev\u00e1dzkov\u00fdch podmienkach.<\/p>\n<p class=\"\" data-start=\"786\" data-end=\"1104\">V\u010faka vysokej odolnosti vo\u010di olejom, chemik\u00e1li\u00e1m, par\u00e1m a \u010distiacim prostriedkom je toto hriade\u013eov\u00e9 tesnenie ide\u00e1lne na pou\u017eitie v potravin\u00e1rskom, chemickom, farmaceutickom a spracovate\u013eskom priemysle. Ide\u00e1lne na prevent\u00edvnu \u00fadr\u017ebu alebo ako n\u00e1hradn\u00fd diel na zabezpe\u010denie bezporuchovej prev\u00e1dzky.<\/p>\n<p class=\"\" data-start=\"1106\" data-end=\"1137\">V\u00fdhody na prv\u00fd poh\u013ead:<\/p>\n<ul>\n<li data-start=\"1140\" data-end=\"1187\">Vhodn\u00e9 pre vzduchov\u00e9 motory a pohony PTM<\/li>\n<li data-start=\"1140\" data-end=\"1187\">Vysokokvalitn\u00e1 kombin\u00e1cia PTFE\/EPDM<\/li>\n<li data-start=\"1140\" data-end=\"1187\">Odolnos\u0165 vo\u010di chemik\u00e1li\u00e1m, vode a v\u00fdparom<\/li>\n<li data-start=\"1140\" data-end=\"1187\">Vysok\u00e1 teplotn\u00e1 tolerancia<\/li>\n<li data-start=\"1140\" data-end=\"1187\">N\u00edzke trenie a odolnos\u0165 proti opotrebovaniu<\/li>\n<li data-start=\"1140\" data-end=\"1187\">Pre hygienicky n\u00e1ro\u010dn\u00e9 procesy<\/li>\n<li data-start=\"1140\" data-end=\"1187\">Jednoduch\u00e1 \u00fadr\u017eba a odolnos\u0165<\/li>\n<\/ul>","protected":false},"excerpt":{"rendered":"<p>Odoln\u00e9 tesnenie s n\u00edzkym tren\u00edm a vysokou odolnos\u0165ou vo\u010di chemik\u00e1li\u00e1m, par\u00e1m a teplot\u00e1m - ide\u00e1lne pre priemyseln\u00fa \u00fadr\u017ebu a hygienick\u00e9 aplik\u00e1cie.<\/p>","protected":false},"featured_media":15373,"comment_status":"open","ping_status":"closed","template":"","meta":{"_acf_changed":false},"product_brand":[],"product_cat":[2745],"product_tag":[2797,2798,2799,2800,2801,2802,2803,2804,2780,2789],"class_list":{"0":"post-13432","1":"product","2":"type-product","3":"status-publish","4":"has-post-thumbnail","6":"product_cat-ersatzteile","7":"product_tag-ptfe-epdm-wellendichtring","8":"product_tag-wellendichtung-schwarz-ptm","9":"product_tag-dichtung-druckluftmotor-ptm","10":"product_tag-industrie-wellendichtring-ptfe","11":"product_tag-epdm-dichtung-ruehrwerk","12":"product_tag-hygienedichtung-antriebstechnik","13":"product_tag-langlebige-wellendichtung","14":"product_tag-chemikalienbestaendige-dichtung","15":"product_tag-ptm-ersatzteil-kaufen","16":"product_tag-ruehrwerksantrieb-dichtung","17":"product_shipping_class-karton-paketversand","19":"first","20":"instock","21":"taxable","22":"shipping-taxable","23":"purchasable","24":"product-type-variable"},"bundled_by":[],"bundle_stock_status":"instock","bundle_stock_quantity":null,"bundle_virtual":false,"bundle_layout":"","bundle_add_to_cart_form_location":"","bundle_editable_in_cart":false,"bundle_sold_individually_context":"","bundle_item_grouping":"","bundle_min_size":"","bundle_max_size":"","bundle_price":[],"bundled_items":[],"bundle_sell_ids":[],"exclude_global_add_ons":[],"addons":[],"acf":[],"_links":{"self":[{"href":"https:\/\/ptm-mechatronics.com\/sk\/wp-json\/wp\/v2\/product\/13432","targetHints":{"allow":["GET"]}}],"collection":[{"href":"https:\/\/ptm-mechatronics.com\/sk\/wp-json\/wp\/v2\/product"}],"about":[{"href":"https:\/\/ptm-mechatronics.com\/sk\/wp-json\/wp\/v2\/types\/product"}],"replies":[{"embeddable":true,"href":"https:\/\/ptm-mechatronics.com\/sk\/wp-json\/wp\/v2\/comments?post=13432"}],"wp:featuredmedia":[{"embeddable":true,"href":"https:\/\/ptm-mechatronics.com\/sk\/wp-json\/wp\/v2\/media\/15373"}],"wp:attachment":[{"href":"https:\/\/ptm-mechatronics.com\/sk\/wp-json\/wp\/v2\/media?parent=13432"}],"wp:term":[{"taxonomy":"product_brand","embeddable":true,"href":"https:\/\/ptm-mechatronics.com\/sk\/wp-json\/wp\/v2\/product_brand?post=13432"},{"taxonomy":"product_cat","embeddable":true,"href":"https:\/\/ptm-mechatronics.com\/sk\/wp-json\/wp\/v2\/product_cat?post=13432"},{"taxonomy":"product_tag","embeddable":true,"href":"https:\/\/ptm-mechatronics.com\/sk\/wp-json\/wp\/v2\/product_tag?post=13432"}],"curies":[{"name":"wp","href":"https:\/\/api.w.org\/{rel}","templated":true}]}}