{"id":13424,"date":"2025-04-04T09:51:39","date_gmt":"2025-04-04T07:51:39","guid":{"rendered":"https:\/\/ptm-mechatronics.com\/?post_type=product&#038;p=13424"},"modified":"2025-11-07T15:54:39","modified_gmt":"2025-11-07T14:54:39","slug":"wellendichtring-nbr","status":"publish","type":"product","link":"https:\/\/ptm-mechatronics.com\/sk\/product\/wellendichtring-nbr\/","title":{"rendered":"Tesnenie hriade\u013ea NBR"},"content":{"rendered":"<p class=\"\" data-start=\"208\" data-end=\"309\">NBR tesnenie hriade\u013ea pre vzduchov\u00e9 motory a pohony PTM - osved\u010den\u00e9 rie\u0161enie tesnenia pre \u00fadr\u017ebu<\/p>\n<p class=\"\" data-start=\"311\" data-end=\"641\">Hriade\u013eov\u00e9 tesnenie NBR je \u0161peci\u00e1lne navrhnut\u00e9 na \u00fadr\u017ebu a servis vzduchov\u00fdch motorov PTM a pohonov mie\u0161adiel. Je vyroben\u00e9 z robustnej nitrilovej gumy (NBR) a poskytuje spo\u013eahliv\u00e9 tesnenie proti olejom, tukom a in\u00fdm neagres\u00edvnym m\u00e9di\u00e1m - ide\u00e1lne na nepretr\u017eit\u00e9 priemyseln\u00e9 pou\u017eitie.<\/p>\n<p class=\"\" data-start=\"643\" data-end=\"964\">V\u010faka dobrej odolnosti proti oderu a teplotnej odolnosti do pribli\u017ene +100 \u00b0C je hriade\u013eov\u00e9 tesnenie NBR ide\u00e1lne pre \u0161tandardn\u00e9 aplik\u00e1cie v stroj\u00e1rstve a stroj\u00e1rskej v\u00fdrobe. Pom\u00e1ha predch\u00e1dza\u0165 netesnostiam, zni\u017eova\u0165 opotrebenie a trvalo zvy\u0161ova\u0165 \u017eivotnos\u0165 motorov a pohonov PTM.<\/p>\n<p class=\"\" data-start=\"966\" data-end=\"997\">V\u00fdhody na prv\u00fd poh\u013ead:<\/p>\n<ul>\n<li data-start=\"1000\" data-end=\"1034\">Pre motory\/pohony PTM<\/li>\n<li data-start=\"1000\" data-end=\"1034\">Robustn\u00fd materi\u00e1l NBR<\/li>\n<li data-start=\"1000\" data-end=\"1034\">Odolnos\u0165 vo\u010di olejom a tukom<\/li>\n<li data-start=\"1000\" data-end=\"1034\">Ide\u00e1lne pre \u0161tandardn\u00e9 aplik\u00e1cie<\/li>\n<li data-start=\"1000\" data-end=\"1034\">Na \u00fadr\u017ebu a v\u00fdmenu<\/li>\n<li data-start=\"1000\" data-end=\"1034\">Dobr\u00e1 ochrana proti opotrebovaniu<\/li>\n<\/ul>","protected":false},"excerpt":{"rendered":"<p>Spo\u013eahliv\u00e9 tesnenie proti olejom a tukom, ide\u00e1lne pre \u0161tandardn\u00e9 priemyseln\u00e9 aplik\u00e1cie.<\/p>","protected":false},"featured_media":15371,"comment_status":"open","ping_status":"closed","template":"","meta":{"_acf_changed":false},"product_brand":[],"product_cat":[2745],"product_tag":[2792,2793,2794,2795,2796,2787,2788,2789,2790,2791],"class_list":{"0":"post-13424","1":"product","2":"type-product","3":"status-publish","4":"has-post-thumbnail","6":"product_cat-ersatzteile","7":"product_tag-ptm-wartungsdichtung","8":"product_tag-nitrilkautschuk-dichtungsring","9":"product_tag-ptm-motor-dichtung","10":"product_tag-ruehrwerk-wellendichtring","11":"product_tag-industrie-dichtung-nbr","12":"product_tag-nbr-wellendichtring-ptm","13":"product_tag-dichtung-druckluftmotor","14":"product_tag-ruehrwerksantrieb-dichtung","15":"product_tag-ptm-ersatzteile-kaufen","16":"product_tag-wellendichtung-nbr","17":"product_shipping_class-karton-paketversand","19":"first","20":"instock","21":"taxable","22":"shipping-taxable","23":"purchasable","24":"product-type-variable"},"bundled_by":[],"bundle_stock_status":"instock","bundle_stock_quantity":null,"bundle_virtual":false,"bundle_layout":"","bundle_add_to_cart_form_location":"","bundle_editable_in_cart":false,"bundle_sold_individually_context":"","bundle_item_grouping":"","bundle_min_size":"","bundle_max_size":"","bundle_price":[],"bundled_items":[],"bundle_sell_ids":[],"exclude_global_add_ons":[],"addons":[],"acf":[],"_links":{"self":[{"href":"https:\/\/ptm-mechatronics.com\/sk\/wp-json\/wp\/v2\/product\/13424","targetHints":{"allow":["GET"]}}],"collection":[{"href":"https:\/\/ptm-mechatronics.com\/sk\/wp-json\/wp\/v2\/product"}],"about":[{"href":"https:\/\/ptm-mechatronics.com\/sk\/wp-json\/wp\/v2\/types\/product"}],"replies":[{"embeddable":true,"href":"https:\/\/ptm-mechatronics.com\/sk\/wp-json\/wp\/v2\/comments?post=13424"}],"wp:featuredmedia":[{"embeddable":true,"href":"https:\/\/ptm-mechatronics.com\/sk\/wp-json\/wp\/v2\/media\/15371"}],"wp:attachment":[{"href":"https:\/\/ptm-mechatronics.com\/sk\/wp-json\/wp\/v2\/media?parent=13424"}],"wp:term":[{"taxonomy":"product_brand","embeddable":true,"href":"https:\/\/ptm-mechatronics.com\/sk\/wp-json\/wp\/v2\/product_brand?post=13424"},{"taxonomy":"product_cat","embeddable":true,"href":"https:\/\/ptm-mechatronics.com\/sk\/wp-json\/wp\/v2\/product_cat?post=13424"},{"taxonomy":"product_tag","embeddable":true,"href":"https:\/\/ptm-mechatronics.com\/sk\/wp-json\/wp\/v2\/product_tag?post=13424"}],"curies":[{"name":"wp","href":"https:\/\/api.w.org\/{rel}","templated":true}]}}