{"id":13420,"date":"2025-04-03T11:27:21","date_gmt":"2025-04-03T09:27:21","guid":{"rendered":"https:\/\/ptm-mechatronics.com\/?post_type=product&#038;p=13420"},"modified":"2025-11-07T15:54:39","modified_gmt":"2025-11-07T14:54:39","slug":"wellendichtring-viton-fkm","status":"publish","type":"product","link":"https:\/\/ptm-mechatronics.com\/sk\/product\/wellendichtring-viton-fkm\/","title":{"rendered":"Tesnenie hriade\u013ea Viton\/FKM"},"content":{"rendered":"<p class=\"\" data-start=\"181\" data-end=\"279\">Hriade\u013eov\u00e9 tesnenie Viton\u00ae\/FKM pre vzduchov\u00e9 motory a pohony PTM - odoln\u00e9 vo\u010di vysok\u00fdm teplot\u00e1m, odoln\u00e9 vo\u010di \u00fadr\u017ebe<\/p>\n<p class=\"\" data-start=\"281\" data-end=\"676\">Hriade\u013eov\u00e9 tesnenie Viton\u00ae\/FKM na pl\u00e1novan\u00fa \u00fadr\u017ebu vzduchov\u00fdch motorov PTM a pohonov mie\u0161adiel je vyroben\u00e9 z vysokokvalitnej flu\u00f3rovanej gumy (FKM) a pon\u00faka vynikaj\u00facu odolnos\u0165 vo\u010di vysok\u00fdm teplot\u00e1m, agres\u00edvnym chemik\u00e1li\u00e1m, olejom a rozp\u00fa\u0161\u0165adl\u00e1m - ide\u00e1lne na pou\u017eitie v n\u00e1ro\u010dn\u00fdch priemyseln\u00fdch prostrediach.<\/p>\n<p class=\"\" data-start=\"956\" data-end=\"987\">V\u00fdhody na prv\u00fd poh\u013ead:<\/p>\n<ul>\n<li data-start=\"990\" data-end=\"1024\">Vhodn\u00e9 pre vzduchov\u00e9 motory a pohony PTM<\/li>\n<li data-start=\"990\" data-end=\"1024\">Odolnos\u0165 vo\u010di chemik\u00e1li\u00e1m a teplot\u00e1m<\/li>\n<li data-start=\"990\" data-end=\"1024\">Robustn\u00fd materi\u00e1l FKM\/Viton\u00ae<\/li>\n<li data-start=\"990\" data-end=\"1024\">Vysok\u00fd tesniaci v\u00fdkon<\/li>\n<\/ul>","protected":false},"excerpt":{"rendered":"<p>Vysokoteplotn\u00e9 a chemicky odoln\u00e9 tesnenie, ide\u00e1lne na \u00fadr\u017ebu a spo\u013eahliv\u00e9 dlhodob\u00e9 pou\u017e\u00edvanie v priemyseln\u00fdch aplik\u00e1ci\u00e1ch.<\/p>","protected":false},"featured_media":15372,"comment_status":"open","ping_status":"closed","template":"","meta":{"_acf_changed":false},"product_brand":[],"product_cat":[2745],"product_tag":[2780,2781,2782,2783,2784,2785,2786,2777,2778,2779],"class_list":{"0":"post-13420","1":"product","2":"type-product","3":"status-publish","4":"has-post-thumbnail","6":"product_cat-ersatzteile","7":"product_tag-ptm-ersatzteil-kaufen","8":"product_tag-fkm-dichtungsring","9":"product_tag-viton-dichtung-ruehrwerk","10":"product_tag-industrie-wellendichtring","11":"product_tag-hitzebestaendige-dichtung-ptm","12":"product_tag-ptm-wartungsset","13":"product_tag-druckluftantrieb-dichtung","14":"product_tag-viton-wellendichtring-ptm","15":"product_tag-fkm-dichtung-druckluftmotor","16":"product_tag-wellendichtung-ruehrwerksantrieb","17":"product_shipping_class-karton-paketversand","19":"first","20":"instock","21":"taxable","22":"shipping-taxable","23":"purchasable","24":"product-type-variable"},"bundled_by":[],"bundle_stock_status":"instock","bundle_stock_quantity":null,"bundle_virtual":false,"bundle_layout":"","bundle_add_to_cart_form_location":"","bundle_editable_in_cart":false,"bundle_sold_individually_context":"","bundle_item_grouping":"","bundle_min_size":"","bundle_max_size":"","bundle_price":[],"bundled_items":[],"bundle_sell_ids":[],"exclude_global_add_ons":[],"addons":[],"acf":[],"_links":{"self":[{"href":"https:\/\/ptm-mechatronics.com\/sk\/wp-json\/wp\/v2\/product\/13420","targetHints":{"allow":["GET"]}}],"collection":[{"href":"https:\/\/ptm-mechatronics.com\/sk\/wp-json\/wp\/v2\/product"}],"about":[{"href":"https:\/\/ptm-mechatronics.com\/sk\/wp-json\/wp\/v2\/types\/product"}],"replies":[{"embeddable":true,"href":"https:\/\/ptm-mechatronics.com\/sk\/wp-json\/wp\/v2\/comments?post=13420"}],"wp:featuredmedia":[{"embeddable":true,"href":"https:\/\/ptm-mechatronics.com\/sk\/wp-json\/wp\/v2\/media\/15372"}],"wp:attachment":[{"href":"https:\/\/ptm-mechatronics.com\/sk\/wp-json\/wp\/v2\/media?parent=13420"}],"wp:term":[{"taxonomy":"product_brand","embeddable":true,"href":"https:\/\/ptm-mechatronics.com\/sk\/wp-json\/wp\/v2\/product_brand?post=13420"},{"taxonomy":"product_cat","embeddable":true,"href":"https:\/\/ptm-mechatronics.com\/sk\/wp-json\/wp\/v2\/product_cat?post=13420"},{"taxonomy":"product_tag","embeddable":true,"href":"https:\/\/ptm-mechatronics.com\/sk\/wp-json\/wp\/v2\/product_tag?post=13420"}],"curies":[{"name":"wp","href":"https:\/\/api.w.org\/{rel}","templated":true}]}}