{"id":13393,"date":"2025-04-03T09:53:46","date_gmt":"2025-04-03T07:53:46","guid":{"rendered":"https:\/\/ptm-mechatronics.com\/?post_type=product&#038;p=13393"},"modified":"2025-11-07T15:54:39","modified_gmt":"2025-11-07T14:54:39","slug":"kugellager-serviceset-fuer-ptm-druckluftmotoren-und-antriebe","status":"publish","type":"product","link":"https:\/\/ptm-mechatronics.com\/sk\/product\/kugellager-serviceset-fuer-ptm-druckluftmotoren-und-antriebe\/","title":{"rendered":"Servisn\u00e1 s\u00faprava gu\u013e\u00f4\u010dkov\u00fdch lo\u017e\u00edsk pre pneumatick\u00e9 motory a pohony PTM"},"content":{"rendered":"<p class=\"\" data-start=\"159\" data-end=\"235\">Gu\u013e\u00f4\u010dkov\u00e9 lo\u017eisk\u00e1 pre pneumatick\u00e9 motory PTM - presn\u00e9, odoln\u00e9, v\u00fdkonn\u00e9<\/p>\n<p class=\"\" data-start=\"237\" data-end=\"605\">Gu\u013e\u00f4\u010dkov\u00e9 lo\u017eisk\u00e1 pre vzduchov\u00e9 motory a pohony PTM zabezpe\u010duj\u00fa hladk\u00fd chod, dlh\u00fa \u017eivotnos\u0165 a maxim\u00e1lnu za\u0165a\u017eite\u013enos\u0165 v priemyseln\u00fdch podmienkach. S\u00fa \u0161peci\u00e1lne prisp\u00f4soben\u00e9 po\u017eiadavk\u00e1m technol\u00f3gie mie\u0161adiel a pohonov PTM a zabezpe\u010duj\u00fa presn\u00e9 ot\u00e1\u010danie a dlhodob\u00fa bezporuchov\u00fa prev\u00e1dzku va\u0161ich pohonov stla\u010den\u00e9ho vzduchu.<\/p>\n<p class=\"\" data-start=\"607\" data-end=\"881\">Gu\u013e\u00f4\u010dkov\u00e9 lo\u017eisk\u00e1 vyroben\u00e9 z vysokokvalitn\u00fdch materi\u00e1lov a optimalizovan\u00e9 na pou\u017eitie v n\u00e1ro\u010dn\u00fdch podmienkach rozhoduj\u00facim sp\u00f4sobom prispievaj\u00fa k v\u00fdkonu a \u00fa\u010dinnosti v\u00e1\u0161ho pohonu.<\/p>\n<p class=\"\" data-start=\"883\" data-end=\"914\">V\u00fdhody na prv\u00fd poh\u013ead:<\/p>\n<ul>\n<li data-start=\"917\" data-end=\"945\">Perfektne sa hod\u00ed pre pohony PTM<\/li>\n<li data-start=\"917\" data-end=\"945\">Vysok\u00e1 presnos\u0165 chodu<\/li>\n<li data-start=\"917\" data-end=\"945\">Robustn\u00e1 priemyseln\u00e1 kvalita<\/li>\n<li data-start=\"917\" data-end=\"945\">Dlh\u00e1 \u017eivotnos\u0165<\/li>\n<li data-start=\"917\" data-end=\"945\">Prev\u00e1dzka s n\u00edzkym tren\u00edm<\/li>\n<li data-start=\"917\" data-end=\"945\">N\u00edzka \u00fadr\u017eba<\/li>\n<li data-start=\"917\" data-end=\"945\">Ide\u00e1lne na v\u00fdmenu alebo servis<\/li>\n<\/ul>\n<p>Ak chcete n\u00e1js\u0165 spr\u00e1vnu s\u00fapravu pre svoj model, pozrite si preh\u013ead v \u010dasti Na stiahnutie.<\/p>","protected":false},"excerpt":{"rendered":"<p>Presn\u00fd chod s n\u00edzkym tren\u00edm a maxim\u00e1lnou \u017eivotnos\u0165ou pri nepretr\u017eitom priemyselnom pou\u017e\u00edvan\u00ed - ide\u00e1lny ako vysokokvalitn\u00fd n\u00e1hradn\u00fd diel pre spo\u013eahliv\u00fd v\u00fdkon.<\/p>","protected":false},"featured_media":15534,"comment_status":"closed","ping_status":"closed","template":"","meta":{"_acf_changed":false},"product_brand":[],"product_cat":[2745],"product_tag":[2773,2774,2775,2776,2767,2768,2769,2770,2771,2772],"class_list":{"0":"post-13393","1":"product","2":"type-product","3":"status-publish","4":"has-post-thumbnail","6":"product_cat-ersatzteile","7":"product_tag-kugellager-kaufen","8":"product_tag-praezisionslager-ptm","9":"product_tag-ersatzteil-ptm-antrieb","10":"product_tag-rillenkugellager-druckluftantrieb","11":"product_tag-kugellager-ptm","12":"product_tag-ptm-antrieb-ersatzteile","13":"product_tag-kugellager-druckluftmotor","14":"product_tag-industrie-kugellager","15":"product_tag-lager-fuer-druckluftmotor","16":"product_tag-ptm-motorlager","17":"product_shipping_class-karton-paketversand","19":"first","20":"instock","21":"taxable","22":"shipping-taxable","23":"purchasable","24":"product-type-variable"},"bundled_by":[],"bundle_stock_status":"instock","bundle_stock_quantity":null,"bundle_virtual":false,"bundle_layout":"","bundle_add_to_cart_form_location":"","bundle_editable_in_cart":false,"bundle_sold_individually_context":"","bundle_item_grouping":"","bundle_min_size":"","bundle_max_size":"","bundle_price":[],"bundled_items":[],"bundle_sell_ids":[],"exclude_global_add_ons":[],"addons":[],"acf":[],"_links":{"self":[{"href":"https:\/\/ptm-mechatronics.com\/sk\/wp-json\/wp\/v2\/product\/13393","targetHints":{"allow":["GET"]}}],"collection":[{"href":"https:\/\/ptm-mechatronics.com\/sk\/wp-json\/wp\/v2\/product"}],"about":[{"href":"https:\/\/ptm-mechatronics.com\/sk\/wp-json\/wp\/v2\/types\/product"}],"replies":[{"embeddable":true,"href":"https:\/\/ptm-mechatronics.com\/sk\/wp-json\/wp\/v2\/comments?post=13393"}],"wp:featuredmedia":[{"embeddable":true,"href":"https:\/\/ptm-mechatronics.com\/sk\/wp-json\/wp\/v2\/media\/15534"}],"wp:attachment":[{"href":"https:\/\/ptm-mechatronics.com\/sk\/wp-json\/wp\/v2\/media?parent=13393"}],"wp:term":[{"taxonomy":"product_brand","embeddable":true,"href":"https:\/\/ptm-mechatronics.com\/sk\/wp-json\/wp\/v2\/product_brand?post=13393"},{"taxonomy":"product_cat","embeddable":true,"href":"https:\/\/ptm-mechatronics.com\/sk\/wp-json\/wp\/v2\/product_cat?post=13393"},{"taxonomy":"product_tag","embeddable":true,"href":"https:\/\/ptm-mechatronics.com\/sk\/wp-json\/wp\/v2\/product_tag?post=13393"}],"curies":[{"name":"wp","href":"https:\/\/api.w.org\/{rel}","templated":true}]}}