{"id":13312,"date":"2025-03-31T10:12:27","date_gmt":"2025-03-31T08:12:27","guid":{"rendered":"https:\/\/ptm-mechatronics.com\/?post_type=product&#038;p=13312"},"modified":"2025-11-07T15:54:32","modified_gmt":"2025-11-07T14:54:32","slug":"scheibenruehrer","status":"publish","type":"product","link":"https:\/\/ptm-mechatronics.com\/sk\/product\/scheibenruehrer\/","title":{"rendered":"Diskov\u00e9 mie\u0161adlo"},"content":{"rendered":"<p class=\"\" data-start=\"123\" data-end=\"202\">Diskov\u00e9 mie\u0161adlo - v\u00fdkonn\u00e9 strihanie na \u00fa\u010dinn\u00e9 sply\u0148ovanie a emulgovanie<\/p>\n<p class=\"\" data-start=\"204\" data-end=\"491\">Diskov\u00e9 mie\u0161adlo je v\u00fdkonn\u00e9, radi\u00e1lne sa pohybuj\u00face mie\u0161adlo, ktor\u00e9 vytv\u00e1ra siln\u00e9 strihov\u00e9 sily, najm\u00e4 v oblasti priameho v\u00fdstupn\u00e9ho pr\u00fadu. V\u010faka t\u00fdmto vlastnostiam je ide\u00e1lne pre procesne orientovan\u00e9 aplik\u00e1cie s vysok\u00fdm pr\u00edkonom energie.<\/p>\n<p class=\"\" data-start=\"493\" data-end=\"805\">V praxi sa diskov\u00e9 mie\u0161adlo \u010dasto pou\u017e\u00edva na prevzdu\u0161\u0148ovanie kvapal\u00edn, napr\u00edklad v chemickom priemysle, biotechnol\u00f3gi\u00e1ch alebo pri \u010disten\u00ed odpadov\u00fdch v\u00f4d. Presvied\u010da tie\u017e svojou vysokou \u00fa\u010dinnos\u0165ou a rovnomernou disperziou pri emulg\u00e1cii nemie\u0161ate\u013en\u00fdch f\u00e1z.<\/p>\n<p class=\"\" data-start=\"807\" data-end=\"838\">V\u00fdhody na prv\u00fd poh\u013ead:<\/p>\n<ul>\n<li data-start=\"841\" data-end=\"874\">Radi\u00e1lne dopravn\u00e9 mie\u0161anie<\/li>\n<li data-start=\"841\" data-end=\"874\">Siln\u00e9 strihov\u00e9 sily<\/li>\n<li data-start=\"841\" data-end=\"874\">Ide\u00e1lne na fumig\u00e1ciu<\/li>\n<li data-start=\"841\" data-end=\"874\">\u00da\u010dinn\u00e1 emulg\u00e1cia<\/li>\n<li data-start=\"841\" data-end=\"874\">V\u0161estrann\u00e9 pou\u017eitie<\/li>\n<li data-start=\"841\" data-end=\"874\">Priemyseln\u00e1 kvalita<\/li>\n<\/ul>","protected":false},"excerpt":{"rendered":"<p>Radi\u00e1lne dopravn\u00e9 mie\u0161adlo so siln\u00fdmi strihov\u00fdmi silami vo v\u00fdstupnej oblasti, ide\u00e1lne na sply\u0148ovacie procesy a emulgovanie r\u00f4znych f\u00e1z v priemyseln\u00fdch aplik\u00e1ci\u00e1ch.<\/p>","protected":false},"featured_media":15531,"comment_status":"closed","ping_status":"closed","template":"","meta":{"_acf_changed":false},"product_brand":[],"product_cat":[595,631],"product_tag":[2722,2723,2724,2510,2717,2718,2719,2720,2721],"class_list":{"0":"post-13312","1":"product","2":"type-product","3":"status-publish","4":"has-post-thumbnail","6":"product_cat-ruehrwerkstechnik","7":"product_cat-ruehrorgane","8":"product_tag-industrie-ruehrtechnik","9":"product_tag-ruehrwerkzeug-kaufen","10":"product_tag-mischtechnik-scherung","11":"product_tag-scheibenruehrer","12":"product_tag-ruehrorgan-radial","13":"product_tag-ruehrwerk-begasung","14":"product_tag-emulgieren-ruehrtechnik","15":"product_tag-ruehrorgan-mit-scherkraeften","16":"product_tag-ruehrwerk-emulsion","17":"product_shipping_class-karton-paketversand","18":"pa_material-v4a-edelstahl-1-4404","19":"pa_schiebenabe-20mm","21":"first","22":"instock","23":"taxable","24":"shipping-taxable","25":"purchasable","26":"product-type-variable"},"bundled_by":[],"bundle_stock_status":"instock","bundle_stock_quantity":null,"bundle_virtual":false,"bundle_layout":"","bundle_add_to_cart_form_location":"","bundle_editable_in_cart":false,"bundle_sold_individually_context":"","bundle_item_grouping":"","bundle_min_size":"","bundle_max_size":"","bundle_price":[],"bundled_items":[],"bundle_sell_ids":[],"exclude_global_add_ons":[],"addons":[],"acf":[],"_links":{"self":[{"href":"https:\/\/ptm-mechatronics.com\/sk\/wp-json\/wp\/v2\/product\/13312","targetHints":{"allow":["GET"]}}],"collection":[{"href":"https:\/\/ptm-mechatronics.com\/sk\/wp-json\/wp\/v2\/product"}],"about":[{"href":"https:\/\/ptm-mechatronics.com\/sk\/wp-json\/wp\/v2\/types\/product"}],"replies":[{"embeddable":true,"href":"https:\/\/ptm-mechatronics.com\/sk\/wp-json\/wp\/v2\/comments?post=13312"}],"wp:featuredmedia":[{"embeddable":true,"href":"https:\/\/ptm-mechatronics.com\/sk\/wp-json\/wp\/v2\/media\/15531"}],"wp:attachment":[{"href":"https:\/\/ptm-mechatronics.com\/sk\/wp-json\/wp\/v2\/media?parent=13312"}],"wp:term":[{"taxonomy":"product_brand","embeddable":true,"href":"https:\/\/ptm-mechatronics.com\/sk\/wp-json\/wp\/v2\/product_brand?post=13312"},{"taxonomy":"product_cat","embeddable":true,"href":"https:\/\/ptm-mechatronics.com\/sk\/wp-json\/wp\/v2\/product_cat?post=13312"},{"taxonomy":"product_tag","embeddable":true,"href":"https:\/\/ptm-mechatronics.com\/sk\/wp-json\/wp\/v2\/product_tag?post=13312"}],"curies":[{"name":"wp","href":"https:\/\/api.w.org\/{rel}","templated":true}]}}