{"id":13293,"date":"2025-03-31T09:49:05","date_gmt":"2025-03-31T07:49:05","guid":{"rendered":"https:\/\/ptm-mechatronics.com\/?post_type=product&#038;p=13293"},"modified":"2026-04-14T13:31:19","modified_gmt":"2026-04-14T11:31:19","slug":"becherruehrorgan-eco-cup","status":"publish","type":"product","link":"https:\/\/ptm-mechatronics.com\/sk\/product\/becherruehrorgan-eco-cup\/","title":{"rendered":"mie\u0161adlo na \u0161\u00e1lky eco-Cup"},"content":{"rendered":"<h2 data-start=\"102\" data-end=\"193\"><span style=\"font-size: 75%\">Efekt\u00edvne mie\u0161anie s minim\u00e1lnym strihom - vedrov\u00e9 mie\u0161adl\u00e1 pre citliv\u00e9 procesy mie\u0161ania<\/span><\/h2>\n<p class=\"\" data-start=\"195\" data-end=\"482\">Na\u0161e vysokokvalitn\u00e9 mie\u0161adl\u00e1 na kadi\u010dky vyroben\u00e9 z vysokokvalitnej nehrdzavej\u00facej ocele V4A 1.4404 pon\u00fakaj\u00fa jemn\u00e9 a \u00fa\u010dinn\u00e9 mie\u0161anie - dokonca aj pri n\u00edzkych ot\u00e1\u010dkach. V\u010faka \u0161peci\u00e1lnej kon\u0161trukcii s\u00fa ide\u00e1lne na mie\u0161anie citliv\u00fdch m\u00e9di\u00ed a jemn\u00fdch zmes\u00ed, pri ktor\u00fdch sa vy\u017eaduj\u00fa n\u00edzke strihov\u00e9 sily.<\/p>\n<p class=\"\" data-start=\"484\" data-end=\"861\">V\u010faka svojej funkcii n\u00edzkoot\u00e1\u010dkov\u00fdch mie\u0161adiel vytv\u00e1raj\u00fa poh\u00e1rov\u00e9 mie\u0161adl\u00e1 lamin\u00e1rne pr\u00fadenie s axi\u00e1lnym pohybom, \u010do zaru\u010duje rovnomern\u00e9 mie\u0161anie, ktor\u00e9 je \u0161etrn\u00e9 k v\u00fdrobku. To z nich rob\u00ed ide\u00e1lne rie\u0161enie pre aplik\u00e1cie vo farmaceutickom, potravin\u00e1rskom a kozmetickom priemysle, ako aj v in\u00fdch oblastiach, kde je integrita produktu najvy\u0161\u0161ou prioritou.<\/p>\n<p class=\"\" data-start=\"863\" data-end=\"892\">V\u00fdhody na prv\u00fd poh\u013ead:<\/p>\n<ul>\n<li data-start=\"895\" data-end=\"944\">Efekt\u00edvne mie\u0161anie pri n\u00edzkych ot\u00e1\u010dkach<\/li>\n<li data-start=\"895\" data-end=\"944\">Vhodn\u00e9 najm\u00e4 pre citliv\u00e9 m\u00e9di\u00e1<\/li>\n<li data-start=\"895\" data-end=\"944\">Minim\u00e1lny strih chr\u00e1ni \u0161trukt\u00faru v\u00fdrobku<\/li>\n<li data-start=\"895\" data-end=\"944\">Lamin\u00e1rne pr\u00fadenie s axi\u00e1lnym dopravn\u00fdm profilom<\/li>\n<li data-start=\"895\" data-end=\"944\">Ide\u00e1lne pre n\u00e1ro\u010dn\u00e9 procesy mie\u0161ania v citliv\u00fdch priemyseln\u00fdch odvetviach<\/li>\n<\/ul>","protected":false},"excerpt":{"rendered":"<p>Efekt\u00edvne a jemn\u00e9 mie\u0161anie pri n\u00edzkych r\u00fdchlostiach v\u010faka lamin\u00e1rnemu pr\u00fadeniu s axi\u00e1lnym dopravn\u00fdm spr\u00e1van\u00edm - ide\u00e1lne pre citliv\u00e9 zmesi s minim\u00e1lnym strihov\u00fdm nap\u00e4t\u00edm.<\/p>","protected":false},"featured_media":15333,"comment_status":"closed","ping_status":"closed","template":"","meta":{"_acf_changed":false},"product_brand":[],"product_cat":[595,631],"product_tag":[2712,2713,2714,2715,2705,2706,2707,2708,2709,2710,2711],"class_list":{"0":"post-13293","1":"product","2":"type-product","3":"status-publish","4":"has-post-thumbnail","6":"product_cat-ruehrwerkstechnik","7":"product_cat-ruehrorgane","8":"product_tag-ruehrsystem-laminar","9":"product_tag-mischtechnik-geringe-scherung","10":"product_tag-langsamlaeufer-ruehrwerk","11":"product_tag-ruehrorgan-axial","12":"product_tag-becherruehrorgan","13":"product_tag-ruehrorgan-kaufen","14":"product_tag-ruehrtechnik-industrie","15":"product_tag-mischtechnik-schonend","16":"product_tag-ruehrwerkzeug-sensibel","17":"product_tag-ruehrorgan-niedrige-drehzahl","18":"product_tag-ruehrwerk-pharma","19":"product_shipping_class-karton-paketversand","20":"pa_material-v4a-edelstahl-1-4404","22":"first","23":"instock","24":"taxable","25":"shipping-taxable","26":"purchasable","27":"product-type-variable"},"bundled_by":[],"bundle_stock_status":"instock","bundle_stock_quantity":null,"bundle_virtual":false,"bundle_layout":"","bundle_add_to_cart_form_location":"","bundle_editable_in_cart":false,"bundle_sold_individually_context":"","bundle_item_grouping":"","bundle_min_size":"","bundle_max_size":"","bundle_price":[],"bundled_items":[],"bundle_sell_ids":[],"exclude_global_add_ons":[],"addons":[],"acf":[],"_links":{"self":[{"href":"https:\/\/ptm-mechatronics.com\/sk\/wp-json\/wp\/v2\/product\/13293","targetHints":{"allow":["GET"]}}],"collection":[{"href":"https:\/\/ptm-mechatronics.com\/sk\/wp-json\/wp\/v2\/product"}],"about":[{"href":"https:\/\/ptm-mechatronics.com\/sk\/wp-json\/wp\/v2\/types\/product"}],"replies":[{"embeddable":true,"href":"https:\/\/ptm-mechatronics.com\/sk\/wp-json\/wp\/v2\/comments?post=13293"}],"wp:featuredmedia":[{"embeddable":true,"href":"https:\/\/ptm-mechatronics.com\/sk\/wp-json\/wp\/v2\/media\/15333"}],"wp:attachment":[{"href":"https:\/\/ptm-mechatronics.com\/sk\/wp-json\/wp\/v2\/media?parent=13293"}],"wp:term":[{"taxonomy":"product_brand","embeddable":true,"href":"https:\/\/ptm-mechatronics.com\/sk\/wp-json\/wp\/v2\/product_brand?post=13293"},{"taxonomy":"product_cat","embeddable":true,"href":"https:\/\/ptm-mechatronics.com\/sk\/wp-json\/wp\/v2\/product_cat?post=13293"},{"taxonomy":"product_tag","embeddable":true,"href":"https:\/\/ptm-mechatronics.com\/sk\/wp-json\/wp\/v2\/product_tag?post=13293"}],"curies":[{"name":"wp","href":"https:\/\/api.w.org\/{rel}","templated":true}]}}