{"id":13183,"date":"2025-03-25T10:36:17","date_gmt":"2025-03-25T09:36:17","guid":{"rendered":"https:\/\/ptm-mechatronics.com\/?post_type=product&#038;p=13183"},"modified":"2025-11-07T15:54:22","modified_gmt":"2025-11-07T14:54:22","slug":"ruehrwerksantrieb-eco-seal-g1-inox-mit-platzsparender-befestigung-und-gewindenabe","status":"publish","type":"product","link":"https:\/\/ptm-mechatronics.com\/sk\/product\/ruehrwerksantrieb-eco-seal-g1-inox-mit-platzsparender-befestigung-und-gewindenabe\/","title":{"rendered":"Pohon mie\u0161adla eco-Seal G1\u2033 INOX s priestorovo \u00faspornou mont\u00e1\u017eou a z\u00e1vitov\u00fdm n\u00e1bojom"},"content":{"rendered":"<h2><span style=\"font-size: 75%;\">Pohon mie\u0161adla ATEX pre mal\u00e9 kontajnery a tlakov\u00e9 n\u00e1dr\u017ee - Kompaktn\u00fd, v\u00fdkonn\u00fd a odoln\u00fd proti v\u00fdbuchu<\/span><\/h2>\n<p class=\"\" data-start=\"160\" data-end=\"631\">Energeticky \u00fa\u010dinn\u00fd pohon mie\u0161adla s certifik\u00e1tom ATEX vyroben\u00fd z vysokokvalitnej nehrdzavej\u00facej ocele V4A 1.4404 bol \u0161peci\u00e1lne vyvinut\u00fd na pou\u017eitie v mal\u00fdch n\u00e1dob\u00e1ch a tlakov\u00fdch n\u00e1dr\u017eiach a pon\u00faka spo\u013eahliv\u00e9 rie\u0161enie pre hygienick\u00e9, potenci\u00e1lne v\u00fdbu\u0161n\u00e9 a priestorovo kritick\u00e9 aplik\u00e1cie. V\u010faka inovat\u00edvnej pr\u00edrube na oddelenie z\u00f3n je mo\u017en\u00e1 prev\u00e1dzka v z\u00f3nach ATEX 0\/1 - ide\u00e1lne pre aplik\u00e1cie v chemickom, potravin\u00e1rskom a farmaceutickom priemysle, kde sa vy\u017eaduje maxim\u00e1lna bezpe\u010dnos\u0165 a hygiena.<\/p>\n<h3 class=\"\" data-start=\"633\" data-end=\"712\"><span style=\"font-size: 75%;\">\u00daspora miesta a v\u00fdkon - \u0161peci\u00e1lne navrhnut\u00e9 pre mal\u00e9 kontajnery<\/span><\/h3>\n<p class=\"\" data-start=\"713\" data-end=\"987\">S priemerom pripojenia 35 a\u017e 50 mm pohon dokonale zapad\u00e1 do \u0161tandardn\u00e9ho otvoru tlakov\u00fdch n\u00e1dr\u017e\u00ed. Dod\u00e1van\u00e1 poistn\u00e1 matica z nehrdzavej\u00facej ocele umo\u017e\u0148uje jednoduch\u00fa a bezpe\u010dn\u00fa in\u0161tal\u00e1ciu zdola, a to aj v stiesnen\u00fdch priestoroch.<\/p>\n<p class=\"\" data-start=\"989\" data-end=\"1217\">Napriek kompaktnej kon\u0161trukcii pohon zaujme vysok\u00fdm kr\u00fatiacim momentom a zaru\u010duje homog\u00e9nny v\u00fdsledok mie\u0161ania aj pri vysoko visk\u00f3znych m\u00e9di\u00e1ch. Bez probl\u00e9mov sa daj\u00fa realizova\u0165 aj pretlakov\u00e9 a v\u00e1kuov\u00e9 aplik\u00e1cie.<\/p>\n<p class=\"\" data-start=\"1219\" data-end=\"1510\">Jeho \u010disto mechanick\u00e1 kon\u0161trukcia zaru\u010duje mimoriadnu robustnos\u0165, je nen\u00e1ro\u010dn\u00e1 na \u00fadr\u017ebu a zaru\u010duje dlh\u00fa \u017eivotnos\u0165. V\u010faka n\u00edzkej hlu\u010dnosti a priestorovo \u00faspornej kon\u0161trukcii je ide\u00e1lnym rie\u0161en\u00edm pre kompaktn\u00e9, hygienick\u00e9 mie\u0161acie procesy v n\u00e1ro\u010dn\u00fdch podmienkach.<\/p>\n<h3 class=\"\" data-start=\"1517\" data-end=\"1551\">Preh\u013ead v\u00fdhod<\/h3>\n<ul>\n<li data-start=\"1554\" data-end=\"1585\">Vhodn\u00e9 pre z\u00f3ny ATEX 0\/1<\/li>\n<li data-start=\"1554\" data-end=\"1585\">Kompatibiln\u00fd s mal\u00fdmi n\u00e1dobami (pripojenie 35-50 mm)<\/li>\n<li data-start=\"1554\" data-end=\"1585\">Vyroben\u00e9 z vysoko kvalitnej nehrdzavej\u00facej ocele V4A 1.4404<\/li>\n<li data-start=\"1554\" data-end=\"1585\">Pre najvy\u0161\u0161ie hygienick\u00e9 po\u017eiadavky<\/li>\n<li data-start=\"1554\" data-end=\"1585\">Vysok\u00fd kr\u00fatiaci moment pre vysoko visk\u00f3zne m\u00e9di\u00e1<\/li>\n<li data-start=\"1554\" data-end=\"1585\">Pre pozit\u00edvny a negat\u00edvny tlak<\/li>\n<li data-start=\"1554\" data-end=\"1585\">N\u00edzka hlu\u010dnos\u0165, \u00faspora miesta, robustnos\u0165<\/li>\n<\/ul>","protected":false},"excerpt":{"rendered":"<p>Energeticky \u00fa\u010dinn\u00fd pohon mie\u0161adla s certifik\u00e1tom ATEX z vysokokvalitnej nehrdzavej\u00facej ocele V4A 1.4404 pre mal\u00e9 z\u00e1sobn\u00edky a tlakov\u00e9 n\u00e1dr\u017ee - kompaktn\u00fd dizajn, vysok\u00fd kr\u00fatiaci moment, vhodn\u00fd pre z\u00f3ny ATEX 0\/1, vr\u00e1tane poistnej matice na jednoduch\u00fa in\u0161tal\u00e1ciu.<\/p>","protected":false},"featured_media":15525,"comment_status":"open","ping_status":"closed","template":"","meta":{"_acf_changed":false},"product_brand":[],"product_cat":[595,632],"product_tag":[2675,2687,2665,2676,2688,2666,2677,2667,2678,2668,2679,2669,2680,2670,2682,2671,2683,2672,2684,2673,2685,2674,2686],"class_list":{"0":"post-13183","1":"product","2":"type-product","3":"status-publish","4":"has-post-thumbnail","6":"product_cat-ruehrwerkstechnik","7":"product_cat-ruehrwerksantriebe","8":"product_tag-platzsparender-edelstahl-ruehrwerksmotor","9":"product_tag-sterilisierbarer-ruehrantrieb-1-4404","10":"product_tag-atex-ruehrwerksantrieb-v4a","11":"product_tag-geraeuscharmer-ruehrantrieb-v4a","12":"product_tag-reinraum-ruehrwerksmotor-din-14644","13":"product_tag-hygienischer-ruehrwerksmotor-edelstahl-1-4404","14":"product_tag-unterdruck-ruehrwerksmotor-edelstahl","15":"product_tag-ruehrwerksmotor-kleinbehaelter-edelstahl","16":"product_tag-ueberdruck-ruehrwerk-1-4404","17":"product_tag-ruehrwerksantrieb-drucktank-v4a","18":"product_tag-hygienischer-ruehrwerksantrieb-edelstahl","19":"product_tag-kompakter-ruehrwerksmotor-edelstahl","20":"product_tag-ruehrwerksantrieb-mit-kontermutter-v4a","21":"product_tag-explosionsgeschuetzter-ruehrwerksantrieb-1-4404","22":"product_tag-ruehrmotor-druckbehaelter-hygienisch","23":"product_tag-ruehrwerk-zone-0-edelstahl","24":"product_tag-kleiner-atex-ruehrantrieb-v4a","25":"product_tag-zonentrennflansch-ruehrantrieb-hygienisch","26":"product_tag-langlebiger-edelstahl-ruehrwerksmotor","27":"product_tag-v4a-edelstahl-ruehrwerksantrieb","28":"product_tag-ruehrwerksmotor-pharmaindustrie-edelstahl","29":"product_tag-ruehrwerk-fuer-hochviskose-medien-v4a","30":"product_tag-lebensmittelkonformer-ruehrwerksantrieb-v4a","31":"product_shipping_class-karton-paketversand","32":"pa_antriebsart-pneumatisch","33":"pa_antriebswelle-ptm-gewindenabe-m12","34":"pa_atex-zone-0-1","35":"pa_dichtung-ptfe","36":"pa_drehzahl-0-300-1-min","37":"pa_ex-gas-ex-ii-1-2-g-ex-h-iic-t5-ga-gb","38":"pa_ex-staub-ex-ii-1-2-d-ex-h-iiic-t100c-da-db","39":"pa_geraeuschpegel-75db","40":"pa_labs-oel-und-silikonfrei","41":"pa_material-gehaeuse-v4a-edelstahl-1-4404-elektropoliert","42":"pa_model-eco-seal-atex-zone-0-1-edelstahl","43":"pa_schutzart-ip67","44":"pa_steckverschraubung-abluft-schlauch-o10mm","45":"pa_steckverschraubung-zuluft-schlauch-o6mm","46":"pa_versorgung-5-6bar","48":"first","49":"instock","50":"taxable","51":"shipping-taxable","52":"purchasable","53":"product-type-variable"},"bundled_by":[],"bundle_stock_status":"instock","bundle_stock_quantity":null,"bundle_virtual":false,"bundle_layout":"","bundle_add_to_cart_form_location":"","bundle_editable_in_cart":false,"bundle_sold_individually_context":"","bundle_item_grouping":"","bundle_min_size":"","bundle_max_size":"","bundle_price":[],"bundled_items":[],"bundle_sell_ids":[],"exclude_global_add_ons":[],"addons":[],"acf":[],"_links":{"self":[{"href":"https:\/\/ptm-mechatronics.com\/sk\/wp-json\/wp\/v2\/product\/13183","targetHints":{"allow":["GET"]}}],"collection":[{"href":"https:\/\/ptm-mechatronics.com\/sk\/wp-json\/wp\/v2\/product"}],"about":[{"href":"https:\/\/ptm-mechatronics.com\/sk\/wp-json\/wp\/v2\/types\/product"}],"replies":[{"embeddable":true,"href":"https:\/\/ptm-mechatronics.com\/sk\/wp-json\/wp\/v2\/comments?post=13183"}],"wp:featuredmedia":[{"embeddable":true,"href":"https:\/\/ptm-mechatronics.com\/sk\/wp-json\/wp\/v2\/media\/15525"}],"wp:attachment":[{"href":"https:\/\/ptm-mechatronics.com\/sk\/wp-json\/wp\/v2\/media?parent=13183"}],"wp:term":[{"taxonomy":"product_brand","embeddable":true,"href":"https:\/\/ptm-mechatronics.com\/sk\/wp-json\/wp\/v2\/product_brand?post=13183"},{"taxonomy":"product_cat","embeddable":true,"href":"https:\/\/ptm-mechatronics.com\/sk\/wp-json\/wp\/v2\/product_cat?post=13183"},{"taxonomy":"product_tag","embeddable":true,"href":"https:\/\/ptm-mechatronics.com\/sk\/wp-json\/wp\/v2\/product_tag?post=13183"}],"curies":[{"name":"wp","href":"https:\/\/api.w.org\/{rel}","templated":true}]}}