{"id":13162,"date":"2025-03-25T09:37:01","date_gmt":"2025-03-25T08:37:01","guid":{"rendered":"https:\/\/ptm-mechatronics.com\/?post_type=product&#038;p=13162"},"modified":"2025-11-07T15:54:22","modified_gmt":"2025-11-07T14:54:22","slug":"ruehrwerksantrieb-eco-seal-inox-atex-zone-0-1-mit-schnellwechselsystem","status":"publish","type":"product","link":"https:\/\/ptm-mechatronics.com\/sk\/product\/ruehrwerksantrieb-eco-seal-inox-atex-zone-0-1-mit-schnellwechselsystem\/","title":{"rendered":"Pohon mie\u0161adla eco-Seal INOX, ATEX z\u00f3na 0\/1, s r\u00fdchlov\u00fdmenn\u00fdm syst\u00e9mom"},"content":{"rendered":"<p><span style=\"font-size: 105%;\">Pohon mie\u0161adla ATEX z nehrdzavej\u00facej ocele V4A - vhodn\u00fd pre \u010dist\u00e9 priestory, potraviny a farmaceutick\u00e9 v\u00fdrobky, z\u00f3na 0\/1<\/span><\/p>\n<p class=\"\" data-start=\"194\" data-end=\"618\">Energeticky \u00fa\u010dinn\u00fd pohon mie\u0161adla s certifik\u00e1tom ATEX bol \u0161peci\u00e1lne vyvinut\u00fd pre n\u00e1ro\u010dn\u00e9 priemyseln\u00e9 mie\u0161acie procesy v hygienicky citliv\u00fdch a potenci\u00e1lne v\u00fdbu\u0161n\u00fdch oblastiach. V\u010faka vzoru v\u0155tania PTM mo\u017eno pohon r\u00fdchlo a jednoducho integrova\u0165 do existuj\u00facich syst\u00e9mov. V\u010faka integrovanej pr\u00edrube na oddelenie z\u00f3n je prev\u00e1dzka v z\u00f3nach ATEX 0\/1 spo\u013eahliv\u00e1 a bezpe\u010dn\u00e1. Na str\u00e1nke . <a href=\"https:\/\/youtu.be\/TjagGW4DoyA?si=nim_aJO3gQNp4S_-\" target=\"_blank\" rel=\"noopener\">r\u00fdchlov\u00fdmenn\u00fd syst\u00e9m eco-Quick<\/a> zabezpe\u010duje nekomplikovan\u00fa v\u00fdmenu hriade\u013ea mie\u0161adla v priebehu nieko\u013ek\u00fdch sek\u00fand bez pou\u017eitia \u010fal\u0161ieho n\u00e1radia.<\/p>\n<p class=\"\" data-start=\"620\" data-end=\"1032\">V\u010faka vysok\u00e9mu kr\u00fatiacemu momentu zabezpe\u010duje pohon rovnomern\u00fd a homog\u00e9nny v\u00fdsledok mie\u0161ania aj pri vysoko visk\u00f3znych m\u00e9di\u00e1ch. Syst\u00e9m bez probl\u00e9mov zvl\u00e1da aj aplik\u00e1cie v podmienkach kladn\u00e9ho alebo z\u00e1porn\u00e9ho tlaku. Kompaktn\u00fd dizajn s n\u00edzkou hlu\u010dnos\u0165ou \u0161etr\u00ed miesto a zlep\u0161uje pracovn\u00e9 prostredie, zatia\u013e \u010do \u010disto mechanick\u00e1 kon\u0161trukcia znamen\u00e1 maxim\u00e1lnu robustnos\u0165 a bez\u00fadr\u017ebovos\u0165.<\/p>\n<p class=\"\" data-start=\"1034\" data-end=\"1090\">Pohon je vyroben\u00fd z nehrdzavej\u00facej ocele V4A 1.4404:<\/p>\n<ul>\n<li data-start=\"1093\" data-end=\"1131\">farmaceutick\u00fd a potravin\u00e1rsky priemysel,<\/li>\n<li data-start=\"1093\" data-end=\"1131\">odoln\u00e9 vo\u010di kyselin\u00e1m a chemik\u00e1li\u00e1m,<\/li>\n<li data-start=\"1093\" data-end=\"1131\">sterilizovate\u013en\u00e9 a<\/li>\n<li data-start=\"1093\" data-end=\"1131\">Vodotesnos\u0165 IP67.<\/li>\n<\/ul>\n<p class=\"\" data-start=\"1225\" data-end=\"1652\">Povrch je elektrolyticky le\u0161ten\u00fd, aby sa minimalizovala pri\u013enavos\u0165 bakt\u00e9ri\u00ed a umo\u017enilo sa jednoduch\u00e9 \u010distenie. Inovat\u00edvny dizajn s m\u00e4kk\u00fdmi okrajmi zabra\u0148uje vzniku rohov a podrezan\u00ed, a preto sp\u013a\u0148a najvy\u0161\u0161ie po\u017eiadavky na \u010dist\u00fd priestor (klasifikovan\u00fd pod\u013ea normy DIN 14644). Na trvale hygienick\u00e9 ozna\u010dovanie s\u00fa etikety namiesto pou\u017eitia be\u017en\u00fdch n\u00e1lepiek grav\u00edrovan\u00e9 laserom.<\/p>\n<p class=\"\" data-start=\"1654\" data-end=\"1899\">Tento pohon mie\u0161adiel je ide\u00e1lnym rie\u0161en\u00edm pre priemyseln\u00e9 odvetvia s najvy\u0161\u0161\u00edmi po\u017eiadavkami na bezpe\u010dnos\u0165, hygienu a \u00fa\u010dinnos\u0165 - napr. vo farmaceutickom priemysle, potravin\u00e1rskej v\u00fdrobe, v\u00fdrobe kozmetiky alebo v chemickom procesnom in\u017einierstve.<\/p>","protected":false},"excerpt":{"rendered":"<p>Energeticky \u00fa\u010dinn\u00fd pohon mie\u0161adla s certifik\u00e1tom ATEX vyroben\u00fd z elektrolyticky le\u0161tenej nehrdzavej\u00facej ocele V4A - hygienick\u00fd, robustn\u00fd, tich\u00fd a ide\u00e1lny pre vysoko visk\u00f3zne m\u00e9di\u00e1, ako aj pre aplik\u00e1cie v \u010dist\u00fdch priestoroch a Ex z\u00f3nach.<\/p>","protected":false},"featured_media":15521,"comment_status":"open","ping_status":"closed","template":"","meta":{"_acf_changed":false},"product_brand":[],"product_cat":[595,632],"product_tag":[2637,2648,2638,2649,2639,2640,2576,2641,2609,2642,2626,2643,2633,2644,2634,2645,2635,2646,2636,2647],"class_list":{"0":"post-13162","1":"product","2":"type-product","3":"status-publish","4":"has-post-thumbnail","6":"product_cat-ruehrwerkstechnik","7":"product_cat-ruehrwerksantriebe","8":"product_tag-ruehrwerk-fuer-hochviskose-medien","9":"product_tag-wartungsarmer-antrieb","10":"product_tag-v4a-edelstahl-ruehrwerksmotor","11":"product_tag-geraeuscharmer-ruehrantrieb","12":"product_tag-lebensmittelkonformer-ruehrwerksantrieb","13":"product_tag-pharma-ruehrwerk","14":"product_tag-energieeffizienter-ruehrwerksmotor","15":"product_tag-ip68-ruehrwerksmotor","16":"product_tag-ruehrwerksmotor-fuer-reinraeume","17":"product_tag-sterilisierbarer-ruehrantrieb","18":"product_tag-platzsparender-ruehrwerksmotor","19":"product_tag-chemikalienbestaendiger-antrieb","20":"product_tag-atex-ruehrwerksantrieb","21":"product_tag-elektropolierter-edelstahlmotor","22":"product_tag-explosionsgeschuetzter-antrieb","23":"product_tag-hygienischer-ruehrwerksantrieb","24":"product_tag-ruehrwerksmotor-zone-0","25":"product_tag-soft-edge-design-antrieb","26":"product_tag-zonentrennflansch-ruehrwerk","27":"product_tag-din-14644-ruehrwerk","28":"product_shipping_class-karton-paketversand","29":"pa_antriebsart-pneumatisch","30":"pa_antriebswelle-eco-drive-450-900-eco-quick-v2","31":"pa_antriebswelle-eco-drive-450-900-eco-quick-v3","32":"pa_atex-zone-0-1","33":"pa_dichtung-ptfe-fda-konform","34":"pa_durchmesser-108mm","35":"pa_ex-gas-ex-ii-1-2-g-ex-h-iic-t5-ga-gb","36":"pa_ex-staub-ex-ii-1-2-d-ex-h-iiic-t100c-da-db","37":"pa_geraeuschpegel-75db","38":"pa_labs-oel-und-silikonfrei","39":"pa_material-gehaeuse-v4a-edelstahl-1-4404-elektropoliert","40":"pa_model-eco-seal-atex-zone-0-1-edelstahl","41":"pa_reinraumklassifizierung-iso1-nach-din14644","42":"pa_schutzart-ip67","43":"pa_steckverschraubung-abluft-schlauch-o10mm","44":"pa_steckverschraubung-zuluft-schlauch-o6mm","45":"pa_versorgung-5-6bar","47":"first","48":"instock","49":"taxable","50":"shipping-taxable","51":"purchasable","52":"product-type-variable"},"bundled_by":[],"bundle_stock_status":"instock","bundle_stock_quantity":null,"bundle_virtual":false,"bundle_layout":"","bundle_add_to_cart_form_location":"","bundle_editable_in_cart":false,"bundle_sold_individually_context":"","bundle_item_grouping":"","bundle_min_size":"","bundle_max_size":"","bundle_price":[],"bundled_items":[],"bundle_sell_ids":[],"exclude_global_add_ons":[],"addons":[],"acf":[],"_links":{"self":[{"href":"https:\/\/ptm-mechatronics.com\/sk\/wp-json\/wp\/v2\/product\/13162","targetHints":{"allow":["GET"]}}],"collection":[{"href":"https:\/\/ptm-mechatronics.com\/sk\/wp-json\/wp\/v2\/product"}],"about":[{"href":"https:\/\/ptm-mechatronics.com\/sk\/wp-json\/wp\/v2\/types\/product"}],"replies":[{"embeddable":true,"href":"https:\/\/ptm-mechatronics.com\/sk\/wp-json\/wp\/v2\/comments?post=13162"}],"wp:featuredmedia":[{"embeddable":true,"href":"https:\/\/ptm-mechatronics.com\/sk\/wp-json\/wp\/v2\/media\/15521"}],"wp:attachment":[{"href":"https:\/\/ptm-mechatronics.com\/sk\/wp-json\/wp\/v2\/media?parent=13162"}],"wp:term":[{"taxonomy":"product_brand","embeddable":true,"href":"https:\/\/ptm-mechatronics.com\/sk\/wp-json\/wp\/v2\/product_brand?post=13162"},{"taxonomy":"product_cat","embeddable":true,"href":"https:\/\/ptm-mechatronics.com\/sk\/wp-json\/wp\/v2\/product_cat?post=13162"},{"taxonomy":"product_tag","embeddable":true,"href":"https:\/\/ptm-mechatronics.com\/sk\/wp-json\/wp\/v2\/product_tag?post=13162"}],"curies":[{"name":"wp","href":"https:\/\/api.w.org\/{rel}","templated":true}]}}