{"id":13123,"date":"2025-03-20T10:04:30","date_gmt":"2025-03-20T09:04:30","guid":{"rendered":"https:\/\/ptm-mechatronics.com\/?post_type=product&#038;p=13123"},"modified":"2025-11-07T15:54:08","modified_gmt":"2025-11-07T14:54:08","slug":"ruehrwerksantrieb-eco-seal-atex-zone-0-1-mit-gewindenabe","status":"publish","type":"product","link":"https:\/\/ptm-mechatronics.com\/sk\/product\/ruehrwerksantrieb-eco-seal-atex-zone-0-1-mit-gewindenabe\/","title":{"rendered":"Pohon mie\u0161adla eco-Seal, ATEX z\u00f3na 0\/1, so z\u00e1vitov\u00fdm n\u00e1bojom"},"content":{"rendered":"<h3 data-start=\"0\" data-end=\"106\">Energeticky \u00fa\u010dinn\u00fd pohon mie\u0161adla s certifik\u00e1tom ATEX - v\u00fdkonn\u00fd, bezpe\u010dn\u00fd a udr\u017eate\u013en\u00fd<\/h3>\n<p data-start=\"108\" data-end=\"475\">Energeticky \u00fa\u010dinn\u00fd pohon mie\u0161adla s certifik\u00e1tom ATEX bol \u0161peci\u00e1lne vyvinut\u00fd na pou\u017eitie v prostred\u00ed s nebezpe\u010denstvom v\u00fdbuchu a v\u010faka vzoru v\u0155tania PTM sa d\u00e1 jednoducho a priamo nain\u0161talova\u0165. V\u010faka integrovanej pr\u00edrube na oddelenie z\u00f3n je ur\u010den\u00fd na bezpe\u010dn\u00fa prev\u00e1dzku v z\u00f3nach ATEX 0\/1 a sp\u013a\u0148a najvy\u0161\u0161ie bezpe\u010dnostn\u00e9 normy.<\/p>\n<p data-start=\"477\" data-end=\"953\">V\u010faka vysok\u00e9mu kr\u00fatiacemu momentu zabezpe\u010duje pohon homog\u00e9nny v\u00fdsledok mie\u0161ania aj pri vysoko visk\u00f3znych m\u00e9di\u00e1ch. Mo\u017eno ho pou\u017ei\u0165 aj v aplik\u00e1ci\u00e1ch s pozit\u00edvnym a negat\u00edvnym tlakom, v\u010faka \u010domu je mimoriadne univerz\u00e1lny. Jeho tich\u00fd a priestorovo \u00fasporn\u00fd dizajn zabezpe\u010duje optim\u00e1lnu integr\u00e1ciu do existuj\u00facich syst\u00e9mov, zatia\u013e \u010do \u010disto mechanick\u00e1 kon\u0161trukcia znamen\u00e1 v\u00fdnimo\u010dn\u00fa robustnos\u0165, trvanlivos\u0165 a nen\u00e1ro\u010dn\u00fa \u00fadr\u017ebu.<\/p>\n<p data-start=\"955\" data-end=\"1102\">Jeho vysok\u00e1 energetick\u00e1 \u00fa\u010dinnos\u0165 zni\u017euje spotrebu energie, optimalizuje prev\u00e1dzku a prispieva k udr\u017eate\u013en\u00fdm v\u00fdrobn\u00fdm procesom.<\/p>\n<h3 data-start=\"1104\" data-end=\"1139\">Vlastnosti a v\u00fdhody:<\/h3>\n<ul>\n<li data-start=\"1140\" data-end=\"1713\">Certifik\u00e1cia ATEX pre z\u00f3ny 0\/1 - maxim\u00e1lna bezpe\u010dnos\u0165 v prostred\u00ed s nebezpe\u010denstvom v\u00fdbuchu<\/li>\n<li data-start=\"1140\" data-end=\"1713\">Energeticky \u00fasporn\u00e9 a v\u00fdkonn\u00e9 - vysok\u00e1 \u00fa\u010dinnos\u0165 pre optimaliz\u00e1ciu procesov a zn\u00ed\u017eenie spotreby energie<\/li>\n<li data-start=\"1140\" data-end=\"1713\">Vysok\u00fd kr\u00fatiaci moment - perfektn\u00e9 v\u00fdsledky aj pri vysoko visk\u00f3znych m\u00e9di\u00e1ch<\/li>\n<li data-start=\"1140\" data-end=\"1713\">Pozit\u00edvne a negat\u00edvne tlakov\u00e9 aplik\u00e1cie - V\u0161estrann\u00e9 pou\u017eitie pre r\u00f4zne procesn\u00e9 po\u017eiadavky<\/li>\n<li data-start=\"1140\" data-end=\"1713\">\u00daspora miesta a n\u00edzka hlu\u010dnos\u0165 - Kompaktn\u00fd dizajn pre jednoduch\u00fa integr\u00e1ciu<\/li>\n<li data-start=\"1140\" data-end=\"1713\">Mimoriadne robustn\u00fd a nen\u00e1ro\u010dn\u00fd na \u00fadr\u017ebu - \u010disto mechanick\u00e1 kon\u0161trukcia pre maxim\u00e1lnu spo\u013eahlivos\u0165<\/li>\n<\/ul>\n<p data-start=\"1715\" data-end=\"1892\">Tento vysokokvalitn\u00fd, energeticky \u00fa\u010dinn\u00fd pohon mie\u0161adiel ATEX je ide\u00e1lnym rie\u0161en\u00edm pre priemyseln\u00e9 aplik\u00e1cie, ktor\u00e9 vy\u017eaduj\u00fa \u00fa\u010dinnos\u0165, bezpe\u010dnos\u0165 a udr\u017eate\u013enos\u0165.<\/p>","protected":false},"excerpt":{"rendered":"<p>V\u00fdkonn\u00fd, \u00fa\u010dinn\u00fd pohon mie\u0161adla s pr\u00edrubou na oddelenie z\u00f3n pre z\u00f3ny ATEX 0\/1 na jednoduch\u00fa in\u0161tal\u00e1ciu na existuj\u00face syst\u00e9my<\/p>","protected":false},"featured_media":15514,"comment_status":"open","ping_status":"closed","template":"","meta":{"_acf_changed":false},"product_brand":[],"product_cat":[632,595],"product_tag":[2632,2599,2622,2600,2623,2624,2625,2626,2627,2575,2628,2576,2629,2581,2630,2585,2620,2631,2588,2621],"class_list":{"0":"post-13123","1":"product","2":"type-product","3":"status-publish","4":"has-post-thumbnail","6":"product_cat-ruehrwerksantriebe","7":"product_cat-ruehrwerkstechnik","8":"product_tag-nachhaltiger-antrieb-fuer-ruehrwerke","9":"product_tag-explosionsgeschuetzter-ruehrwerksmotor","10":"product_tag-nachhaltiger-ruehrwerksmotor","11":"product_tag-ruehrwerksmotor-fuer-hochviskose-medien","12":"product_tag-ruehrwerksmotor-mit-optimiertem-energieverbrauch","13":"product_tag-industrieller-ruehrwerksantrieb","14":"product_tag-robuster-ruehrwerksmotor","15":"product_tag-platzsparender-ruehrwerksmotor","16":"product_tag-ruehrwerksmotor-fuer-explosionsgefaehrdete-bereiche","17":"product_tag-atex-zertifizierter-ruehrwerksantrieb","18":"product_tag-ptm-bohrbild-ruehrwerksantrieb","19":"product_tag-energieeffizienter-ruehrwerksmotor","20":"product_tag-ruehrwerksmotor-fuer-ueber-und-unterdruckanwendungen","21":"product_tag-geraeuscharmer-ruehrwerksantrieb","22":"product_tag-wartungsarmer-ruehrwerksmotor","23":"product_tag-langlebiger-ruehrwerksmotor","24":"product_tag-ruehrwerksantrieb-fuer-zone-0-1","25":"product_tag-zuverlaessiger-ruehrwerksmotor-fuer-industrieanwendungen","26":"product_tag-leistungsstarker-ruehrwerksantrieb","27":"product_tag-atex-ruehrwerksmotor-mit-zonentrennflansch","28":"product_shipping_class-karton-paketversand","29":"pa_antriebsart-pneumatisch","30":"pa_antriebswelle-eco-seal-450-900-m12","31":"pa_antriebswelle-eco-seal-1800-3600-m16","32":"pa_atex-zone-0-1","33":"pa_dichtung-ptfe","34":"pa_durchmesser-108mm","35":"pa_ex-gas-ex-ii-1-2-g-ex-h-iic-t5-ga-gb","36":"pa_ex-staub-ex-ii-1-2-d-ex-h-iiic-t100c-da-db","37":"pa_geraeuschpegel-75db","38":"pa_labs-oel-und-silikonfrei","39":"pa_material-gehaeuse-aluminium-eloxiert","40":"pa_model-eco-seal-atex-zone-0-1","41":"pa_schutzart-ip67","42":"pa_steckverschraubung-abluft-eco-seal-1800-3600-schlauch-o12mm","43":"pa_steckverschraubung-abluft-eco-seal-450-900-schlauch-o10mm","44":"pa_steckverschraubung-zuluft-eco-seal-450-900-schlauch-o6mm","45":"pa_steckverschraubung-zuluft-eco-seal-1800-3600-schlauch-o8mm","46":"pa_versorgung-5-6bar","48":"first","49":"instock","50":"taxable","51":"shipping-taxable","52":"purchasable","53":"product-type-variable"},"bundled_by":[],"bundle_stock_status":"instock","bundle_stock_quantity":null,"bundle_virtual":false,"bundle_layout":"","bundle_add_to_cart_form_location":"","bundle_editable_in_cart":false,"bundle_sold_individually_context":"","bundle_item_grouping":"","bundle_min_size":"","bundle_max_size":"","bundle_price":[],"bundled_items":[],"bundle_sell_ids":[],"exclude_global_add_ons":[],"addons":[],"acf":[],"_links":{"self":[{"href":"https:\/\/ptm-mechatronics.com\/sk\/wp-json\/wp\/v2\/product\/13123","targetHints":{"allow":["GET"]}}],"collection":[{"href":"https:\/\/ptm-mechatronics.com\/sk\/wp-json\/wp\/v2\/product"}],"about":[{"href":"https:\/\/ptm-mechatronics.com\/sk\/wp-json\/wp\/v2\/types\/product"}],"replies":[{"embeddable":true,"href":"https:\/\/ptm-mechatronics.com\/sk\/wp-json\/wp\/v2\/comments?post=13123"}],"wp:featuredmedia":[{"embeddable":true,"href":"https:\/\/ptm-mechatronics.com\/sk\/wp-json\/wp\/v2\/media\/15514"}],"wp:attachment":[{"href":"https:\/\/ptm-mechatronics.com\/sk\/wp-json\/wp\/v2\/media?parent=13123"}],"wp:term":[{"taxonomy":"product_brand","embeddable":true,"href":"https:\/\/ptm-mechatronics.com\/sk\/wp-json\/wp\/v2\/product_brand?post=13123"},{"taxonomy":"product_cat","embeddable":true,"href":"https:\/\/ptm-mechatronics.com\/sk\/wp-json\/wp\/v2\/product_cat?post=13123"},{"taxonomy":"product_tag","embeddable":true,"href":"https:\/\/ptm-mechatronics.com\/sk\/wp-json\/wp\/v2\/product_tag?post=13123"}],"curies":[{"name":"wp","href":"https:\/\/api.w.org\/{rel}","templated":true}]}}