{"id":13114,"date":"2025-03-20T08:55:26","date_gmt":"2025-03-20T07:55:26","guid":{"rendered":"https:\/\/ptm-mechatronics.com\/?post_type=product&#038;p=13114"},"modified":"2025-11-07T15:53:57","modified_gmt":"2025-11-07T14:53:57","slug":"ruehrwerksantrieb-eco-drive-inox-atex-zone-1-mit-schnellwechselsystem","status":"publish","type":"product","link":"https:\/\/ptm-mechatronics.com\/sk\/product\/ruehrwerksantrieb-eco-drive-inox-atex-zone-1-mit-schnellwechselsystem\/","title":{"rendered":"Pohon mie\u0161adla eco-Drive INOX, ATEX z\u00f3na 1, s r\u00fdchlov\u00fdmenn\u00fdm syst\u00e9mom"},"content":{"rendered":"<h3 data-start=\"0\" data-end=\"96\">Pohon mie\u0161adla s certifik\u00e1tom ATEX - Hygienick\u00fd, v\u00fdkonn\u00fd a energeticky \u00fasporn\u00fd<\/h3>\n<p data-start=\"98\" data-end=\"479\">Energeticky \u00fa\u010dinn\u00fd pohon mie\u0161adla s certifik\u00e1tom ATEX bol \u0161peci\u00e1lne vyvinut\u00fd pre n\u00e1ro\u010dn\u00e9 procesy mie\u0161ania, homogeniz\u00e1cie a mie\u0161ania v hygienicky citliv\u00fdch prostrediach. V\u010faka vysok\u00e9mu kr\u00fatiacemu momentu pohon zabezpe\u010duje homog\u00e9nny v\u00fdsledok mie\u0161ania aj pri vysoko visk\u00f3znych m\u00e9di\u00e1ch a v extr\u00e9mnych podmienkach. S <a href=\"https:\/\/youtu.be\/TjagGW4DoyA?si=CQpfB4Wyt__Ab7Mg\" target=\"_blank\" rel=\"noopener\">r\u00fdchlov\u00fdmenn\u00fd syst\u00e9m eco-Quick<\/a> V\u00fdmena mie\u0161adiel v priebehu nieko\u013ek\u00fdch sek\u00fand bez pou\u017eitia \u010fal\u0161ieho n\u00e1radia.<\/p>\n<p data-start=\"481\" data-end=\"749\">Vzor otvorov PTM umo\u017e\u0148uje priamu mont\u00e1\u017e pohonu, zatia\u013e \u010do jeho tich\u00fd a priestorovo \u00fasporn\u00fd dizajn umo\u017e\u0148uje flexibiln\u00fa integr\u00e1ciu do existuj\u00facich syst\u00e9mov. V\u010faka \u010disto mechanickej kon\u0161trukcii je tie\u017e mimoriadne robustn\u00fd a nen\u00e1ro\u010dn\u00fd na \u00fadr\u017ebu.<\/p>\n<p data-start=\"751\" data-end=\"883\">Pohon mie\u0161adla je vyroben\u00fd z vysoko kvalitnej nehrdzavej\u00facej ocele V4A 1.4404 a sp\u013a\u0148a najvy\u0161\u0161ie hygienick\u00e9 a bezpe\u010dnostn\u00e9 normy:<\/p>\n<ul>\n<li data-start=\"885\" data-end=\"1535\">Zhoda s farmaceutick\u00fdmi a potravin\u00e1rskymi predpismi - ide\u00e1lna pre potravin\u00e1rske, farmaceutick\u00e9 a \u010dist\u00e9 priestory<\/li>\n<li data-start=\"885\" data-end=\"1535\">Odolnos\u0165 vo\u010di kyselin\u00e1m a chemik\u00e1li\u00e1m - Odolnos\u0165 vo\u010di agres\u00edvnym m\u00e9di\u00e1m<\/li>\n<li data-start=\"885\" data-end=\"1535\">Sterilizovate\u013en\u00e9 a vodotesn\u00e9 pod\u013ea IP67 - pre maxim\u00e1lnu hygienu a odolnos\u0165<\/li>\n<li data-start=\"885\" data-end=\"1535\">\u010cist\u00fd priestor klasifikovan\u00fd pod\u013ea DIN 14644 - Pre najvy\u0161\u0161ie po\u017eiadavky na \u010distotu<\/li>\n<li data-start=\"885\" data-end=\"1535\">M\u00e4kk\u00e1 kon\u0161trukcia - \u017eiadne zne\u010disten\u00e9 rohy alebo podrezania pre optim\u00e1lnu \u010distite\u013enos\u0165<\/li>\n<li data-start=\"885\" data-end=\"1535\">Elektricky le\u0161ten\u00fd povrch - minimalizuje pri\u013enavos\u0165 bakt\u00e9ri\u00ed a u\u013eah\u010duje \u010distenie<\/li>\n<li data-start=\"885\" data-end=\"1535\">Hygienick\u00e9 laserov\u00e9 grav\u00edrovanie namiesto n\u00e1lepiek - odoln\u00e9 vo\u010di oderu a trvanliv\u00e9, ide\u00e1lne pre steriln\u00e9 prostredie<\/li>\n<\/ul>\n<p data-start=\"1537\" data-end=\"1717\">Tento pohon mie\u0161adla je ide\u00e1lnym rie\u0161en\u00edm pre ka\u017ed\u00e9ho, kto h\u013ead\u00e1 vysoko v\u00fdkonn\u00fa, hygienick\u00fa a odoln\u00fa technol\u00f3giu mie\u0161ania pre hygienicky kritick\u00e9 aplik\u00e1cie.<\/p>","protected":false},"excerpt":{"rendered":"<p>Pohon mie\u0161adla s certifik\u00e1tom ATEX - v\u00fdkonn\u00e9, energeticky \u00fasporn\u00e9 a bez\u00fadr\u017ebov\u00e9 rie\u0161enie pre priemyseln\u00e9 mie\u0161acie procesy, ide\u00e1lne pre vysoko visk\u00f3zne m\u00e9di\u00e1 a potenci\u00e1lne v\u00fdbu\u0161n\u00e9 prostredie.<\/p>","protected":false},"featured_media":15511,"comment_status":"open","ping_status":"closed","template":"","meta":{"_acf_changed":false},"product_brand":[],"product_cat":[595,632],"product_tag":[2608,2598,2609,2599,2610,2600,2611,2575,2601,2612,2576,2602,2585,2603,2604,2594,2605,2595,2606,2596,2607,2597],"class_list":{"0":"post-13114","1":"product","2":"type-product","3":"status-publish","4":"has-post-thumbnail","6":"product_cat-ruehrwerkstechnik","7":"product_cat-ruehrwerksantriebe","8":"product_tag-soft-edge-design-ruehrwerksmotor","9":"product_tag-din-14644-ruehrwerksantrieb","10":"product_tag-ruehrwerksmotor-fuer-reinraeume","11":"product_tag-explosionsgeschuetzter-ruehrwerksmotor","12":"product_tag-hygienische-lasergravur-ruehrwerksmotor","13":"product_tag-ruehrwerksmotor-fuer-hochviskose-medien","14":"product_tag-edelstahl-ruehrwerksantrieb-fuer-reinraum","15":"product_tag-atex-zertifizierter-ruehrwerksantrieb","16":"product_tag-ruehrwerksmotor-fuer-lebensmittelindustrie","17":"product_tag-hygienischer-antrieb-fuer-pharmaindustrie","18":"product_tag-energieeffizienter-ruehrwerksmotor","19":"product_tag-ruehrwerksmotor-fuer-pharmaindustrie","20":"product_tag-langlebiger-ruehrwerksmotor","21":"product_tag-saeurebestaendiger-ruehrwerksmotor","22":"product_tag-chemikalienbestaendiger-ruehrwerksmotor","23":"product_tag-hygienischer-ruehrwerksmotor","24":"product_tag-ip68-wasserdichter-ruehrwerksmotor","25":"product_tag-ruehrwerksmotor-aus-v4a-edelstahl","26":"product_tag-sterilisierbarer-ruehrwerksmotor","27":"product_tag-elektropolierter-edelstahl-ruehrwerksmotor","28":"product_tag-vibrationsarmer-ruehrwerksantrieb","29":"product_tag-reinraum-ruehrwerksmotor-iso-1","30":"product_shipping_class-karton-paketversand","31":"pa_antriebsart-pneumatisch","32":"pa_antriebswelle-eco-drive-450-900-eco-quick-v2","33":"pa_antriebswelle-eco-drive-450-900-eco-quick-v3","34":"pa_atex-zone-122122","35":"pa_dichtung-ptfe-fda-konform","36":"pa_durchmesser-eco-drive-450-900-108mm","37":"pa_durchmesser-eco-drive-1800-3600-169mm","38":"pa_ex-gas-ex-ii-2-g-ex-h-iic-t5-gb-x","39":"pa_ex-staub-ex-ii-2-d-ex-h-iiic-t100c-db-x","40":"pa_geraeuschpegel-75db","41":"pa_labs-oel-und-silikonfrei","42":"pa_material-gehaeuse-v4a-edelstahl-1-4404-elektropoliert","43":"pa_model-eco-drive-atex-zone-1-edelstahl","44":"pa_reinraumklassifizierung-iso1-nach-din14644","45":"pa_schutzart-ip67","46":"pa_steckverschraubung-abluft-eco-drive-450-900-schlauch-o10mm","47":"pa_steckverschraubung-abluft-eco-drive-1800-3600-schlauch-o12mm","48":"pa_steckverschraubung-zuluft-eco-drive-1800-3600-schlauch-o8mm","49":"pa_steckverschraubung-zuluft-eco-drive-450-900-schlauch-o6mm","50":"pa_versorgung-5-6bar","52":"first","53":"instock","54":"taxable","55":"shipping-taxable","56":"purchasable","57":"product-type-variable"},"bundled_by":[],"bundle_stock_status":"instock","bundle_stock_quantity":null,"bundle_virtual":false,"bundle_layout":"","bundle_add_to_cart_form_location":"","bundle_editable_in_cart":false,"bundle_sold_individually_context":"","bundle_item_grouping":"","bundle_min_size":"","bundle_max_size":"","bundle_price":[],"bundled_items":[],"bundle_sell_ids":[],"exclude_global_add_ons":[],"addons":[],"acf":[],"_links":{"self":[{"href":"https:\/\/ptm-mechatronics.com\/sk\/wp-json\/wp\/v2\/product\/13114","targetHints":{"allow":["GET"]}}],"collection":[{"href":"https:\/\/ptm-mechatronics.com\/sk\/wp-json\/wp\/v2\/product"}],"about":[{"href":"https:\/\/ptm-mechatronics.com\/sk\/wp-json\/wp\/v2\/types\/product"}],"replies":[{"embeddable":true,"href":"https:\/\/ptm-mechatronics.com\/sk\/wp-json\/wp\/v2\/comments?post=13114"}],"wp:featuredmedia":[{"embeddable":true,"href":"https:\/\/ptm-mechatronics.com\/sk\/wp-json\/wp\/v2\/media\/15511"}],"wp:attachment":[{"href":"https:\/\/ptm-mechatronics.com\/sk\/wp-json\/wp\/v2\/media?parent=13114"}],"wp:term":[{"taxonomy":"product_brand","embeddable":true,"href":"https:\/\/ptm-mechatronics.com\/sk\/wp-json\/wp\/v2\/product_brand?post=13114"},{"taxonomy":"product_cat","embeddable":true,"href":"https:\/\/ptm-mechatronics.com\/sk\/wp-json\/wp\/v2\/product_cat?post=13114"},{"taxonomy":"product_tag","embeddable":true,"href":"https:\/\/ptm-mechatronics.com\/sk\/wp-json\/wp\/v2\/product_tag?post=13114"}],"curies":[{"name":"wp","href":"https:\/\/api.w.org\/{rel}","templated":true}]}}