{"id":13066,"date":"2025-03-10T09:43:10","date_gmt":"2025-03-10T08:43:10","guid":{"rendered":"https:\/\/ptm-mechatronics.com\/?post_type=product&#038;p=13066"},"modified":"2026-05-07T10:43:01","modified_gmt":"2026-05-07T08:43:01","slug":"kolben-serviceset-fuer-ptm-druckluftmotoren-und-antriebe","status":"publish","type":"product","link":"https:\/\/ptm-mechatronics.com\/sk\/product\/kolben-serviceset-fuer-ptm-druckluftmotoren-und-antriebe\/","title":{"rendered":"Servisn\u00e1 s\u00faprava piestov pre pneumatick\u00e9 motory a pohony PTM"},"content":{"rendered":"<p data-start=\"158\" data-end=\"481\">Zabezpe\u010dte spo\u013eahliv\u00fd a dlhodob\u00fd v\u00fdkon svojho pneumatick\u00e9ho motora alebo pohonu PTM pomocou na\u0161ej vysokokvalitnej servisnej sady piestov. T\u00e1to s\u00faprava n\u00e1hradn\u00fdch dielov je \u0161peci\u00e1lne navrhnut\u00e1 pre pneumatick\u00e9 motory a pohony PTM a umo\u017e\u0148uje efekt\u00edvnu \u00fadr\u017ebu na optimaliz\u00e1ciu \u017eivotnosti a v\u00fdkonu v\u00e1\u0161ho pohonu.<\/p>\n<p data-start=\"158\" data-end=\"481\">S\u00faprava obsahuje podrobn\u00fd servisn\u00fd n\u00e1vod, n\u00e1hradn\u00e9 piesty s pom\u00f4ckou na vkladanie a mazivo v z\u00e1vislosti od modelu pohonu. Pomoc pri v\u00fdmene piestov n\u00e1jdete aj v na\u0161om videu \u201e<a href=\"https:\/\/youtu.be\/RxvrSIWG86M?si=pGI6yubvJ-mvYXet\" target=\"_blank\" rel=\"noopener\">V\u00fdmena piestu pre motor stla\u010den\u00e9ho vzduchu<\/a>\u201e.<\/p>\n<p data-start=\"483\" data-end=\"507\">Vlastnosti:<\/p>\n<ul>\n<li data-start=\"508\" data-end=\"725\">Perfektne sa hod\u00ed pre vzduchov\u00e9 motory a pohony PTM<\/li>\n<li data-start=\"508\" data-end=\"725\">Vysokokvalitn\u00e9 materi\u00e1ly pre maxim\u00e1lnu odolnos\u0165<\/li>\n<li data-start=\"508\" data-end=\"725\">Jednoduch\u00e1 mont\u00e1\u017e na r\u00fdchlu opravu<\/li>\n<\/ul>\n<p>Servisn\u00e9 sady pod\u013ea modelu n\u00e1jdete v oblasti na prevzatie.<\/p>","protected":false},"excerpt":{"rendered":"<p>Vysokokvalitn\u00e1 servisn\u00e1 s\u00faprava piestov pre pneumatick\u00e9 motory PTM - presn\u00e9 ulo\u017eenie, odolnos\u0165 a jednoduch\u00e1 in\u0161tal\u00e1cia pre optim\u00e1lny v\u00fdkon motora.<\/p>","protected":false},"featured_media":15499,"comment_status":"open","ping_status":"closed","template":"","meta":{"_acf_changed":false},"product_brand":[],"product_cat":[2745],"product_tag":[2541,2542,2543,2746,2535,2536,2537,2538,2539,2540],"class_list":{"0":"post-13066","1":"product","2":"type-product","3":"status-publish","4":"has-post-thumbnail","6":"product_cat-ersatzteile","7":"product_tag-ptm-pneumatikmotor","8":"product_tag-ptm-motor-kolbenwechsel","9":"product_tag-pneumatischer-antrieb-ersatzteile","10":"product_tag-serviceset-kolben","11":"product_tag-kolbenkitt-ptm","12":"product_tag-kolbenkit-druckluftmotor","13":"product_tag-ersatzteile-druckluftmotor","14":"product_tag-ptm-motor-wartung","15":"product_tag-ptm-ersatzteile","16":"product_tag-ptm-kolben-reparatur","17":"product_shipping_class-karton-paketversand","19":"first","20":"instock","21":"taxable","22":"shipping-taxable","23":"purchasable","24":"product-type-variable"},"bundled_by":[],"bundle_stock_status":"instock","bundle_stock_quantity":null,"bundle_virtual":false,"bundle_layout":"","bundle_add_to_cart_form_location":"","bundle_editable_in_cart":false,"bundle_sold_individually_context":"","bundle_item_grouping":"","bundle_min_size":"","bundle_max_size":"","bundle_price":[],"bundled_items":[],"bundle_sell_ids":[],"exclude_global_add_ons":[],"addons":[],"acf":[],"_links":{"self":[{"href":"https:\/\/ptm-mechatronics.com\/sk\/wp-json\/wp\/v2\/product\/13066","targetHints":{"allow":["GET"]}}],"collection":[{"href":"https:\/\/ptm-mechatronics.com\/sk\/wp-json\/wp\/v2\/product"}],"about":[{"href":"https:\/\/ptm-mechatronics.com\/sk\/wp-json\/wp\/v2\/types\/product"}],"replies":[{"embeddable":true,"href":"https:\/\/ptm-mechatronics.com\/sk\/wp-json\/wp\/v2\/comments?post=13066"}],"wp:featuredmedia":[{"embeddable":true,"href":"https:\/\/ptm-mechatronics.com\/sk\/wp-json\/wp\/v2\/media\/15499"}],"wp:attachment":[{"href":"https:\/\/ptm-mechatronics.com\/sk\/wp-json\/wp\/v2\/media?parent=13066"}],"wp:term":[{"taxonomy":"product_brand","embeddable":true,"href":"https:\/\/ptm-mechatronics.com\/sk\/wp-json\/wp\/v2\/product_brand?post=13066"},{"taxonomy":"product_cat","embeddable":true,"href":"https:\/\/ptm-mechatronics.com\/sk\/wp-json\/wp\/v2\/product_cat?post=13066"},{"taxonomy":"product_tag","embeddable":true,"href":"https:\/\/ptm-mechatronics.com\/sk\/wp-json\/wp\/v2\/product_tag?post=13066"}],"curies":[{"name":"wp","href":"https:\/\/api.w.org\/{rel}","templated":true}]}}