{"id":13049,"date":"2025-02-25T08:53:10","date_gmt":"2025-02-25T07:53:10","guid":{"rendered":"https:\/\/ptm-mechatronics.com\/?post_type=product&#038;p=13049"},"modified":"2025-11-07T15:53:41","modified_gmt":"2025-11-07T14:53:41","slug":"wendelruehrer-mit-ruehrwelle","status":"publish","type":"product","link":"https:\/\/ptm-mechatronics.com\/sk\/product\/wendelruehrer-mit-ruehrwelle\/","title":{"rendered":"\u0160pir\u00e1lov\u00e9 mie\u0161adlo s mie\u0161ac\u00edm hriade\u013eom"},"content":{"rendered":"<p data-start=\"74\" data-end=\"480\">\u0160pir\u00e1lov\u00e9 mie\u0161adlo je v\u00fdkonn\u00fd mie\u0161ac\u00ed n\u00e1stroj, ktor\u00fd bol \u0161peci\u00e1lne vyvinut\u00fd na jemn\u00e9, ale \u00fa\u010dinn\u00e9 mie\u0161anie vysoko visk\u00f3znych materi\u00e1lov. Jeho \u0161pir\u00e1lov\u00e1 geometria zabezpe\u010duje rovnomern\u00e9 mie\u0161anie a zabra\u0148uje tvorbe vzduchov\u00fdch vreciek. Ide\u00e1lne na pou\u017eitie v chemickom priemysle, stavebnej ch\u00e9mii, pri v\u00fdrobe potrav\u00edn a kozmetiky.<\/p>\n<h3 data-start=\"482\" data-end=\"517\">Vlastnosti a v\u00fdhody:<\/h3>\n<ul data-start=\"518\" data-end=\"846\">\n<li data-start=\"518\" data-end=\"594\">Efekt\u00edvne mie\u0161anie - optim\u00e1lna homogenita bez vzduchov\u00fdch vreciek<\/li>\n<li data-start=\"595\" data-end=\"671\">\u0160etrn\u00e9 spracovanie - zni\u017euje \u0161mykov\u00e9 sily a nap\u00e4tie materi\u00e1lu<\/li>\n<li data-start=\"672\" data-end=\"748\">Robustn\u00e1 kon\u0161trukcia - vysokokvalitn\u00e9 materi\u00e1ly pre dlh\u00fa \u017eivotnos\u0165<\/li>\n<li data-start=\"749\" data-end=\"846\">V\u0161estrann\u00e9 pou\u017eitie - ide\u00e1lne pre vysoko visk\u00f3zne kvapaliny a pastovit\u00e9 l\u00e1tky<\/li>\n<\/ul>\n<h3 data-start=\"848\" data-end=\"873\">Funk\u010dnos\u0165:<\/h3>\n<p data-start=\"874\" data-end=\"1181\">\u0160pir\u00e1lov\u00fd pohyb mie\u0161adla vytv\u00e1ra vertik\u00e1lne pr\u00fadenie, ktor\u00e9 vedie materi\u00e1l zdola nahor. T\u00fdm sa zabezpe\u010duje rovnomern\u00e1 distrib\u00facia a zabra\u0148uje usadzovaniu na dne n\u00e1doby. Vhodn\u00e9 najm\u00e4 pre visk\u00f3zne m\u00e9di\u00e1, ako s\u00fa \u017eivice, lepidl\u00e1, farby a malty.<\/p>\n<h3 data-start=\"1183\" data-end=\"1212\">Oblasti pou\u017eitia:<\/h3>\n<ul data-start=\"1213\" data-end=\"1326\">\n<li data-start=\"1213\" data-end=\"1236\">Chemick\u00fd priemysel<\/li>\n<li data-start=\"1237\" data-end=\"1275\">Stavebn\u00e9 chemik\u00e1lie (malta, vyrovn\u00e1vacie zmesi)<\/li>\n<li data-start=\"1276\" data-end=\"1302\">V\u00fdroba potrav\u00edn<\/li>\n<li data-start=\"1303\" data-end=\"1326\">V\u00fdroba kozmetiky<\/li>\n<\/ul>\n<p data-start=\"1328\" data-end=\"1462\">Pomocou \u0161pir\u00e1lov\u00e9ho mie\u0161adla m\u00f4\u017eete optimalizova\u0165 mie\u0161acie procesy a dosiahnu\u0165 rovnomern\u00e9 spracovanie materi\u00e1lov bez pr\u00edstupu vzduchu.<\/p>","protected":false},"excerpt":{"rendered":"<p>\u0160pir\u00e1lov\u00e9 mie\u0161adlo so \u0161pir\u00e1lovou geometriou na \u00fa\u010dinn\u00e9 a jemn\u00e9 mie\u0161anie vysoko visk\u00f3znych materi\u00e1lov.<\/p>","protected":false},"featured_media":15497,"comment_status":"open","ping_status":"closed","template":"","meta":{"_acf_changed":false},"product_brand":[],"product_cat":[595,596,1421],"product_tag":[2516,2518,2497,2519,2501,2520,2502,2521,2503,2522,2505,2507,2508,2511,2515],"class_list":{"0":"post-13049","1":"product","2":"type-product","3":"status-publish","4":"has-post-thumbnail","6":"product_cat-ruehrwerkstechnik","7":"product_cat-laborruehrer","8":"product_cat-zubehoer-ruehrwerkstechnik","9":"product_tag-kosmetikherstellung","10":"product_tag-wendelruehrer","11":"product_tag-industriemischer","12":"product_tag-spachtelmassen","13":"product_tag-homogene-durchmischung","14":"product_tag-harze","15":"product_tag-mischtechnik","16":"product_tag-lacke","17":"product_tag-ruehrwerkzeug","18":"product_tag-klebstoffe","19":"product_tag-chemische-industrie","20":"product_tag-bauchemie","21":"product_tag-hochviskose-fluessigkeiten","22":"product_tag-ruehrwerk","23":"product_tag-lebensmittelproduktion","24":"product_shipping_class-karton-paketversand","25":"pa_material-v4a-edelstahl-1-4404","27":"first","28":"outofstock","29":"taxable","30":"shipping-taxable","31":"product-type-simple"},"bundled_by":[],"bundle_stock_status":"outofstock","bundle_stock_quantity":null,"bundle_virtual":false,"bundle_layout":"","bundle_add_to_cart_form_location":"","bundle_editable_in_cart":false,"bundle_sold_individually_context":"","bundle_item_grouping":"","bundle_min_size":"","bundle_max_size":"","bundle_price":[],"bundled_items":[],"bundle_sell_ids":[],"exclude_global_add_ons":[],"addons":[],"acf":[],"_links":{"self":[{"href":"https:\/\/ptm-mechatronics.com\/sk\/wp-json\/wp\/v2\/product\/13049","targetHints":{"allow":["GET"]}}],"collection":[{"href":"https:\/\/ptm-mechatronics.com\/sk\/wp-json\/wp\/v2\/product"}],"about":[{"href":"https:\/\/ptm-mechatronics.com\/sk\/wp-json\/wp\/v2\/types\/product"}],"replies":[{"embeddable":true,"href":"https:\/\/ptm-mechatronics.com\/sk\/wp-json\/wp\/v2\/comments?post=13049"}],"wp:featuredmedia":[{"embeddable":true,"href":"https:\/\/ptm-mechatronics.com\/sk\/wp-json\/wp\/v2\/media\/15497"}],"wp:attachment":[{"href":"https:\/\/ptm-mechatronics.com\/sk\/wp-json\/wp\/v2\/media?parent=13049"}],"wp:term":[{"taxonomy":"product_brand","embeddable":true,"href":"https:\/\/ptm-mechatronics.com\/sk\/wp-json\/wp\/v2\/product_brand?post=13049"},{"taxonomy":"product_cat","embeddable":true,"href":"https:\/\/ptm-mechatronics.com\/sk\/wp-json\/wp\/v2\/product_cat?post=13049"},{"taxonomy":"product_tag","embeddable":true,"href":"https:\/\/ptm-mechatronics.com\/sk\/wp-json\/wp\/v2\/product_tag?post=13049"}],"curies":[{"name":"wp","href":"https:\/\/api.w.org\/{rel}","templated":true}]}}