{"id":13047,"date":"2025-02-25T08:42:33","date_gmt":"2025-02-25T07:42:33","guid":{"rendered":"https:\/\/ptm-mechatronics.com\/?post_type=product&#038;p=13047"},"modified":"2025-11-07T15:53:40","modified_gmt":"2025-11-07T14:53:40","slug":"scheibenruehrer-mit-ruehrwelle","status":"publish","type":"product","link":"https:\/\/ptm-mechatronics.com\/sk\/product\/scheibenruehrer-mit-ruehrwelle\/","title":{"rendered":"Diskov\u00e9 mie\u0161adlo s mie\u0161ac\u00edm hriade\u013eom"},"content":{"rendered":"<p data-start=\"76\" data-end=\"467\">Diskov\u00e9 mie\u0161adlo je v\u00fdkonn\u00e9 mie\u0161acie zariadenie, ktor\u00e9 je ide\u00e1lne na dispergovanie, homogeniz\u00e1ciu a emulgovanie kvapal\u00edn a pevn\u00fdch l\u00e1tok. V\u010faka svojej \u0161peci\u00e1lnej geometrii vytv\u00e1ra mie\u0161adlo vysok\u00e9 strihov\u00e9 sily a zabezpe\u010duje rovnomern\u00e9 mie\u0161anie v chemickom priemysle, pri v\u00fdrobe farieb a lakov, ako aj pri v\u00fdrobe potrav\u00edn a kozmetiky.<\/p>\n<h3 data-start=\"469\" data-end=\"504\">Vlastnosti a v\u00fdhody:<\/h3>\n<ul data-start=\"505\" data-end=\"958\">\n<li data-start=\"505\" data-end=\"591\">Vysok\u00fd strihov\u00fd \u00fa\u010dinok na optim\u00e1lne drvenie a distrib\u00faciu \u010dast\u00edc<\/li>\n<li data-start=\"592\" data-end=\"666\">Efekt\u00edvne mie\u0161anie vysoko visk\u00f3znych kvapal\u00edn a p\u00e1st<\/li>\n<li data-start=\"667\" data-end=\"764\">Robustn\u00e1 kon\u0161trukcia z vysokokvalitnej nehrdzavej\u00facej ocele pre dlh\u00fa \u017eivotnos\u0165 a odolnos\u0165 proti kor\u00f3zii<\/li>\n<li data-start=\"765\" data-end=\"857\">V\u0161estrann\u00e9 pou\u017eitie v chemickom, farmaceutickom a kozmetickom priemysle<\/li>\n<li data-start=\"858\" data-end=\"958\">Prisp\u00f4sobite\u013en\u00e9 - r\u00f4zne priemery a materi\u00e1ly pre \u0161pecifick\u00e9 aplik\u00e1cie<\/li>\n<\/ul>\n<h3 data-start=\"960\" data-end=\"985\">Funk\u010dnos\u0165:<\/h3>\n<p data-start=\"986\" data-end=\"1264\">V\u010faka rotuj\u00facemu disku vytv\u00e1ra diskov\u00e9 mie\u0161adlo intenz\u00edvne turbulencie, ktor\u00e9 \u00fa\u010dinne rozpty\u013euj\u00fa pevn\u00e9 l\u00e1tky a homog\u00e9nne mie\u0161aj\u00fa kvapaliny. Vznikaj\u00fa tak mimoriadne jemn\u00e9 emulzie a rovnomern\u00e9 disperzie, ktor\u00e9 pon\u00fakaj\u00fa optim\u00e1lne spracovate\u013esk\u00e9 vlastnosti.<\/p>\n<h3 data-start=\"1266\" data-end=\"1295\">Oblasti pou\u017eitia:<\/h3>\n<ul data-start=\"1296\" data-end=\"1447\">\n<li data-start=\"1296\" data-end=\"1325\">Priemysel farieb a lakov<\/li>\n<li data-start=\"1326\" data-end=\"1370\">Chemick\u00e1 a farmaceutick\u00e1 v\u00fdroba<\/li>\n<li data-start=\"1371\" data-end=\"1412\">V\u00fdroba kozmetiky a potrav\u00edn<\/li>\n<li data-start=\"1413\" data-end=\"1447\">Stavebn\u00e1 ch\u00e9mia a technol\u00f3gia lepenia<\/li>\n<\/ul>\n<p data-start=\"1449\" data-end=\"1569\">Spo\u013eahnite sa na diskov\u00e9 mie\u0161adlo pre maxim\u00e1lnu \u00fa\u010dinnos\u0165 a trvalo vysok\u00fa kvalitu va\u0161ich mie\u0161ac\u00edch procesov.<\/p>","protected":false},"excerpt":{"rendered":"<p>Diskov\u00e9 mie\u0161adlo s vysok\u00fdmi strihov\u00fdmi silami na \u00fa\u010dinn\u00fa disperg\u00e1ciu, homogeniz\u00e1ciu a emulg\u00e1ciu.<\/p>","protected":false},"featured_media":15496,"comment_status":"open","ping_status":"closed","template":"","meta":{"_acf_changed":false},"product_brand":[],"product_cat":[595,596,1421],"product_tag":[2511,2512,2496,2513,2497,2514,2498,2515,2499,2516,2500,2517,2502,2505,2507,2510],"class_list":{"0":"post-13047","1":"product","2":"type-product","3":"status-publish","4":"has-post-thumbnail","6":"product_cat-ruehrwerkstechnik","7":"product_cat-laborruehrer","8":"product_cat-zubehoer-ruehrwerkstechnik","9":"product_tag-ruehrwerk","10":"product_tag-homogenisieren","11":"product_tag-ruehrorgan","12":"product_tag-emulgieren","13":"product_tag-industriemischer","14":"product_tag-farben-und-lackherstellung","15":"product_tag-hochleistungsmischer","16":"product_tag-lebensmittelproduktion","17":"product_tag-scherkraefte","18":"product_tag-kosmetikherstellung","19":"product_tag-dispergieren","20":"product_tag-edelstahl-ruehrwerk","21":"product_tag-mischtechnik","22":"product_tag-chemische-industrie","23":"product_tag-bauchemie","24":"product_tag-scheibenruehrer","25":"product_shipping_class-karton-paketversand","26":"pa_material-v4a-edelstahl-1-4404","28":"first","29":"outofstock","30":"taxable","31":"shipping-taxable","32":"product-type-simple"},"bundled_by":[],"bundle_stock_status":"outofstock","bundle_stock_quantity":null,"bundle_virtual":false,"bundle_layout":"","bundle_add_to_cart_form_location":"","bundle_editable_in_cart":false,"bundle_sold_individually_context":"","bundle_item_grouping":"","bundle_min_size":"","bundle_max_size":"","bundle_price":[],"bundled_items":[],"bundle_sell_ids":[],"exclude_global_add_ons":[],"addons":[],"acf":[],"_links":{"self":[{"href":"https:\/\/ptm-mechatronics.com\/sk\/wp-json\/wp\/v2\/product\/13047","targetHints":{"allow":["GET"]}}],"collection":[{"href":"https:\/\/ptm-mechatronics.com\/sk\/wp-json\/wp\/v2\/product"}],"about":[{"href":"https:\/\/ptm-mechatronics.com\/sk\/wp-json\/wp\/v2\/types\/product"}],"replies":[{"embeddable":true,"href":"https:\/\/ptm-mechatronics.com\/sk\/wp-json\/wp\/v2\/comments?post=13047"}],"wp:featuredmedia":[{"embeddable":true,"href":"https:\/\/ptm-mechatronics.com\/sk\/wp-json\/wp\/v2\/media\/15496"}],"wp:attachment":[{"href":"https:\/\/ptm-mechatronics.com\/sk\/wp-json\/wp\/v2\/media?parent=13047"}],"wp:term":[{"taxonomy":"product_brand","embeddable":true,"href":"https:\/\/ptm-mechatronics.com\/sk\/wp-json\/wp\/v2\/product_brand?post=13047"},{"taxonomy":"product_cat","embeddable":true,"href":"https:\/\/ptm-mechatronics.com\/sk\/wp-json\/wp\/v2\/product_cat?post=13047"},{"taxonomy":"product_tag","embeddable":true,"href":"https:\/\/ptm-mechatronics.com\/sk\/wp-json\/wp\/v2\/product_tag?post=13047"}],"curies":[{"name":"wp","href":"https:\/\/api.w.org\/{rel}","templated":true}]}}