{"id":13045,"date":"2025-02-25T08:26:52","date_gmt":"2025-02-25T07:26:52","guid":{"rendered":"https:\/\/ptm-mechatronics.com\/?post_type=product&#038;p=13045"},"modified":"2025-11-07T15:53:39","modified_gmt":"2025-11-07T14:53:39","slug":"dissolver-fuer-laboranwendungen","status":"publish","type":"product","link":"https:\/\/ptm-mechatronics.com\/sk\/product\/dissolver-fuer-laboranwendungen\/","title":{"rendered":"Rozp\u00fa\u0161\u0165a\u010d s mie\u0161ac\u00edm hriade\u013eom"},"content":{"rendered":"<p data-start=\"168\" data-end=\"476\">Rozp\u00fa\u0161\u0165acie mie\u0161adlo je ide\u00e1lnym rie\u0161en\u00edm pre n\u00e1ro\u010dn\u00e9 mie\u0161acie procesy v priemysle. V\u010faka svojej \u0161peci\u00e1lnej geometrii a siln\u00fdm strihov\u00fdm sil\u00e1m zabezpe\u010duje homog\u00e9nne mie\u0161anie \u0161irok\u00e9ho spektra materi\u00e1lov - od vysoko visk\u00f3znych kvapal\u00edn a\u017e po pastovit\u00e9 l\u00e1tky.<\/p>\n<h3 data-start=\"478\" data-end=\"513\">Vlastnosti a v\u00fdhody:<\/h3>\n<ul data-start=\"514\" data-end=\"1013\">\n<li data-start=\"514\" data-end=\"611\">Vysok\u00fd smykov\u00fd efekt - r\u00fdchla a rovnomern\u00e1 disperzia pevn\u00fdch l\u00e1tok a kvapal\u00edn<\/li>\n<li data-start=\"612\" data-end=\"683\">Efekt\u00edvne mie\u0161anie - optim\u00e1lna homogenita bez tvorby hrudiek<\/li>\n<li data-start=\"684\" data-end=\"779\">Robustn\u00e1 kon\u0161trukcia - vysokokvalitn\u00e9 materi\u00e1ly pre dlh\u00fa \u017eivotnos\u0165 a vysok\u00fa odolnos\u0165<\/li>\n<li data-start=\"780\" data-end=\"897\">V\u0161estrann\u00e9 pou\u017eitie - Vhodn\u00e9 pre farby, laky, lepidl\u00e1, kozmetiku, chemik\u00e1lie a mnoho \u010fal\u0161ieho<\/li>\n<li data-start=\"898\" data-end=\"1013\">Prisp\u00f4sobenie - k dispoz\u00edcii s\u00fa r\u00f4zne priemery a prevedenia pre \u0161pecifick\u00e9 po\u017eiadavky<\/li>\n<\/ul>\n<h3 data-start=\"1015\" data-end=\"1040\">Funk\u010dnos\u0165:<\/h3>\n<p data-start=\"1041\" data-end=\"1315\">V\u010faka vysokej r\u00fdchlosti a \u0161peci\u00e1lne tvarovan\u00e9mu mie\u0161aciemu n\u00e1stroju vytv\u00e1ra rozp\u00fa\u0161\u0165a\u010d intenz\u00edvne turbulencie, ktor\u00e9 umo\u017e\u0148uj\u00fa r\u00fdchle rozbitie a distrib\u00faciu \u010dast\u00edc. Vznikaj\u00fa tak mimoriadne jemn\u00e9 disperzie s optim\u00e1lnymi spracovate\u013esk\u00fdmi vlastnos\u0165ami.<\/p>\n<h3 data-start=\"1317\" data-end=\"1346\">Oblasti pou\u017eitia:<\/h3>\n<ul data-start=\"1347\" data-end=\"1478\">\n<li data-start=\"1347\" data-end=\"1370\">Chemick\u00fd priemysel<\/li>\n<li data-start=\"1371\" data-end=\"1401\">V\u00fdroba farieb a lakov<\/li>\n<li data-start=\"1402\" data-end=\"1443\">V\u00fdroba potrav\u00edn a kozmetiky<\/li>\n<li data-start=\"1444\" data-end=\"1478\">Stavebn\u00e1 ch\u00e9mia a technol\u00f3gia lepenia<\/li>\n<\/ul>\n<p data-start=\"1480\" data-end=\"1623\">S mie\u0161adlom dissolver m\u00f4\u017eete vyu\u017e\u00edva\u0165 spo\u013eahliv\u00e9, v\u00fdkonn\u00e9 a \u00fasporn\u00e9 rie\u0161enie pre va\u0161e mie\u0161acie procesy.<\/p>","protected":false},"excerpt":{"rendered":"<p>Rozp\u00fa\u0161\u0165acie mie\u0161adlo s vysok\u00fdmi strihov\u00fdmi silami na \u00fa\u010dinn\u00e9 mie\u0161anie a homog\u00e9nnu disperziu.<\/p>","protected":false},"featured_media":15495,"comment_status":"open","ping_status":"closed","template":"","meta":{"_acf_changed":false},"product_brand":[],"product_cat":[595,596,1421],"product_tag":[2496,2507,2497,2508,2498,2509,2499,2500,2501,2502,2503,2504,2505,2495,2506],"class_list":{"0":"post-13045","1":"product","2":"type-product","3":"status-publish","4":"has-post-thumbnail","6":"product_cat-ruehrwerkstechnik","7":"product_cat-laborruehrer","8":"product_cat-zubehoer-ruehrwerkstechnik","9":"product_tag-ruehrorgan","10":"product_tag-bauchemie","11":"product_tag-industriemischer","12":"product_tag-hochviskose-fluessigkeiten","13":"product_tag-hochleistungsmischer","14":"product_tag-effiziente-mischprozesse","15":"product_tag-scherkraefte","16":"product_tag-dispergieren","17":"product_tag-homogene-durchmischung","18":"product_tag-mischtechnik","19":"product_tag-ruehrwerkzeug","20":"product_tag-lack-und-farbherstellung","21":"product_tag-chemische-industrie","22":"product_tag-dissolver","23":"product_tag-kosmetikproduktion","24":"product_shipping_class-karton-paketversand","25":"pa_material-v4a-edelstahl-1-4404","27":"first","28":"outofstock","29":"taxable","30":"shipping-taxable","31":"product-type-simple"},"bundled_by":[],"bundle_stock_status":"outofstock","bundle_stock_quantity":null,"bundle_virtual":false,"bundle_layout":"","bundle_add_to_cart_form_location":"","bundle_editable_in_cart":false,"bundle_sold_individually_context":"","bundle_item_grouping":"","bundle_min_size":"","bundle_max_size":"","bundle_price":[],"bundled_items":[],"bundle_sell_ids":[],"exclude_global_add_ons":[],"addons":[],"acf":[],"_links":{"self":[{"href":"https:\/\/ptm-mechatronics.com\/sk\/wp-json\/wp\/v2\/product\/13045","targetHints":{"allow":["GET"]}}],"collection":[{"href":"https:\/\/ptm-mechatronics.com\/sk\/wp-json\/wp\/v2\/product"}],"about":[{"href":"https:\/\/ptm-mechatronics.com\/sk\/wp-json\/wp\/v2\/types\/product"}],"replies":[{"embeddable":true,"href":"https:\/\/ptm-mechatronics.com\/sk\/wp-json\/wp\/v2\/comments?post=13045"}],"wp:featuredmedia":[{"embeddable":true,"href":"https:\/\/ptm-mechatronics.com\/sk\/wp-json\/wp\/v2\/media\/15495"}],"wp:attachment":[{"href":"https:\/\/ptm-mechatronics.com\/sk\/wp-json\/wp\/v2\/media?parent=13045"}],"wp:term":[{"taxonomy":"product_brand","embeddable":true,"href":"https:\/\/ptm-mechatronics.com\/sk\/wp-json\/wp\/v2\/product_brand?post=13045"},{"taxonomy":"product_cat","embeddable":true,"href":"https:\/\/ptm-mechatronics.com\/sk\/wp-json\/wp\/v2\/product_cat?post=13045"},{"taxonomy":"product_tag","embeddable":true,"href":"https:\/\/ptm-mechatronics.com\/sk\/wp-json\/wp\/v2\/product_tag?post=13045"}],"curies":[{"name":"wp","href":"https:\/\/api.w.org\/{rel}","templated":true}]}}