{"id":13023,"date":"2025-02-12T09:52:34","date_gmt":"2025-02-12T08:52:34","guid":{"rendered":"https:\/\/ptm-mechatronics.com\/?post_type=product&#038;p=13023"},"modified":"2026-03-09T10:23:35","modified_gmt":"2026-03-09T09:23:35","slug":"hobbock-fixierung-fuer-kleingebindestative","status":"publish","type":"product","link":"https:\/\/ptm-mechatronics.com\/sk\/product\/hobbock-fixierung-fuer-kleingebindestative\/","title":{"rendered":"Fix\u00e1cia Hobbock pre mal\u00e9 viazacie stojany"},"content":{"rendered":"<h1 data-start=\"90\" data-end=\"188\"><span style=\"font-size: 90%;\">Univerz\u00e1lne upevnenie pre mal\u00e9 viazacie stojany - ide\u00e1lne pre mie\u0161acie stojany PTM a laborat\u00f3ri\u00e1<\/span><\/h1>\n<p data-start=\"190\" data-end=\"577\">Maxim\u00e1lna flexibilita pre va\u0161e mie\u0161adlo! Na\u0161e vysokokvalitn\u00e9 upevnenie pre mal\u00e9 viazacie stojany mo\u017eno \u013eahko namontova\u0165 pod ak\u00fdko\u013evek PTM <a href=\"https:\/\/ptm-mechatronics.com\/sk\/product\/stativruehrwerk-fuer-30-liter-fass-antrieb-atex-zone-1\/\" target=\"_blank\" rel=\"noopener\">Stojanov\u00e9 mie\u0161adlo pre 30-litrov\u00e9 sudy<\/a> alebo <a href=\"https:\/\/ptm-mechatronics.com\/sk\/product\/stativruehrwerk-fuer-kleingebinde-antrieb-atex-zone-1\/\" target=\"_blank\" rel=\"noopener\">Stojanov\u00e9 mie\u0161a\u010dky pre mal\u00e9 n\u00e1doby a laborat\u00f3ri\u00e1<\/a> mo\u017enos\u0165 mont\u00e1\u017ee. Poskytuje bezpe\u010dn\u00fd a stabiln\u00fd \u00falo\u017en\u00fd priestor a\u017e pre tri r\u00f4zne preddefinovan\u00e9 plechov\u00e9 z\u00e1sobn\u00edky alebo varn\u00e9 dosky, \u010do v\u00e1m umo\u017en\u00ed pracova\u0165 efekt\u00edvne a flexibilne.<\/p>\n<p data-start=\"579\" data-end=\"759\">V\u010faka presn\u00e9mu up\u00ednaciemu dr\u017eiaku zost\u00e1vaj\u00fa n\u00e1doby spo\u013eahlivo zafixovan\u00e9 na mieste - bez kr\u00fatenia alebo sk\u013aznutia. Ide\u00e1lne pre priemyseln\u00e9 aplik\u00e1cie, laborat\u00f3ri\u00e1 a v\u00fdrobu.<\/p>\n<ul>\n<li data-start=\"761\" data-end=\"946\">Jednoduch\u00e1 in\u0161tal\u00e1cia a univerz\u00e1lna kompatibilita<\/li>\n<li data-start=\"761\" data-end=\"946\">Bezpe\u010dn\u00e9 upevnenie odoln\u00e9 proti pooto\u010deniu pre r\u00f4zne ve\u013ekosti n\u00e1dob<\/li>\n<li data-start=\"761\" data-end=\"946\">Ide\u00e1lne pre stojanov\u00e9 mie\u0161a\u010dky PTM a laborat\u00f3rne pou\u017eitie<\/li>\n<\/ul>\n<p data-start=\"948\" data-end=\"1070\">Po zak\u00fapen\u00ed v\u00e1s budeme kontaktova\u0165 a prisp\u00f4sob\u00edme v\u00e1m vhodn\u00e9 ve\u013ekosti kontajnerov.<\/p>\n<p data-start=\"948\" data-end=\"1070\">Rozsah dod\u00e1vky bez stojana\/mie\u0161a\u010dky<\/p>","protected":false},"excerpt":{"rendered":"<p>Upevnenie pre mal\u00e9 viazacie stojany zabezpe\u010duje a\u017e tri n\u00e1doby proti skr\u00fateniu a mo\u017eno ho \u013eahko namontova\u0165 pod stojanov\u00e9 mie\u0161a\u010dky PTM.<\/p>","protected":false},"featured_media":15493,"comment_status":"open","ping_status":"closed","template":"","meta":{"_acf_changed":false},"product_brand":[],"product_cat":[595,612],"product_tag":[2489,2490,2491,2492,2493,2494],"class_list":{"0":"post-13023","1":"product","2":"type-product","3":"status-publish","4":"has-post-thumbnail","6":"product_cat-ruehrwerkstechnik","7":"product_cat-kleingebinderuehrwerke","8":"product_tag-fixierung-fuer-kleingebindestative","9":"product_tag-stativruehrwerk-fixierung","10":"product_tag-ptm-stativruehrwerk-zubehoer","11":"product_tag-kleingebinde-ruehrwerk","12":"product_tag-laborruehrwerk-halterung","13":"product_tag-verdrehsichere-fixierung-behaelter","14":"product_shipping_class-europalette-speditionsversand","15":"pa_typ-stativruehrwerk","17":"first","18":"instock","19":"taxable","20":"shipping-taxable","21":"purchasable","22":"product-type-simple"},"bundled_by":[],"bundle_stock_status":"instock","bundle_stock_quantity":null,"bundle_virtual":false,"bundle_layout":"","bundle_add_to_cart_form_location":"","bundle_editable_in_cart":false,"bundle_sold_individually_context":"","bundle_item_grouping":"","bundle_min_size":"","bundle_max_size":"","bundle_price":[],"bundled_items":[],"bundle_sell_ids":[],"exclude_global_add_ons":[],"addons":[],"acf":[],"_links":{"self":[{"href":"https:\/\/ptm-mechatronics.com\/sk\/wp-json\/wp\/v2\/product\/13023","targetHints":{"allow":["GET"]}}],"collection":[{"href":"https:\/\/ptm-mechatronics.com\/sk\/wp-json\/wp\/v2\/product"}],"about":[{"href":"https:\/\/ptm-mechatronics.com\/sk\/wp-json\/wp\/v2\/types\/product"}],"replies":[{"embeddable":true,"href":"https:\/\/ptm-mechatronics.com\/sk\/wp-json\/wp\/v2\/comments?post=13023"}],"wp:featuredmedia":[{"embeddable":true,"href":"https:\/\/ptm-mechatronics.com\/sk\/wp-json\/wp\/v2\/media\/15493"}],"wp:attachment":[{"href":"https:\/\/ptm-mechatronics.com\/sk\/wp-json\/wp\/v2\/media?parent=13023"}],"wp:term":[{"taxonomy":"product_brand","embeddable":true,"href":"https:\/\/ptm-mechatronics.com\/sk\/wp-json\/wp\/v2\/product_brand?post=13023"},{"taxonomy":"product_cat","embeddable":true,"href":"https:\/\/ptm-mechatronics.com\/sk\/wp-json\/wp\/v2\/product_cat?post=13023"},{"taxonomy":"product_tag","embeddable":true,"href":"https:\/\/ptm-mechatronics.com\/sk\/wp-json\/wp\/v2\/product_tag?post=13023"}],"curies":[{"name":"wp","href":"https:\/\/api.w.org\/{rel}","templated":true}]}}