{"id":12831,"date":"2025-01-22T09:56:23","date_gmt":"2025-01-22T08:56:23","guid":{"rendered":"https:\/\/ptm-mechatronics.com\/?post_type=product&#038;p=12831"},"modified":"2026-03-09T11:17:09","modified_gmt":"2026-03-09T10:17:09","slug":"druckluftmotor-inox-pmo1800-mit-anschlussblock","status":"publish","type":"product","link":"https:\/\/ptm-mechatronics.com\/sk\/product\/druckluftmotor-inox-pmo1800-mit-anschlussblock\/","title":{"rendered":"Vzduchov\u00fd motor INOX, PMO1800 s pripojovac\u00edm blokom"},"content":{"rendered":"<div id=\"tab-description\" class=\"woocommerce-Tabs-panel woocommerce-Tabs-panel--description panel entry-content active\" role=\"tabpanel\" aria-labelledby=\"tab-title-description\">\n<div id=\"tab-description\" class=\"woocommerce-Tabs-panel woocommerce-Tabs-panel--description panel entry-content active\" role=\"tabpanel\" aria-labelledby=\"tab-title-description\">\n<h1><span style=\"font-size: 90%;\">Pneumatick\u00e9 motory PTM - \u00fa\u010dinn\u00e9, odoln\u00e9 a v\u0161estrann\u00e9 rie\u0161enia pohonu<\/span><\/h1>\n<p>Vzduchov\u00e9 motory PTM s\u00fa z\u00e1rukou maxim\u00e1lnej \u00fa\u010dinnosti a v\u00fdnimo\u010dn\u00e9ho v\u00fdkonu v priemyseln\u00fdch aplik\u00e1ci\u00e1ch. V\u010faka svojej robustnej, \u010disto mechanickej kon\u0161trukcii a inovat\u00edvnej technol\u00f3gii radi\u00e1lnych piestov pon\u00fakaj\u00fa spo\u013eahliv\u00e9 rie\u0161enie pre pohony strojov a syst\u00e9mov, ako aj pre presn\u00e9 rota\u010dn\u00e9 a oto\u010dn\u00e9 pohyby. Integrovan\u00e1 svorkovnica zabezpe\u010duje dlh\u0161iu \u017eivotnos\u0165 v\u00fdrobku pri aplik\u00e1ci\u00e1ch v jednom smere ot\u00e1\u010dania (s n\u00e1bojom smeruj\u00facim proti smeru hodinov\u00fdch ru\u010di\u010diek).<\/p>\n<h4>D\u00f4le\u017eit\u00e9 vlastnosti pneumatick\u00fdch motorov PTM<\/h4>\n<ul>\n<li>Efekt\u00edvna technol\u00f3gia: princ\u00edp radi\u00e1lneho piestu pre maxim\u00e1lnu \u00fa\u010dinnos\u0165 a minimaliz\u00e1ciu spotreby vzduchu.<\/li>\n<li>Vysok\u00e1 nosnos\u0165: Mo\u017enos\u0165 ot\u00e1\u010dania v smere a proti smeru hodinov\u00fdch ru\u010di\u010diek, mo\u017eno ho nalo\u017ei\u0165 aj v pokoji.<\/li>\n<li>Kompaktn\u00fd dizajn: Jednoduch\u00e1 integr\u00e1cia aj tam, kde je m\u00e1lo miesta.<\/li>\n<li>\u00daspora n\u00e1kladov: Modern\u00e1, energeticky \u00fasporn\u00e1 alternat\u00edva ku konven\u010dn\u00fdm lamelov\u00fdm motorom.<\/li>\n<\/ul>\n<h3>Model INOX - najm\u00e4 pre n\u00e1ro\u010dn\u00e9 aplik\u00e1cie<\/h3>\n<p>Model INOX je pr\u00e9miov\u00e1 verzia pre prostredie s pr\u00edsnymi bezpe\u010dnostn\u00fdmi a hygienick\u00fdmi po\u017eiadavkami:<\/p>\n<ul>\n<li>Certifik\u00e1cia ATEX: Ochrana proti v\u00fdbuchu pre z\u00f3ny 1, 2, 21 a 22.<\/li>\n<li>Zhoda s potravin\u00e1rskymi a farmaceutick\u00fdmi predpismi: Vhodn\u00e9 pre priemyseln\u00e9 odvetvia s najvy\u0161\u0161\u00edmi hygienick\u00fdmi po\u017eiadavkami.<\/li>\n<li>Trieda \u010distoty ISO1: Ide\u00e1lne pre \u010dist\u00e9 priestory pod\u013ea normy DIN 14644.<\/li>\n<li>Vodotesn\u00e9 a odoln\u00e9: Trieda ochrany IP67, odolnos\u0165 vo\u010di kyselin\u00e1m a chemik\u00e1li\u00e1m.<\/li>\n<\/ul>\n<h4>Pre\u010do si vybra\u0165 vzduchov\u00e9 motory PTM?<\/h4>\n<p>Vzduchov\u00e9 motory PTM v\u00e1m poskytuj\u00fa v\u00fdkonn\u00e9, odoln\u00e9 a energeticky \u00fa\u010dinn\u00e9 rie\u0161enia, ktor\u00e9 zni\u017euj\u00fa n\u00e1klady a zvy\u0161uj\u00fa produktivitu. Model INOX je obzvl\u00e1\u0161\u0165 p\u00f4sobiv\u00fd v odvetviach, ako je potravin\u00e1rska v\u00fdroba, farmaceutick\u00fd priemysel a in\u00e9 aplik\u00e1cie, ktor\u00e9 s\u00fa kritick\u00e9 z h\u013eadiska hygieny.<\/p>\n<\/div>\n<\/div>","protected":false},"excerpt":{"rendered":"<p>V\u00fdkonn\u00e9, energeticky \u00fasporn\u00e9 a s minim\u00e1lnou spotrebou vzduchu. Pon\u00faka vysok\u00fa \u00fa\u010dinnos\u0165 a vysok\u00fd kr\u00fatiaci moment. M\u00e1 certifik\u00e1t ATEX, je v s\u00falade s potravin\u00e1rskymi a farmaceutick\u00fdmi predpismi, vhodn\u00fd do \u010dist\u00fdch priestorov triedy ISO1, odoln\u00fd vo\u010di vode pod\u013ea IP67 a kyselin\u00e1m a chemik\u00e1li\u00e1m. Ide\u00e1lne rie\u0161enie pre n\u00e1ro\u010dn\u00e9 aplik\u00e1cie s najvy\u0161\u0161\u00edmi po\u017eiadavkami na hygienu a v\u00fdkon. Vybaven\u00fd pripojovac\u00edm blokom pre dlhodob\u00fd prev\u00e1dzkov\u00fd v\u00fdkon v jednom smere ot\u00e1\u010dania.<\/p>","protected":false},"featured_media":15382,"comment_status":"open","ping_status":"closed","template":"","meta":{"_acf_changed":false},"product_brand":[],"product_cat":[428,560],"product_tag":[],"class_list":{"0":"post-12831","1":"product","2":"type-product","3":"status-publish","4":"has-post-thumbnail","6":"product_cat-antriebstechnik","7":"product_cat-druckluftmotor-inox","8":"product_shipping_class-karton-paketversand","9":"pa_antriebsart-pneumatisch","10":"pa_antriebswelle-edelstahl-o19mm-mit-passfeder-6n9","11":"pa_atex-zone-122122","12":"pa_dichtung-ptfe-fda-konform","13":"pa_durchmesser-159mm","14":"pa_ex-gas-ex-ii-2-g-ex-h-iic-t5-gb-x","15":"pa_ex-staub-ex-ii-2-d-ex-h-iiic-t100c-db-x","16":"pa_geraeuschpegel-75db","17":"pa_labs-oel-und-silikonfrei","18":"pa_material-gehaeuse-v4a-edelstahl-1-4404-elektropoliert","19":"pa_model-pmo-1800-inox","20":"pa_reinraumklassifizierung-iso1-nach-din14644","21":"pa_schutzart-ip67","22":"pa_steckverschraubung-abluft-schlauch-o12mm","23":"pa_steckverschraubung-zuluft-schlauch-o8mm","24":"pa_versorgung-5-6bar","26":"first","27":"instock","28":"taxable","29":"shipping-taxable","30":"purchasable","31":"product-type-variable"},"bundled_by":[],"bundle_stock_status":"instock","bundle_stock_quantity":null,"bundle_virtual":false,"bundle_layout":"","bundle_add_to_cart_form_location":"","bundle_editable_in_cart":false,"bundle_sold_individually_context":"","bundle_item_grouping":"","bundle_min_size":"","bundle_max_size":"","bundle_price":[],"bundled_items":[],"bundle_sell_ids":[],"exclude_global_add_ons":[],"addons":[],"acf":[],"_links":{"self":[{"href":"https:\/\/ptm-mechatronics.com\/sk\/wp-json\/wp\/v2\/product\/12831","targetHints":{"allow":["GET"]}}],"collection":[{"href":"https:\/\/ptm-mechatronics.com\/sk\/wp-json\/wp\/v2\/product"}],"about":[{"href":"https:\/\/ptm-mechatronics.com\/sk\/wp-json\/wp\/v2\/types\/product"}],"replies":[{"embeddable":true,"href":"https:\/\/ptm-mechatronics.com\/sk\/wp-json\/wp\/v2\/comments?post=12831"}],"wp:featuredmedia":[{"embeddable":true,"href":"https:\/\/ptm-mechatronics.com\/sk\/wp-json\/wp\/v2\/media\/15382"}],"wp:attachment":[{"href":"https:\/\/ptm-mechatronics.com\/sk\/wp-json\/wp\/v2\/media?parent=12831"}],"wp:term":[{"taxonomy":"product_brand","embeddable":true,"href":"https:\/\/ptm-mechatronics.com\/sk\/wp-json\/wp\/v2\/product_brand?post=12831"},{"taxonomy":"product_cat","embeddable":true,"href":"https:\/\/ptm-mechatronics.com\/sk\/wp-json\/wp\/v2\/product_cat?post=12831"},{"taxonomy":"product_tag","embeddable":true,"href":"https:\/\/ptm-mechatronics.com\/sk\/wp-json\/wp\/v2\/product_tag?post=12831"}],"curies":[{"name":"wp","href":"https:\/\/api.w.org\/{rel}","templated":true}]}}