{"id":12788,"date":"2025-01-21T11:07:27","date_gmt":"2025-01-21T10:07:27","guid":{"rendered":"https:\/\/ptm-mechatronics.com\/?post_type=product&#038;p=12788"},"modified":"2026-03-09T11:22:01","modified_gmt":"2026-03-09T10:22:01","slug":"druckluftmotor-atex-pmo3600-mit-anschlussblock","status":"publish","type":"product","link":"https:\/\/ptm-mechatronics.com\/sk\/product\/druckluftmotor-atex-pmo3600-mit-anschlussblock\/","title":{"rendered":"Vzduchov\u00fd motor ATEX, PMO3600 s pripojovac\u00edm blokom"},"content":{"rendered":"<div id=\"tab-description\" class=\"woocommerce-Tabs-panel woocommerce-Tabs-panel--description panel entry-content active\" role=\"tabpanel\" aria-labelledby=\"tab-title-description\">\n<div id=\"tab-description\" class=\"woocommerce-Tabs-panel woocommerce-Tabs-panel--description panel entry-content active\" role=\"tabpanel\" aria-labelledby=\"tab-title-description\">\n<div id=\"tab-description\" class=\"woocommerce-Tabs-panel woocommerce-Tabs-panel--description panel entry-content active\" role=\"tabpanel\" aria-labelledby=\"tab-title-description\">\n<p>Vzduchov\u00e9 motory PTM s\u00fa ide\u00e1lnym rie\u0161en\u00edm pre n\u00e1ro\u010dn\u00e9 priemyseln\u00e9 aplik\u00e1cie, kde je najd\u00f4le\u017eitej\u0161ia robustnos\u0165 a \u00fa\u010dinnos\u0165. V\u010faka svojej \u010disto mechanickej kon\u0161trukcii a p\u00f4sobiv\u00e9mu v\u00fdkonu s\u00fa vhodn\u00e9 na \u0161irok\u00fa \u0161k\u00e1lu aplik\u00e1ci\u00ed - od integr\u00e1cie do syst\u00e9mov a strojov a\u017e po presn\u00e9 generovanie rota\u010dn\u00fdch a oto\u010dn\u00fdch pohybov. Integrovan\u00fd spojovac\u00ed blok zabezpe\u010duje dlh\u0161iu \u017eivotnos\u0165 v\u00fdrobku pri aplik\u00e1ci\u00e1ch v jednom smere ot\u00e1\u010dania (s n\u00e1bojom smeruj\u00facim proti smeru hodinov\u00fdch ru\u010di\u010diek).<\/p>\n<h4>Preh\u013ead v\u00fdhod<\/h4>\n<ul>\n<li>Inovat\u00edvny princ\u00edp radi\u00e1lneho piestu: vysok\u00e1 \u00fa\u010dinnos\u0165 s minim\u00e1lnou spotrebou vzduchu v kombin\u00e1cii s vysok\u00fdm kr\u00fatiacim momentom.<\/li>\n<li>N\u00e1kladovo efekt\u00edvna alternat\u00edva: Modern\u00e9 a \u00fasporn\u00e9 rie\u0161enie v porovnan\u00ed s konven\u010dn\u00fdmi lamelov\u00fdmi motormi.<\/li>\n<li>Flexibilita pri pou\u017e\u00edvan\u00ed: M\u00f4\u017ee sa pou\u017e\u00edva\u0165 v smere aj proti smeru hodinov\u00fdch ru\u010di\u010diek, m\u00f4\u017ee sa za\u0165a\u017eova\u0165 v pokoji.<\/li>\n<li>Kompaktn\u00fd dizajn: Ide\u00e1lne na pou\u017eitie aj tam, kde je m\u00e1lo miesta.<\/li>\n<\/ul>\n<h4>Na bezpe\u010dn\u00e9 pou\u017e\u00edvanie v prostred\u00ed s nebezpe\u010denstvom v\u00fdbuchu<\/h4>\n<p>Model ATEX od PTM vzduchov\u00fdch motorov pon\u00faka spo\u013eahliv\u00fa ochranu proti v\u00fdbuchu a sp\u013a\u0148a po\u017eiadavky z\u00f3n ATEX 1, 2, 21 a 22, tak\u017ee je ide\u00e1lny pre aplik\u00e1cie s kritick\u00fdm bezpe\u010dnostn\u00fdm rizikom.<\/p>\n<p>Vzduchov\u00e9 motory PTM sp\u00e1jaj\u00fa v\u00fdkon, \u00fa\u010dinnos\u0165 a v\u0161estrannos\u0165 - ide\u00e1lna vo\u013eba pre modern\u00e9 priemyseln\u00e9 po\u017eiadavky.<\/p>\n<\/div>\n<\/div>\n<\/div>","protected":false},"excerpt":{"rendered":"<p>V\u00fdkonn\u00fd vzduchov\u00fd motor, energeticky \u00fa\u010dinn\u00fd, n\u00edzka spotreba vzduchu, ve\u013emi vysok\u00e1 \u00fa\u010dinnos\u0165 a ve\u013emi vysok\u00fd kr\u00fatiaci moment. Bezpe\u010dn\u00e1 ochrana proti v\u00fdbuchu v z\u00f3nach ATEX 1, 2, 21 a 22. Vybaven\u00fd pripojovac\u00edm blokom pre dlhodob\u00fd prev\u00e1dzkov\u00fd v\u00fdkon v jednom smere ot\u00e1\u010dania.<\/p>","protected":false},"featured_media":15312,"comment_status":"open","ping_status":"closed","template":"","meta":{"_acf_changed":false},"product_brand":[],"product_cat":[428,463],"product_tag":[],"class_list":{"0":"post-12788","1":"product","2":"type-product","3":"status-publish","4":"has-post-thumbnail","6":"product_cat-antriebstechnik","7":"product_cat-druckluftmotor-atex","8":"product_shipping_class-karton-paketversand","9":"pa_antriebsart-pneumatisch","10":"pa_antriebswelle-o19mm-mit-passfeder-6n9","11":"pa_atex-zone-122122","12":"pa_dichtung-ptfe","13":"pa_durchmesser-159mm","14":"pa_ex-gas-ex-ii-2-g-ex-h-iic-t5-gb-x","15":"pa_ex-staub-ex-ii-2-d-ex-h-iiic-t100c-db-x","16":"pa_geraeuschpegel-75db","17":"pa_labs-oel-und-silikonfrei","18":"pa_material-gehaeuse-aluminium-eloxiert","19":"pa_model-pmo-3600-ex","20":"pa_schutzart-ip67","21":"pa_steckverschraubung-abluft-schlauch-o12mm","22":"pa_steckverschraubung-zuluft-schlauch-o8mm","23":"pa_versorgung-5-6bar","25":"first","26":"instock","27":"taxable","28":"shipping-taxable","29":"purchasable","30":"product-type-variable"},"bundled_by":[],"bundle_stock_status":"instock","bundle_stock_quantity":null,"bundle_virtual":false,"bundle_layout":"","bundle_add_to_cart_form_location":"","bundle_editable_in_cart":false,"bundle_sold_individually_context":"","bundle_item_grouping":"","bundle_min_size":"","bundle_max_size":"","bundle_price":[],"bundled_items":[],"bundle_sell_ids":[],"exclude_global_add_ons":[],"addons":[],"acf":[],"_links":{"self":[{"href":"https:\/\/ptm-mechatronics.com\/sk\/wp-json\/wp\/v2\/product\/12788","targetHints":{"allow":["GET"]}}],"collection":[{"href":"https:\/\/ptm-mechatronics.com\/sk\/wp-json\/wp\/v2\/product"}],"about":[{"href":"https:\/\/ptm-mechatronics.com\/sk\/wp-json\/wp\/v2\/types\/product"}],"replies":[{"embeddable":true,"href":"https:\/\/ptm-mechatronics.com\/sk\/wp-json\/wp\/v2\/comments?post=12788"}],"wp:featuredmedia":[{"embeddable":true,"href":"https:\/\/ptm-mechatronics.com\/sk\/wp-json\/wp\/v2\/media\/15312"}],"wp:attachment":[{"href":"https:\/\/ptm-mechatronics.com\/sk\/wp-json\/wp\/v2\/media?parent=12788"}],"wp:term":[{"taxonomy":"product_brand","embeddable":true,"href":"https:\/\/ptm-mechatronics.com\/sk\/wp-json\/wp\/v2\/product_brand?post=12788"},{"taxonomy":"product_cat","embeddable":true,"href":"https:\/\/ptm-mechatronics.com\/sk\/wp-json\/wp\/v2\/product_cat?post=12788"},{"taxonomy":"product_tag","embeddable":true,"href":"https:\/\/ptm-mechatronics.com\/sk\/wp-json\/wp\/v2\/product_tag?post=12788"}],"curies":[{"name":"wp","href":"https:\/\/api.w.org\/{rel}","templated":true}]}}