{"id":12698,"date":"2025-01-20T08:08:31","date_gmt":"2025-01-20T07:08:31","guid":{"rendered":"https:\/\/ptm-mechatronics.com\/?post_type=product&#038;p=12698"},"modified":"2026-01-28T14:02:19","modified_gmt":"2026-01-28T13:02:19","slug":"druckluftmotor-basic-pmo450","status":"publish","type":"product","link":"https:\/\/ptm-mechatronics.com\/sk\/product\/druckluftmotor-basic-pmo450\/","title":{"rendered":"Z\u00e1kladn\u00fd vzduchov\u00fd motor, PMO450"},"content":{"rendered":"<p>Vzduchov\u00e9 motory PTM zaujm\u00fa svojou mimoriadne robustnou, \u010disto mechanickou kon\u0161trukciou a v\u00fdnimo\u010dn\u00fdm v\u00fdkonom. M\u00f4\u017eu sa pou\u017e\u00edva\u0165 na \u0161irok\u00fa \u0161k\u00e1lu aplik\u00e1ci\u00ed - \u010di u\u017e ako pohon v strojoch a syst\u00e9moch, alebo na generovanie rota\u010dn\u00fdch a oto\u010dn\u00fdch pohybov. V\u010faka svojej prepracovanej kon\u0161trukcii a inovat\u00edvnej technol\u00f3gii pon\u00fakaj\u00fa modern\u00fa, n\u00e1kladovo \u00fasporn\u00fa alternat\u00edvu k be\u017en\u00fdm lamelov\u00fdm motorom.<\/p>\n<h4>\u00da\u010dinn\u00e1 technol\u00f3gia radi\u00e1lnych piestov<\/h4>\n<p>Vzduchov\u00e9 motory PTM s\u00fa zalo\u017een\u00e9 na vysoko \u00fa\u010dinnom princ\u00edpe radi\u00e1lneho piestu, ktor\u00fd sa vyzna\u010duje minim\u00e1lnou spotrebou vzduchu a p\u00f4sobivo vysokou \u00fa\u010dinnos\u0165ou. Aj v n\u00e1ro\u010dn\u00fdch aplik\u00e1ci\u00e1ch poskytuj\u00fa motory vynikaj\u00faci kr\u00fatiaci moment a zost\u00e1vaj\u00fa pru\u017en\u00e9 a\u017e do zastavenia. Prev\u00e1dzka je mo\u017en\u00e1 v protismere aj v smere hodinov\u00fdch ru\u010di\u010diek, \u010do zaru\u010duje maxim\u00e1lnu flexibilitu.<\/p>\n<h4>Kompaktn\u00fd a prisp\u00f4sobiv\u00fd<\/h4>\n<p>V\u010faka svojim kompaktn\u00fdm rozmerom sa vzduchov\u00e9 motory PTM daj\u00fa \u013eahko integrova\u0165 do takmer ka\u017edej aplik\u00e1cie. Bez probl\u00e9mov sa za\u010dlenia do existuj\u00facich syst\u00e9mov a v\u010faka mal\u00fdm rozmerom a vysok\u00e9mu v\u00fdkonu pon\u00fakaj\u00fa priestorovo \u00fasporn\u00e9 rie\u0161enie.<\/p>\n<h4>V\u00fdhody na prv\u00fd poh\u013ead:<\/h4>\n<ul>\n<li>Robustn\u00e1, \u010disto mechanick\u00e1 kon\u0161trukcia<\/li>\n<li>Vysoko \u00fa\u010dinn\u00e1 technol\u00f3gia radi\u00e1lnych piestov pre n\u00edzku spotrebu vzduchu<\/li>\n<li>Vysok\u00e1 \u00fa\u010dinnos\u0165 a vynikaj\u00faci kr\u00fatiaci moment<\/li>\n<li>Kompaktn\u00e1 ve\u013ekos\u0165 na jednoduch\u00fa integr\u00e1ciu<\/li>\n<li>Ot\u00e1\u010danie proti a v smere hodinov\u00fdch ru\u010di\u010diek a mo\u017enos\u0165 za\u0165a\u017eenia v pokoji<\/li>\n<li>Trieda ochrany IP67: odolnos\u0165 vo\u010di striekaj\u00facej vode a ponoreniu<\/li>\n<\/ul>","protected":false},"excerpt":{"rendered":"<p>Z\u00e1kladn\u00fd vzduchov\u00fd motor - \u00faspora energie v\u010faka efekt\u00edvnej technol\u00f3gii. Mimoriadne \u00fa\u010dinn\u00fd a v\u00fdkonn\u00fd vzduchov\u00fd motor dosahuje ve\u013emi vysok\u00fa \u00farove\u0148 \u00fa\u010dinnosti a ve\u013emi vysok\u00fd kr\u00fatiaci moment napriek minim\u00e1lnej spotrebe vzduchu.<\/p>","protected":false},"featured_media":15308,"comment_status":"open","ping_status":"closed","template":"","meta":{"_acf_changed":false},"product_brand":[],"product_cat":[428,429],"product_tag":[],"class_list":{"0":"post-12698","1":"product","2":"type-product","3":"status-publish","4":"has-post-thumbnail","6":"product_cat-antriebstechnik","7":"product_cat-druckluftmotor-basic","8":"product_shipping_class-karton-paketversand","9":"pa_antriebsart-pneumatisch","10":"pa_antriebswelle-o14mm-mit-passfeder-5n9","11":"pa_dichtung-nbr","12":"pa_labs-oel-und-silikonfrei","13":"pa_luftanschluesse-2xm6x075","14":"pa_material-gehaeuse-aluminium-eloxiert","15":"pa_model-pmo-450-ba","16":"pa_schutzart-ip67","17":"pa_steckverschraubung-2xschlauch-o6mm","18":"pa_versorgung-5-6bar","20":"first","21":"instock","22":"taxable","23":"shipping-taxable","24":"purchasable","25":"product-type-variable"},"bundled_by":[],"bundle_stock_status":"instock","bundle_stock_quantity":null,"bundle_virtual":false,"bundle_layout":"","bundle_add_to_cart_form_location":"","bundle_editable_in_cart":false,"bundle_sold_individually_context":"","bundle_item_grouping":"","bundle_min_size":"","bundle_max_size":"","bundle_price":[],"bundled_items":[],"bundle_sell_ids":[],"exclude_global_add_ons":[],"addons":[],"acf":[],"_links":{"self":[{"href":"https:\/\/ptm-mechatronics.com\/sk\/wp-json\/wp\/v2\/product\/12698","targetHints":{"allow":["GET"]}}],"collection":[{"href":"https:\/\/ptm-mechatronics.com\/sk\/wp-json\/wp\/v2\/product"}],"about":[{"href":"https:\/\/ptm-mechatronics.com\/sk\/wp-json\/wp\/v2\/types\/product"}],"replies":[{"embeddable":true,"href":"https:\/\/ptm-mechatronics.com\/sk\/wp-json\/wp\/v2\/comments?post=12698"}],"wp:featuredmedia":[{"embeddable":true,"href":"https:\/\/ptm-mechatronics.com\/sk\/wp-json\/wp\/v2\/media\/15308"}],"wp:attachment":[{"href":"https:\/\/ptm-mechatronics.com\/sk\/wp-json\/wp\/v2\/media?parent=12698"}],"wp:term":[{"taxonomy":"product_brand","embeddable":true,"href":"https:\/\/ptm-mechatronics.com\/sk\/wp-json\/wp\/v2\/product_brand?post=12698"},{"taxonomy":"product_cat","embeddable":true,"href":"https:\/\/ptm-mechatronics.com\/sk\/wp-json\/wp\/v2\/product_cat?post=12698"},{"taxonomy":"product_tag","embeddable":true,"href":"https:\/\/ptm-mechatronics.com\/sk\/wp-json\/wp\/v2\/product_tag?post=12698"}],"curies":[{"name":"wp","href":"https:\/\/api.w.org\/{rel}","templated":true}]}}