{"id":12696,"date":"2025-01-16T10:42:58","date_gmt":"2025-01-16T09:42:58","guid":{"rendered":"https:\/\/ptm-mechatronics.com\/?post_type=product&#038;p=12696"},"modified":"2025-11-07T15:53:03","modified_gmt":"2025-11-07T14:53:03","slug":"steckverschraubung-fuer-druckluftmotor-pmo450-900","status":"publish","type":"product","link":"https:\/\/ptm-mechatronics.com\/sk\/product\/steckverschraubung-fuer-druckluftmotor-pmo450-900\/","title":{"rendered":"N\u00e1suvn\u00e1 armat\u00fara pre vzduchov\u00fd motor PMO450\/900"},"content":{"rendered":"<p class=\"\" data-start=\"129\" data-end=\"207\">N\u00e1suvn\u00e9 kovanie pre vzduchov\u00e9 motory PTM - bezpe\u010dn\u00e9, r\u00fdchle, spo\u013eahliv\u00e9<\/p>\n<p class=\"\" data-start=\"209\" data-end=\"529\">Vysokokvalitn\u00e9 n\u00e1suvn\u00e9 spojenie pre vzduchov\u00e9 motory PTM zabezpe\u010duje bezpe\u010dn\u00e9 a tesn\u00e9 spojenie medzi pr\u00edvodom vzduchu a pohonom. V\u010faka presn\u00e9mu ulo\u017eeniu a robustnej kon\u0161trukcii zaru\u010duje spo\u013eahliv\u00fa prev\u00e1dzku va\u0161ich syst\u00e9mov stla\u010den\u00e9ho vzduchu - aj v n\u00e1ro\u010dn\u00fdch priemyseln\u00fdch podmienkach.<\/p>\n<p class=\"\" data-start=\"531\" data-end=\"872\">V\u010faka jednoduchej manipul\u00e1cii umo\u017e\u0148uje n\u00e1suvn\u00e1 armat\u00fara r\u00fdchle pripojenie bez pou\u017eitia \u010fal\u0161\u00edch n\u00e1strojov, a preto je ide\u00e1lna na \u00fadr\u017ebu, v\u00fdmenu alebo flexibiln\u00e9 in\u0161tal\u00e1cie. Dokonale sa hod\u00ed k pripojeniam vzduchov\u00fdch motorov PTM a presved\u010d\u00ed svojou odolnos\u0165ou, tesnos\u0165ou a vysokou procesnou spo\u013eahlivos\u0165ou.<\/p>\n<p class=\"\" data-start=\"874\" data-end=\"905\">V\u00fdhody na prv\u00fd poh\u013ead:<\/p>\n<ul>\n<li data-start=\"908\" data-end=\"942\">Vhodn\u00e9 pre vzduchov\u00e9 motory PTM<\/li>\n<li data-start=\"908\" data-end=\"942\">Mont\u00e1\u017e bez pou\u017eitia n\u00e1radia<\/li>\n<li data-start=\"908\" data-end=\"942\">Bezpe\u010dn\u00e9 pripojenie vzduchu<\/li>\n<li data-start=\"908\" data-end=\"942\">Robustn\u00e1 priemyseln\u00e1 kvalita<\/li>\n<li data-start=\"908\" data-end=\"942\">Vysok\u00fd tesniaci v\u00fdkon<\/li>\n<li data-start=\"908\" data-end=\"942\">Jednoduch\u00e1 \u00fadr\u017eba<\/li>\n<\/ul>","protected":false},"excerpt":{"rendered":"<p>Dve n\u00e1suvn\u00e9 spojky pre hadicu s priemerom 6 mm, z\u00e1vit M6x0,75. Bezpe\u010dn\u00e9, tesn\u00e9 a bezn\u00e1strojov\u00e9 pripojenie k pr\u00edvodu vzduchu, ide\u00e1lne na r\u00fdchlu a spo\u013eahliv\u00fa in\u0161tal\u00e1ciu v priemyseln\u00fdch aplik\u00e1ci\u00e1ch.<\/p>","protected":false},"featured_media":15486,"comment_status":"open","ping_status":"closed","template":"","meta":{"_acf_changed":false},"product_brand":[],"product_cat":[2745,1906],"product_tag":[2763,2764,2765,2766,2757,2758,2759,2760,2761,2762],"class_list":{"0":"post-12696","1":"product","2":"type-product","3":"status-publish","4":"has-post-thumbnail","6":"product_cat-ersatzteile","7":"product_cat-zubehoer-druckluftmotor","8":"product_tag-pneumatik-steckverschraubung","9":"product_tag-schnellkupplung-ptm","10":"product_tag-zubehoer-ptm-antrieb","11":"product_tag-druckluftverschraubung-kaufen","12":"product_tag-steckverschraubung-ptm","13":"product_tag-druckluftmotor-anschluss","14":"product_tag-ptm-luftanschluss","15":"product_tag-steckkupplung-druckluftmotor","16":"product_tag-ptm-verbindungstechnik","17":"product_tag-druckluftanschluss-motor","18":"product_shipping_class-karton-paketversand","20":"first","21":"instock","22":"taxable","23":"shipping-taxable","24":"purchasable","25":"product-type-simple"},"bundled_by":[],"bundle_stock_status":"instock","bundle_stock_quantity":null,"bundle_virtual":false,"bundle_layout":"","bundle_add_to_cart_form_location":"","bundle_editable_in_cart":false,"bundle_sold_individually_context":"","bundle_item_grouping":"","bundle_min_size":"","bundle_max_size":"","bundle_price":[],"bundled_items":[],"bundle_sell_ids":[],"exclude_global_add_ons":[],"addons":[],"acf":[],"_links":{"self":[{"href":"https:\/\/ptm-mechatronics.com\/sk\/wp-json\/wp\/v2\/product\/12696","targetHints":{"allow":["GET"]}}],"collection":[{"href":"https:\/\/ptm-mechatronics.com\/sk\/wp-json\/wp\/v2\/product"}],"about":[{"href":"https:\/\/ptm-mechatronics.com\/sk\/wp-json\/wp\/v2\/types\/product"}],"replies":[{"embeddable":true,"href":"https:\/\/ptm-mechatronics.com\/sk\/wp-json\/wp\/v2\/comments?post=12696"}],"wp:featuredmedia":[{"embeddable":true,"href":"https:\/\/ptm-mechatronics.com\/sk\/wp-json\/wp\/v2\/media\/15486"}],"wp:attachment":[{"href":"https:\/\/ptm-mechatronics.com\/sk\/wp-json\/wp\/v2\/media?parent=12696"}],"wp:term":[{"taxonomy":"product_brand","embeddable":true,"href":"https:\/\/ptm-mechatronics.com\/sk\/wp-json\/wp\/v2\/product_brand?post=12696"},{"taxonomy":"product_cat","embeddable":true,"href":"https:\/\/ptm-mechatronics.com\/sk\/wp-json\/wp\/v2\/product_cat?post=12696"},{"taxonomy":"product_tag","embeddable":true,"href":"https:\/\/ptm-mechatronics.com\/sk\/wp-json\/wp\/v2\/product_tag?post=12696"}],"curies":[{"name":"wp","href":"https:\/\/api.w.org\/{rel}","templated":true}]}}