{"id":12662,"date":"2024-12-17T09:05:07","date_gmt":"2024-12-17T08:05:07","guid":{"rendered":"https:\/\/ptm-mechatronics.com\/?post_type=product&#038;p=12662"},"modified":"2025-11-07T15:54:22","modified_gmt":"2025-11-07T14:54:22","slug":"ruehrwerksantrieb-eco-seal-450-g1-mit-platzsparender-befestigung-und-gewindenabe","status":"publish","type":"product","link":"https:\/\/ptm-mechatronics.com\/sk\/product\/ruehrwerksantrieb-eco-seal-450-g1-mit-platzsparender-befestigung-und-gewindenabe\/","title":{"rendered":"Pohon mie\u0161adla eco-Seal G1\u2033 s priestorovo \u00faspornou mont\u00e1\u017eou a z\u00e1vitov\u00fdm n\u00e1bojom"},"content":{"rendered":"<h2>Pohon mie\u0161adla ATEX pre mal\u00e9 kontajnery a tlakov\u00e9 n\u00e1dr\u017ee - Kompaktn\u00fd, v\u00fdkonn\u00fd a odoln\u00fd proti v\u00fdbuchu<\/h2>\n<p class=\"\" data-start=\"160\" data-end=\"631\">Energeticky \u00fa\u010dinn\u00fd pohon mie\u0161adla s certifik\u00e1tom ATEX bol \u0161peci\u00e1lne vyvinut\u00fd na pou\u017eitie v mal\u00fdch kontajneroch a tlakov\u00fdch n\u00e1dr\u017eiach a pon\u00faka spo\u013eahliv\u00e9 rie\u0161enie pre hygienick\u00e9, potenci\u00e1lne v\u00fdbu\u0161n\u00e9 a priestorovo kritick\u00e9 aplik\u00e1cie. V\u010faka inovat\u00edvnej pr\u00edrube na oddelenie z\u00f3n je mo\u017en\u00e1 prev\u00e1dzka v z\u00f3nach ATEX 0\/1 - ide\u00e1lne pre aplik\u00e1cie v chemickom, potravin\u00e1rskom alebo farmaceutickom priemysle, kde sa vy\u017eaduje maxim\u00e1lna bezpe\u010dnos\u0165.<\/p>\n<h3 class=\"\" data-start=\"633\" data-end=\"712\">\u00daspora miesta a v\u00fdkon - \u0161peci\u00e1lne navrhnut\u00e9 pre mal\u00e9 kontajnery<\/h3>\n<p class=\"\" data-start=\"713\" data-end=\"987\">S priemerom pripojenia 35 a\u017e 50 mm pohon dokonale zapad\u00e1 do \u0161tandardn\u00e9ho otvoru tlakov\u00fdch n\u00e1dr\u017e\u00ed. Dod\u00e1van\u00e1 poistn\u00e1 matica z nehrdzavej\u00facej ocele umo\u017e\u0148uje jednoduch\u00fa a bezpe\u010dn\u00fa in\u0161tal\u00e1ciu zdola, a to aj v stiesnen\u00fdch priestoroch.<\/p>\n<p class=\"\" data-start=\"989\" data-end=\"1217\">Napriek kompaktnej kon\u0161trukcii pohon zaujme vysok\u00fdm kr\u00fatiacim momentom a zaru\u010duje homog\u00e9nny v\u00fdsledok mie\u0161ania aj pri vysoko visk\u00f3znych m\u00e9di\u00e1ch. Bez probl\u00e9mov sa daj\u00fa realizova\u0165 aj pretlakov\u00e9 a v\u00e1kuov\u00e9 aplik\u00e1cie.<\/p>\n<p class=\"\" data-start=\"1219\" data-end=\"1510\">Jeho \u010disto mechanick\u00e1 kon\u0161trukcia zaru\u010duje mimoriadnu robustnos\u0165, je nen\u00e1ro\u010dn\u00e1 na \u00fadr\u017ebu a zaru\u010duje dlh\u00fa \u017eivotnos\u0165. V\u010faka n\u00edzkej hlu\u010dnosti a priestorovo \u00faspornej kon\u0161trukcii je ide\u00e1lnym rie\u0161en\u00edm pre kompaktn\u00e9, hygienick\u00e9 mie\u0161acie procesy v n\u00e1ro\u010dn\u00fdch podmienkach.<\/p>\n<h3 class=\"\" data-start=\"1517\" data-end=\"1551\">Preh\u013ead v\u00fdhod<\/h3>\n<ul>\n<li data-start=\"1554\" data-end=\"1585\">Vhodn\u00e9 pre z\u00f3ny ATEX 0\/1<\/li>\n<li data-start=\"1554\" data-end=\"1585\">Kompatibiln\u00fd s mal\u00fdmi n\u00e1dobami (pripojenie 35-50 mm)<\/li>\n<li data-start=\"1554\" data-end=\"1585\">S\u00fa\u010das\u0165ou balenia je poistn\u00e1 matica z nehrdzavej\u00facej ocele<\/li>\n<li data-start=\"1554\" data-end=\"1585\">Vysok\u00fd kr\u00fatiaci moment pre vysoko visk\u00f3zne m\u00e9di\u00e1<\/li>\n<li data-start=\"1554\" data-end=\"1585\">Pre pozit\u00edvny a negat\u00edvny tlak<\/li>\n<li data-start=\"1554\" data-end=\"1585\">N\u00edzka hlu\u010dnos\u0165, \u00faspora miesta, robustnos\u0165<\/li>\n<\/ul>","protected":false},"excerpt":{"rendered":"<p>Energeticky \u00fa\u010dinn\u00fd pohon mie\u0161adla s certifik\u00e1tom ATEX pre mal\u00e9 z\u00e1sobn\u00edky a tlakov\u00e9 n\u00e1dr\u017ee - kompaktn\u00fd dizajn, vysok\u00fd kr\u00fatiaci moment, vhodn\u00fd pre z\u00f3ny ATEX 0\/1, hygienick\u00e9 komponenty z nehrdzavej\u00facej ocele vr\u00e1tane poistnej matice na jednoduch\u00fa in\u0161tal\u00e1ciu.<\/p>","protected":false},"featured_media":15484,"comment_status":"open","ping_status":"closed","template":"","meta":{"_acf_changed":false},"product_brand":[],"product_cat":[595,632],"product_tag":[2652,2663,2653,2664,2585,2654,2599,2655,2656,2626,2657,2633,2658,2636,2659,2637,2660,2649,2661,2651,2662],"class_list":{"0":"post-12662","1":"product","2":"type-product","3":"status-publish","4":"has-post-thumbnail","6":"product_cat-ruehrwerkstechnik","7":"product_cat-ruehrwerksantriebe","8":"product_tag-ruehrwerksmotor-drucktank","9":"product_tag-ruehrwerksantrieb-fuer-lebensmittelindustrie","10":"product_tag-kompakter-ruehrantrieb","11":"product_tag-ruehrwerk-fuer-pharmaindustrie","12":"product_tag-langlebiger-ruehrwerksmotor","13":"product_tag-ruehrwerk-zone-0","14":"product_tag-explosionsgeschuetzter-ruehrwerksmotor","15":"product_tag-edelstahl-ruehrwerksantrieb","16":"product_tag-hygienischer-ruehrantrieb","17":"product_tag-platzsparender-ruehrwerksmotor","18":"product_tag-ruehrwerksmotor-mit-kontermutter","19":"product_tag-atex-ruehrwerksantrieb","20":"product_tag-ruehrwerk-35-mm","21":"product_tag-zonentrennflansch-ruehrwerk","22":"product_tag-ruehrwerk-50-mm","23":"product_tag-ruehrwerk-fuer-hochviskose-medien","24":"product_tag-ruehrwerk-fuer-ueberdruck","25":"product_tag-geraeuscharmer-ruehrantrieb","26":"product_tag-ruehrwerk-fuer-unterdruck","27":"product_tag-ruehrwerksantrieb-kleinbehaelter","28":"product_tag-wartungsfreier-ruehrantrieb","29":"product_shipping_class-karton-paketversand","30":"pa_antriebsart-pneumatisch","31":"pa_antriebswelle-ptm-gewindenabe-m12","32":"pa_atex-zone-0-1","33":"pa_dichtung-ptfe","34":"pa_drehzahl-0-300-1-min","35":"pa_ex-gas-ex-ii-1-2-g-ex-h-iic-t5-ga-gb","36":"pa_ex-staub-ex-ii-1-2-d-ex-h-iiic-t100c-da-db","37":"pa_geraeuschpegel-75db","38":"pa_labs-oel-und-silikonfrei","39":"pa_material-gehaeuse-aluminium-eloxiert","40":"pa_model-eco-seal-atex-zone-0-1","41":"pa_schutzart-ip67","42":"pa_steckverschraubung-abluft-schlauch-o10mm","43":"pa_steckverschraubung-zuluft-schlauch-o6mm","44":"pa_versorgung-5-6bar","46":"first","47":"instock","48":"taxable","49":"shipping-taxable","50":"purchasable","51":"product-type-variable"},"bundled_by":[],"bundle_stock_status":"instock","bundle_stock_quantity":null,"bundle_virtual":false,"bundle_layout":"","bundle_add_to_cart_form_location":"","bundle_editable_in_cart":false,"bundle_sold_individually_context":"","bundle_item_grouping":"","bundle_min_size":"","bundle_max_size":"","bundle_price":[],"bundled_items":[],"bundle_sell_ids":[],"exclude_global_add_ons":[],"addons":[],"acf":[],"_links":{"self":[{"href":"https:\/\/ptm-mechatronics.com\/sk\/wp-json\/wp\/v2\/product\/12662","targetHints":{"allow":["GET"]}}],"collection":[{"href":"https:\/\/ptm-mechatronics.com\/sk\/wp-json\/wp\/v2\/product"}],"about":[{"href":"https:\/\/ptm-mechatronics.com\/sk\/wp-json\/wp\/v2\/types\/product"}],"replies":[{"embeddable":true,"href":"https:\/\/ptm-mechatronics.com\/sk\/wp-json\/wp\/v2\/comments?post=12662"}],"wp:featuredmedia":[{"embeddable":true,"href":"https:\/\/ptm-mechatronics.com\/sk\/wp-json\/wp\/v2\/media\/15484"}],"wp:attachment":[{"href":"https:\/\/ptm-mechatronics.com\/sk\/wp-json\/wp\/v2\/media?parent=12662"}],"wp:term":[{"taxonomy":"product_brand","embeddable":true,"href":"https:\/\/ptm-mechatronics.com\/sk\/wp-json\/wp\/v2\/product_brand?post=12662"},{"taxonomy":"product_cat","embeddable":true,"href":"https:\/\/ptm-mechatronics.com\/sk\/wp-json\/wp\/v2\/product_cat?post=12662"},{"taxonomy":"product_tag","embeddable":true,"href":"https:\/\/ptm-mechatronics.com\/sk\/wp-json\/wp\/v2\/product_tag?post=12662"}],"curies":[{"name":"wp","href":"https:\/\/api.w.org\/{rel}","templated":true}]}}