{"id":12494,"date":"2024-11-14T11:06:50","date_gmt":"2024-11-14T10:06:50","guid":{"rendered":"https:\/\/ptm-mechatronics.com\/?post_type=product&#038;p=12494"},"modified":"2026-05-04T11:00:12","modified_gmt":"2026-05-04T09:00:12","slug":"elektrisches-ruehrwerk-mit-traverse-fuer-ibc-container","status":"publish","type":"product","link":"https:\/\/ptm-mechatronics.com\/sk\/product\/elektrisches-ruehrwerk-mit-traverse-fuer-ibc-container\/","title":{"rendered":"Elektrick\u00e9 mie\u0161adlo s posuvom pre IBC a kontajnery"},"content":{"rendered":"<p>Elektrick\u00e9 mie\u0161adlo pre IBC a kontajnery - flexibiln\u00e9, v\u00fdkonn\u00e9 a \u013eahko ovl\u00e1date\u013en\u00e9<\/p>\n<p>Na\u0161e elektrick\u00e9 mie\u0161adl\u00e1 pre IBC a kontajnery zaujm\u00fa jednoduchou manipul\u00e1ciou a robustnou kvalitou. V\u010faka praktickej prie\u010dke z vysokokvalitnej nehrdzavej\u00facej ocele V4A (1.4404) m\u00f4\u017eete mie\u0161adlo r\u00fdchlo a bezpe\u010dne pripevni\u0165 k n\u00e1dobe. V\u010faka dvom r\u00fdchloup\u00ednac\u00edm svork\u00e1m je in\u0161tal\u00e1cia hotov\u00e1 za nieko\u013eko sek\u00fand!<\/p>\n<p>Prie\u010dnik je flexibilne nastavite\u013en\u00fd a vhodn\u00fd pre IBC kontajnery s objemom 600 a\u017e 1200 litrov. Mie\u0161adlo sa dod\u00e1va kompletne pripraven\u00e9 na pou\u017eitie vr\u00e1tane zodpovedaj\u00faceho mie\u0161acieho hriade\u013ea a \u0161peci\u00e1lne navrhnut\u00e9ho z\u00e1vesn\u00e9ho mie\u0161adla eco-Cup, ktor\u00e9 je tie\u017e vyroben\u00e9 z odolnej nehrdzavej\u00facej ocele V4A (1.4404).<\/p>\n<p>Volite\u013ene je mo\u017en\u00e9 ot\u00e1\u010dky presne a pohodlne regulova\u0165 a sn\u00edma\u0165 prostredn\u00edctvom frekven\u010dn\u00e9ho meni\u010da s ochrann\u00fdm obvodom motora a n\u00fadzov\u00fdm zastaven\u00edm. Predmontovan\u00e9 \u00fachyty na vysokozdvi\u017en\u00fd voz\u00edk zabezpe\u010duj\u00fa nekomplikovan\u00fa prepravu a s\u00fa ide\u00e1lne na pou\u017eitie s vysokozdvi\u017en\u00fdm voz\u00edkom.<\/p>\n<h3 data-start=\"1337\" data-end=\"1549\"><span class=\"_fadeIn_m1hgl_8\">Va\u0161e mo\u017enosti:<\/span><\/h3>\n<p>Tri \u00farovne v\u00fdkonu pod\u013ea va\u0161ich po\u017eiadaviek:<\/p>\n<ul>\n<li>Pre kvapaliny s viskozitou do 2 000 mPas.<\/li>\n<li>Pre kvapaliny s viskozitou do 10 000 mPas.<\/li>\n<li>Pre kvapaliny s viskozitou do 50 000 mPas.<\/li>\n<\/ul>\n<p>Syst\u00e9m r\u00fdchlej v\u00fdmeny hriade\u013ea mie\u0161adla:<br \/>\nNa\u0161a str\u00e1nka <a href=\"https:\/\/youtu.be\/TjagGW4DoyA?feature=shared\" target=\"_blank\" rel=\"noopener\">r\u00fdchlov\u00fdmenn\u00fd syst\u00e9m eco-Quick<\/a> pon\u00faka r\u00fdchlu a \u010dist\u00fa v\u00fdmenu hriade\u013ea mie\u0161adla v priebehu nieko\u013ek\u00fdch sek\u00fand bez pou\u017eitia \u010fal\u0161\u00edch n\u00e1strojov.<\/p>\n<p>Frekven\u010dn\u00fd meni\u010d:<br \/>\nVyberte si frekven\u010dn\u00fd meni\u010d, ktor\u00fd sa montuje priamo na spotrebi\u010d, alebo tak\u00fd, ktor\u00fd sa d\u00e1 namontova\u0165 na stenu na mieste.<\/p>\n<p>D\u00f4le\u017eit\u00e9 upozornenie:<br \/>\nKe\u010f\u017ee kontajnery IBC nie s\u00fa \u0161tandardizovan\u00e9, \u017eiadame v\u00e1s, aby ste si vopred d\u00f4kladne skontrolovali rozmery kontajnerov. Ak m\u00e1te ak\u00e9ko\u013evek ot\u00e1zky, nev\u00e1hajte n\u00e1s kontaktova\u0165 - radi v\u00e1m osobne porad\u00edme!<\/p>\n<p>Rozsah dod\u00e1vky:<br \/>\nMie\u0161adlo sa dod\u00e1va bez n\u00e1doby.<\/p>","protected":false},"excerpt":{"rendered":"<p>V\u00fdkonn\u00e9 mie\u0161adlo IBC plne vybaven\u00e9 mie\u0161ac\u00edm hriade\u013eom, mie\u0161ac\u00edm prvkom a traverzou. Elektromotor je k dispoz\u00edcii v troch v\u00fdkonov\u00fdch variantoch.<\/p>","protected":false},"featured_media":15481,"comment_status":"open","ping_status":"closed","template":"","meta":{"_acf_changed":false},"product_brand":[],"product_cat":[614,595],"product_tag":[],"class_list":{"0":"post-12494","1":"product","2":"type-product","3":"status-publish","4":"has-post-thumbnail","6":"product_cat-containerruehrwerke","7":"product_cat-ruehrwerkstechnik","8":"product_shipping_class-europalette-speditionsversand","9":"pa_antriebsart-elektrisch","10":"pa_behaeltervolumen-ibc","11":"pa_durchmesser-ruehrwelle-25mm","12":"pa_frequenzumrichter-ohne","13":"pa_frequenzumrichter-am-geraet","14":"pa_frequenzumrichter-zur-wandmontage","15":"pa_geeignete-ibc-groessen-600-1200-liter","16":"pa_laenge-ruehrwelle-ca-795mm-ab-deckeloberkante","17":"pa_material-traverse-v4a-edelstahl-1-4404","18":"pa_motorart-stirnradgetriebemotor","19":"pa_motorgroessen-0-411-1-min-15kw-32nm-bis-2-000mpas","20":"pa_motorgroessen-0-245-1-min-15kw-58nm-bis-10-000mpas","21":"pa_motorgroessen-0-337-1-min-3kw-85nm-bis-50-000mpas","22":"pa_ruehrorgan-becherruehrorgan-eco-cup-500mm","23":"pa_schaltart-dreieck-stern","24":"pa_schnellwechselsystem-mit-gewindeverbindung","25":"pa_schnellwechselsystem-mit-schnellwechselsystem","26":"pa_typ-traversenruehrwerk","28":"first","29":"instock","30":"taxable","31":"shipping-taxable","32":"purchasable","33":"product-type-variable"},"bundled_by":[],"bundle_stock_status":"instock","bundle_stock_quantity":null,"bundle_virtual":false,"bundle_layout":"","bundle_add_to_cart_form_location":"","bundle_editable_in_cart":false,"bundle_sold_individually_context":"","bundle_item_grouping":"","bundle_min_size":"","bundle_max_size":"","bundle_price":[],"bundled_items":[],"bundle_sell_ids":[],"exclude_global_add_ons":[],"addons":[],"acf":[],"_links":{"self":[{"href":"https:\/\/ptm-mechatronics.com\/sk\/wp-json\/wp\/v2\/product\/12494","targetHints":{"allow":["GET"]}}],"collection":[{"href":"https:\/\/ptm-mechatronics.com\/sk\/wp-json\/wp\/v2\/product"}],"about":[{"href":"https:\/\/ptm-mechatronics.com\/sk\/wp-json\/wp\/v2\/types\/product"}],"replies":[{"embeddable":true,"href":"https:\/\/ptm-mechatronics.com\/sk\/wp-json\/wp\/v2\/comments?post=12494"}],"wp:featuredmedia":[{"embeddable":true,"href":"https:\/\/ptm-mechatronics.com\/sk\/wp-json\/wp\/v2\/media\/15481"}],"wp:attachment":[{"href":"https:\/\/ptm-mechatronics.com\/sk\/wp-json\/wp\/v2\/media?parent=12494"}],"wp:term":[{"taxonomy":"product_brand","embeddable":true,"href":"https:\/\/ptm-mechatronics.com\/sk\/wp-json\/wp\/v2\/product_brand?post=12494"},{"taxonomy":"product_cat","embeddable":true,"href":"https:\/\/ptm-mechatronics.com\/sk\/wp-json\/wp\/v2\/product_cat?post=12494"},{"taxonomy":"product_tag","embeddable":true,"href":"https:\/\/ptm-mechatronics.com\/sk\/wp-json\/wp\/v2\/product_tag?post=12494"}],"curies":[{"name":"wp","href":"https:\/\/api.w.org\/{rel}","templated":true}]}}