{"id":10475,"date":"2024-07-16T09:34:35","date_gmt":"2024-07-16T07:34:35","guid":{"rendered":"https:\/\/ptm-mechatronics.com\/?post_type=product&#038;p=10475"},"modified":"2025-11-07T15:52:44","modified_gmt":"2025-11-07T14:52:44","slug":"ruehrwerk-fuer-schuetz-impeller-system-antrieb-atex-zone-1","status":"publish","type":"product","link":"https:\/\/ptm-mechatronics.com\/sk\/product\/ruehrwerk-fuer-schuetz-impeller-system-antrieb-atex-zone-1\/","title":{"rendered":"Mie\u0161adlo pre syst\u00e9m so st\u00fdka\u010dov\u00fdm obe\u017en\u00fdm kolesom - pohon pre z\u00f3nu ATEX 1"},"content":{"rendered":"<p>Na\u0161e mie\u0161adl\u00e1 pre obtokov\u00e9 syst\u00e9my Sch\u00fctz pozost\u00e1vaj\u00fa z v\u00fdkonn\u00e9ho pneumatick\u00e9ho pohonu, prie\u010dneho nosn\u00edka z vysokokvalitnej nehrdzavej\u00facej ocele V4A 1.4404 a mont\u00e1\u017eneho priestoru na upevnenie hriade\u013ea mie\u0161adla k pohonu pomocou n\u00e1\u0161ho patentovan\u00e9ho <a href=\"https:\/\/ptm-mechatronics.com\/sk\/schnelle-saubere-prozesswechsel\/\" target=\"_blank\" rel=\"noopener\">r\u00fdchlov\u00fdmenn\u00fd syst\u00e9m eco-Quick<\/a>.<\/p>\n<p>Mie\u0161adlo m\u00f4\u017eete k n\u00e1dobe \u013eahko pripevni\u0165 pomocou dvoch r\u00fdchloup\u00ednac\u00edch svoriek na prie\u010dke. Hriade\u013e mie\u0161adla (v obchode s\u00fa k dispoz\u00edcii tri r\u00f4zne d\u013a\u017eky, pozri pr\u00edslu\u0161enstvo) potom m\u00f4\u017eete pripoji\u0165 cez mont\u00e1\u017eny priestor s krytom. V\u010faka n\u00e1\u0161mu r\u00fdchlov\u00fdmenn\u00e9mu syst\u00e9mu eco-Quick na to nepotrebujete \u017eiadne n\u00e1radie. Syst\u00e9m eco-Quick sa d\u00e1 otvori\u0165 jedn\u00fdm pohybom a po vlo\u017een\u00ed mie\u0161acieho hriade\u013ea zatvori\u0165. Va\u0161e mie\u0161adlo je po pripojen\u00ed vzduchu pripraven\u00e9 na pou\u017eitie.<\/p>\n<p>Rozsah dod\u00e1vky bez n\u00e1doby s obe\u017en\u00fdm kolesom styka\u010da, bez hriade\u013ea mie\u0161adla<\/p>","protected":false},"excerpt":{"rendered":"<p>V\u00fdkonn\u00e9 mie\u0161adlo IBC plne vybaven\u00e9 prie\u010dnym nosn\u00edkom z vysokokvalitnej nehrdzavej\u00facej ocele s mont\u00e1\u017enym priestorom, certifikovan\u00e9 pre z\u00f3nu ATEX 1<\/p>","protected":false},"featured_media":15477,"comment_status":"open","ping_status":"closed","template":"","meta":{"_acf_changed":false},"product_brand":[],"product_cat":[595,614],"product_tag":[],"class_list":{"0":"post-10475","1":"product","2":"type-product","3":"status-publish","4":"has-post-thumbnail","6":"product_cat-ruehrwerkstechnik","7":"product_cat-containerruehrwerke","8":"product_shipping_class-karton-paketversand","9":"pa_antriebsart-pneumatisch","10":"pa_atex-zone-122122","11":"pa_behaeltervolumen-ibc","12":"pa_dichtung-ptfe","13":"pa_drehmoment-32nm","14":"pa_drehzahl-0-300-1-min","15":"pa_ex-gas-ex-ii-2-g-ex-h-iic-t5-gb-x","16":"pa_ex-staub-ex-ii-2-d-ex-h-iiic-t100c-db-x","17":"pa_geeignete-ibc-groessen-600-1200-liter","18":"pa_geraeuschpegel-75db","19":"pa_labs-oel-und-silikonfrei","20":"pa_material-gehaeuse-aluminium-eloxiert","21":"pa_material-traverse-v4a-edelstahl-1-4404","22":"pa_mittlerer-luftverbrauch-200l-min","23":"pa_schutzart-ip67","24":"pa_steckverschraubung-abluft-schlauch-o12mm","25":"pa_steckverschraubung-zuluft-schlauch-o8mm","26":"pa_typ-traversenruehrwerk","27":"pa_versorgung-5-6bar","29":"first","30":"instock","31":"taxable","32":"shipping-taxable","33":"purchasable","34":"product-type-simple"},"bundled_by":[],"bundle_stock_status":"instock","bundle_stock_quantity":null,"bundle_virtual":false,"bundle_layout":"","bundle_add_to_cart_form_location":"","bundle_editable_in_cart":false,"bundle_sold_individually_context":"","bundle_item_grouping":"","bundle_min_size":"","bundle_max_size":"","bundle_price":[],"bundled_items":[],"bundle_sell_ids":[],"exclude_global_add_ons":[],"addons":[],"acf":[],"_links":{"self":[{"href":"https:\/\/ptm-mechatronics.com\/sk\/wp-json\/wp\/v2\/product\/10475","targetHints":{"allow":["GET"]}}],"collection":[{"href":"https:\/\/ptm-mechatronics.com\/sk\/wp-json\/wp\/v2\/product"}],"about":[{"href":"https:\/\/ptm-mechatronics.com\/sk\/wp-json\/wp\/v2\/types\/product"}],"replies":[{"embeddable":true,"href":"https:\/\/ptm-mechatronics.com\/sk\/wp-json\/wp\/v2\/comments?post=10475"}],"wp:featuredmedia":[{"embeddable":true,"href":"https:\/\/ptm-mechatronics.com\/sk\/wp-json\/wp\/v2\/media\/15477"}],"wp:attachment":[{"href":"https:\/\/ptm-mechatronics.com\/sk\/wp-json\/wp\/v2\/media?parent=10475"}],"wp:term":[{"taxonomy":"product_brand","embeddable":true,"href":"https:\/\/ptm-mechatronics.com\/sk\/wp-json\/wp\/v2\/product_brand?post=10475"},{"taxonomy":"product_cat","embeddable":true,"href":"https:\/\/ptm-mechatronics.com\/sk\/wp-json\/wp\/v2\/product_cat?post=10475"},{"taxonomy":"product_tag","embeddable":true,"href":"https:\/\/ptm-mechatronics.com\/sk\/wp-json\/wp\/v2\/product_tag?post=10475"}],"curies":[{"name":"wp","href":"https:\/\/api.w.org\/{rel}","templated":true}]}}