{"id":10471,"date":"2024-07-11T12:32:01","date_gmt":"2024-07-11T10:32:01","guid":{"rendered":"https:\/\/ptm-mechatronics.com\/?post_type=product&#038;p=10471"},"modified":"2025-11-07T15:52:44","modified_gmt":"2025-11-07T14:52:44","slug":"becherruehrorgan-eco-disc-60mm-gewinde-m8","status":"publish","type":"product","link":"https:\/\/ptm-mechatronics.com\/sk\/product\/becherruehrorgan-eco-disc-60mm-gewinde-m8\/","title":{"rendered":"Mie\u0161adlo na kadi\u010dku eco-Disc, 60 mm, z\u00e1vit M8"},"content":{"rendered":"<p>Vretenov\u00e9 mie\u0161adl\u00e1 zabezpe\u010duj\u00fa \u00fa\u010dinn\u00e9, ale jemn\u00e9 mie\u0161anie s minim\u00e1lnym strihom aj pri n\u00edzkych ot\u00e1\u010dkach. Ako n\u00edzkoot\u00e1\u010dkov\u00e9 mie\u0161adl\u00e1 s\u00fa preto ide\u00e1lne pre citliv\u00e9 zmesi. Vytv\u00e1raj\u00fa lamin\u00e1rne pr\u00fadenie s axi\u00e1lnym dopravn\u00fdm spr\u00e1van\u00edm.<\/p>","protected":false},"excerpt":{"rendered":"<p>Mie\u0161adlo na kadi\u010dku s priemerom 60 mm vyroben\u00e9 z vysokokvalitnej nehrdzavej\u00facej ocele V4A 1.4404, elektrolyticky le\u0161ten\u00e9<\/p>","protected":false},"featured_media":15475,"comment_status":"open","ping_status":"closed","template":"","meta":{"_acf_changed":false},"product_brand":[],"product_cat":[595,596],"product_tag":[],"class_list":{"0":"post-10471","1":"product","2":"type-product","3":"status-publish","4":"has-post-thumbnail","6":"product_cat-ruehrwerkstechnik","7":"product_cat-laborruehrer","8":"product_shipping_class-karton-paketversand","9":"pa_durchmesser-60mm","10":"pa_gewinde-m8","11":"pa_material-v4a-edelstahl-1-4404","13":"first","14":"instock","15":"taxable","16":"shipping-taxable","17":"purchasable","18":"product-type-simple"},"bundled_by":[],"bundle_stock_status":"instock","bundle_stock_quantity":null,"bundle_virtual":false,"bundle_layout":"","bundle_add_to_cart_form_location":"","bundle_editable_in_cart":false,"bundle_sold_individually_context":"","bundle_item_grouping":"","bundle_min_size":"","bundle_max_size":"","bundle_price":[],"bundled_items":[],"bundle_sell_ids":[],"exclude_global_add_ons":[],"addons":[],"acf":[],"_links":{"self":[{"href":"https:\/\/ptm-mechatronics.com\/sk\/wp-json\/wp\/v2\/product\/10471","targetHints":{"allow":["GET"]}}],"collection":[{"href":"https:\/\/ptm-mechatronics.com\/sk\/wp-json\/wp\/v2\/product"}],"about":[{"href":"https:\/\/ptm-mechatronics.com\/sk\/wp-json\/wp\/v2\/types\/product"}],"replies":[{"embeddable":true,"href":"https:\/\/ptm-mechatronics.com\/sk\/wp-json\/wp\/v2\/comments?post=10471"}],"wp:featuredmedia":[{"embeddable":true,"href":"https:\/\/ptm-mechatronics.com\/sk\/wp-json\/wp\/v2\/media\/15475"}],"wp:attachment":[{"href":"https:\/\/ptm-mechatronics.com\/sk\/wp-json\/wp\/v2\/media?parent=10471"}],"wp:term":[{"taxonomy":"product_brand","embeddable":true,"href":"https:\/\/ptm-mechatronics.com\/sk\/wp-json\/wp\/v2\/product_brand?post=10471"},{"taxonomy":"product_cat","embeddable":true,"href":"https:\/\/ptm-mechatronics.com\/sk\/wp-json\/wp\/v2\/product_cat?post=10471"},{"taxonomy":"product_tag","embeddable":true,"href":"https:\/\/ptm-mechatronics.com\/sk\/wp-json\/wp\/v2\/product_tag?post=10471"}],"curies":[{"name":"wp","href":"https:\/\/api.w.org\/{rel}","templated":true}]}}