{"id":10450,"date":"2024-07-08T10:20:45","date_gmt":"2024-07-08T08:20:45","guid":{"rendered":"https:\/\/ptm-mechatronics.com\/?post_type=product&#038;p=10450"},"modified":"2025-11-07T15:52:39","modified_gmt":"2025-11-07T14:52:39","slug":"deckel-eco-cap-10-fuer-10-20-liter-eimer","status":"publish","type":"product","link":"https:\/\/ptm-mechatronics.com\/sk\/product\/deckel-eco-cap-10-fuer-10-20-liter-eimer\/","title":{"rendered":"Veko eco-Cap 10 pre 10-20 litrov\u00e9 vedr\u00e1"},"content":{"rendered":"<h1 data-start=\"252\" data-end=\"323\"><span style=\"font-size: 75%;\"><span class=\"_fadeIn_m1hgl_8\">Veko z nehrdzavej\u00facej ocele <\/span><span class=\"_fadeIn_m1hgl_8\">s <\/span><span class=\"_fadeIn_m1hgl_8\">Up\u00ednacie zariadenie - <\/span><span class=\"_fadeIn_m1hgl_8\">bezpe\u010dn\u00e9, <\/span><span class=\"_fadeIn_m1hgl_8\">flexibiln\u00e9, <\/span><span class=\"_fadeIn_m1hgl_8\">vysok\u00e1 kvalita<\/span><\/span><\/h1>\n<p data-start=\"325\" data-end=\"630\"><span class=\"_fadeIn_m1hgl_8\">T\u00e1to str\u00e1nka <\/span><span class=\"_fadeIn_m1hgl_8\">vysok\u00e1 kvalita <\/span><span class=\"_fadeIn_m1hgl_8\">Veko <\/span><span class=\"_fadeIn_m1hgl_8\">z adresy <\/span><span class=\"_fadeIn_m1hgl_8\">V4A <\/span><span class=\"_fadeIn_m1hgl_8\">Nerezov\u00e1 oce\u013e (<\/span><span class=\"_fadeIn_m1hgl_8\">1.4404)<\/span> <span class=\"_fadeIn_m1hgl_8\">bola <\/span><span class=\"_fadeIn_m1hgl_8\">najm\u00e4 <\/span><span class=\"_fadeIn_m1hgl_8\">pre <\/span><span class=\"_fadeIn_m1hgl_8\">. <\/span><span class=\"_fadeIn_m1hgl_8\">bezpe\u010dn\u00e9 <\/span><span class=\"_fadeIn_m1hgl_8\">Pou\u017eite <\/span><span class=\"_fadeIn_m1hgl_8\">na str\u00e1nke . <\/span><span class=\"_fadeIn_m1hgl_8\">Mie\u0161anie sudov <\/span><span class=\"_fadeIn_m1hgl_8\">a <\/span><span class=\"_fadeIn_m1hgl_8\">Mie\u0161acie n\u00e1doby<\/span> <span class=\"_fadeIn_m1hgl_8\">navrhnut\u00e9. <\/span><span class=\"_fadeIn_m1hgl_8\">Str\u00e1nka <\/span><span class=\"_fadeIn_m1hgl_8\">robustn\u00fd <\/span><span class=\"_fadeIn_m1hgl_8\">a <\/span><span class=\"_fadeIn_m1hgl_8\">odolnos\u0165 vo\u010di kor\u00f3zii <\/span><span class=\"_fadeIn_m1hgl_8\">Vykon\u00e1vanie<\/span> <span class=\"_fadeIn_m1hgl_8\">vhodn\u00e9 <\/span><span class=\"_fadeIn_m1hgl_8\">samotn\u00fd <\/span><span class=\"_fadeIn_m1hgl_8\">ide\u00e1lne <\/span><span class=\"_fadeIn_m1hgl_8\">pre <\/span><span class=\"_fadeIn_m1hgl_8\">hygienicky kritick\u00e9 <\/span><span class=\"_fadeIn_m1hgl_8\">Aplik\u00e1cie <\/span><span class=\"_fadeIn_m1hgl_8\">na str\u00e1nke <\/span><span class=\"_fadeIn_m1hgl_8\">. <\/span><span class=\"_fadeIn_m1hgl_8\">Potraviny -, <\/span><span class=\"_fadeIn_m1hgl_8\">Farmaceutick\u00e9 <\/span><span class=\"_fadeIn_m1hgl_8\">a <\/span><span class=\"_fadeIn_m1hgl_8\">Chemick\u00fd priemysel<\/span><span class=\"_fadeIn_m1hgl_8\">.<\/span><\/p>\n<p data-start=\"632\" data-end=\"987\"><span class=\"_fadeIn_m1hgl_8\">Vybaven\u00e9 <\/span><span class=\"_fadeIn_m1hgl_8\">s <\/span><span class=\"_fadeIn_m1hgl_8\">dva <\/span><span class=\"_fadeIn_m1hgl_8\">flexibiln\u00e9 <\/span><span class=\"_fadeIn_m1hgl_8\">Up\u00ednacie zariadenia<\/span><span class=\"_fadeIn_m1hgl_8\">, <\/span><span class=\"_fadeIn_m1hgl_8\">umo\u017e\u0148uje <\/span><span class=\"_fadeIn_m1hgl_8\">. <\/span><span class=\"_fadeIn_m1hgl_8\">Veko <\/span><span class=\"_fadeIn_m1hgl_8\">jeden <\/span><span class=\"_fadeIn_m1hgl_8\">stabiln\u00fd <\/span><span class=\"_fadeIn_m1hgl_8\">a <\/span><span class=\"_fadeIn_m1hgl_8\">bezpe\u010dn\u00e9 <\/span><span class=\"_fadeIn_m1hgl_8\">Fix\u00e1cia<\/span> <span class=\"_fadeIn_m1hgl_8\">na str\u00e1nke . <\/span><span class=\"_fadeIn_m1hgl_8\">Sudy <\/span><span class=\"_fadeIn_m1hgl_8\">s <\/span><span class=\"_fadeIn_m1hgl_8\">jeden <\/span><span class=\"_fadeIn_m1hgl_8\">Priemer <\/span><span class=\"_fadeIn_m1hgl_8\">z adresy <\/span><span class=\"_fadeIn_m1hgl_8\">230 <\/span><span class=\"_fadeIn_m1hgl_8\">do <\/span><span class=\"_fadeIn_m1hgl_8\">300 <\/span><span class=\"_fadeIn_m1hgl_8\">mm<\/span><span class=\"_fadeIn_m1hgl_8\">. <\/span><span class=\"_fadeIn_m1hgl_8\">Str\u00e1nka <\/span><span class=\"_fadeIn_m1hgl_8\">nastavite\u013en\u00e9 <\/span><span class=\"_fadeIn_m1hgl_8\">Up\u00ednac\u00ed mechanizmus <\/span><span class=\"_fadeIn_m1hgl_8\">poskytuje <\/span><span class=\"_fadeIn_m1hgl_8\">pre <\/span><span class=\"_fadeIn_m1hgl_8\">jeden <\/span><span class=\"_fadeIn_m1hgl_8\">pevn\u00e9 <\/span><span class=\"_fadeIn_m1hgl_8\">S\u00eddlo <\/span><span class=\"_fadeIn_m1hgl_8\">a <\/span><span class=\"_fadeIn_m1hgl_8\">hod\u00ed sa na <\/span><span class=\"_fadeIn_m1hgl_8\">samotn\u00fd <\/span><span class=\"_fadeIn_m1hgl_8\">r\u00f4zne <\/span><span class=\"_fadeIn_m1hgl_8\">Ve\u013ekosti kontajnerov <\/span><span class=\"_fadeIn_m1hgl_8\">bezprobl\u00e9mov\u00e9 <\/span><span class=\"_fadeIn_m1hgl_8\">na - <\/span><span class=\"_fadeIn_m1hgl_8\">ide\u00e1lne <\/span><span class=\"_fadeIn_m1hgl_8\">pre <\/span><span class=\"_fadeIn_m1hgl_8\">zmena <\/span><span class=\"_fadeIn_m1hgl_8\">Ve\u013ekosti kontajnerov <\/span><span class=\"_fadeIn_m1hgl_8\">a <\/span><span class=\"_fadeIn_m1hgl_8\">mobiln\u00fd <\/span><span class=\"_fadeIn_m1hgl_8\">Aplik\u00e1cie.<\/span><\/p>\n<p data-start=\"989\" data-end=\"1020\"><span class=\"_fadeIn_m1hgl_8\">V\u00fdhody <\/span><span class=\"_fadeIn_m1hgl_8\">na str\u00e1nke . <\/span><span class=\"_fadeIn_m1hgl_8\">jeden <\/span><span class=\"_fadeIn_m1hgl_8\">Zobrazenie:<\/span><\/p>\n<ul>\n<li data-start=\"1023\" data-end=\"1062\"><span class=\"_fadeIn_m1hgl_8\">Z adresy <\/span><span class=\"_fadeIn_m1hgl_8\">vysok\u00e1 kvalita <\/span><span class=\"_fadeIn_m1hgl_8\">V4A <\/span><span class=\"_fadeIn_m1hgl_8\">Nerezov\u00e1 oce\u013e <\/span><span class=\"_fadeIn_m1hgl_8\">1.4404F<\/span><\/li>\n<li data-start=\"1023\" data-end=\"1062\"><span class=\"_fadeIn_m1hgl_8\">viac lexibiln\u00e9 <\/span><span class=\"_fadeIn_m1hgl_8\">Rozsah up\u00ednania: <\/span><span class=\"_fadeIn_m1hgl_8\">230-<\/span><span class=\"_fadeIn_m1hgl_8\">300 mm<\/span><\/li>\n<li data-start=\"1023\" data-end=\"1062\"><span class=\"_fadeIn_m1hgl_8\">Dve str\u00e1nky <\/span><span class=\"_fadeIn_m1hgl_8\">Up\u00ednacie zariadenia <\/span><span class=\"_fadeIn_m1hgl_8\">pre <\/span><span class=\"_fadeIn_m1hgl_8\">bezpe\u010dn\u00e9 <\/span><span class=\"_fadeIn_m1hgl_8\">Zastavte<\/span><\/li>\n<li data-start=\"1023\" data-end=\"1062\"><span class=\"_fadeIn_m1hgl_8\">Odolnos\u0165 vo\u010di kor\u00f3zii <\/span><span class=\"_fadeIn_m1hgl_8\">a <\/span><span class=\"_fadeIn_m1hgl_8\">Hygienick\u00e9<\/span><\/li>\n<li data-start=\"1023\" data-end=\"1062\"><span class=\"_fadeIn_m1hgl_8\">Ide\u00e1lne <\/span><span class=\"_fadeIn_m1hgl_8\">pre <\/span><span class=\"_fadeIn_m1hgl_8\">Priemysel, <\/span><span class=\"_fadeIn_m1hgl_8\">Laborat\u00f3rium <\/span><span class=\"_fadeIn_m1hgl_8\">a <\/span><span class=\"_fadeIn_m1hgl_8\">V\u00fdroba<\/span><\/li>\n<li data-start=\"1023\" data-end=\"1062\"><span class=\"_fadeIn_m1hgl_8\">Kompatibiln\u00e9 <\/span><span class=\"_fadeIn_m1hgl_8\">s <\/span><span class=\"_fadeIn_m1hgl_8\">Agit\u00e1tory <\/span><span class=\"_fadeIn_m1hgl_8\">a <\/span><span class=\"_fadeIn_m1hgl_8\">Mont\u00e1\u017ee krytov<\/span><\/li>\n<li data-start=\"1023\" data-end=\"1062\"><span class=\"_fadeIn_m1hgl_8\">Pre <\/span><span class=\"_fadeIn_m1hgl_8\">zmena <\/span><span class=\"_fadeIn_m1hgl_8\">Priemer hlavne <\/span><span class=\"_fadeIn_m1hgl_8\">vhodn\u00e9<\/span><\/li>\n<\/ul>","protected":false},"excerpt":{"rendered":"<p><span class=\"_fadeIn_m1hgl_8\">Kryt z nehrdzavej\u00facej ocele V4A <\/span><span class=\"_fadeIn_m1hgl_8\">s <\/span><span class=\"_fadeIn_m1hgl_8\">flexibiln\u00e9 <\/span><span class=\"_fadeIn_m1hgl_8\">Up\u00ednacie zariadenia <\/span><span class=\"_fadeIn_m1hgl_8\">pre <\/span><span class=\"_fadeIn_m1hgl_8\">Sudy <\/span><span class=\"_fadeIn_m1hgl_8\">s <\/span><span class=\"_fadeIn_m1hgl_8\">230-<\/span><span class=\"_fadeIn_m1hgl_8\">300 mm <\/span><span class=\"_fadeIn_m1hgl_8\">priemer (10-20 litrov\u00e9 vedr\u00e1 alebo 25-kilogramov\u00e9 boxy).<\/span><\/p>","protected":false},"featured_media":15470,"comment_status":"open","ping_status":"closed","template":"","meta":{"_acf_changed":false},"product_brand":[],"product_cat":[594,595,612],"product_tag":[2925,2926,2927,2915,2919,2920,2921,2922,2923,2924],"class_list":{"0":"post-10450","1":"product","2":"type-product","3":"status-publish","4":"has-post-thumbnail","6":"product_cat-zubehoer","7":"product_cat-ruehrwerkstechnik","8":"product_cat-kleingebinderuehrwerke","9":"product_tag-deckel-fuer-mischbehaelter","10":"product_tag-deckel-mit-spannmechanismus","11":"product_tag-industrie-edelstahldeckel","12":"product_tag-hygienischer-fassdeckel","13":"product_tag-edelstahldeckel-v4a","14":"product_tag-deckel-ruehrfass-edelstahl","15":"product_tag-spannvorrichtung-deckel","16":"product_tag-deckel-mit-variabler-spannweite","17":"product_tag-ruehrwerksdeckel-edelstahl","18":"product_tag-edelstahl-deckel-230-300-mm","19":"product_shipping_class-karton-paketversand","20":"pa_behaeltervolumen-10-20-liter","21":"pa_mgl-fassdurchmesser-230-300mm","23":"first","24":"instock","25":"taxable","26":"shipping-taxable","27":"purchasable","28":"product-type-simple"},"bundled_by":[],"bundle_stock_status":"instock","bundle_stock_quantity":null,"bundle_virtual":false,"bundle_layout":"","bundle_add_to_cart_form_location":"","bundle_editable_in_cart":false,"bundle_sold_individually_context":"","bundle_item_grouping":"","bundle_min_size":"","bundle_max_size":"","bundle_price":[],"bundled_items":[],"bundle_sell_ids":[],"exclude_global_add_ons":[],"addons":[],"acf":[],"_links":{"self":[{"href":"https:\/\/ptm-mechatronics.com\/sk\/wp-json\/wp\/v2\/product\/10450","targetHints":{"allow":["GET"]}}],"collection":[{"href":"https:\/\/ptm-mechatronics.com\/sk\/wp-json\/wp\/v2\/product"}],"about":[{"href":"https:\/\/ptm-mechatronics.com\/sk\/wp-json\/wp\/v2\/types\/product"}],"replies":[{"embeddable":true,"href":"https:\/\/ptm-mechatronics.com\/sk\/wp-json\/wp\/v2\/comments?post=10450"}],"wp:featuredmedia":[{"embeddable":true,"href":"https:\/\/ptm-mechatronics.com\/sk\/wp-json\/wp\/v2\/media\/15470"}],"wp:attachment":[{"href":"https:\/\/ptm-mechatronics.com\/sk\/wp-json\/wp\/v2\/media?parent=10450"}],"wp:term":[{"taxonomy":"product_brand","embeddable":true,"href":"https:\/\/ptm-mechatronics.com\/sk\/wp-json\/wp\/v2\/product_brand?post=10450"},{"taxonomy":"product_cat","embeddable":true,"href":"https:\/\/ptm-mechatronics.com\/sk\/wp-json\/wp\/v2\/product_cat?post=10450"},{"taxonomy":"product_tag","embeddable":true,"href":"https:\/\/ptm-mechatronics.com\/sk\/wp-json\/wp\/v2\/product_tag?post=10450"}],"curies":[{"name":"wp","href":"https:\/\/api.w.org\/{rel}","templated":true}]}}