{"id":10434,"date":"2024-07-04T09:08:32","date_gmt":"2024-07-04T07:08:32","guid":{"rendered":"https:\/\/ptm-mechatronics.com\/?post_type=product&#038;p=10434"},"modified":"2025-11-07T15:52:39","modified_gmt":"2025-11-07T14:52:39","slug":"tri-clamp-ruehrwerk","status":"publish","type":"product","link":"https:\/\/ptm-mechatronics.com\/sk\/product\/tri-clamp-ruehrwerk\/","title":{"rendered":"Tri Clamp mie\u0161adlo"},"content":{"rendered":"<p class=\"\" data-start=\"126\" data-end=\"206\">Prisp\u00f4soben\u00e9 mie\u0161adl\u00e1 Tri Clamp - dokonale prisp\u00f4soben\u00e9 va\u0161im po\u017eiadavk\u00e1m<\/p>\n<p class=\"\" data-start=\"208\" data-end=\"519\">Prisp\u00f4sobte si mie\u0161adlo Tri Clamp tak, aby vyhovovalo va\u0161im individu\u00e1lnym po\u017eiadavk\u00e1m: Flexibilne si vyberte po\u017eadovan\u00fd v\u00fdkon motora a spr\u00e1vnu ve\u013ekos\u0165 pripojenia Tri Clamp. Kombinujeme komponenty optim\u00e1lne pre va\u0161u oblas\u0165 pou\u017eitia - presn\u00e9, \u00fa\u010dinn\u00e9 a navrhnut\u00e9 pre najvy\u0161\u0161iu kvalitu.<\/p>\n<p class=\"\" data-start=\"521\" data-end=\"796\">Na upevnenie hriade\u013ea mie\u0161adla s\u00fa k dispoz\u00edcii dve mo\u017enosti: Bu\u010f si vyberiete klasick\u00fd z\u00e1vitov\u00fd n\u00e1boj, alebo n\u00e1\u0161 patentovan\u00fd r\u00fdchlov\u00fdmenn\u00fd syst\u00e9m eco-Quick, ktor\u00fd umo\u017e\u0148uje mimoriadne r\u00fdchlu a jednoduch\u00fa v\u00fdmenu mie\u0161ac\u00edch hriade\u013eov.<\/p>\n<p class=\"\" data-start=\"798\" data-end=\"1003\">N\u00e1\u0161 sk\u00fasen\u00fd t\u00edm v\u00e1m r\u00e1d porad\u00ed pri v\u00fdbere spr\u00e1vneho mie\u0161adla Tri Clamp pre va\u0161u konkr\u00e9tnu aplik\u00e1ciu. Kontaktujte n\u00e1s priamo - spolo\u010dne n\u00e1jdeme dokonal\u00e9 rie\u0161enie!<\/p>\n<p class=\"\" data-start=\"1005\" data-end=\"1126\"><em data-start=\"1005\" data-end=\"1126\">(Pr\u00edklady obr\u00e1zkov produktov: mie\u0161adlo z nehrdzavej\u00facej ocele eco-Drive INOX s trojitou svorkou, mie\u0161adlo z nehrdzavej\u00facej ocele eco-Seal INOX s trojitou svorkou)<\/em><\/p>","protected":false},"excerpt":{"rendered":"<p>Na\u0161e prisp\u00f4sobite\u013en\u00e9 mie\u0161adl\u00e1 Tri Clamp kombinuj\u00fa vo\u013ene volite\u013en\u00fd v\u00fdkon motora a pripojenia Tri Clamp so z\u00e1vitov\u00fdm n\u00e1bojom alebo na\u0161\u00edm patentovan\u00fdm syst\u00e9mom r\u00fdchlej v\u00fdmeny eco-Quick.<\/p>","protected":false},"featured_media":15464,"comment_status":"open","ping_status":"closed","template":"","meta":{"_acf_changed":false},"product_brand":[],"product_cat":[595,596,632],"product_tag":[2828,2829,2830,2831,2832,2833,2824,2825,2826,2827],"class_list":{"0":"post-10434","1":"product","2":"type-product","3":"status-publish","4":"has-post-thumbnail","6":"product_cat-ruehrwerkstechnik","7":"product_cat-laborruehrer","8":"product_cat-ruehrwerksantriebe","9":"product_tag-individuell-konfigurierbares-ruehrwerk","10":"product_tag-ruehrwerk-mit-gewindenabe","11":"product_tag-motorleistung-ruehrwerk-waehlen","12":"product_tag-tri-clamp-ruehrwerk-kaufen","13":"product_tag-edelstahlruehrwerk-online","14":"product_tag-tri-clamp-ruehrtechnik","15":"product_tag-tri-clamp-ruehrwerk","16":"product_tag-edelstahlruehrwerk-tri-clamp","17":"product_tag-ruehrwerk-tri-clamp-anschluss","18":"product_tag-schnellwechselsystem-eco-quick","19":"product_shipping_class-karton-paketversand","21":"first","22":"outofstock","23":"taxable","24":"shipping-taxable","25":"product-type-simple"},"bundled_by":[],"bundle_stock_status":"outofstock","bundle_stock_quantity":null,"bundle_virtual":false,"bundle_layout":"","bundle_add_to_cart_form_location":"","bundle_editable_in_cart":false,"bundle_sold_individually_context":"","bundle_item_grouping":"","bundle_min_size":"","bundle_max_size":"","bundle_price":[],"bundled_items":[],"bundle_sell_ids":[],"exclude_global_add_ons":[],"addons":[],"acf":[],"_links":{"self":[{"href":"https:\/\/ptm-mechatronics.com\/sk\/wp-json\/wp\/v2\/product\/10434","targetHints":{"allow":["GET"]}}],"collection":[{"href":"https:\/\/ptm-mechatronics.com\/sk\/wp-json\/wp\/v2\/product"}],"about":[{"href":"https:\/\/ptm-mechatronics.com\/sk\/wp-json\/wp\/v2\/types\/product"}],"replies":[{"embeddable":true,"href":"https:\/\/ptm-mechatronics.com\/sk\/wp-json\/wp\/v2\/comments?post=10434"}],"wp:featuredmedia":[{"embeddable":true,"href":"https:\/\/ptm-mechatronics.com\/sk\/wp-json\/wp\/v2\/media\/15464"}],"wp:attachment":[{"href":"https:\/\/ptm-mechatronics.com\/sk\/wp-json\/wp\/v2\/media?parent=10434"}],"wp:term":[{"taxonomy":"product_brand","embeddable":true,"href":"https:\/\/ptm-mechatronics.com\/sk\/wp-json\/wp\/v2\/product_brand?post=10434"},{"taxonomy":"product_cat","embeddable":true,"href":"https:\/\/ptm-mechatronics.com\/sk\/wp-json\/wp\/v2\/product_cat?post=10434"},{"taxonomy":"product_tag","embeddable":true,"href":"https:\/\/ptm-mechatronics.com\/sk\/wp-json\/wp\/v2\/product_tag?post=10434"}],"curies":[{"name":"wp","href":"https:\/\/api.w.org\/{rel}","templated":true}]}}