{"id":10430,"date":"2024-07-03T11:06:05","date_gmt":"2024-07-03T09:06:05","guid":{"rendered":"https:\/\/ptm-mechatronics.com\/?post_type=product&#038;p=10430"},"modified":"2025-11-07T15:52:33","modified_gmt":"2025-11-07T14:52:33","slug":"absaugungen","status":"publish","type":"product","link":"https:\/\/ptm-mechatronics.com\/sk\/product\/absaugungen\/","title":{"rendered":"Ods\u00e1vacie jednotky"},"content":{"rendered":"<p>Po\u010das mie\u0161ania (napr. pri mie\u0161an\u00ed pr\u00e1\u0161kov alebo prid\u00e1van\u00ed pr\u00e1\u0161kov do zmesi) m\u00f4\u017ee d\u00f4js\u0165 k zne\u010disteniu okolit\u00e9ho vzduchu prachom alebo plynom. Pomocou ods\u00e1vacieho syst\u00e9mu m\u00f4\u017eete zabezpe\u010di\u0165 mie\u0161anie bez prachu\/plynov. M\u00f4\u017eeme v\u00e1m doda\u0165 aj ods\u00e1vacie jednotky s certifik\u00e1tom ATEX pre prostredie s nebezpe\u010denstvom v\u00fdbuchu.<\/p>\n<p>Pre ur\u010denie ve\u013ekosti a v\u00fdkonu n\u00e1s jednoducho kontaktujte priamo. Na\u0161i odborn\u00edci v\u00e1m radi poradia.<\/p>\n<p>(Fotografie produktu: Vzorn\u00fd dizajn)<\/p>","protected":false},"excerpt":{"rendered":"<p>Ods\u00e1vacie jednotky r\u00f4znych ve\u013ekost\u00ed a kapac\u00edt, tie\u017e s certifik\u00e1tom ATEX<\/p>","protected":false},"featured_media":15463,"comment_status":"open","ping_status":"closed","template":"","meta":{"_acf_changed":false},"product_brand":[],"product_cat":[595,603,612,614,1421],"product_tag":[],"class_list":{"0":"post-10430","1":"product","2":"type-product","3":"status-publish","4":"has-post-thumbnail","6":"product_cat-ruehrwerkstechnik","7":"product_cat-fassruehrwerke","8":"product_cat-kleingebinderuehrwerke","9":"product_cat-containerruehrwerke","10":"product_cat-zubehoer-ruehrwerkstechnik","11":"product_shipping_class-europalette-speditionsversand","13":"first","14":"outofstock","15":"taxable","16":"shipping-taxable","17":"product-type-simple"},"bundled_by":[],"bundle_stock_status":"outofstock","bundle_stock_quantity":null,"bundle_virtual":false,"bundle_layout":"","bundle_add_to_cart_form_location":"","bundle_editable_in_cart":false,"bundle_sold_individually_context":"","bundle_item_grouping":"","bundle_min_size":"","bundle_max_size":"","bundle_price":[],"bundled_items":[],"bundle_sell_ids":[],"exclude_global_add_ons":[],"addons":[],"acf":[],"_links":{"self":[{"href":"https:\/\/ptm-mechatronics.com\/sk\/wp-json\/wp\/v2\/product\/10430","targetHints":{"allow":["GET"]}}],"collection":[{"href":"https:\/\/ptm-mechatronics.com\/sk\/wp-json\/wp\/v2\/product"}],"about":[{"href":"https:\/\/ptm-mechatronics.com\/sk\/wp-json\/wp\/v2\/types\/product"}],"replies":[{"embeddable":true,"href":"https:\/\/ptm-mechatronics.com\/sk\/wp-json\/wp\/v2\/comments?post=10430"}],"wp:featuredmedia":[{"embeddable":true,"href":"https:\/\/ptm-mechatronics.com\/sk\/wp-json\/wp\/v2\/media\/15463"}],"wp:attachment":[{"href":"https:\/\/ptm-mechatronics.com\/sk\/wp-json\/wp\/v2\/media?parent=10430"}],"wp:term":[{"taxonomy":"product_brand","embeddable":true,"href":"https:\/\/ptm-mechatronics.com\/sk\/wp-json\/wp\/v2\/product_brand?post=10430"},{"taxonomy":"product_cat","embeddable":true,"href":"https:\/\/ptm-mechatronics.com\/sk\/wp-json\/wp\/v2\/product_cat?post=10430"},{"taxonomy":"product_tag","embeddable":true,"href":"https:\/\/ptm-mechatronics.com\/sk\/wp-json\/wp\/v2\/product_tag?post=10430"}],"curies":[{"name":"wp","href":"https:\/\/api.w.org\/{rel}","templated":true}]}}