{"id":10387,"date":"2024-06-26T08:52:52","date_gmt":"2024-06-26T06:52:52","guid":{"rendered":"https:\/\/ptm-mechatronics.com\/?post_type=product&#038;p=10387"},"modified":"2025-11-07T15:52:30","modified_gmt":"2025-11-07T14:52:30","slug":"fasswagen","status":"publish","type":"product","link":"https:\/\/ptm-mechatronics.com\/sk\/product\/fasswagen\/","title":{"rendered":"Voz\u00edk na sudy"},"content":{"rendered":"<p>V\u010faka na\u0161im bubnov\u00fdm voz\u00edkom je va\u0161a aplik\u00e1cia mie\u0161adla mobiln\u00e1. To v\u00e1m umo\u017en\u00ed pohodlne premiest\u0148ova\u0165 bubny s mie\u0161adlom medzi jednotliv\u00fdmi procesmi. ESD val\u010deky zabra\u0148uj\u00fa elektrostatick\u00e9mu nab\u00edjaniu dopravn\u00fdch prostriedkov alebo prepravovan\u00e9ho tovaru.<\/p>\n<p>Na\u0161e voz\u00edky na sudy pre v\u00e1s vyr\u00e1bame na mieru. Sta\u010d\u00ed n\u00e1s kontaktova\u0165 priamo a ur\u010di\u0165 rozmery a vybavenie. Na\u0161i odborn\u00edci v\u00e1m radi poradia.<\/p>","protected":false},"excerpt":{"rendered":"<p>Bubnov\u00fd voz\u00edk s kolieskami ESD na mobiln\u00fa pr\u00e1cu<\/p>","protected":false},"featured_media":15456,"comment_status":"open","ping_status":"closed","template":"","meta":{"_acf_changed":false},"product_brand":[],"product_cat":[612,1421,595,603],"product_tag":[],"class_list":{"0":"post-10387","1":"product","2":"type-product","3":"status-publish","4":"has-post-thumbnail","6":"product_cat-kleingebinderuehrwerke","7":"product_cat-zubehoer-ruehrwerkstechnik","8":"product_cat-ruehrwerkstechnik","9":"product_cat-fassruehrwerke","10":"product_shipping_class-karton-paketversand","12":"first","13":"outofstock","14":"taxable","15":"shipping-taxable","16":"product-type-simple"},"bundled_by":[],"bundle_stock_status":"outofstock","bundle_stock_quantity":null,"bundle_virtual":false,"bundle_layout":"","bundle_add_to_cart_form_location":"","bundle_editable_in_cart":false,"bundle_sold_individually_context":"","bundle_item_grouping":"","bundle_min_size":"","bundle_max_size":"","bundle_price":[],"bundled_items":[],"bundle_sell_ids":[],"exclude_global_add_ons":[],"addons":[],"acf":[],"_links":{"self":[{"href":"https:\/\/ptm-mechatronics.com\/sk\/wp-json\/wp\/v2\/product\/10387","targetHints":{"allow":["GET"]}}],"collection":[{"href":"https:\/\/ptm-mechatronics.com\/sk\/wp-json\/wp\/v2\/product"}],"about":[{"href":"https:\/\/ptm-mechatronics.com\/sk\/wp-json\/wp\/v2\/types\/product"}],"replies":[{"embeddable":true,"href":"https:\/\/ptm-mechatronics.com\/sk\/wp-json\/wp\/v2\/comments?post=10387"}],"wp:featuredmedia":[{"embeddable":true,"href":"https:\/\/ptm-mechatronics.com\/sk\/wp-json\/wp\/v2\/media\/15456"}],"wp:attachment":[{"href":"https:\/\/ptm-mechatronics.com\/sk\/wp-json\/wp\/v2\/media?parent=10387"}],"wp:term":[{"taxonomy":"product_brand","embeddable":true,"href":"https:\/\/ptm-mechatronics.com\/sk\/wp-json\/wp\/v2\/product_brand?post=10387"},{"taxonomy":"product_cat","embeddable":true,"href":"https:\/\/ptm-mechatronics.com\/sk\/wp-json\/wp\/v2\/product_cat?post=10387"},{"taxonomy":"product_tag","embeddable":true,"href":"https:\/\/ptm-mechatronics.com\/sk\/wp-json\/wp\/v2\/product_tag?post=10387"}],"curies":[{"name":"wp","href":"https:\/\/api.w.org\/{rel}","templated":true}]}}