{"id":10382,"date":"2024-06-25T11:08:03","date_gmt":"2024-06-25T09:08:03","guid":{"rendered":"https:\/\/ptm-mechatronics.com\/?post_type=product&#038;p=10382"},"modified":"2026-03-25T11:38:11","modified_gmt":"2026-03-25T10:38:11","slug":"ruehrwerk-zur-montage-auf-hobbocks-30-liter-25kg","status":"publish","type":"product","link":"https:\/\/ptm-mechatronics.com\/sk\/product\/ruehrwerk-zur-montage-auf-hobbocks-30-liter-25kg\/","title":{"rendered":"Pneumatick\u00e9 mie\u0161adlo na mont\u00e1\u017e na varn\u00e9 dosky 30 l \/ 25 kg - ATEX"},"content":{"rendered":"<h1 data-start=\"255\" data-end=\"349\"><span style=\"font-size: 75%;\">Pneumatick\u00e9 mie\u0161adlo pre 30-litrov\u00e9 varn\u00e9 n\u00e1doby - certifikovan\u00e9 pod\u013ea ATEX, \u00fa\u010dinn\u00e9, bezpe\u010dn\u00e9 pre procesy<\/span><\/h1>\n<p data-start=\"351\" data-end=\"646\">Kompaktn\u00e9 mie\u0161adlo sa sklad\u00e1 z energeticky \u00fa\u010dinn\u00e9ho a v\u00fdkonn\u00e9ho pneumatick\u00e9ho pohonu s certifik\u00e1ciou ATEX pre z\u00f3nu 1, vysokokvalitn\u00e9ho mie\u0161acieho hriade\u013ea z nehrdzavej\u00facej ocele V4A (1.4404) a osved\u010den\u00e9ho mie\u0161acieho prvku eco-Cup - tie\u017e z nehrdzavej\u00facej ocele V4A.<\/p>\n<p data-start=\"648\" data-end=\"987\">Komponenty s\u00fa optim\u00e1lne prisp\u00f4soben\u00e9 mie\u0161ac\u00edm procesom v 30-litrov\u00fdch varn\u00fdch n\u00e1dob\u00e1ch a zabezpe\u010duj\u00fa rovnomern\u00e9 a \u0161etrn\u00e9 mie\u0161anie m\u00e9di\u00ed s n\u00edzkou a\u017e vysokou viskozitou. Mie\u0161adlo poskytuje homog\u00e9nny v\u00fdsledok mie\u0161ania, je robustn\u00e9 pri priemyselnom pou\u017eit\u00ed a zabezpe\u010duje bezpe\u010dn\u00e9 a hygienick\u00e9 spracovanie.<\/p>","protected":false},"excerpt":{"rendered":"<p>V\u00fdkonn\u00e9 mie\u0161adlo plne vybaven\u00e9 mie\u0161ac\u00edm hriade\u013eom a mie\u0161adlom na kade pre 30-litrov\u00fd sud - pohon ATEX z\u00f3na 1<\/p>","protected":false},"featured_media":15455,"comment_status":"open","ping_status":"closed","template":"","meta":{"_acf_changed":false},"product_brand":[],"product_cat":[595,612],"product_tag":[3200,3201,3202,2517,2637,2707,2814,2956,3117,3159],"class_list":{"0":"post-10382","1":"product","2":"type-product","3":"status-publish","4":"has-post-thumbnail","6":"product_cat-ruehrwerkstechnik","7":"product_cat-kleingebinderuehrwerke","8":"product_tag-ruehrwerk-30-liter","9":"product_tag-hobbock-ruehrwerk","10":"product_tag-atex-zone-1","11":"product_tag-edelstahl-ruehrwerk","12":"product_tag-ruehrwerk-fuer-hochviskose-medien","13":"product_tag-ruehrtechnik-industrie","14":"product_tag-atex-ruehrwerk","15":"product_tag-pneumatischer-ruehrantrieb","16":"product_tag-v4a-ruehrwelle","17":"product_tag-eco-cup-ruehrorgan","18":"product_shipping_class-karton-paketversand","19":"pa_antriebsart-pneumatisch","20":"pa_atex-zone-122122","21":"pa_behaeltervolumen-30-liter","22":"pa_dichtung-ptfe","23":"pa_drehmoment-4nm","24":"pa_drehzahl-0-300-1-min","25":"pa_durchmesser-ruehrwelle-16mm","26":"pa_ex-gas-ex-ii-2-g-ex-h-iic-t5-gb-x","27":"pa_ex-staub-ex-ii-2-d-ex-h-iiic-t100c-db-x","28":"pa_geraeuschpegel-75db","29":"pa_labs-oel-und-silikonfrei","30":"pa_laenge-ruehrwelle-ca-360mm-ab-deckeloberkante","31":"pa_material-gehaeuse-aluminium-eloxiert","32":"pa_mittlerer-luftverbrauch-25l-min","33":"pa_ruehrorgan-becherruehrorgan-eco-cup-150mm","34":"pa_schutzart-ip67","35":"pa_steckverschraubung-abluft-schlauch-o10mm","36":"pa_steckverschraubung-zuluft-schlauch-o6mm","37":"pa_versorgung-5-6bar","39":"first","40":"instock","41":"taxable","42":"shipping-taxable","43":"purchasable","44":"product-type-simple"},"bundled_by":[],"bundle_stock_status":"instock","bundle_stock_quantity":null,"bundle_virtual":false,"bundle_layout":"","bundle_add_to_cart_form_location":"","bundle_editable_in_cart":false,"bundle_sold_individually_context":"","bundle_item_grouping":"","bundle_min_size":"","bundle_max_size":"","bundle_price":[],"bundled_items":[],"bundle_sell_ids":[],"exclude_global_add_ons":[],"addons":[],"acf":[],"_links":{"self":[{"href":"https:\/\/ptm-mechatronics.com\/sk\/wp-json\/wp\/v2\/product\/10382","targetHints":{"allow":["GET"]}}],"collection":[{"href":"https:\/\/ptm-mechatronics.com\/sk\/wp-json\/wp\/v2\/product"}],"about":[{"href":"https:\/\/ptm-mechatronics.com\/sk\/wp-json\/wp\/v2\/types\/product"}],"replies":[{"embeddable":true,"href":"https:\/\/ptm-mechatronics.com\/sk\/wp-json\/wp\/v2\/comments?post=10382"}],"wp:featuredmedia":[{"embeddable":true,"href":"https:\/\/ptm-mechatronics.com\/sk\/wp-json\/wp\/v2\/media\/15455"}],"wp:attachment":[{"href":"https:\/\/ptm-mechatronics.com\/sk\/wp-json\/wp\/v2\/media?parent=10382"}],"wp:term":[{"taxonomy":"product_brand","embeddable":true,"href":"https:\/\/ptm-mechatronics.com\/sk\/wp-json\/wp\/v2\/product_brand?post=10382"},{"taxonomy":"product_cat","embeddable":true,"href":"https:\/\/ptm-mechatronics.com\/sk\/wp-json\/wp\/v2\/product_cat?post=10382"},{"taxonomy":"product_tag","embeddable":true,"href":"https:\/\/ptm-mechatronics.com\/sk\/wp-json\/wp\/v2\/product_tag?post=10382"}],"curies":[{"name":"wp","href":"https:\/\/api.w.org\/{rel}","templated":true}]}}