{"id":4419,"date":"2023-10-30T17:20:53","date_gmt":"2023-10-30T16:20:53","guid":{"rendered":"http:\/\/wp14192964.server-he.de\/?page_id=4419"},"modified":"2024-12-12T09:25:54","modified_gmt":"2024-12-12T08:25:54","slug":"konfigurator-druckluftmotor","status":"publish","type":"page","link":"https:\/\/ptm-mechatronics.com\/sk\/konfigurator-druckluftmotor\/","title":{"rendered":"Konfigur\u00e1tor vzduchov\u00e9ho motora"},"content":{"rendered":"<section class=\"section configurator-static-section\" id=\"section_1503801055\">\n\t\t<div class=\"section-bg fill\" >\n\t\t\t\t\t\t\t\t\t\n\t\t\t\n\n\t\t<\/div>\n\n\t\t\n\n\t\t<div class=\"section-content relative\">\n\t\t\t\n<div class=\"row\"  id=\"row-105198609\">\n\n\t<div id=\"col-1288683306\" class=\"col small-12 large-12\"  >\n\t\t\t\t<div class=\"col-inner\"  >\n\t\t\t\n\t\t\t\n\t<div id=\"text-63312871\" class=\"text\">\n\t\t\n<h2>Konfigur\u00e1tor vzduchov\u00e9ho motora<\/h2>\n<p>Ktor\u00fa z\u00e1kladn\u00fa verziu potrebujete?<\/p>\n\t\t\n<style>\n#text-63312871 {\n  text-align: center;\n}\n<\/style>\n\t<\/div>\n\t\n\t\t<\/div>\n\t\t\t\t\t<\/div>\n\n\t\n\n\t<div id=\"col-121950468\" class=\"col medium-6 small-12 large-3\"  >\n\t\t\t\t<div class=\"col-inner\"  >\n\t\t\t\n\t\t\t\n\t<div class=\"box has-hover   has-hover box-text-bottom\" >\n\n\t\t<div class=\"box-image\" >\n\t\t\t<a href=\"\/sk\/product\/druckluftmotor-konfigurator-standard-basic-motor-aus-aluminium\/\" >\t\t\t<div class=\"\" >\n\t\t\t\t<img loading=\"lazy\" decoding=\"async\" width=\"1388\" height=\"1000\" src=\"https:\/\/ptm-mechatronics.com\/wp-content\/uploads\/2023\/10\/Energieeffizienter-Druckluftmotor-Basic.jpg\" class=\"attachment- size-\" alt=\"Energieeffizienter Druckluftmotor Basic\" srcset=\"https:\/\/ptm-mechatronics.com\/wp-content\/uploads\/2023\/10\/Energieeffizienter-Druckluftmotor-Basic.jpg 1388w, https:\/\/ptm-mechatronics.com\/wp-content\/uploads\/2023\/10\/Energieeffizienter-Druckluftmotor-Basic-300x216.jpg 300w, https:\/\/ptm-mechatronics.com\/wp-content\/uploads\/2023\/10\/Energieeffizienter-Druckluftmotor-Basic-768x553.jpg 768w, https:\/\/ptm-mechatronics.com\/wp-content\/uploads\/2023\/10\/Energieeffizienter-Druckluftmotor-Basic-1024x738.jpg 1024w, https:\/\/ptm-mechatronics.com\/wp-content\/uploads\/2023\/10\/Energieeffizienter-Druckluftmotor-Basic-100x72.jpg 100w, https:\/\/ptm-mechatronics.com\/wp-content\/uploads\/2023\/10\/Energieeffizienter-Druckluftmotor-Basic-447x322.jpg 447w, https:\/\/ptm-mechatronics.com\/wp-content\/uploads\/2023\/10\/Energieeffizienter-Druckluftmotor-Basic-810x584.jpg 810w, https:\/\/ptm-mechatronics.com\/wp-content\/uploads\/2023\/10\/Energieeffizienter-Druckluftmotor-Basic-125x90.jpg 125w\" sizes=\"auto, (max-width: 1388px) 100vw, 1388px\" \/>\t\t\t\t\t\t\t\t\t\t\t<\/div>\n\t\t\t<\/a>\t\t<\/div>\n\n\t\t<div class=\"box-text text-center\" >\n\t\t\t<div class=\"box-text-inner\">\n\t\t\t\t\n<a href=\"\/sk\/product\/druckluftmotor-konfigurator-standard-basic-motor-aus-aluminium\/\" class=\"button primary\" >\n\t\t<span>Z\u00e1kladn\u00fd motor - pre nekomplikovan\u00e9 aplik\u00e1cie<\/span>\n\t<\/a>\n\n\t\t\t<\/div>\n\t\t<\/div>\n\t<\/div>\n\t\n\t\t<\/div>\n\t\t\t\t\t<\/div>\n\n\t\n\n\t<div id=\"col-1848397565\" class=\"col medium-6 small-12 large-3\"  >\n\t\t\t\t<div class=\"col-inner\"  >\n\t\t\t\n\t\t\t\n\t<div class=\"box has-hover   has-hover box-text-bottom\" >\n\n\t\t<div class=\"box-image\" >\n\t\t\t<a href=\"https:\/\/ptm-mechatronics.com\/sk\/product\/druckluftmotor-konfigurator-schutzart-ip68-motor-aus-aluminium-mit-edelstahlnabe\/\" >\t\t\t<div class=\"\" >\n\t\t\t\t<img loading=\"lazy\" decoding=\"async\" width=\"1388\" height=\"1000\" src=\"https:\/\/ptm-mechatronics.com\/wp-content\/uploads\/2024\/12\/Energieeffizienter-Druckluftmotor-IP67.jpg\" class=\"attachment- size-\" alt=\"\" srcset=\"https:\/\/ptm-mechatronics.com\/wp-content\/uploads\/2024\/12\/Energieeffizienter-Druckluftmotor-IP67.jpg 1388w, https:\/\/ptm-mechatronics.com\/wp-content\/uploads\/2024\/12\/Energieeffizienter-Druckluftmotor-IP67-300x216.jpg 300w, https:\/\/ptm-mechatronics.com\/wp-content\/uploads\/2024\/12\/Energieeffizienter-Druckluftmotor-IP67-1024x738.jpg 1024w, https:\/\/ptm-mechatronics.com\/wp-content\/uploads\/2024\/12\/Energieeffizienter-Druckluftmotor-IP67-768x553.jpg 768w, https:\/\/ptm-mechatronics.com\/wp-content\/uploads\/2024\/12\/Energieeffizienter-Druckluftmotor-IP67-100x72.jpg 100w, https:\/\/ptm-mechatronics.com\/wp-content\/uploads\/2024\/12\/Energieeffizienter-Druckluftmotor-IP67-447x322.jpg 447w, https:\/\/ptm-mechatronics.com\/wp-content\/uploads\/2024\/12\/Energieeffizienter-Druckluftmotor-IP67-810x584.jpg 810w\" sizes=\"auto, (max-width: 1388px) 100vw, 1388px\" \/>\t\t\t\t\t\t\t\t\t\t\t<\/div>\n\t\t\t<\/a>\t\t<\/div>\n\n\t\t<div class=\"box-text text-center\" >\n\t\t\t<div class=\"box-text-inner\">\n\t\t\t\t\n<a href=\"https:\/\/ptm-mechatronics.com\/sk\/product\/druckluftmotor-konfigurator-schutzart-ip68-motor-aus-aluminium-mit-edelstahlnabe\/\" class=\"button primary\" >\n\t\t<span>Motor s kryt\u00edm IP67 - chr\u00e1nen\u00fd proti vode pre vlhk\u00e9 prostredie<\/span>\n\t<\/a>\n\n\t\t\t<\/div>\n\t\t<\/div>\n\t<\/div>\n\t\n\t\t<\/div>\n\t\t\t\t\t<\/div>\n\n\t\n\n\t<div id=\"col-383432991\" class=\"col medium-6 small-12 large-3\"  >\n\t\t\t\t<div class=\"col-inner\"  >\n\t\t\t\n\t\t\t\n\t<div class=\"box has-hover   has-hover box-text-bottom\" >\n\n\t\t<div class=\"box-image\" >\n\t\t\t<a href=\"https:\/\/ptm-mechatronics.com\/sk\/product\/druckluftmotor-konfigurator-atex-zone-1-motor-aus-aluminium\/\" >\t\t\t<div class=\"\" >\n\t\t\t\t<img loading=\"lazy\" decoding=\"async\" width=\"1388\" height=\"1000\" src=\"https:\/\/ptm-mechatronics.com\/wp-content\/uploads\/2023\/10\/Energieeffizienter-Druckluftmotor-ATEX.jpg\" class=\"attachment- size-\" alt=\"Energieeffizienter Druckluftmotor ATEX\" srcset=\"https:\/\/ptm-mechatronics.com\/wp-content\/uploads\/2023\/10\/Energieeffizienter-Druckluftmotor-ATEX.jpg 1388w, https:\/\/ptm-mechatronics.com\/wp-content\/uploads\/2023\/10\/Energieeffizienter-Druckluftmotor-ATEX-300x216.jpg 300w, https:\/\/ptm-mechatronics.com\/wp-content\/uploads\/2023\/10\/Energieeffizienter-Druckluftmotor-ATEX-768x553.jpg 768w, https:\/\/ptm-mechatronics.com\/wp-content\/uploads\/2023\/10\/Energieeffizienter-Druckluftmotor-ATEX-1024x738.jpg 1024w, https:\/\/ptm-mechatronics.com\/wp-content\/uploads\/2023\/10\/Energieeffizienter-Druckluftmotor-ATEX-100x72.jpg 100w, https:\/\/ptm-mechatronics.com\/wp-content\/uploads\/2023\/10\/Energieeffizienter-Druckluftmotor-ATEX-447x322.jpg 447w, https:\/\/ptm-mechatronics.com\/wp-content\/uploads\/2023\/10\/Energieeffizienter-Druckluftmotor-ATEX-810x584.jpg 810w, https:\/\/ptm-mechatronics.com\/wp-content\/uploads\/2023\/10\/Energieeffizienter-Druckluftmotor-ATEX-125x90.jpg 125w\" sizes=\"auto, (max-width: 1388px) 100vw, 1388px\" \/>\t\t\t\t\t\t\t\t\t\t\t<\/div>\n\t\t\t<\/a>\t\t<\/div>\n\n\t\t<div class=\"box-text text-center\" >\n\t\t\t<div class=\"box-text-inner\">\n\t\t\t\t\n<a href=\"https:\/\/ptm-mechatronics.com\/sk\/product\/druckluftmotor-konfigurator-atex-zone-1-motor-aus-aluminium\/\" class=\"button primary\" >\n\t\t<span>Motor ATEX - pre prostredie s nebezpe\u010denstvom v\u00fdbuchu<\/span>\n\t<\/a>\n\n\t\t\t<\/div>\n\t\t<\/div>\n\t<\/div>\n\t\n\t\t<\/div>\n\t\t\t\t\t<\/div>\n\n\t\n\n\t<div id=\"col-482556704\" class=\"col medium-6 small-12 large-3\"  >\n\t\t\t\t<div class=\"col-inner\"  >\n\t\t\t\n\t\t\t\n\t<div class=\"box has-hover   has-hover box-text-bottom\" >\n\n\t\t<div class=\"box-image\" >\n\t\t\t<a href=\"https:\/\/ptm-mechatronics.com\/sk\/product\/druckluftmotor-konfigurator-edelstahlmotor-mit-atex-zone-1-ip68-und-reinraumzertifikat\/\" >\t\t\t<div class=\"\" >\n\t\t\t\t<img loading=\"lazy\" decoding=\"async\" width=\"1337\" height=\"1000\" src=\"https:\/\/ptm-mechatronics.com\/wp-content\/uploads\/2024\/12\/Energieeffizienter-Druckluftmotor-INOX-ATEX-IP67-REINRAUM.jpg\" class=\"attachment- size-\" alt=\"\" srcset=\"https:\/\/ptm-mechatronics.com\/wp-content\/uploads\/2024\/12\/Energieeffizienter-Druckluftmotor-INOX-ATEX-IP67-REINRAUM.jpg 1337w, https:\/\/ptm-mechatronics.com\/wp-content\/uploads\/2024\/12\/Energieeffizienter-Druckluftmotor-INOX-ATEX-IP67-REINRAUM-300x224.jpg 300w, https:\/\/ptm-mechatronics.com\/wp-content\/uploads\/2024\/12\/Energieeffizienter-Druckluftmotor-INOX-ATEX-IP67-REINRAUM-1024x766.jpg 1024w, https:\/\/ptm-mechatronics.com\/wp-content\/uploads\/2024\/12\/Energieeffizienter-Druckluftmotor-INOX-ATEX-IP67-REINRAUM-768x574.jpg 768w, https:\/\/ptm-mechatronics.com\/wp-content\/uploads\/2024\/12\/Energieeffizienter-Druckluftmotor-INOX-ATEX-IP67-REINRAUM-100x75.jpg 100w, https:\/\/ptm-mechatronics.com\/wp-content\/uploads\/2024\/12\/Energieeffizienter-Druckluftmotor-INOX-ATEX-IP67-REINRAUM-447x334.jpg 447w, https:\/\/ptm-mechatronics.com\/wp-content\/uploads\/2024\/12\/Energieeffizienter-Druckluftmotor-INOX-ATEX-IP67-REINRAUM-810x606.jpg 810w\" sizes=\"auto, (max-width: 1337px) 100vw, 1337px\" \/>\t\t\t\t\t\t\t\t\t\t\t<\/div>\n\t\t\t<\/a>\t\t<\/div>\n\n\t\t<div class=\"box-text text-center\" >\n\t\t\t<div class=\"box-text-inner\">\n\t\t\t\t\n<a href=\"https:\/\/ptm-mechatronics.com\/sk\/product\/druckluftmotor-konfigurator-edelstahlmotor-mit-atex-zone-1-ip68-und-reinraumzertifikat\/\" class=\"button primary\" >\n\t\t<span>Motor z nehrdzavej\u00facej ocele - pre n\u00e1ro\u010dn\u00e9 prostredie<\/span>\n\t<\/a>\n\n\t\t\t<\/div>\n\t\t<\/div>\n\t<\/div>\n\t\n\t\t<\/div>\n\t\t\t\t\t<\/div>\n\n\t\n<\/div>\n\t\t<\/div>\n\n\t\t\n<style>\n#section_1503801055 {\n  padding-top: 30px;\n  padding-bottom: 30px;\n}\n<\/style>\n\t<\/section>","protected":false},"excerpt":{"rendered":"","protected":false},"author":51,"featured_media":0,"parent":0,"menu_order":0,"comment_status":"closed","ping_status":"closed","template":"","meta":{"_acf_changed":false,"footnotes":""},"class_list":["post-4419","page","type-page","status-publish","hentry"],"acf":[],"_links":{"self":[{"href":"https:\/\/ptm-mechatronics.com\/sk\/wp-json\/wp\/v2\/pages\/4419","targetHints":{"allow":["GET"]}}],"collection":[{"href":"https:\/\/ptm-mechatronics.com\/sk\/wp-json\/wp\/v2\/pages"}],"about":[{"href":"https:\/\/ptm-mechatronics.com\/sk\/wp-json\/wp\/v2\/types\/page"}],"author":[{"embeddable":true,"href":"https:\/\/ptm-mechatronics.com\/sk\/wp-json\/wp\/v2\/users\/51"}],"replies":[{"embeddable":true,"href":"https:\/\/ptm-mechatronics.com\/sk\/wp-json\/wp\/v2\/comments?post=4419"}],"version-history":[{"count":28,"href":"https:\/\/ptm-mechatronics.com\/sk\/wp-json\/wp\/v2\/pages\/4419\/revisions"}],"predecessor-version":[{"id":12635,"href":"https:\/\/ptm-mechatronics.com\/sk\/wp-json\/wp\/v2\/pages\/4419\/revisions\/12635"}],"wp:attachment":[{"href":"https:\/\/ptm-mechatronics.com\/sk\/wp-json\/wp\/v2\/media?parent=4419"}],"curies":[{"name":"wp","href":"https:\/\/api.w.org\/{rel}","templated":true}]}}