{"id":30,"date":"2022-11-10T16:18:31","date_gmt":"2022-11-10T15:18:31","guid":{"rendered":"http:\/\/wp14192964.server-he.de\/bezahlmoeglichkeiten\/"},"modified":"2022-12-06T09:54:43","modified_gmt":"2022-12-06T08:54:43","slug":"bezahlmoeglichkeiten","status":"publish","type":"page","link":"https:\/\/ptm-mechatronics.com\/sk\/bezahlmoeglichkeiten\/","title":{"rendered":"Sp\u00f4soby platby"},"content":{"rendered":"<section class=\"section\" id=\"section_2106932460\">\n\t\t<div class=\"section-bg fill\" >\n\t\t\t\t\t\t\t\t\t\n\t\t\t\n\n\t\t<\/div>\n\n\t\t\n\n\t\t<div class=\"section-content relative\">\n\t\t\t\n<div class=\"row\"  id=\"row-1856600438\">\n\n\t<div id=\"col-2051354986\" class=\"col small-12 large-12\"  >\n\t\t\t\t<div class=\"col-inner\"  >\n\t\t\t\n\t\t\t\n<h1 class=\"nitro-offscreen\">Mo\u017enosti platby<\/h1>\n<p class=\"nitro-offscreen\">Pon\u00fakame tieto sp\u00f4soby platby. Jednoducho si vyberte sp\u00f4sob platby, ktor\u00fd v\u00e1m najviac vyhovuje.<\/p>\n<p>-Klarna<\/p>\n<p>Fakt\u00fara (N\u00e1kup na \u00fa\u010det sa sprac\u00fava prostredn\u00edctvom poskytovate\u013ea platobn\u00fdch slu\u017eieb Klarna Bank AB (\u201cKlarna\u201d). Ponuka mo\u017enosti platby n\u00e1kupom na \u00fa\u010det neexistuje pre v\u0161etky ponuky v Picadere a okrem in\u00e9ho vy\u017eaduje \u00faspe\u0161ne vykonan\u00fa kontrolu toto\u017enosti a \u00faverovej bonity).<\/p>\n<p>Priame inkaso (suma platby je splatn\u00e1 priamym inkasom po uzavret\u00ed zmluvy a bude odp\u00edsan\u00e1 z v\u00e1\u0161ho \u00fa\u010dtu spolo\u010dnos\u0165ou Klarna Bank AB (\u201cKlarna\u201d) po v\u00fdslovnom povolen\u00ed).<\/p>\n<p>-Kreditn\u00e1 karta<\/p>\n<p>Pohodln\u00e1 platba kartami MasterCard, Visa alebo American Express<\/p>\n<p>-Giropay<\/p>\n<p>Pla\u0165te r\u00fdchlo, jednoducho a bezpe\u010dne online bankov\u00fdm prevodom.<\/p>\n<p>-Przelewy24<\/p>\n<p>Bezpe\u010dn\u00e9, nekomplikovan\u00e9 a r\u00fdchle platby v Po\u013esku s Przelewy24.<\/p>\n<p>-Okam\u017eit\u00fd bankov\u00fd prevod<\/p>\n<p>Jednoducho zapla\u0165te so Sofort \u00dcberweisung<\/p>\n<p>-Paypal<\/p>\n<p>Pla\u0165te e\u0161te r\u00fdchlej\u0161ie a bezpe\u010dnej\u0161ie pomocou svojho \u00fa\u010dtu PayPal.<\/p>\n<p>-Apple Pay<\/p>\n<p>Teraz m\u00f4\u017eete plati\u0165 aj priamo cez mobiln\u00fd telef\u00f3n pomocou Apple Pay<\/p>\n\t\t<\/div>\n\t\t\t\t\t<\/div>\n\n\t\n<\/div>\n\t\t<\/div>\n\n\t\t\n<style>\n#section_2106932460 {\n  padding-top: 30px;\n  padding-bottom: 30px;\n}\n<\/style>\n\t<\/section>","protected":false},"excerpt":{"rendered":"","protected":false},"author":51,"featured_media":0,"parent":0,"menu_order":0,"comment_status":"closed","ping_status":"closed","template":"page-blank.php","meta":{"_acf_changed":false,"footnotes":""},"class_list":["post-30","page","type-page","status-publish","hentry"],"acf":[],"_links":{"self":[{"href":"https:\/\/ptm-mechatronics.com\/sk\/wp-json\/wp\/v2\/pages\/30","targetHints":{"allow":["GET"]}}],"collection":[{"href":"https:\/\/ptm-mechatronics.com\/sk\/wp-json\/wp\/v2\/pages"}],"about":[{"href":"https:\/\/ptm-mechatronics.com\/sk\/wp-json\/wp\/v2\/types\/page"}],"author":[{"embeddable":true,"href":"https:\/\/ptm-mechatronics.com\/sk\/wp-json\/wp\/v2\/users\/51"}],"replies":[{"embeddable":true,"href":"https:\/\/ptm-mechatronics.com\/sk\/wp-json\/wp\/v2\/comments?post=30"}],"version-history":[{"count":4,"href":"https:\/\/ptm-mechatronics.com\/sk\/wp-json\/wp\/v2\/pages\/30\/revisions"}],"predecessor-version":[{"id":67,"href":"https:\/\/ptm-mechatronics.com\/sk\/wp-json\/wp\/v2\/pages\/30\/revisions\/67"}],"wp:attachment":[{"href":"https:\/\/ptm-mechatronics.com\/sk\/wp-json\/wp\/v2\/media?parent=30"}],"curies":[{"name":"wp","href":"https:\/\/api.w.org\/{rel}","templated":true}]}}