{"id":29,"date":"2022-11-10T16:18:31","date_gmt":"2022-11-10T15:18:31","guid":{"rendered":"http:\/\/wp14192964.server-he.de\/versandarten\/"},"modified":"2024-01-18T11:48:05","modified_gmt":"2024-01-18T10:48:05","slug":"versandarten","status":"publish","type":"page","link":"https:\/\/ptm-mechatronics.com\/sk\/versandarten\/","title":{"rendered":"Sp\u00f4soby prepravy"},"content":{"rendered":"<section class=\"section\" id=\"section_1425409450\">\n\t\t<div class=\"section-bg fill\" >\n\t\t\t\t\t\t\t\t\t\n\t\t\t\n\n\t\t<\/div>\n\n\t\t\n\n\t\t<div class=\"section-content relative\">\n\t\t\t\n<div class=\"row\"  id=\"row-2075432984\">\n\n\t<div id=\"col-1364468883\" class=\"col small-12 large-12\"  >\n\t\t\t\t<div class=\"col-inner\"  >\n\t\t\t\n\t\t\t\n<h1 class=\"nitro-offscreen\">Sp\u00f4soby prepravy<\/h1>\n<p class=\"nitro-offscreen\">Pon\u00fakame tieto mo\u017enosti prepravy:<\/p>\n<p>UPS<\/p>\n<p>Preprava so spolo\u010dnos\u0165ou UPS v r\u00e1mci Nemecka za pau\u0161\u00e1lny prepravn\u00fd poplatok vo v\u00fd\u0161ke<\/p>\n<p>15 EUR za bal\u00edky do 30 kg<br \/>\n30 EUR za bal\u00edky od 30,1 do 60 kg<br \/>\n45 EUR za bal\u00edky s hmotnos\u0165ou 60,1 a 90 kg.<\/p>\n<p>Preprava so spolo\u010dnos\u0165ou UPS v r\u00e1mci E\u00da za pau\u0161\u00e1lny prepravn\u00fd poplatok vo v\u00fd\u0161ke<\/p>\n<p>30 EUR za bal\u00edky do 30 kg<br \/>\n60 EUR za bal\u00edky od 30,1 do 60 kg<br \/>\n90 EUR za bal\u00edky s hmotnos\u0165ou 60,1 kg a 90 kg.<\/p>\n<p>Preprava prostredn\u00edctvom zasielate\u013ea<\/p>\n<p>Preprava europalety v r\u00e1mci Nemecka: PS\u010c 0-5 300 \u20ac PS\u010c 6-9 150 \u20ac<br \/>\nZasielanie \u0161peci\u00e1lnej palety v r\u00e1mci Nemecka: PS\u010c 0-5 600 \u20ac PS\u010c 6-9 300 \u20ac<\/p>\n<p>Zasielanie europalety v r\u00e1mci E\u00da: na po\u017eiadanie<br \/>\nZasielanie \u0161peci\u00e1lnej palety v r\u00e1mci E\u00da: na po\u017eiadanie<\/p>\n<p>Zber na mieste<\/p>\n<p>Svoj v\u00fdrobok si u n\u00e1s m\u00f4\u017eete pohodlne vyzdvihn\u00fa\u0165 aj na mieste.<\/p>\n\t\t<\/div>\n\t\t\t\t\t<\/div>\n\n\t\n<\/div>\n\t\t<\/div>\n\n\t\t\n<style>\n#section_1425409450 {\n  padding-top: 30px;\n  padding-bottom: 30px;\n}\n<\/style>\n\t<\/section>","protected":false},"excerpt":{"rendered":"","protected":false},"author":51,"featured_media":0,"parent":0,"menu_order":0,"comment_status":"closed","ping_status":"closed","template":"page-blank.php","meta":{"_acf_changed":false,"footnotes":""},"class_list":["post-29","page","type-page","status-publish","hentry"],"acf":[],"_links":{"self":[{"href":"https:\/\/ptm-mechatronics.com\/sk\/wp-json\/wp\/v2\/pages\/29","targetHints":{"allow":["GET"]}}],"collection":[{"href":"https:\/\/ptm-mechatronics.com\/sk\/wp-json\/wp\/v2\/pages"}],"about":[{"href":"https:\/\/ptm-mechatronics.com\/sk\/wp-json\/wp\/v2\/types\/page"}],"author":[{"embeddable":true,"href":"https:\/\/ptm-mechatronics.com\/sk\/wp-json\/wp\/v2\/users\/51"}],"replies":[{"embeddable":true,"href":"https:\/\/ptm-mechatronics.com\/sk\/wp-json\/wp\/v2\/comments?post=29"}],"version-history":[{"count":7,"href":"https:\/\/ptm-mechatronics.com\/sk\/wp-json\/wp\/v2\/pages\/29\/revisions"}],"predecessor-version":[{"id":7585,"href":"https:\/\/ptm-mechatronics.com\/sk\/wp-json\/wp\/v2\/pages\/29\/revisions\/7585"}],"wp:attachment":[{"href":"https:\/\/ptm-mechatronics.com\/sk\/wp-json\/wp\/v2\/media?parent=29"}],"curies":[{"name":"wp","href":"https:\/\/api.w.org\/{rel}","templated":true}]}}