{"id":28,"date":"2022-11-10T16:18:31","date_gmt":"2022-11-10T15:18:31","guid":{"rendered":"http:\/\/wp14192964.server-he.de\/widerrufsbelehrung\/"},"modified":"2025-06-02T13:18:38","modified_gmt":"2025-06-02T11:18:38","slug":"widerrufsbelehrung","status":"publish","type":"page","link":"https:\/\/ptm-mechatronics.com\/sk\/widerrufsbelehrung\/","title":{"rendered":"Widerrufsbelehrung"},"content":{"rendered":"<h3 data-start=\"269\" data-end=\"308\"><span class=\"_fadeIn_m1hgl_8\">\u017diadne\u00a0<\/span><span class=\"_fadeIn_m1hgl_8\">Pr\u00e1vo na zru\u0161enie\u00a0<\/span><span class=\"_fadeIn_m1hgl_8\">pre\u00a0<\/span><span class=\"_fadeIn_m1hgl_8\">Podnikate\u013e<\/span><\/h3>\n<p data-start=\"310\" data-end=\"601\"><span class=\"_fadeIn_m1hgl_8\">Na\u0161a str\u00e1nka\u00a0<\/span><span class=\"_fadeIn_m1hgl_8\">Ponuka\u00a0<\/span><span class=\"_fadeIn_m1hgl_8\">smerovan\u00e9\u00a0<\/span><span class=\"_fadeIn_m1hgl_8\">samotn\u00fd\u00a0<\/span><span class=\"_fadeIn_m1hgl_8\">v\u00fdlu\u010dne\u00a0<\/span><span class=\"_fadeIn_m1hgl_8\">na str\u00e1nke .\u00a0<\/span><span class=\"_fadeIn_m1hgl_8\">Podnikate\u013e\u00a0<\/span><span class=\"_fadeIn_m1hgl_8\">v\u00a0<\/span><span class=\"_fadeIn_m1hgl_8\">Zmysly\u00a0<\/span><span class=\"_fadeIn_m1hgl_8\">z\u00a0<a href=\"https:\/\/www.gesetze-im-internet.de\/bgb\/__14.html\" target=\"_blank\" rel=\"noopener\">\u00a7\u00a0<\/a><\/span><span class=\"_fadeIn_m1hgl_8\">14\u00a0<\/span><span class=\"_fadeIn_m1hgl_8\">NEMECK\u00dd OB\u010cIANSKY Z\u00c1KONN\u00cdK<\/span><span class=\"_fadeIn_m1hgl_8\">,\u00a0<\/span><span class=\"_fadeIn_m1hgl_8\">tak\u017ee\u00a0<\/span><span class=\"_fadeIn_m1hgl_8\">na str\u00e1nke .\u00a0<\/span><span class=\"_fadeIn_m1hgl_8\">pr\u00edrodn\u00e9\u00a0<\/span><span class=\"_fadeIn_m1hgl_8\">alebo\u00a0<\/span><span class=\"_fadeIn_m1hgl_8\">pr\u00e1vne\u00a0<\/span><span class=\"_fadeIn_m1hgl_8\">Osoby\u00a0<\/span><span class=\"_fadeIn_m1hgl_8\">resp.\u00a0<\/span><span class=\"_fadeIn_m1hgl_8\">s pr\u00e1vnou sp\u00f4sobilos\u0165ou\u00a0<\/span><span class=\"_fadeIn_m1hgl_8\">Partnerstv\u00e1,\u00a0<\/span><span class=\"_fadeIn_m1hgl_8\">.\u00a0<\/span><span class=\"_fadeIn_m1hgl_8\">s\u00a0<\/span><span class=\"_fadeIn_m1hgl_8\">Z\u00e1ver\u00a0<\/span><span class=\"_fadeIn_m1hgl_8\">z\u00a0<\/span><span class=\"_fadeIn_m1hgl_8\">Pr\u00e1vna transakcia\u00a0<\/span><span class=\"_fadeIn_m1hgl_8\">na str\u00e1nke\u00a0<\/span><span class=\"_fadeIn_m1hgl_8\">Cvi\u010denie\u00a0<\/span><span class=\"_fadeIn_m1hgl_8\">ich\u00a0<\/span><span class=\"_fadeIn_m1hgl_8\">komer\u010dn\u00e9\u00a0<\/span><span class=\"_fadeIn_m1hgl_8\">alebo\u00a0<\/span><span class=\"_fadeIn_m1hgl_8\">nez\u00e1visl\u00e9\u00a0<\/span><span class=\"_fadeIn_m1hgl_8\">profesion\u00e1lne\u00a0<\/span><span class=\"_fadeIn_m1hgl_8\">Aktivita\u00a0<\/span><span class=\"_fadeIn_m1hgl_8\">kona\u0165.<\/span><\/p>\n<p data-start=\"603\" data-end=\"659\"><span class=\"_fadeIn_m1hgl_8\">A\u00a0<\/span><span class=\"_fadeIn_m1hgl_8\">pr\u00e1vne\u00a0<\/span><span class=\"_fadeIn_m1hgl_8\">Pr\u00e1vo na zru\u0161enie\u00a0<\/span><span class=\"_fadeIn_m1hgl_8\">existuje\u00a0<\/span><span class=\"_fadeIn_m1hgl_8\">preto\u00a0<\/span><span class=\"_fadeIn_m1hgl_8\">nie.<\/span><\/p>\n<h3 data-start=\"661\" data-end=\"699\"><span class=\"_fadeIn_m1hgl_8\">Pre\u010do\u00a0<\/span><span class=\"_fadeIn_m1hgl_8\">Neuplat\u0148uje sa\u00a0<\/span><span class=\"_fadeIn_m1hgl_8\">.\u00a0<\/span><span class=\"_fadeIn_m1hgl_8\">Pr\u00e1vo na zru\u0161enie?<\/span><\/h3>\n<p data-start=\"701\" data-end=\"976\"><span class=\"_fadeIn_m1hgl_8\">Str\u00e1nka\u00a0<\/span><span class=\"_fadeIn_m1hgl_8\">Pr\u00e1vo na zru\u0161enie\u00a0<\/span><span class=\"_fadeIn_m1hgl_8\">na\u00a0<a href=\"https:\/\/www.gesetze-im-internet.de\/bgb\/__355.html\" target=\"_blank\" rel=\"noopener\">\u00a7\u00a0<\/a><\/span><a href=\"https:\/\/ptm-mechatronics.com\/sk\/widerrufsrecht\/_wp_link_placeholder\/\"><span class=\"_fadeIn_m1hgl_8\">355\u00a0<\/span><span class=\"_fadeIn_m1hgl_8\">NEMECK\u00dd OB\u010cIANSKY Z\u00c1KONN\u00cdK\u00a0<\/span><\/a><span class=\"_fadeIn_m1hgl_8\">plat\u00ed\u00a0<\/span><span class=\"_fadeIn_m1hgl_8\">v\u00fdlu\u010dne\u00a0<\/span><span class=\"_fadeIn_m1hgl_8\">pre\u00a0<\/span><span class=\"_fadeIn_m1hgl_8\">Spotrebitelia.\u00a0<\/span><span class=\"_fadeIn_m1hgl_8\">Ke\u010f\u017ee\u00a0<\/span><span class=\"_fadeIn_m1hgl_8\">my\u00a0<\/span><span class=\"_fadeIn_m1hgl_8\">v\u00fdlu\u010dne\u00a0<\/span><span class=\"_fadeIn_m1hgl_8\">s\u00a0<\/span><span class=\"_fadeIn_m1hgl_8\">Firemn\u00ed z\u00e1kazn\u00edci\u00a0<\/span><span class=\"_fadeIn_m1hgl_8\">spolupracova\u0165,\u00a0<\/span><span class=\"_fadeIn_m1hgl_8\">Neuplat\u0148uje sa\u00a0<\/span><span class=\"_fadeIn_m1hgl_8\">.\u00a0<\/span><span class=\"_fadeIn_m1hgl_8\">Povinn\u00e9\u00a0<\/span><span class=\"_fadeIn_m1hgl_8\">na\u00a0<\/span><span class=\"_fadeIn_m1hgl_8\">Koncesia\u00a0<\/span><span class=\"_fadeIn_m1hgl_8\">jeden\u00a0<\/span><span class=\"_fadeIn_m1hgl_8\">tak\u00e9to\u00a0<\/span><span class=\"_fadeIn_m1hgl_8\">pr\u00e1vo na zru\u0161enie.\u00a0<\/span><span class=\"_fadeIn_m1hgl_8\">Tieto str\u00e1nky\u00a0<\/span><span class=\"_fadeIn_m1hgl_8\">Nariadenie\u00a0<\/span><span class=\"_fadeIn_m1hgl_8\">sl\u00fa\u017ei\u00a0<\/span><span class=\"_fadeIn_m1hgl_8\">.\u00a0<\/span><span class=\"_fadeIn_m1hgl_8\">Clarity\u00a0<\/span><span class=\"_fadeIn_m1hgl_8\">a\u00a0<\/span><span class=\"_fadeIn_m1hgl_8\">.\u00a0<\/span><span class=\"_fadeIn_m1hgl_8\">Spravodlivos\u0165\u00a0<\/span><span class=\"_fadeIn_m1hgl_8\">v\u00a0<\/span><span class=\"_fadeIn_m1hgl_8\">obchod\u00a0<\/span><span class=\"_fadeIn_m1hgl_8\">Doprava.<\/span><\/p>\n<h3 data-start=\"978\" data-end=\"1015\"><span class=\"_fadeIn_m1hgl_8\">Na\u0161a str\u00e1nka\u00a0<\/span><span class=\"_fadeIn_m1hgl_8\">dobrovo\u013en\u00e9\u00a0<\/span><span class=\"_fadeIn_m1hgl_8\">Rezerva na goodwill<\/span><\/h3>\n<p data-start=\"1017\" data-end=\"1322\"><span class=\"_fadeIn_m1hgl_8\">Tie\u017e\u00a0<\/span><span class=\"_fadeIn_m1hgl_8\">ke\u010f\u00a0<\/span><span class=\"_fadeIn_m1hgl_8\">\u017eiadne\u00a0<\/span><span class=\"_fadeIn_m1hgl_8\">pr\u00e1vne\u00a0<\/span><span class=\"_fadeIn_m1hgl_8\">N\u00e1rok\u00a0<\/span><span class=\"_fadeIn_m1hgl_8\">na str\u00e1nke .\u00a0<\/span><span class=\"_fadeIn_m1hgl_8\">Odvolanie\u00a0<\/span><span class=\"_fadeIn_m1hgl_8\">existuje,\u00a0<\/span><span class=\"_fadeIn_m1hgl_8\">je .\u00a0<\/span><span class=\"_fadeIn_m1hgl_8\">n\u00e1s\u00a0<\/span><span class=\"_fadeIn_m1hgl_8\">Va\u0161a str\u00e1nka\u00a0<\/span><span class=\"_fadeIn_m1hgl_8\">Spokojnos\u0165\u00a0<\/span><span class=\"_fadeIn_m1hgl_8\">d\u00f4le\u017eit\u00e9.\u00a0<\/span><span class=\"_fadeIn_m1hgl_8\">Mal by\u00a0<\/span><span class=\"_fadeIn_m1hgl_8\">to\u00a0<\/span><span class=\"_fadeIn_m1hgl_8\">raz\u00a0<\/span><span class=\"_fadeIn_m1hgl_8\">na\u00a0<\/span><span class=\"_fadeIn_m1hgl_8\">probl\u00e9my\u00a0<\/span><span class=\"_fadeIn_m1hgl_8\">s\u00a0<\/span><span class=\"_fadeIn_m1hgl_8\">jeden\u00a0<\/span><span class=\"_fadeIn_m1hgl_8\">doru\u010denie\u00a0<\/span><span class=\"_fadeIn_m1hgl_8\">alebo\u00a0<\/span><span class=\"_fadeIn_m1hgl_8\">jeden\u00a0<\/span><span class=\"_fadeIn_m1hgl_8\">Produkt\u00a0<\/span><span class=\"_fadeIn_m1hgl_8\">pr\u00eds\u0165,\u00a0<\/span><span class=\"_fadeIn_m1hgl_8\">nastavi\u0165\u00a0<\/span><span class=\"_fadeIn_m1hgl_8\">Vy\u00a0<\/span><span class=\"_fadeIn_m1hgl_8\">samotn\u00fd\u00a0<\/span><span class=\"_fadeIn_m1hgl_8\">pros\u00edm\u00a0<\/span><span class=\"_fadeIn_m1hgl_8\">s\u00a0<\/span><span class=\"_fadeIn_m1hgl_8\">n\u00e1s\u00a0<\/span><span class=\"_fadeIn_m1hgl_8\">na str\u00e1nke\u00a0<\/span><span class=\"_fadeIn_m1hgl_8\">Pripojenie.\u00a0<\/span><span class=\"_fadeIn_m1hgl_8\">My\u00a0<\/span><span class=\"_fadeIn_m1hgl_8\">kontrola\u00a0<\/span><span class=\"_fadeIn_m1hgl_8\">spolu\u00a0<\/span><span class=\"_fadeIn_m1hgl_8\">jeden\u00a0<\/span><span class=\"_fadeIn_m1hgl_8\">orient\u00e1cia na z\u00e1kazn\u00edka\u00a0<\/span><span class=\"_fadeIn_m1hgl_8\">Rie\u0161enie\u00a0<\/span><span class=\"_fadeIn_m1hgl_8\">v\u00a0<\/span><span class=\"_fadeIn_m1hgl_8\">R\u00e1m\u00a0<\/span><span class=\"_fadeIn_m1hgl_8\">na\u0161e\u00a0<\/span><span class=\"_fadeIn_m1hgl_8\">Rezerva na goodwill<\/span><span class=\"_fadeIn_m1hgl_8\">.<\/span><\/p>\n<p data-start=\"1324\" data-end=\"1439\"><span class=\"_fadeIn_m1hgl_8\">Kontaktujte n\u00e1s\u00a0<\/span><span class=\"_fadeIn_m1hgl_8\">Vy\u00a0<\/span><span class=\"_fadeIn_m1hgl_8\">n\u00e1s\u00a0<\/span><span class=\"_fadeIn_m1hgl_8\">okrem toho\u00a0<\/span><span class=\"_fadeIn_m1hgl_8\">jednoduch\u00fd\u00a0<\/span><span class=\"_fadeIn_m1hgl_8\">na\u00a0<\/span><span class=\"_fadeIn_m1hgl_8\">E-<\/span><span class=\"_fadeIn_m1hgl_8\">Mail\u00a0<\/span><span class=\"_fadeIn_m1hgl_8\">na info@ptm-mechatronics.<\/span><span class=\"_fadeIn_m1hgl_8\">com<\/span>\u00a0<span class=\"_fadeIn_m1hgl_8\">alebo\u00a0<\/span><span class=\"_fadeIn_m1hgl_8\">telefonicky\u00a0<\/span><span class=\"_fadeIn_m1hgl_8\">pod +<\/span><span class=\"_fadeIn_m1hgl_8\">49 8134 25 797 0<\/span><span class=\"_fadeIn_m1hgl_8\">.<\/span><\/p>\n<h3 data-start=\"1441\" data-end=\"1466\"><span class=\"_fadeIn_m1hgl_8\">Viac na\u00a0<\/span><span class=\"_fadeIn_m1hgl_8\">Inform\u00e1cie o<\/span><\/h3>\n<p data-start=\"1468\" data-end=\"1655\"><span class=\"_fadeIn_m1hgl_8\">Podrobn\u00e9 inform\u00e1cie na\u00a0<\/span><span class=\"_fadeIn_m1hgl_8\">Inform\u00e1cie o\u00a0<\/span><span class=\"_fadeIn_m1hgl_8\">N\u00e1js\u0165\u00a0<\/span><span class=\"_fadeIn_m1hgl_8\">Vy\u00a0<\/span><span class=\"_fadeIn_m1hgl_8\">na str\u00e1nke\u00a0<\/span><span class=\"_fadeIn_m1hgl_8\">na\u0161e\u00a0<\/span><a href=\"https:\/\/ptm-mechatronics.com\/sk\/agb\/\" target=\"_blank\" rel=\"noopener\"><span class=\"_fadeIn_m1hgl_8\">V\u0161eobecn\u00e9\u00a0<\/span><span class=\"_fadeIn_m1hgl_8\">Podmienky (<\/span><span class=\"_fadeIn_m1hgl_8\">GTC)<\/span><\/a><span class=\"_fadeIn_m1hgl_8\">,\u00a0<\/span><span class=\"_fadeIn_m1hgl_8\">na str\u00e1nke\u00a0<\/span><span class=\"_fadeIn_m1hgl_8\">tie\u00a0<\/span><span class=\"_fadeIn_m1hgl_8\">tie\u017e\u00a0<\/span><span class=\"_fadeIn_m1hgl_8\">regulovan\u00e9\u00a0<\/span><span class=\"_fadeIn_m1hgl_8\">je,\u00a0<\/span><span class=\"_fadeIn_m1hgl_8\">\u017ee\u00a0<\/span><span class=\"_fadeIn_m1hgl_8\">na\u0161e\u00a0<\/span><span class=\"_fadeIn_m1hgl_8\">Ponuka\u00a0<\/span><span class=\"_fadeIn_m1hgl_8\">v\u00fdlu\u010dne\u00a0<\/span><span class=\"_fadeIn_m1hgl_8\">pre\u00a0<\/span><span class=\"_fadeIn_m1hgl_8\">komer\u010dn\u00e9\u00a0<\/span><span class=\"_fadeIn_m1hgl_8\">Z\u00e1kazn\u00edci\u00a0<\/span><span class=\"_fadeIn_m1hgl_8\">plat\u00ed.<\/span><\/p>","protected":false},"excerpt":{"rendered":"<p>Kein\u00a0Widerrufsrecht\u00a0f\u00fcr\u00a0Unternehmer Unser\u00a0Angebot\u00a0richtet\u00a0sich\u00a0ausschlie\u00dflich\u00a0an\u00a0Unternehmer\u00a0im\u00a0Sinne\u00a0des\u00a0\u00a7\u00a014\u00a0BGB,\u00a0also\u00a0an\u00a0nat\u00fcrliche\u00a0oder\u00a0juristische\u00a0Personen\u00a0bzw.\u00a0rechtsf\u00e4hige\u00a0Personengesellschaften,\u00a0die\u00a0bei\u00a0Abschluss\u00a0des\u00a0Rechtsgesch\u00e4fts\u00a0in\u00a0Aus\u00fcbung\u00a0ihrer\u00a0gewerblichen\u00a0oder\u00a0selbstst\u00e4ndigen\u00a0beruflichen\u00a0T\u00e4tigkeit\u00a0handeln. Ein\u00a0gesetzliches\u00a0Widerrufsrecht\u00a0besteht\u00a0daher\u00a0nicht. Warum\u00a0entf\u00e4llt\u00a0das\u00a0Widerrufsrecht? Das\u00a0Widerrufsrecht\u00a0nach\u00a0\u00a7\u00a0355\u00a0BGB\u00a0gilt\u00a0ausschlie\u00dflich\u00a0f\u00fcr\u00a0Verbraucher.\u00a0Da\u00a0wir\u00a0ausschlie\u00dflich\u00a0mit\u00a0Gesch\u00e4ftskunden\u00a0zusammenarbeiten,\u00a0entf\u00e4llt\u00a0die\u00a0Pflicht\u00a0zur\u00a0Einr\u00e4umung\u00a0eines\u00a0solchen\u00a0Widerrufsrechts.\u00a0Diese\u00a0Regelung\u00a0dient\u00a0der\u00a0Klarheit\u00a0und\u00a0der\u00a0Fairness\u00a0im\u00a0gesch\u00e4ftlichen\u00a0Verkehr. Unsere\u00a0freiwillige\u00a0Kulanzregelung Auch\u00a0wenn\u00a0kein\u00a0gesetzlicher\u00a0Anspruch\u00a0auf\u00a0Widerruf\u00a0besteht,\u00a0ist\u00a0uns\u00a0Ihre\u00a0Zufriedenheit\u00a0wichtig.\u00a0Sollte\u00a0es\u00a0einmal\u00a0zu\u00a0Problemen\u00a0mit\u00a0einer\u00a0Lieferung\u00a0oder\u00a0einem\u00a0Produkt\u00a0kommen,\u00a0setzen\u00a0Sie\u00a0sich\u00a0bitte\u00a0mit\u00a0uns\u00a0in\u00a0Verbindung.\u00a0Wir\u00a0pr\u00fcfen\u00a0gemeinsam\u00a0eine\u00a0kundenorientierte\u00a0L\u00f6sung\u00a0im\u00a0Rahmen\u00a0unserer\u00a0Kulanzregelung. Kontaktieren\u00a0Sie\u00a0uns\u00a0dazu\u00a0einfach\u00a0per\u00a0E-Mail\u00a0unter info@ptm-mechatronics.com\u00a0oder\u00a0telefonisch\u00a0unter +49 8134 25 797 0. Weitere\u00a0Informationen Ausf\u00fchrliche\u00a0Informationen\u00a0finden\u00a0Sie\u00a0in\u00a0unseren\u00a0Allgemeinen\u00a0Gesch\u00e4ftsbedingungen (AGB),\u00a0in\u00a0denen\u00a0auch\u00a0geregelt\u00a0ist,\u00a0dass\u00a0unser\u00a0Angebot\u00a0ausschlie\u00dflich\u00a0f\u00fcr\u00a0gewerbliche\u00a0Kunden\u00a0gilt.<\/p>","protected":false},"author":51,"featured_media":0,"parent":0,"menu_order":0,"comment_status":"closed","ping_status":"closed","template":"page-blank.php","meta":{"_acf_changed":false,"footnotes":""},"class_list":["post-28","page","type-page","status-publish","hentry"],"acf":[],"_links":{"self":[{"href":"https:\/\/ptm-mechatronics.com\/sk\/wp-json\/wp\/v2\/pages\/28","targetHints":{"allow":["GET"]}}],"collection":[{"href":"https:\/\/ptm-mechatronics.com\/sk\/wp-json\/wp\/v2\/pages"}],"about":[{"href":"https:\/\/ptm-mechatronics.com\/sk\/wp-json\/wp\/v2\/types\/page"}],"author":[{"embeddable":true,"href":"https:\/\/ptm-mechatronics.com\/sk\/wp-json\/wp\/v2\/users\/51"}],"replies":[{"embeddable":true,"href":"https:\/\/ptm-mechatronics.com\/sk\/wp-json\/wp\/v2\/comments?post=28"}],"version-history":[{"count":8,"href":"https:\/\/ptm-mechatronics.com\/sk\/wp-json\/wp\/v2\/pages\/28\/revisions"}],"predecessor-version":[{"id":13766,"href":"https:\/\/ptm-mechatronics.com\/sk\/wp-json\/wp\/v2\/pages\/28\/revisions\/13766"}],"wp:attachment":[{"href":"https:\/\/ptm-mechatronics.com\/sk\/wp-json\/wp\/v2\/media?parent=28"}],"curies":[{"name":"wp","href":"https:\/\/api.w.org\/{rel}","templated":true}]}}