{"id":15999,"date":"2026-01-28T11:12:58","date_gmt":"2026-01-28T10:12:58","guid":{"rendered":"https:\/\/ptm-mechatronics.com\/?page_id=15999"},"modified":"2026-05-07T08:56:17","modified_gmt":"2026-05-07T06:56:17","slug":"dokumentation","status":"publish","type":"page","link":"https:\/\/ptm-mechatronics.com\/sk\/dokumentation\/","title":{"rendered":"Dokument\u00e1cia"},"content":{"rendered":"<div class=\"banner has-hover\" id=\"banner-622277975\">\n          <div class=\"banner-inner fill\">\n        <div class=\"banner-bg fill\" >\n                                                \n                    <\/div>\n\t\t\n        <div class=\"banner-layers container\">\n            <div class=\"fill banner-link\"><\/div>            \n   <div id=\"text-box-1856384683\" class=\"text-box banner-layer x50 md-x50 lg-x50 y50 md-y50 lg-y50 res-text\">\n                                <div class=\"text-box-content text dark\">\n              \n              <div class=\"text-inner text-center\">\n                  \n<h1><span style=\"font-size: 90%;\">Dokument\u00e1cia<\/span><\/h1>\n              <\/div>\n           <\/div>\n                            \n<style>\n#text-box-1856384683 {\n  width: 60%;\n}\n#text-box-1856384683 .text-box-content {\n  font-size: 100%;\n}\n<\/style>\n    <\/div>\n \n        <\/div>\n      <\/div>\n\n            \n<style>\n#banner-622277975 {\n  padding-top: 200px;\n}\n<\/style>\n  <\/div>\n\n\n\n\t<section class=\"section\" id=\"section_520858963\">\n\t\t<div class=\"section-bg fill\" >\n\t\t\t\t\t\t\t\t\t\n\t\t\t\n\n\t\t<\/div>\n\n\t\t\n\n\t\t<div class=\"section-content relative\">\n\t\t\t\n<div class=\"row row-small align-equal\"  id=\"row-1468491816\">\n\n\t<div id=\"col-414097602\" class=\"col medium-3 small-12 large-3\"  >\n\t\t\t\t<div class=\"col-inner\" style=\"background-color:rgb(41, 109, 173);\" >\n\t\t\t\n\t\t\t\n\t<div id=\"text-2617059697\" class=\"text\">\n\t\t\n<p>Model<\/p>\n\t\t\n<style>\n#text-2617059697 {\n  text-align: center;\n  color: rgb(255, 255, 255);\n}\n#text-2617059697 > * {\n  color: rgb(255, 255, 255);\n}\n<\/style>\n\t<\/div>\n\t\n\t\t<\/div>\n\t\t\t\t\n<style>\n#col-414097602 > .col-inner {\n  padding: 10px 10px 0px 10px;\n}\n<\/style>\n\t<\/div>\n\n\t\n\n\t<div id=\"col-1419398225\" class=\"col medium-3 small-12 large-3\"  >\n\t\t\t\t<div class=\"col-inner\" style=\"background-color:rgb(41, 109, 173);\" >\n\t\t\t\n\t\t\t\n\t<div id=\"text-1626403949\" class=\"text\">\n\t\t\n<p>Dokument<\/p>\n\t\t\n<style>\n#text-1626403949 {\n  text-align: center;\n  color: rgb(255, 255, 255);\n}\n#text-1626403949 > * {\n  color: rgb(255, 255, 255);\n}\n<\/style>\n\t<\/div>\n\t\n\t\t<\/div>\n\t\t\t\t\n<style>\n#col-1419398225 > .col-inner {\n  padding: 10px 10px 0px 10px;\n}\n<\/style>\n\t<\/div>\n\n\t\n\n\t<div id=\"col-966299105\" class=\"col medium-3 small-12 large-3\"  >\n\t\t\t\t<div class=\"col-inner\" style=\"background-color:rgb(41, 109, 173);\" >\n\t\t\t\n\t\t\t\n\t<div id=\"text-1108328075\" class=\"text\">\n\t\t\n<p>Jazyk<\/p>\n\t\t\n<style>\n#text-1108328075 {\n  text-align: center;\n  color: rgb(255, 255, 255);\n}\n#text-1108328075 > * {\n  color: rgb(255, 255, 255);\n}\n<\/style>\n\t<\/div>\n\t\n\t\t<\/div>\n\t\t\t\t\n<style>\n#col-966299105 > .col-inner {\n  padding: 10px 10px 0px 10px;\n}\n<\/style>\n\t<\/div>\n\n\t\n\n\t<div id=\"col-24472795\" class=\"col medium-3 small-12 large-3\"  >\n\t\t\t\t<div class=\"col-inner\" style=\"background-color:rgb(41, 109, 173);\" >\n\t\t\t\n\t\t\t\n\t<div id=\"text-3755589320\" class=\"text\">\n\t\t\n<p>stiahnu\u0165<\/p>\n\t\t\n<style>\n#text-3755589320 {\n  text-align: center;\n  color: rgb(255, 255, 255);\n}\n#text-3755589320 > * {\n  color: rgb(255, 255, 255);\n}\n<\/style>\n\t<\/div>\n\t\n\t\t<\/div>\n\t\t\t\t\n<style>\n#col-24472795 > .col-inner {\n  padding: 10px 10px 0px 10px;\n}\n<\/style>\n\t<\/div>\n\n\t\n<\/div>\n<div class=\"row row-small align-equal\"  id=\"row-1503771926\">\n\n\t<div id=\"col-392929560\" class=\"col medium-3 small-12 large-3\"  >\n\t\t\t\t<div class=\"col-inner\" style=\"background-color:rgb(239, 239, 239);\" >\n\t\t\t\n\t\t\t\n<p>Vzduchov\u00e9 motory<br \/>BASIC, ATEX, INOX, IP67<br \/>0450\/0900\/1800\/3600\/7200<\/p>\n\t\t<\/div>\n\t\t\t\t\n<style>\n#col-392929560 > .col-inner {\n  padding: 10px 10px 0px 10px;\n}\n<\/style>\n\t<\/div>\n\n\t\n\n\t<div id=\"col-2121461096\" class=\"col medium-3 small-12 large-3\"  >\n\t\t\t\t<div class=\"col-inner\" style=\"background-color:rgb(239, 239, 239);\" >\n\t\t\t\n\t\t\t\n<p>N\u00e1vod na mont\u00e1\u017e a obsluhu<\/p>\n\t\t<\/div>\n\t\t\t\t\n<style>\n#col-2121461096 > .col-inner {\n  padding: 10px 10px 0px 10px;\n}\n<\/style>\n\t<\/div>\n\n\t\n\n\t<div id=\"col-909877387\" class=\"col medium-3 small-12 large-3\"  >\n\t\t\t\t<div class=\"col-inner\" style=\"background-color:rgb(239, 239, 239);\" >\n\t\t\t\n\t\t\t\n<p>Nem\u010dina \/ angli\u010dtina<\/p>\n\t\t<\/div>\n\t\t\t\t\n<style>\n#col-909877387 > .col-inner {\n  padding: 10px 10px 0px 10px;\n}\n<\/style>\n\t<\/div>\n\n\t\n\n\t<div id=\"col-2004981576\" class=\"col medium-3 small-12 large-3\"  >\n\t\t\t\t<div class=\"col-inner text-center\"  >\n\t\t\t\n\t\t\t\n<a href=\"https:\/\/ptm-mechatronics.com\/wp-content\/uploads\/2026\/01\/PMO_V4.pdf\" target=\"_blank\" class=\"button primary expand\" rel=\"noopener\" style=\"border-radius:10px;\">\n\t\t<span>N\u00e1vod na obsluhu V4<\/span>\n\t<\/a>\n\n\t\t<\/div>\n\t\t\t\t\t<\/div>\n\n\t\n<\/div>\n<div class=\"row row-small align-equal\"  id=\"row-1356055330\">\n\n\t<div id=\"col-1155815503\" class=\"col medium-3 small-12 large-3\"  >\n\t\t\t\t<div class=\"col-inner\" style=\"background-color:rgb(239, 239, 239);\" >\n\t\t\t\n\t\t\t\n<p>Mie\u0161adlo poh\u00e1\u0148a pneumaticky.<br \/>eco, eco-Drive<br \/>0450\/0900\/1800\/3600\/6500<\/p>\n\t\t<\/div>\n\t\t\t\t\n<style>\n#col-1155815503 > .col-inner {\n  padding: 10px 10px 0px 10px;\n}\n<\/style>\n\t<\/div>\n\n\t\n\n\t<div id=\"col-356818710\" class=\"col medium-3 small-12 large-3\"  >\n\t\t\t\t<div class=\"col-inner\" style=\"background-color:rgb(239, 239, 239);\" >\n\t\t\t\n\t\t\t\n<p>N\u00e1vod na mont\u00e1\u017e a obsluhu<\/p>\n\t\t<\/div>\n\t\t\t\t\n<style>\n#col-356818710 > .col-inner {\n  padding: 10px 10px 0px 10px;\n}\n<\/style>\n\t<\/div>\n\n\t\n\n\t<div id=\"col-841487277\" class=\"col medium-3 small-12 large-3\"  >\n\t\t\t\t<div class=\"col-inner\" style=\"background-color:rgb(239, 239, 239);\" >\n\t\t\t\n\t\t\t\n<p>Nem\u010dina \/ angli\u010dtina<\/p>\n\t\t<\/div>\n\t\t\t\t\n<style>\n#col-841487277 > .col-inner {\n  padding: 10px 10px 0px 10px;\n}\n<\/style>\n\t<\/div>\n\n\t\n\n\t<div id=\"col-197777488\" class=\"col medium-3 small-12 large-3\"  >\n\t\t\t\t<div class=\"col-inner text-center\"  >\n\t\t\t\n\t\t\t\n<a href=\"https:\/\/ptm-mechatronics.com\/wp-content\/uploads\/2026\/01\/eco_V2.pdf\" target=\"_blank\" class=\"button primary expand\" rel=\"noopener\" style=\"border-radius:10px;\">\n\t\t<span>N\u00e1vod na obsluhu V2<\/span>\n\t<\/a>\n\n<a href=\"https:\/\/ptm-mechatronics.com\/wp-content\/uploads\/2026\/04\/eco_V3.pdf\" target=\"_blank\" class=\"button primary expand\" rel=\"noopener\" style=\"border-radius:10px;\">\n\t\t<span>N\u00e1vod na obsluhu V3<\/span>\n\t<\/a>\n\n\t\t<\/div>\n\t\t\t\t\t<\/div>\n\n\t\n<\/div>\n<div class=\"row row-small align-equal\"  id=\"row-4781260\">\n\n\t<div id=\"col-1704265331\" class=\"col medium-3 small-12 large-3\"  >\n\t\t\t\t<div class=\"col-inner\" style=\"background-color:rgb(239, 239, 239);\" >\n\t\t\t\n\t\t\t\n<p>Mie\u0161adlo poh\u00e1\u0148a pneumaticky.<br \/>eco-Seal light, eco-Seal pro, eco-Seal INOX<\/p>\n\t\t<\/div>\n\t\t\t\t\n<style>\n#col-1704265331 > .col-inner {\n  padding: 10px 10px 0px 10px;\n}\n<\/style>\n\t<\/div>\n\n\t\n\n\t<div id=\"col-1447687524\" class=\"col medium-3 small-12 large-3\"  >\n\t\t\t\t<div class=\"col-inner\" style=\"background-color:rgb(239, 239, 239);\" >\n\t\t\t\n\t\t\t\n<p>N\u00e1vod na obsluhu<\/p>\n\t\t<\/div>\n\t\t\t\t\n<style>\n#col-1447687524 > .col-inner {\n  padding: 10px 10px 0px 10px;\n}\n<\/style>\n\t<\/div>\n\n\t\n\n\t<div id=\"col-276731248\" class=\"col medium-3 small-12 large-3\"  >\n\t\t\t\t<div class=\"col-inner\" style=\"background-color:rgb(239, 239, 239);\" >\n\t\t\t\n\t\t\t\n<p>Nem\u010dina \/ angli\u010dtina<\/p>\n\t\t<\/div>\n\t\t\t\t\n<style>\n#col-276731248 > .col-inner {\n  padding: 10px 10px 0px 10px;\n}\n<\/style>\n\t<\/div>\n\n\t\n\n\t<div id=\"col-1251271386\" class=\"col medium-3 small-12 large-3\"  >\n\t\t\t\t<div class=\"col-inner text-center\"  >\n\t\t\t\n\t\t\t\n<a href=\"https:\/\/ptm-mechatronics.com\/wp-content\/uploads\/2026\/01\/Seal_V3.pdf\" target=\"_blank\" class=\"button primary expand\" rel=\"noopener\" style=\"border-radius:10px;\">\n\t\t<span>N\u00e1vod na obsluhu V3<\/span>\n\t<\/a>\n\n\t\t<\/div>\n\t\t\t\t\t<\/div>\n\n\t\n<\/div>\n<div class=\"row row-small align-equal\"  id=\"row-723578547\">\n\n\t<div id=\"col-639234384\" class=\"col medium-3 small-12 large-3\"  >\n\t\t\t\t<div class=\"col-inner\" style=\"background-color:rgb(239, 239, 239);\" >\n\t\t\t\n\t\t\t\n<p>Mie\u0161adlo poh\u00e1\u0148a elektric.<br \/>eDrive<br \/>1200\/1600<\/p>\n\t\t<\/div>\n\t\t\t\t\n<style>\n#col-639234384 > .col-inner {\n  padding: 10px 10px 0px 10px;\n}\n<\/style>\n\t<\/div>\n\n\t\n\n\t<div id=\"col-1275938418\" class=\"col medium-3 small-12 large-3\"  >\n\t\t\t\t<div class=\"col-inner\" style=\"background-color:rgb(239, 239, 239);\" >\n\t\t\t\n\t\t\t\n<p>N\u00e1vod na obsluhu<\/p>\n\t\t<\/div>\n\t\t\t\t\n<style>\n#col-1275938418 > .col-inner {\n  padding: 10px 10px 0px 10px;\n}\n<\/style>\n\t<\/div>\n\n\t\n\n\t<div id=\"col-713037332\" class=\"col medium-3 small-12 large-3\"  >\n\t\t\t\t<div class=\"col-inner\" style=\"background-color:rgb(239, 239, 239);\" >\n\t\t\t\n\t\t\t\n<p>Nem\u010dina \/ angli\u010dtina<\/p>\n\t\t<\/div>\n\t\t\t\t\n<style>\n#col-713037332 > .col-inner {\n  padding: 10px 10px 0px 10px;\n}\n<\/style>\n\t<\/div>\n\n\t\n\n\t<div id=\"col-796372253\" class=\"col medium-3 small-12 large-3\"  >\n\t\t\t\t<div class=\"col-inner text-center\"  >\n\t\t\t\n\t\t\t\n<a href=\"https:\/\/ptm-mechatronics.com\/wp-content\/uploads\/2026\/01\/e-Drive_V1.pdf\" target=\"_blank\" class=\"button primary expand\" rel=\"noopener\" style=\"border-radius:10px;\">\n\t\t<span>N\u00e1vod na obsluhu V1<\/span>\n\t<\/a>\n\n\t\t<\/div>\n\t\t\t\t\t<\/div>\n\n\t\n<\/div>\n<div class=\"row row-small align-equal\"  id=\"row-1507145006\">\n\n\t<div id=\"col-1692662862\" class=\"col medium-3 small-12 large-3\"  >\n\t\t\t\t<div class=\"col-inner\" style=\"background-color:rgb(239, 239, 239);\" >\n\t\t\t\n\t\t\t\n<p>Laborat\u00f3rne mie\u0161adlo<br \/>eco-Lab<br \/>450\/450G\/900\/900G<\/p>\n\t\t<\/div>\n\t\t\t\t\n<style>\n#col-1692662862 > .col-inner {\n  padding: 10px 10px 0px 10px;\n}\n<\/style>\n\t<\/div>\n\n\t\n\n\t<div id=\"col-519148896\" class=\"col medium-3 small-12 large-3\"  >\n\t\t\t\t<div class=\"col-inner\" style=\"background-color:rgb(239, 239, 239);\" >\n\t\t\t\n\t\t\t\n<p>N\u00e1vod na obsluhu<\/p>\n\t\t<\/div>\n\t\t\t\t\n<style>\n#col-519148896 > .col-inner {\n  padding: 10px 10px 0px 10px;\n}\n<\/style>\n\t<\/div>\n\n\t\n\n\t<div id=\"col-1601998777\" class=\"col medium-3 small-12 large-3\"  >\n\t\t\t\t<div class=\"col-inner\" style=\"background-color:rgb(239, 239, 239);\" >\n\t\t\t\n\t\t\t\n<p>Nem\u010dina \/ angli\u010dtina<\/p>\n\t\t<\/div>\n\t\t\t\t\n<style>\n#col-1601998777 > .col-inner {\n  padding: 10px 10px 0px 10px;\n}\n<\/style>\n\t<\/div>\n\n\t\n\n\t<div id=\"col-373169838\" class=\"col medium-3 small-12 large-3\"  >\n\t\t\t\t<div class=\"col-inner text-center\"  >\n\t\t\t\n\t\t\t\n<a href=\"https:\/\/ptm-mechatronics.com\/wp-content\/uploads\/2026\/01\/Lab_V1.pdf\" target=\"_blank\" class=\"button primary expand\" rel=\"noopener\" style=\"border-radius:10px;\">\n\t\t<span>N\u00e1vod na obsluhu V1<\/span>\n\t<\/a>\n\n\t\t<\/div>\n\t\t\t\t\t<\/div>\n\n\t\n<\/div>\n<div class=\"row row-small align-equal\"  id=\"row-1150157810\">\n\n\t<div id=\"col-284794266\" class=\"col medium-3 small-12 large-3\"  >\n\t\t\t\t<div class=\"col-inner\" style=\"background-color:rgb(239, 239, 239);\" >\n\t\t\t\n\t\t\t\n<p>Ru\u010dn\u00fd mix\u00e9r<br \/>eco-Up<br \/>450\/900\/900G\/1800<\/p>\n\t\t<\/div>\n\t\t\t\t\n<style>\n#col-284794266 > .col-inner {\n  padding: 10px 10px 0px 10px;\n}\n<\/style>\n\t<\/div>\n\n\t\n\n\t<div id=\"col-1864418053\" class=\"col medium-3 small-12 large-3\"  >\n\t\t\t\t<div class=\"col-inner\" style=\"background-color:rgb(239, 239, 239);\" >\n\t\t\t\n\t\t\t\n<p>N\u00e1vod na obsluhu<\/p>\n\t\t<\/div>\n\t\t\t\t\n<style>\n#col-1864418053 > .col-inner {\n  padding: 10px 10px 0px 10px;\n}\n<\/style>\n\t<\/div>\n\n\t\n\n\t<div id=\"col-1403308747\" class=\"col medium-3 small-12 large-3\"  >\n\t\t\t\t<div class=\"col-inner\" style=\"background-color:rgb(239, 239, 239);\" >\n\t\t\t\n\t\t\t\n<p>Nem\u010dina \/ angli\u010dtina<\/p>\n\t\t<\/div>\n\t\t\t\t\n<style>\n#col-1403308747 > .col-inner {\n  padding: 10px 10px 0px 10px;\n}\n<\/style>\n\t<\/div>\n\n\t\n\n\t<div id=\"col-1988007136\" class=\"col medium-3 small-12 large-3\"  >\n\t\t\t\t<div class=\"col-inner text-center\"  >\n\t\t\t\n\t\t\t\n<a href=\"https:\/\/ptm-mechatronics.com\/wp-content\/uploads\/2026\/01\/Up_V1.pdf\" target=\"_blank\" class=\"button primary expand\" rel=\"noopener\" style=\"border-radius:10px;\">\n\t\t<span>N\u00e1vod na obsluhu V1<\/span>\n\t<\/a>\n\n\t\t<\/div>\n\t\t\t\t\t<\/div>\n\n\t\n<\/div>\n<div class=\"row row-small align-equal\"  id=\"row-141776131\">\n\n\t<div id=\"col-1408268342\" class=\"col medium-3 small-12 large-3\"  >\n\t\t\t\t<div class=\"col-inner\" style=\"background-color:rgb(239, 239, 239);\" >\n\t\t\t\n\t\t\t\n<p>R\u00fdchlov\u00fdmenn\u00fd syst\u00e9m pre mie\u0161acie hriadele<br \/>eco-Quick V2, V3, V4<\/p>\n\t\t<\/div>\n\t\t\t\t\n<style>\n#col-1408268342 > .col-inner {\n  padding: 10px 10px 0px 10px;\n}\n<\/style>\n\t<\/div>\n\n\t\n\n\t<div id=\"col-390155681\" class=\"col medium-3 small-12 large-3\"  >\n\t\t\t\t<div class=\"col-inner\" style=\"background-color:rgb(239, 239, 239);\" >\n\t\t\t\n\t\t\t\n<p>N\u00e1vod na obsluhu<\/p>\n\t\t<\/div>\n\t\t\t\t\n<style>\n#col-390155681 > .col-inner {\n  padding: 10px 10px 0px 10px;\n}\n<\/style>\n\t<\/div>\n\n\t\n\n\t<div id=\"col-1931466478\" class=\"col medium-3 small-12 large-3\"  >\n\t\t\t\t<div class=\"col-inner\" style=\"background-color:rgb(239, 239, 239);\" >\n\t\t\t\n\t\t\t\n<p>Nem\u010dina \/ angli\u010dtina<\/p>\n\t\t<\/div>\n\t\t\t\t\n<style>\n#col-1931466478 > .col-inner {\n  padding: 10px 10px 0px 10px;\n}\n<\/style>\n\t<\/div>\n\n\t\n\n\t<div id=\"col-582412710\" class=\"col medium-3 small-12 large-3\"  >\n\t\t\t\t<div class=\"col-inner text-center\"  >\n\t\t\t\n\t\t\t\n<a href=\"https:\/\/ptm-mechatronics.com\/wp-content\/uploads\/2026\/04\/EQ_V2-V3-V4.pdf\" target=\"_blank\" class=\"button primary expand\" rel=\"noopener\" style=\"border-radius:10px;\">\n\t\t<span>N\u00e1vod na obsluhu V1<\/span>\n\t<\/a>\n\n\t\t<\/div>\n\t\t\t\t\t<\/div>\n\n\t\n<\/div>\n<div class=\"row row-small align-equal\"  id=\"row-497023041\">\n\n\t<div id=\"col-1188403782\" class=\"col medium-3 small-12 large-3\"  >\n\t\t\t\t<div class=\"col-inner\" style=\"background-color:rgb(239, 239, 239);\" >\n\t\t\t\n\t\t\t\n<p>Stativr\u00fchrwerk eco-Station pro<br \/>10\u201360 Liter \/ 30\u2013200 Liter \/ 60\u20131000 Liter<\/p>\n\t\t<\/div>\n\t\t\t\t\n<style>\n#col-1188403782 > .col-inner {\n  padding: 10px 10px 0px 10px;\n}\n<\/style>\n\t<\/div>\n\n\t\n\n\t<div id=\"col-303767526\" class=\"col medium-3 small-12 large-3\"  >\n\t\t\t\t<div class=\"col-inner\" style=\"background-color:rgb(239, 239, 239);\" >\n\t\t\t\n\t\t\t\n<p>N\u00e1vod na mont\u00e1\u017e a obsluhu<\/p>\n\t\t<\/div>\n\t\t\t\t\n<style>\n#col-303767526 > .col-inner {\n  padding: 10px 10px 0px 10px;\n}\n<\/style>\n\t<\/div>\n\n\t\n\n\t<div id=\"col-561132979\" class=\"col medium-3 small-12 large-3\"  >\n\t\t\t\t<div class=\"col-inner\" style=\"background-color:rgb(239, 239, 239);\" >\n\t\t\t\n\t\t\t\n<p>Nem\u010dina \/ angli\u010dtina<\/p>\n\t\t<\/div>\n\t\t\t\t\n<style>\n#col-561132979 > .col-inner {\n  padding: 10px 10px 0px 10px;\n}\n<\/style>\n\t<\/div>\n\n\t\n\n\t<div id=\"col-214663734\" class=\"col medium-3 small-12 large-3\"  >\n\t\t\t\t<div class=\"col-inner text-center\"  >\n\t\t\t\n\t\t\t\n<a href=\"https:\/\/ptm-mechatronics.com\/wp-content\/uploads\/2026\/05\/eco-Station_pro_V1.pdf\" target=\"_blank\" class=\"button primary expand\" rel=\"noopener\" style=\"border-radius:10px;\">\n\t\t<span>N\u00e1vod na obsluhu V1<\/span>\n\t<\/a>\n\n<a href=\"https:\/\/ptm-mechatronics.com\/wp-content\/uploads\/2026\/05\/Konformitaetserklaerung-eco-Station-pro.pdf\" target=\"_blank\" class=\"button primary expand\" rel=\"noopener\" style=\"border-radius:10px;\">\n\t\t<span>Vyhl\u00e1senie o zhode<\/span>\n\t<\/a>\n\n<a href=\"https:\/\/ptm-mechatronics.com\/wp-content\/uploads\/2026\/05\/ATEX-Certification-eco-Station-Pro.pdf\" target=\"_blank\" class=\"button primary expand\" rel=\"noopener\" style=\"border-radius:10px;\">\n\t\t<span>ATEX Zertifikat<\/span>\n\t<\/a>\n\n\t\t<\/div>\n\t\t\t\t\t<\/div>\n\n\t\n<\/div>\n\t\t<\/div>\n\n\t\t\n<style>\n#section_520858963 {\n  padding-top: 30px;\n  padding-bottom: 30px;\n}\n<\/style>\n\t<\/section>\n\t\n\n\t<section class=\"section st-kontakt pt-60 pb-60 col-pb-0\" id=\"section_1057903564\">\n\t\t<div class=\"section-bg fill\" >\n\t\t\t<img loading=\"lazy\" decoding=\"async\" width=\"1600\" height=\"444\" src=\"https:\/\/ptm-mechatronics.com\/wp-content\/uploads\/2024\/10\/BG_kontakt.png\" class=\"bg attachment-original size-original\" alt=\"\" \/>\t\t\t\t\t\t\n\t\t\t\n\n\t\t<\/div>\n\n\t\t\n\n\t\t<div class=\"section-content relative\">\n\t\t\t\r\n\r\n<div class=\"row\"  id=\"row-1318667818\">\r\n\r\n\n\t<div id=\"col-964019465\" class=\"col small-12 large-12\"  >\n\t\t\t\t<div class=\"col-inner\"  >\n\t\t\t\n\t\t\t\r\n\r\n\t<div id=\"text-2928898227\" class=\"text\">\n\t\t\r\n\r\n<h3>Kontakt a poradenstvo<\/h3>\r\n<p>Chcete sa poradi\u0165 o na\u0161ich produktoch? Na\u0161i odborn\u00edci sa radi postaraj\u00fa o va\u0161u po\u017eiadavku:<\/p>\r\n<h4><a href=\"mailto:info@ptm-mechatronics.com\">info@ptm-mechatronics.com<\/a><br \/>\r\n<a href=\"tel:+498134257970\">+49 8134 \/ 25 797 0<\/a><\/h4>\r\n\t\t\n<style>\n#text-2928898227 {\n  color: rgb(255, 255, 255);\n}\n#text-2928898227 > * {\n  color: rgb(255, 255, 255);\n}\n<\/style>\n\t<\/div>\n\t\r\n\r\n\t\t<\/div>\n\t\t\t\t\t<\/div>\n\n\t\r\n\r\n<\/div>\r\n\r\n\t\t<\/div>\n\n\t\t\n<style>\n#section_1057903564 {\n  padding-top: 30px;\n  padding-bottom: 30px;\n}\n#section_1057903564 .section-bg img {\n  object-position: 84% 53%;\n}\n<\/style>\n\t<\/section>\n\t\r\n\n\t<section class=\"section pb-60 pt-60 besuchen\" id=\"section_602466314\">\n\t\t<div class=\"section-bg fill\" >\n\t\t\t\t\t\t\t\t\t\n\t\t\t\n\n\t\t<\/div>\n\n\t\t\n\n\t\t<div class=\"section-content relative\">\n\t\t\t\r\n\r\n<div class=\"row align-center\"  id=\"row-1780094338\">\r\n\r\n\n\t<div id=\"col-1399831970\" class=\"col small-12 large-12\"  >\n\t\t\t\t<div class=\"col-inner text-center\"  >\n\t\t\t\n\t\t\t\r\n\r\n\t<div id=\"text-807457941\" class=\"text title-box\">\n\t\t\r\n\r\n<h3>Nav\u0161t\u00edvi\u0165 n\u00e1s m\u00f4\u017eete aj na adrese<\/h3>\r\n\t\t\n<style>\n#text-807457941 {\n  text-align: center;\n}\n<\/style>\n\t<\/div>\n\t\r\n\r\n\t\t<\/div>\n\t\t\t\t\t<\/div>\n\n\t\r\n\r\n<\/div>\r\n<div class=\"row align-middle align-center\" style=\"max-width:605px\" id=\"row-62939498\">\r\n\r\n\n\t<div id=\"col-436164758\" class=\"col medium-4 small-12 large-4\"  >\n\t\t\t\t<div class=\"col-inner\"  >\n\t\t\t\n\t\t\t\r\n\r\n\t<div class=\"img has-hover x md-x lg-x y md-y lg-y\" id=\"image_265354409\">\n\t\t<a class=\"\" href=\"https:\/\/www.linkedin.com\/company\/68597546\/\" target=\"_blank\" rel=\"noopener\">\t\t\t\t\t\t<div class=\"img-inner dark\" >\n\t\t\t<img loading=\"lazy\" decoding=\"async\" width=\"480\" height=\"209\" src=\"https:\/\/ptm-mechatronics.com\/wp-content\/uploads\/2024\/10\/PTM-mechatronics-bei-LinkedIn-480x209-1.png\" class=\"attachment-original size-original\" alt=\"\" srcset=\"https:\/\/ptm-mechatronics.com\/wp-content\/uploads\/2024\/10\/PTM-mechatronics-bei-LinkedIn-480x209-1.png 480w, https:\/\/ptm-mechatronics.com\/wp-content\/uploads\/2024\/10\/PTM-mechatronics-bei-LinkedIn-480x209-1-300x131.png 300w, https:\/\/ptm-mechatronics.com\/wp-content\/uploads\/2024\/10\/PTM-mechatronics-bei-LinkedIn-480x209-1-100x44.png 100w, https:\/\/ptm-mechatronics.com\/wp-content\/uploads\/2024\/10\/PTM-mechatronics-bei-LinkedIn-480x209-1-447x195.png 447w\" sizes=\"auto, (max-width: 480px) 100vw, 480px\" \/>\t\t\t\t\t\t\n\t\t\t\t\t<\/div>\n\t\t\t\t\t\t<\/a>\t\t\n<style>\n#image_265354409 {\n  width: 100%;\n}\n<\/style>\n\t<\/div>\n\t\r\n\r\n\r\n\t\t<\/div>\n\t\t\t\t\t<\/div>\n\n\t\r\n\n\t<div id=\"col-1290071161\" class=\"col medium-4 small-12 large-4\"  >\n\t\t\t\t<div class=\"col-inner\"  >\n\t\t\t\n\t\t\t\r\n\r\n\t<div class=\"img has-hover x md-x lg-x y md-y lg-y\" id=\"image_157631479\">\n\t\t<a class=\"\" href=\"https:\/\/www.xing.com\/pages\/ptm-mechatronics-gmbh\" target=\"_blank\" rel=\"noopener\">\t\t\t\t\t\t<div class=\"img-inner dark\" >\n\t\t\t<img loading=\"lazy\" decoding=\"async\" width=\"300\" height=\"130\" src=\"https:\/\/ptm-mechatronics.com\/wp-content\/uploads\/2024\/10\/Xing-1-e1530203231869-300x130-1.jpg\" class=\"attachment-original size-original\" alt=\"\" srcset=\"https:\/\/ptm-mechatronics.com\/wp-content\/uploads\/2024\/10\/Xing-1-e1530203231869-300x130-1.jpg 300w, https:\/\/ptm-mechatronics.com\/wp-content\/uploads\/2024\/10\/Xing-1-e1530203231869-300x130-1-100x43.jpg 100w\" sizes=\"auto, (max-width: 300px) 100vw, 300px\" \/>\t\t\t\t\t\t\n\t\t\t\t\t<\/div>\n\t\t\t\t\t\t<\/a>\t\t\n<style>\n#image_157631479 {\n  width: 100%;\n}\n<\/style>\n\t<\/div>\n\t\r\n\r\n\r\n\t\t<\/div>\n\t\t\t\t\t<\/div>\n\n\t\r\n\n\t<div id=\"col-512929983\" class=\"col medium-4 small-12 large-4\"  >\n\t\t\t\t<div class=\"col-inner\"  >\n\t\t\t\n\t\t\t\r\n\r\n\t<div class=\"img has-hover x md-x lg-x y md-y lg-y\" id=\"image_1438984145\">\n\t\t<a class=\"\" href=\"https:\/\/www.youtube.com\/@ptmmechatronicsgmbh806\" target=\"_blank\" rel=\"noopener\">\t\t\t\t\t\t<div class=\"img-inner dark\" >\n\t\t\t<img loading=\"lazy\" decoding=\"async\" width=\"300\" height=\"133\" src=\"https:\/\/ptm-mechatronics.com\/wp-content\/uploads\/2024\/10\/Youtube-1-e1530203212402-300x133-1.jpg\" class=\"attachment-original size-original\" alt=\"\" srcset=\"https:\/\/ptm-mechatronics.com\/wp-content\/uploads\/2024\/10\/Youtube-1-e1530203212402-300x133-1.jpg 300w, https:\/\/ptm-mechatronics.com\/wp-content\/uploads\/2024\/10\/Youtube-1-e1530203212402-300x133-1-100x44.jpg 100w\" sizes=\"auto, (max-width: 300px) 100vw, 300px\" \/>\t\t\t\t\t\t\n\t\t\t\t\t<\/div>\n\t\t\t\t\t\t<\/a>\t\t\n<style>\n#image_1438984145 {\n  width: 100%;\n}\n<\/style>\n\t<\/div>\n\t\r\n\r\n\r\n\t\t<\/div>\n\t\t\t\t\t<\/div>\n\n\t\r\n\r\n<\/div>\r\n\r\n\t\t<\/div>\n\n\t\t\n<style>\n#section_602466314 {\n  padding-top: 30px;\n  padding-bottom: 30px;\n  background-color: rgb(255, 255, 255);\n}\n<\/style>\n\t<\/section>","protected":false},"excerpt":{"rendered":"","protected":false},"author":5,"featured_media":0,"parent":0,"menu_order":0,"comment_status":"closed","ping_status":"closed","template":"","meta":{"_acf_changed":false,"footnotes":""},"class_list":["post-15999","page","type-page","status-publish","hentry"],"acf":[],"_links":{"self":[{"href":"https:\/\/ptm-mechatronics.com\/sk\/wp-json\/wp\/v2\/pages\/15999","targetHints":{"allow":["GET"]}}],"collection":[{"href":"https:\/\/ptm-mechatronics.com\/sk\/wp-json\/wp\/v2\/pages"}],"about":[{"href":"https:\/\/ptm-mechatronics.com\/sk\/wp-json\/wp\/v2\/types\/page"}],"author":[{"embeddable":true,"href":"https:\/\/ptm-mechatronics.com\/sk\/wp-json\/wp\/v2\/users\/5"}],"replies":[{"embeddable":true,"href":"https:\/\/ptm-mechatronics.com\/sk\/wp-json\/wp\/v2\/comments?post=15999"}],"version-history":[{"count":8,"href":"https:\/\/ptm-mechatronics.com\/sk\/wp-json\/wp\/v2\/pages\/15999\/revisions"}],"predecessor-version":[{"id":16259,"href":"https:\/\/ptm-mechatronics.com\/sk\/wp-json\/wp\/v2\/pages\/15999\/revisions\/16259"}],"wp:attachment":[{"href":"https:\/\/ptm-mechatronics.com\/sk\/wp-json\/wp\/v2\/media?parent=15999"}],"curies":[{"name":"wp","href":"https:\/\/api.w.org\/{rel}","templated":true}]}}