{"id":13599,"date":"2025-05-14T09:37:19","date_gmt":"2025-05-14T07:37:19","guid":{"rendered":"https:\/\/ptm-mechatronics.com\/?page_id=13599"},"modified":"2025-05-14T09:41:19","modified_gmt":"2025-05-14T07:41:19","slug":"widerrufsrecht","status":"publish","type":"page","link":"https:\/\/ptm-mechatronics.com\/sk\/widerrufsrecht\/","title":{"rendered":"Pr\u00e1vo na zru\u0161enie"},"content":{"rendered":"<section class=\"section\" id=\"section_2020588626\">\n\t\t<div class=\"section-bg fill\" >\n\t\t\t\t\t\t\t\t\t<div class=\"section-bg-overlay absolute fill\"><\/div>\n\t\t\t\n\n\t\t<\/div>\n\n\t\t\n\n\t\t<div class=\"section-content relative\">\n\t\t\t\n<h3 data-start=\"269\" data-end=\"308\"><span class=\"_fadeIn_m1hgl_8\">\u017diadne <\/span><span class=\"_fadeIn_m1hgl_8\">Pr\u00e1vo na zru\u0161enie <\/span><span class=\"_fadeIn_m1hgl_8\">pre <\/span><span class=\"_fadeIn_m1hgl_8\">Podnikate\u013e<\/span><\/h3>\n<p data-start=\"310\" data-end=\"601\"><span class=\"_fadeIn_m1hgl_8\">Na\u0161a str\u00e1nka <\/span><span class=\"_fadeIn_m1hgl_8\">Ponuka <\/span><span class=\"_fadeIn_m1hgl_8\">smerovan\u00e9 <\/span><span class=\"_fadeIn_m1hgl_8\">samotn\u00fd <\/span><span class=\"_fadeIn_m1hgl_8\">v\u00fdlu\u010dne <\/span><span class=\"_fadeIn_m1hgl_8\">na str\u00e1nke . <\/span><span class=\"_fadeIn_m1hgl_8\">Podnikate\u013e <\/span><span class=\"_fadeIn_m1hgl_8\">v <\/span><span class=\"_fadeIn_m1hgl_8\">Zmysly <\/span><span class=\"_fadeIn_m1hgl_8\">z <a href=\"https:\/\/www.gesetze-im-internet.de\/bgb\/__14.html\" target=\"_blank\" rel=\"noopener\">\u00a7 <\/a><\/span><span class=\"_fadeIn_m1hgl_8\">14 <\/span><span class=\"_fadeIn_m1hgl_8\">NEMECK\u00dd OB\u010cIANSKY Z\u00c1KONN\u00cdK<\/span><span class=\"_fadeIn_m1hgl_8\">, <\/span><span class=\"_fadeIn_m1hgl_8\">tak\u017ee <\/span><span class=\"_fadeIn_m1hgl_8\">na str\u00e1nke . <\/span><span class=\"_fadeIn_m1hgl_8\">pr\u00edrodn\u00e9 <\/span><span class=\"_fadeIn_m1hgl_8\">alebo <\/span><span class=\"_fadeIn_m1hgl_8\">pr\u00e1vne <\/span><span class=\"_fadeIn_m1hgl_8\">Osoby <\/span><span class=\"_fadeIn_m1hgl_8\">resp. <\/span><span class=\"_fadeIn_m1hgl_8\">s pr\u00e1vnou sp\u00f4sobilos\u0165ou <\/span><span class=\"_fadeIn_m1hgl_8\">Partnerstv\u00e1, <\/span><span class=\"_fadeIn_m1hgl_8\">. <\/span><span class=\"_fadeIn_m1hgl_8\">s <\/span><span class=\"_fadeIn_m1hgl_8\">Z\u00e1ver <\/span><span class=\"_fadeIn_m1hgl_8\">z <\/span><span class=\"_fadeIn_m1hgl_8\">Pr\u00e1vna transakcia <\/span><span class=\"_fadeIn_m1hgl_8\">na str\u00e1nke <\/span><span class=\"_fadeIn_m1hgl_8\">Cvi\u010denie <\/span><span class=\"_fadeIn_m1hgl_8\">ich <\/span><span class=\"_fadeIn_m1hgl_8\">komer\u010dn\u00e9 <\/span><span class=\"_fadeIn_m1hgl_8\">alebo <\/span><span class=\"_fadeIn_m1hgl_8\">nez\u00e1visl\u00e9 <\/span><span class=\"_fadeIn_m1hgl_8\">profesion\u00e1lne <\/span><span class=\"_fadeIn_m1hgl_8\">Aktivita <\/span><span class=\"_fadeIn_m1hgl_8\">kona\u0165.<\/span><\/p>\n<p data-start=\"603\" data-end=\"659\"><span class=\"_fadeIn_m1hgl_8\">A <\/span><span class=\"_fadeIn_m1hgl_8\">pr\u00e1vne <\/span><span class=\"_fadeIn_m1hgl_8\">Pr\u00e1vo na zru\u0161enie <\/span><span class=\"_fadeIn_m1hgl_8\">existuje <\/span><span class=\"_fadeIn_m1hgl_8\">preto <\/span><span class=\"_fadeIn_m1hgl_8\">nie.<\/span><\/p>\n<h3 data-start=\"661\" data-end=\"699\"><span class=\"_fadeIn_m1hgl_8\">Pre\u010do <\/span><span class=\"_fadeIn_m1hgl_8\">Neuplat\u0148uje sa <\/span><span class=\"_fadeIn_m1hgl_8\">. <\/span><span class=\"_fadeIn_m1hgl_8\">Pr\u00e1vo na zru\u0161enie?<\/span><\/h3>\n<p data-start=\"701\" data-end=\"976\"><span class=\"_fadeIn_m1hgl_8\">Str\u00e1nka <\/span><span class=\"_fadeIn_m1hgl_8\">Pr\u00e1vo na zru\u0161enie <\/span><span class=\"_fadeIn_m1hgl_8\">na <a href=\"https:\/\/www.gesetze-im-internet.de\/bgb\/__355.html\" target=\"_blank\" rel=\"noopener\">\u00a7 <\/a><\/span><a href=\"\/sk\/_wp_link_placeholder\/\"><span class=\"_fadeIn_m1hgl_8\">355 <\/span><span class=\"_fadeIn_m1hgl_8\">NEMECK\u00dd OB\u010cIANSKY Z\u00c1KONN\u00cdK <\/span><\/a><span class=\"_fadeIn_m1hgl_8\">plat\u00ed <\/span><span class=\"_fadeIn_m1hgl_8\">v\u00fdlu\u010dne <\/span><span class=\"_fadeIn_m1hgl_8\">pre <\/span><span class=\"_fadeIn_m1hgl_8\">Spotrebitelia. <\/span><span class=\"_fadeIn_m1hgl_8\">Ke\u010f\u017ee <\/span><span class=\"_fadeIn_m1hgl_8\">my <\/span><span class=\"_fadeIn_m1hgl_8\">v\u00fdlu\u010dne <\/span><span class=\"_fadeIn_m1hgl_8\">s <\/span><span class=\"_fadeIn_m1hgl_8\">Firemn\u00ed z\u00e1kazn\u00edci <\/span><span class=\"_fadeIn_m1hgl_8\">spolupracova\u0165, <\/span><span class=\"_fadeIn_m1hgl_8\">Neuplat\u0148uje sa <\/span><span class=\"_fadeIn_m1hgl_8\">. <\/span><span class=\"_fadeIn_m1hgl_8\">Povinn\u00e9 <\/span><span class=\"_fadeIn_m1hgl_8\">na <\/span><span class=\"_fadeIn_m1hgl_8\">Koncesia <\/span><span class=\"_fadeIn_m1hgl_8\">jeden <\/span><span class=\"_fadeIn_m1hgl_8\">tak\u00e9to <\/span><span class=\"_fadeIn_m1hgl_8\">pr\u00e1vo na zru\u0161enie. <\/span><span class=\"_fadeIn_m1hgl_8\">Tieto str\u00e1nky <\/span><span class=\"_fadeIn_m1hgl_8\">Nariadenie <\/span><span class=\"_fadeIn_m1hgl_8\">sl\u00fa\u017ei <\/span><span class=\"_fadeIn_m1hgl_8\">. <\/span><span class=\"_fadeIn_m1hgl_8\">Clarity <\/span><span class=\"_fadeIn_m1hgl_8\">a <\/span><span class=\"_fadeIn_m1hgl_8\">. <\/span><span class=\"_fadeIn_m1hgl_8\">Spravodlivos\u0165 <\/span><span class=\"_fadeIn_m1hgl_8\">v <\/span><span class=\"_fadeIn_m1hgl_8\">obchod <\/span><span class=\"_fadeIn_m1hgl_8\">Doprava.<\/span><\/p>\n<h3 data-start=\"978\" data-end=\"1015\"><span class=\"_fadeIn_m1hgl_8\">Na\u0161a str\u00e1nka <\/span><span class=\"_fadeIn_m1hgl_8\">dobrovo\u013en\u00e9 <\/span><span class=\"_fadeIn_m1hgl_8\">Rezerva na goodwill<\/span><\/h3>\n<p data-start=\"1017\" data-end=\"1322\"><span class=\"_fadeIn_m1hgl_8\">Tie\u017e <\/span><span class=\"_fadeIn_m1hgl_8\">ke\u010f <\/span><span class=\"_fadeIn_m1hgl_8\">\u017eiadne <\/span><span class=\"_fadeIn_m1hgl_8\">pr\u00e1vne <\/span><span class=\"_fadeIn_m1hgl_8\">N\u00e1rok <\/span><span class=\"_fadeIn_m1hgl_8\">na str\u00e1nke . <\/span><span class=\"_fadeIn_m1hgl_8\">Odvolanie <\/span><span class=\"_fadeIn_m1hgl_8\">existuje, <\/span><span class=\"_fadeIn_m1hgl_8\">je . <\/span><span class=\"_fadeIn_m1hgl_8\">n\u00e1s <\/span><span class=\"_fadeIn_m1hgl_8\">Va\u0161a str\u00e1nka <\/span><span class=\"_fadeIn_m1hgl_8\">Spokojnos\u0165 <\/span><span class=\"_fadeIn_m1hgl_8\">d\u00f4le\u017eit\u00e9. <\/span><span class=\"_fadeIn_m1hgl_8\">Mal by <\/span><span class=\"_fadeIn_m1hgl_8\">to <\/span><span class=\"_fadeIn_m1hgl_8\">raz <\/span><span class=\"_fadeIn_m1hgl_8\">na <\/span><span class=\"_fadeIn_m1hgl_8\">probl\u00e9my <\/span><span class=\"_fadeIn_m1hgl_8\">s <\/span><span class=\"_fadeIn_m1hgl_8\">jeden <\/span><span class=\"_fadeIn_m1hgl_8\">doru\u010denie <\/span><span class=\"_fadeIn_m1hgl_8\">alebo <\/span><span class=\"_fadeIn_m1hgl_8\">jeden <\/span><span class=\"_fadeIn_m1hgl_8\">Produkt <\/span><span class=\"_fadeIn_m1hgl_8\">pr\u00eds\u0165, <\/span><span class=\"_fadeIn_m1hgl_8\">nastavi\u0165 <\/span><span class=\"_fadeIn_m1hgl_8\">Vy <\/span><span class=\"_fadeIn_m1hgl_8\">samotn\u00fd <\/span><span class=\"_fadeIn_m1hgl_8\">pros\u00edm <\/span><span class=\"_fadeIn_m1hgl_8\">s <\/span><span class=\"_fadeIn_m1hgl_8\">n\u00e1s <\/span><span class=\"_fadeIn_m1hgl_8\">na str\u00e1nke <\/span><span class=\"_fadeIn_m1hgl_8\">Pripojenie. <\/span><span class=\"_fadeIn_m1hgl_8\">My <\/span><span class=\"_fadeIn_m1hgl_8\">kontrola <\/span><span class=\"_fadeIn_m1hgl_8\">spolu <\/span><span class=\"_fadeIn_m1hgl_8\">jeden <\/span><span class=\"_fadeIn_m1hgl_8\">orient\u00e1cia na z\u00e1kazn\u00edka <\/span><span class=\"_fadeIn_m1hgl_8\">Rie\u0161enie <\/span><span class=\"_fadeIn_m1hgl_8\">v <\/span><span class=\"_fadeIn_m1hgl_8\">R\u00e1m <\/span><span class=\"_fadeIn_m1hgl_8\">na\u0161e <\/span><span class=\"_fadeIn_m1hgl_8\">Rezerva na goodwill<\/span><span class=\"_fadeIn_m1hgl_8\">.<\/span><\/p>\n<p data-start=\"1324\" data-end=\"1439\"><span class=\"_fadeIn_m1hgl_8\">Kontaktujte n\u00e1s <\/span><span class=\"_fadeIn_m1hgl_8\">Vy <\/span><span class=\"_fadeIn_m1hgl_8\">n\u00e1s <\/span><span class=\"_fadeIn_m1hgl_8\">okrem toho <\/span><span class=\"_fadeIn_m1hgl_8\">jednoduch\u00fd <\/span><span class=\"_fadeIn_m1hgl_8\">na <\/span><span class=\"_fadeIn_m1hgl_8\">E-<\/span><span class=\"_fadeIn_m1hgl_8\">Mail <\/span><span class=\"_fadeIn_m1hgl_8\">na info@ptm-mechatronics.<\/span><span class=\"_fadeIn_m1hgl_8\">com<\/span> <span class=\"_fadeIn_m1hgl_8\">alebo <\/span><span class=\"_fadeIn_m1hgl_8\">telefonicky <\/span><span class=\"_fadeIn_m1hgl_8\">pod +<\/span><span class=\"_fadeIn_m1hgl_8\">49 8134 25 797 0<\/span><span class=\"_fadeIn_m1hgl_8\">.<\/span><\/p>\n<h3 data-start=\"1441\" data-end=\"1466\"><span class=\"_fadeIn_m1hgl_8\">Viac na <\/span><span class=\"_fadeIn_m1hgl_8\">Inform\u00e1cie o<\/span><\/h3>\n<p data-start=\"1468\" data-end=\"1655\"><span class=\"_fadeIn_m1hgl_8\">Podrobn\u00e9 inform\u00e1cie na <\/span><span class=\"_fadeIn_m1hgl_8\">Inform\u00e1cie o <\/span><span class=\"_fadeIn_m1hgl_8\">N\u00e1js\u0165 <\/span><span class=\"_fadeIn_m1hgl_8\">Vy <\/span><span class=\"_fadeIn_m1hgl_8\">na str\u00e1nke <\/span><span class=\"_fadeIn_m1hgl_8\">na\u0161e <\/span><a href=\"https:\/\/ptm-mechatronics.com\/sk\/agb\/\" target=\"_blank\" rel=\"noopener\"><span class=\"_fadeIn_m1hgl_8\">V\u0161eobecn\u00e9 <\/span><span class=\"_fadeIn_m1hgl_8\">Podmienky (<\/span><span class=\"_fadeIn_m1hgl_8\">GTC)<\/span><\/a><span class=\"_fadeIn_m1hgl_8\">, <\/span><span class=\"_fadeIn_m1hgl_8\">na str\u00e1nke <\/span><span class=\"_fadeIn_m1hgl_8\">tie <\/span><span class=\"_fadeIn_m1hgl_8\">tie\u017e <\/span><span class=\"_fadeIn_m1hgl_8\">regulovan\u00e9 <\/span><span class=\"_fadeIn_m1hgl_8\">je, <\/span><span class=\"_fadeIn_m1hgl_8\">\u017ee <\/span><span class=\"_fadeIn_m1hgl_8\">na\u0161e <\/span><span class=\"_fadeIn_m1hgl_8\">Ponuka <\/span><span class=\"_fadeIn_m1hgl_8\">v\u00fdlu\u010dne <\/span><span class=\"_fadeIn_m1hgl_8\">pre <\/span><span class=\"_fadeIn_m1hgl_8\">komer\u010dn\u00e9 <\/span><span class=\"_fadeIn_m1hgl_8\">Z\u00e1kazn\u00edci <\/span><span class=\"_fadeIn_m1hgl_8\">plat\u00ed.<\/span><\/p>\n\t\t<\/div>\n\n\t\t\n<style>\n#section_2020588626 {\n  padding-top: 30px;\n  padding-bottom: 30px;\n}\n#section_2020588626 .section-bg-overlay {\n  background-color: rgba(255, 255, 255, 0.459);\n}\n<\/style>\n\t<\/section>","protected":false},"excerpt":{"rendered":"","protected":false},"author":5,"featured_media":0,"parent":0,"menu_order":0,"comment_status":"closed","ping_status":"closed","template":"","meta":{"_acf_changed":false,"footnotes":""},"class_list":["post-13599","page","type-page","status-publish","hentry"],"acf":[],"_links":{"self":[{"href":"https:\/\/ptm-mechatronics.com\/sk\/wp-json\/wp\/v2\/pages\/13599","targetHints":{"allow":["GET"]}}],"collection":[{"href":"https:\/\/ptm-mechatronics.com\/sk\/wp-json\/wp\/v2\/pages"}],"about":[{"href":"https:\/\/ptm-mechatronics.com\/sk\/wp-json\/wp\/v2\/types\/page"}],"author":[{"embeddable":true,"href":"https:\/\/ptm-mechatronics.com\/sk\/wp-json\/wp\/v2\/users\/5"}],"replies":[{"embeddable":true,"href":"https:\/\/ptm-mechatronics.com\/sk\/wp-json\/wp\/v2\/comments?post=13599"}],"version-history":[{"count":6,"href":"https:\/\/ptm-mechatronics.com\/sk\/wp-json\/wp\/v2\/pages\/13599\/revisions"}],"predecessor-version":[{"id":13608,"href":"https:\/\/ptm-mechatronics.com\/sk\/wp-json\/wp\/v2\/pages\/13599\/revisions\/13608"}],"wp:attachment":[{"href":"https:\/\/ptm-mechatronics.com\/sk\/wp-json\/wp\/v2\/media?parent=13599"}],"curies":[{"name":"wp","href":"https:\/\/api.w.org\/{rel}","templated":true}]}}