{"id":13487,"date":"2025-05-05T08:49:28","date_gmt":"2025-05-05T06:49:28","guid":{"rendered":"https:\/\/ptm-mechatronics.com\/?page_id=13487"},"modified":"2025-05-05T08:50:50","modified_gmt":"2025-05-05T06:50:50","slug":"youtube-datenschutzerklaerung-impressum","status":"publish","type":"page","link":"https:\/\/ptm-mechatronics.com\/sk\/youtube-datenschutzerklaerung-impressum\/","title":{"rendered":"Youtube Datenschutzerklaerung Impressum"},"content":{"rendered":"<div>\n<h1>Odtla\u010dok<\/h1>\n<p>PTM mechatronics GmbH<br \/>\nPriemyseln\u00fd park 1<br \/>\n82281 Egenhofen<br \/>\nNemecko<\/p>\n<p>Telef\u00f3n: 08134257970<br \/>\nE-mail: info@ptm-mechatronics.com<\/p>\n<p>Registrov\u00fd s\u00fad: miestny s\u00fad v Mn\u00edchove<br \/>\nRegistra\u010dn\u00e9 \u010d\u00edslo: HRB 84593<\/p>\n<p>V\u00fdkonn\u00fd riadite\u013e: Carsten Angermeyer<\/p>\n<\/div>\n<div id=\"itkanzlei_txt_copyright\">\n<div>\n<div>\n<h1>Inform\u00e1cie o ochrane \u00fadajov<\/h1>\n<h2>1) Inform\u00e1cie o zhroma\u017e\u010fovan\u00ed osobn\u00fdch \u00fadajov a kontaktn\u00e9 \u00fadaje prev\u00e1dzkovate\u013ea<\/h2>\n<p><b>1.1<\/b>\u00a0V nasleduj\u00facom texte v\u00e1s informujeme o nakladan\u00ed s va\u0161imi osobn\u00fdmi \u00fadajmi. Osobn\u00e9 \u00fadaje s\u00fa v\u0161etky \u00fadaje, pomocou ktor\u00fdch v\u00e1s mo\u017eno osobne identifikova\u0165.<\/p>\n<p>Pozorne si skontrolujte, ak\u00e9 osobn\u00e9 \u00fadaje n\u00e1m prostredn\u00edctvom slu\u017eby YouTube poskytujete. V\u00fdslovne upozor\u0148ujeme, \u017ee YouTube uchov\u00e1va \u00fadaje svojich pou\u017e\u00edvate\u013eov (napr. osobn\u00e9 \u00fadaje, IP adresu at\u010f.) a m\u00f4\u017ee ich pou\u017e\u00edva\u0165 aj na obchodn\u00e9 \u00fa\u010dely.<\/p>\n<p>Na zhroma\u017e\u010fovanie a \u010fal\u0161ie spracovanie \u00fadajov spolo\u010dnos\u0165ou YouTube nem\u00e1me \u017eiadny vplyv. Okrem toho n\u00e1m nie je jasn\u00e9, v akom rozsahu, kde a ako dlho sa \u00fadaje uchov\u00e1vaj\u00fa, do akej miery spolo\u010dnos\u0165 YouTube pln\u00ed existuj\u00face povinnosti t\u00fdkaj\u00face sa vymazania, ak\u00e9 vyhodnotenia a prepojenia sa s \u00fadajmi vykon\u00e1vaj\u00fa a komu sa \u00fadaje odovzd\u00e1vaj\u00fa. Ak chcete zabr\u00e1ni\u0165 tomu, aby spolo\u010dnos\u0165 YouTube sprac\u00favala osobn\u00e9 \u00fadaje, ktor\u00e9 ste n\u00e1m zaslali, kontaktujte n\u00e1s in\u00fdmi prostriedkami. \u00dapln\u00e9 kontaktn\u00e9 \u00fadaje n\u00e1jdete v na\u0161om pr\u00e1vnom ozn\u00e1men\u00ed o YouTube.<\/p>\n<p><b>1.2<\/b>\u00a0PTM mechatronics GmbH, Gewerbepark 1, 82281 Egenhofen, Nemecko, telef\u00f3n: 08134257970, e-mail: info@ptm-mechatronics.com, je zodpovedn\u00e1 za spracovanie \u00fadajov v zmysle v\u0161eobecn\u00e9ho nariadenia o ochrane \u00fadajov (GDPR), pokia\u013e \u00fadaje, ktor\u00e9 n\u00e1m odovzd\u00e1vate prostredn\u00edctvom slu\u017eby YouTube, spracov\u00e1vame v\u00fdlu\u010dne sami.<\/p>\n<p>Pokia\u013e \u00fadaje, ktor\u00e9 n\u00e1m odovzd\u00e1vate prostredn\u00edctvom slu\u017eby YouTube, sprac\u00fava aj alebo v\u00fdlu\u010dne spolo\u010dnos\u0165 YouTube, za spracovanie \u00fadajov v zmysle v\u0161eobecn\u00e9ho nariadenia o ochrane \u00fadajov (GDPR) zodpoved\u00e1 aj spolo\u010dnos\u0165 Google Ireland Limited, Gordon House, 4 Barrow St, Dublin, D04 E5W5, \u00cdrsko.<\/p>\n<p>\u010eal\u0161ie inform\u00e1cie o spracovan\u00ed \u00fadajov spolo\u010dnos\u0165ou Google Ireland Limited n\u00e1jdete v z\u00e1sad\u00e1ch ochrany osobn\u00fdch \u00fadajov spolo\u010dnosti Google Ireland Limited na adrese <a href=\"https:\/\/policies.google.com\/privacy?hl=de&amp;gl=de\" target=\"_blank\" rel=\"noopener\">https:\/\/policies.google.com<wbr \/>\/s\u00fakromie<wbr \/>?hl=en<wbr \/>&amp;gl=en<\/a>. Tieto z\u00e1sady ochrany osobn\u00fdch \u00fadajov sa vz\u0165ahuj\u00fa na v\u0161etky slu\u017eby pon\u00fakan\u00e9 spolo\u010dnos\u0165ou Google Ireland Limited a jej pridru\u017een\u00fdmi spolo\u010dnos\u0165ami vr\u00e1tane slu\u017eby YouTube. Pri pou\u017e\u00edvan\u00ed slu\u017eby YouTube sa osobn\u00e9 \u00fadaje m\u00f4\u017eu pren\u00e1\u0161a\u0165 aj na servery spolo\u010dnosti Google LLC. v USA.<\/p>\n<p>V pr\u00edpade prenosu \u00fadajov do USA sa poskytovate\u013e pripojil k r\u00e1mcu E\u00da a USA na ochranu osobn\u00fdch \u00fadajov, ktor\u00fd zabezpe\u010duje s\u00falad s eur\u00f3pskou \u00farov\u0148ou ochrany \u00fadajov na z\u00e1klade rozhodnutia Eur\u00f3pskej komisie o primeranosti.<\/p>\n<p>Prev\u00e1dzkovate\u013e osobn\u00fdch \u00fadajov je fyzick\u00e1 alebo pr\u00e1vnick\u00e1 osoba, ktor\u00e1 sama alebo spolo\u010dne s in\u00fdmi ur\u010duje \u00fa\u010dely a prostriedky spracovania osobn\u00fdch \u00fadajov.<\/p>\n<h2>2) \u00daradn\u00edk pre ochranu \u00fadajov<\/h2>\n<p>N\u00e1\u0161ho \u00faradn\u00edka pre ochranu \u00fadajov m\u00f4\u017eete kontaktova\u0165 takto \u201eSarah Angermeyer, Gewerbepark 1, 82281 Egenhofen, sa@ptm-mechatronics.com\u201c<\/p>\n<h2>3) Spracovanie \u00fadajov pri nadv\u00e4zovan\u00ed kontaktu<\/h2>\n<p>Osobn\u00e9 \u00fadaje zhroma\u017e\u010fujeme sami, ke\u010f n\u00e1s kontaktujete, napr. prostredn\u00edctvom kontaktn\u00e9ho formul\u00e1ra alebo messengera. Ktor\u00e9 \u00fadaje zhroma\u017e\u010fujeme, ke\u010f n\u00e1s kontaktujete prostredn\u00edctvom kontaktn\u00e9ho formul\u00e1ra, si m\u00f4\u017eete pozrie\u0165 v pr\u00edslu\u0161nom kontaktnom formul\u00e1ri. Tieto \u00fadaje sa ukladaj\u00fa a pou\u017e\u00edvaj\u00fa v\u00fdlu\u010dne na \u00fa\u010dely odpovede na va\u0161u po\u017eiadavku alebo na kontaktovanie v\u00e1s a s\u00favisiacu technick\u00fa spr\u00e1vu. Pr\u00e1vnym z\u00e1kladom spracovania \u00fadajov je n\u00e1\u0161 opr\u00e1vnen\u00fd z\u00e1ujem reagova\u0165 na va\u0161u po\u017eiadavku v s\u00falade s \u010dl. 6 ods. 1 p\u00edsm. f GDPR. Ak je cie\u013eom v\u00e1\u0161ho kontaktu uzatvorenie zmluvy, \u010fal\u0161\u00edm pr\u00e1vnym z\u00e1kladom na sprac\u00favanie je \u010dl. 6 ods. 1 p\u00edsm. b GDPR. Va\u0161e \u00fadaje bud\u00fa vymazan\u00e9 po kone\u010dnom spracovan\u00ed va\u0161ej po\u017eiadavky, ak neexistuj\u00fa \u017eiadne z\u00e1konn\u00e9 povinnosti uchov\u00e1vania \u00fadajov, ktor\u00e9 by tomu br\u00e1nili. Predpoklad\u00e1me, \u017ee sprac\u00favanie je ukon\u010den\u00e9, ke\u010f je mo\u017en\u00e9 z okolnost\u00ed vyvodi\u0165, \u017ee dan\u00e1 z\u00e1le\u017eitos\u0165 bola definit\u00edvne objasnen\u00e1.<\/p>\n<h2>4) Pr\u00e1va dotknutej osoby<\/h2>\n<p><b>4.1<\/b>\u00a0Platn\u00e9 pr\u00e1vne predpisy o ochrane \u00fadajov v\u00e1m prizn\u00e1vaj\u00fa rozsiahle pr\u00e1va dotknutej osoby (pr\u00e1vo na pr\u00edstup a z\u00e1sah) vo\u010di prev\u00e1dzkovate\u013eovi v s\u00favislosti so spracovan\u00edm va\u0161ich osobn\u00fdch \u00fadajov, o ktor\u00fdch v\u00e1s informujeme ni\u017e\u0161ie:<\/p>\n<ul>\n<li>Pr\u00e1vo na inform\u00e1cie pod\u013ea \u010dl\u00e1nku 15 GDPR;<\/li>\n<li>Pr\u00e1vo na opravu pod\u013ea \u010dl\u00e1nku 16 GDPR;<\/li>\n<li>Pr\u00e1vo na v\u00fdmaz pod\u013ea \u010dl\u00e1nku 17 GDPR;<\/li>\n<li>Pr\u00e1vo na obmedzenie spracovania pod\u013ea \u010dl\u00e1nku 18 GDPR;<\/li>\n<li>Pr\u00e1vo na inform\u00e1cie v s\u00falade s \u010dl\u00e1nkom 19 GDPR;<\/li>\n<li>Pr\u00e1vo na prenosnos\u0165 \u00fadajov pod\u013ea \u010dl\u00e1nku 20 GDPR;<\/li>\n<li>Pr\u00e1vo na odvolanie s\u00fahlasu udelen\u00e9 pod\u013ea \u010dl\u00e1nku 7 ods. 3 GDPR;<\/li>\n<li>Pr\u00e1vo poda\u0165 s\u0165a\u017enos\u0165 pod\u013ea \u010dl\u00e1nku 77 GDPR.<\/li>\n<\/ul>\n<p><b>4.2<\/b>\u00a0PR\u00c1VO NA N\u00c1MIETKU<\/p>\n<p>AK SPRAC\u00daVAME VA\u0160E OSOBN\u00c9 \u00daDAJE V R\u00c1MCI VYVA\u017dOVANIA Z\u00c1UJMOV NA Z\u00c1KLADE N\u00c1\u0160HO PREVA\u017dUJ\u00daCEHO OPR\u00c1VNEN\u00c9HO Z\u00c1UJMU, M\u00c1TE PR\u00c1VO KEDYKO\u013dVEK NAMIETA\u0164 PROTI TOMUTO SPRAC\u00daVANIU S \u00da\u010cINNOS\u0164OU DO BUD\u00daCNOSTI Z D\u00d4VODOV T\u00ddKAJ\u00daCICH SA VA\u0160EJ KONKR\u00c9TNEJ SITU\u00c1CIE.<\/p>\n<p>AK UPLATN\u00cdTE SVOJE PR\u00c1VO NA N\u00c1MIETKU, PRESTANEME PR\u00cdSLU\u0160N\u00c9 \u00daDAJE SPRAC\u00daVA\u0164. VYHRADZUJEME SI V\u0160AK PR\u00c1VO POKRA\u010cOVA\u0164 V SPRAC\u00daVAN\u00cd, AK M\u00d4\u017dEME PREUK\u00c1ZA\u0164 Z\u00c1VA\u017dN\u00c9 OPR\u00c1VNEN\u00c9 D\u00d4VODY NA SPRAC\u00daVANIE, KTOR\u00c9 PREVA\u017dUJ\u00da NAD VA\u0160IMI Z\u00c1UJMAMI, Z\u00c1KLADN\u00ddMI PR\u00c1VAMI A SLOBODAMI, ALEBO AK SPRAC\u00daVANIE SL\u00da\u017dI NA PREUKAZOVANIE, UPLAT\u0147OVANIE ALEBO OBHAJOVANIE PR\u00c1VNYCH N\u00c1ROKOV.<\/p>\n<p>AK VA\u0160E OSOBN\u00c9 \u00daDAJE SPRAC\u00daVAME NA \u00da\u010cELY PRIAMEHO MARKETINGU, M\u00c1TE PR\u00c1VO KEDYKO\u013dVEK NAMIETA\u0164 PROTI SPRAC\u00daVANIU OSOBN\u00ddCH \u00daDAJOV, KTOR\u00c9 SA V\u00c1S T\u00ddKAJ\u00da, NA \u00da\u010cELY TAK\u00c9HOTO MARKETINGU. SVOJU N\u00c1MIETKU M\u00d4\u017dETE UPLATNI\u0164 VY\u0160\u0160IE UVEDEN\u00ddM SP\u00d4SOBOM.<\/p>\n<p>AK VYU\u017dIJETE SVOJE PR\u00c1VO NAMIETA\u0164, PRESTANEME SPRAC\u00daVA\u0164 PR\u00cdSLU\u0160N\u00c9 \u00daDAJE NA \u00da\u010cELY PRIAMEHO MARKETINGU.<\/p>\n<h2>5) Doba uchov\u00e1vania osobn\u00fdch \u00fadajov<\/h2>\n<p>Doba uchov\u00e1vania osobn\u00fdch \u00fadajov sa riadi pr\u00edslu\u0161n\u00fdm pr\u00e1vnym z\u00e1kladom, \u00fa\u010delom spracovania a pr\u00edpadne aj pr\u00edslu\u0161nou z\u00e1konnou lehotou uchov\u00e1vania (napr. lehoty uchov\u00e1vania pod\u013ea obchodn\u00e9ho a da\u0148ov\u00e9ho pr\u00e1va).<\/p>\n<p>Pri sprac\u00favan\u00ed osobn\u00fdch \u00fadajov na z\u00e1klade v\u00fdslovn\u00e9ho s\u00fahlasu v s\u00falade s \u010dl\u00e1nkom 6 ods. 1 p\u00edsm. a) GDPR sa pr\u00edslu\u0161n\u00e9 \u00fadaje uchov\u00e1vaj\u00fa, k\u00fdm svoj s\u00fahlas neodvol\u00e1te.<\/p>\n<p>Ak existuj\u00fa z\u00e1konn\u00e9 lehoty uchov\u00e1vania \u00fadajov, ktor\u00e9 sa sprac\u00favaj\u00fa v r\u00e1mci z\u00e1konn\u00fdch alebo podobn\u00fdch povinnost\u00ed na z\u00e1klade \u010dl\u00e1nku 6 ods. 1 p\u00edsm. b) GDPR, tieto \u00fadaje sa po uplynut\u00ed leh\u00f4t uchov\u00e1vania be\u017ene vyma\u017e\u00fa, ak u\u017e nie s\u00fa potrebn\u00e9 na plnenie zmluvy alebo za\u010datie zmluvy a\/alebo ak u\u017e nem\u00e1me opr\u00e1vnen\u00fd z\u00e1ujem na \u010fal\u0161om uchov\u00e1van\u00ed.<\/p>\n<p>Pri sprac\u00favan\u00ed osobn\u00fdch \u00fadajov na z\u00e1klade \u010dl. 6 ods. 1 p\u00edsm. f GDPR sa tieto \u00fadaje uchov\u00e1vaj\u00fa, k\u00fdm neuplatn\u00edte svoje pr\u00e1vo namieta\u0165 v s\u00falade s \u010dl. 21 ods. 1 GDPR, pokia\u013e nepreuk\u00e1\u017eeme z\u00e1va\u017en\u00e9 opr\u00e1vnen\u00e9 d\u00f4vody na sprac\u00favanie, ktor\u00e9 preva\u017euj\u00fa nad va\u0161imi z\u00e1ujmami, pr\u00e1vami a slobodami, alebo ak sprac\u00favanie nesl\u00fa\u017ei na preukazovanie, uplat\u0148ovanie alebo obhajovanie pr\u00e1vnych n\u00e1rokov.<\/p>\n<p>Pri sprac\u00favan\u00ed osobn\u00fdch \u00fadajov na \u00fa\u010dely priameho marketingu na z\u00e1klade \u010dl. 6 ods. 1 p\u00edsm. f) GDPR sa tieto \u00fadaje uchov\u00e1vaj\u00fa, k\u00fdm neuplatn\u00edte svoje pr\u00e1vo namieta\u0165 v s\u00falade s \u010dl. 21 ods. 2 GDPR.<\/p>\n<p>Ak nie je v \u010fal\u0161\u00edch inform\u00e1ci\u00e1ch v tomto vyhl\u00e1sen\u00ed o konkr\u00e9tnych situ\u00e1ci\u00e1ch spracovania uveden\u00e9 inak, ulo\u017een\u00e9 osobn\u00e9 \u00fadaje sa vyma\u017e\u00fa, ke\u010f u\u017e nie s\u00fa potrebn\u00e9 na \u00fa\u010dely, na ktor\u00e9 boli zhroma\u017eden\u00e9 alebo inak spracovan\u00e9.<\/p>\n<\/div>\n<div id=\"itkanzlei_txt_copyright\">\n<div><a href=\"https:\/\/www.it-recht-kanzlei.de\/\" target=\"_blank\" rel=\"noopener\"><img decoding=\"async\" id=\"itkanzlei_img_copyright\" title=\"IT pr\u00e1vnick\u00e1 firma\" src=\"https:\/\/www.it-recht-kanzlei.de\/logo\/Copyright-Logo_Datenschutzerklaerung.png?i=52e98-3961a-39c8-907e-1\" alt=\"\u00a9 IT-Recht Kanzlei\" \/><\/a><\/div>\n<\/div>\n<\/div>\n<\/div>","protected":false},"excerpt":{"rendered":"<p>Impressum PTM mechatronics GmbH Gewerbepark 1 82281 Egenhofen Deutschland Tel.: 08134257970 E-Mail: info@ptm-mechatronics.com Registergericht: Amtsgericht m\u00fcnchen Registernummer: HRB 84593 Gesch\u00e4ftsf\u00fchrer: Carsten Angermeyer Informationen zum Datenschutz 1) Information \u00fcber die Erhebung personenbezogener Daten und Kontaktdaten des Verantwortlichen 1.1\u00a0Im Folgenden informieren wir Sie \u00fcber den Umgang mit Ihren personenbezogenen Daten. Hierbei sind personenbezogene Daten alle Daten, mit [&#8230;]\n","protected":false},"author":5,"featured_media":0,"parent":0,"menu_order":0,"comment_status":"closed","ping_status":"closed","template":"","meta":{"_acf_changed":false,"footnotes":""},"class_list":["post-13487","page","type-page","status-publish","hentry"],"acf":[],"_links":{"self":[{"href":"https:\/\/ptm-mechatronics.com\/sk\/wp-json\/wp\/v2\/pages\/13487","targetHints":{"allow":["GET"]}}],"collection":[{"href":"https:\/\/ptm-mechatronics.com\/sk\/wp-json\/wp\/v2\/pages"}],"about":[{"href":"https:\/\/ptm-mechatronics.com\/sk\/wp-json\/wp\/v2\/types\/page"}],"author":[{"embeddable":true,"href":"https:\/\/ptm-mechatronics.com\/sk\/wp-json\/wp\/v2\/users\/5"}],"replies":[{"embeddable":true,"href":"https:\/\/ptm-mechatronics.com\/sk\/wp-json\/wp\/v2\/comments?post=13487"}],"version-history":[{"count":3,"href":"https:\/\/ptm-mechatronics.com\/sk\/wp-json\/wp\/v2\/pages\/13487\/revisions"}],"predecessor-version":[{"id":13490,"href":"https:\/\/ptm-mechatronics.com\/sk\/wp-json\/wp\/v2\/pages\/13487\/revisions\/13490"}],"wp:attachment":[{"href":"https:\/\/ptm-mechatronics.com\/sk\/wp-json\/wp\/v2\/media?parent=13487"}],"curies":[{"name":"wp","href":"https:\/\/api.w.org\/{rel}","templated":true}]}}