{"id":7666,"date":"2024-02-07T17:44:21","date_gmt":"2024-02-07T17:44:21","guid":{"rendered":"https:\/\/ptm-mechatronics.com\/product\/pneumatisches-stativruehrwerk-fuer-30-liter-fass-atex\/"},"modified":"2026-03-09T10:28:30","modified_gmt":"2026-03-09T09:28:30","slug":"pneumatisches-stativruehrwerk-fuer-30-liter-fass-atex","status":"publish","type":"product","link":"https:\/\/ptm-mechatronics.com\/pt\/product\/pneumatisches-stativruehrwerk-fuer-30-liter-fass-atex\/","title":{"rendered":"Batedeira pneum\u00e1tica para bid\u00e3o de 30 litros - ATEX"},"content":{"rendered":"<p data-start=\"372\" data-end=\"913\"><span class=\"_fadeIn_m1hgl_8\">O <\/span><span class=\"_fadeIn_m1hgl_8\">Agitador de bancada <\/span><span class=\"_fadeIn_m1hgl_8\">para 3<\/span><span class=\"_fadeIn_m1hgl_8\">0-<\/span><span class=\"_fadeIn_m1hgl_8\">Litro<\/span><span class=\"_fadeIn_m1hgl_8\">Barris<\/span> <span class=\"_fadeIn_m1hgl_8\">era <\/span><span class=\"_fadeIn_m1hgl_8\">para <\/span><span class=\"_fadeIn_m1hgl_8\">a <\/span><span class=\"_fadeIn_m1hgl_8\">eficaz <\/span><span class=\"_fadeIn_m1hgl_8\">e <\/span><span class=\"_fadeIn_m1hgl_8\">seguro <\/span><span class=\"_fadeIn_m1hgl_8\">Processamento <\/span><span class=\"_fadeIn_m1hgl_8\">baixo <\/span><span class=\"_fadeIn_m1hgl_8\">at\u00e9 <\/span><span class=\"_fadeIn_m1hgl_8\">muito viscoso <\/span><span class=\"_fadeIn_m1hgl_8\">Meios na zona ATEX 1 ou 0\/1<\/span> <span class=\"_fadeIn_m1hgl_8\">desenvolvido. <\/span><span class=\"_fadeIn_m1hgl_8\">\u00c9 <\/span><span class=\"_fadeIn_m1hgl_8\">existe <\/span><span class=\"_fadeIn_m1hgl_8\">de <\/span><span class=\"_fadeIn_m1hgl_8\">um <\/span><span class=\"_fadeIn_m1hgl_8\">poderoso, <\/span><span class=\"_fadeIn_m1hgl_8\">pneum\u00e1tico <\/span><span class=\"_fadeIn_m1hgl_8\">Condu\u00e7\u00e3o<\/span><span class=\"_fadeIn_m1hgl_8\">, <\/span><span class=\"_fadeIn_m1hgl_8\">um <\/span><span class=\"_fadeIn_m1hgl_8\">maci\u00e7o <\/span><span class=\"_fadeIn_m1hgl_8\">A\u00e7o inoxid\u00e1vel<\/span><span class=\"_fadeIn_m1hgl_8\">Tampa<\/span><span class=\"_fadeIn_m1hgl_8\">, <\/span><span class=\"_fadeIn_m1hgl_8\">um <\/span><span class=\"_fadeIn_m1hgl_8\">Eixo do agitador <\/span><span class=\"_fadeIn_m1hgl_8\">com <\/span><span class=\"_fadeIn_m1hgl_8\">Agitador<\/span>\u00a0<span class=\"_fadeIn_m1hgl_8\">e <\/span><span class=\"_fadeIn_m1hgl_8\">um <\/span><span class=\"_fadeIn_m1hgl_8\">Trip\u00e9 <\/span><span class=\"_fadeIn_m1hgl_8\">com <\/span><span class=\"_fadeIn_m1hgl_8\">mais autom\u00e1tico <\/span><span class=\"_fadeIn_m1hgl_8\">Dispositivo de eleva\u00e7\u00e3o <\/span><span class=\"_fadeIn_m1hgl_8\">e <\/span><span class=\"_fadeIn_m1hgl_8\">Painel de controlo<\/span><span class=\"_fadeIn_m1hgl_8\">. <\/span><span class=\"_fadeIn_m1hgl_8\">Todos <\/span><span class=\"_fadeIn_m1hgl_8\">contacto com os media <\/span><span class=\"_fadeIn_m1hgl_8\">Componentes - <\/span><span class=\"_fadeIn_m1hgl_8\">Eixo do agitador <\/span><span class=\"_fadeIn_m1hgl_8\">e <\/span><span class=\"_fadeIn_m1hgl_8\">Agitador<\/span><span class=\"_fadeIn_m1hgl_8\"> \u2013 <\/span><span class=\"_fadeIn_m1hgl_8\">s\u00e3o <\/span><span class=\"_fadeIn_m1hgl_8\">de <\/span><span class=\"_fadeIn_m1hgl_8\">V4A <\/span><span class=\"_fadeIn_m1hgl_8\">A\u00e7o inoxid\u00e1vel (<\/span><span class=\"_fadeIn_m1hgl_8\">1.4404)<\/span> <span class=\"_fadeIn_m1hgl_8\">fabricado <\/span><span class=\"_fadeIn_m1hgl_8\">e <\/span><span class=\"_fadeIn_m1hgl_8\">oferecer um elevado <\/span><span class=\"_fadeIn_m1hgl_8\">Higiene <\/span><span class=\"_fadeIn_m1hgl_8\">e <\/span><span class=\"_fadeIn_m1hgl_8\">Resist\u00eancia \u00e0 corros\u00e3o.<\/span><\/p>\n<p data-start=\"915\" data-end=\"1293\"><span class=\"_fadeIn_m1hgl_8\">O <\/span><span class=\"_fadeIn_m1hgl_8\">Agitador <\/span><span class=\"_fadeIn_m1hgl_8\">\u00e9 <\/span><span class=\"_fadeIn_m1hgl_8\">completo <\/span><span class=\"_fadeIn_m1hgl_8\">sobre <\/span><span class=\"_fadeIn_m1hgl_8\">o <\/span><span class=\"_fadeIn_m1hgl_8\">Utiliza\u00e7\u00e3o <\/span><span class=\"_fadeIn_m1hgl_8\">em <\/span><span class=\"_fadeIn_m1hgl_8\">normalizado 3<\/span><span class=\"_fadeIn_m1hgl_8\">0-<\/span><span class=\"_fadeIn_m1hgl_8\">Litro<\/span><span class=\"_fadeIn_m1hgl_8\">Barris<\/span> <span class=\"_fadeIn_m1hgl_8\">harmonizado <\/span><span class=\"_fadeIn_m1hgl_8\">e <\/span><span class=\"_fadeIn_m1hgl_8\">ofertas <\/span><span class=\"_fadeIn_m1hgl_8\">a <\/span><span class=\"_fadeIn_m1hgl_8\">mesmo, <\/span><span class=\"_fadeIn_m1hgl_8\">homog\u00e9neo <\/span><span class=\"_fadeIn_m1hgl_8\">Resultado da agita\u00e7\u00e3o<\/span><span class=\"_fadeIn_m1hgl_8\">, <\/span><span class=\"_fadeIn_m1hgl_8\">em si <\/span><span class=\"_fadeIn_m1hgl_8\">com <\/span><span class=\"_fadeIn_m1hgl_8\">duro, <\/span><span class=\"_fadeIn_m1hgl_8\">viscoso <\/span><span class=\"_fadeIn_m1hgl_8\">Subst\u00e2ncias. <\/span><span class=\"_fadeIn_m1hgl_8\">O <\/span><span class=\"_fadeIn_m1hgl_8\">autom\u00e1tico <\/span><span class=\"_fadeIn_m1hgl_8\">Dispositivo de eleva\u00e7\u00e3o<\/span> <span class=\"_fadeIn_m1hgl_8\">facilita <\/span><span class=\"_fadeIn_m1hgl_8\">a <\/span><span class=\"_fadeIn_m1hgl_8\">Levantamento <\/span><span class=\"_fadeIn_m1hgl_8\">e <\/span><span class=\"_fadeIn_m1hgl_8\">Baixar <\/span><span class=\"_fadeIn_m1hgl_8\">do <\/span><span class=\"_fadeIn_m1hgl_8\">agitador, <\/span><span class=\"_fadeIn_m1hgl_8\">fornece <\/span><span class=\"_fadeIn_m1hgl_8\">para <\/span><span class=\"_fadeIn_m1hgl_8\">um <\/span><span class=\"_fadeIn_m1hgl_8\">seguro <\/span><span class=\"_fadeIn_m1hgl_8\">Mudan\u00e7a de contentor <\/span><span class=\"_fadeIn_m1hgl_8\">e <\/span><span class=\"_fadeIn_m1hgl_8\">reduzido <\/span><span class=\"_fadeIn_m1hgl_8\">f\u00edsico <\/span><span class=\"_fadeIn_m1hgl_8\">Carga <\/span><span class=\"_fadeIn_m1hgl_8\">no <\/span><span class=\"_fadeIn_m1hgl_8\">Trabalho quotidiano.<\/span><\/p>\n<p data-start=\"1295\" data-end=\"1572\"><span class=\"_fadeIn_m1hgl_8\">Para <\/span><span class=\"_fadeIn_m1hgl_8\">m\u00e1ximo <\/span><span class=\"_fadeIn_m1hgl_8\">Seguran\u00e7a no trabalho <\/span><span class=\"_fadeIn_m1hgl_8\">tem <\/span><span class=\"_fadeIn_m1hgl_8\">a <\/span><span class=\"_fadeIn_m1hgl_8\">Agitador <\/span><span class=\"_fadeIn_m1hgl_8\">sobre <\/span><span class=\"_fadeIn_m1hgl_8\">um <\/span><span class=\"_fadeIn_m1hgl_8\">autom\u00e1tico <\/span><span class=\"_fadeIn_m1hgl_8\">Desligar <\/span><span class=\"_fadeIn_m1hgl_8\">no <\/span><span class=\"_fadeIn_m1hgl_8\">Levantamento <\/span><span class=\"_fadeIn_m1hgl_8\">do <\/span><span class=\"_fadeIn_m1hgl_8\">Tampas<\/span><span class=\"_fadeIn_m1hgl_8\">, <\/span><span class=\"_fadeIn_m1hgl_8\">em <\/span><span class=\"_fadeIn_m1hgl_8\">Interven\u00e7\u00f5es <\/span><span class=\"_fadeIn_m1hgl_8\">em <\/span><span class=\"_fadeIn_m1hgl_8\">m\u00f3vel <\/span><span class=\"_fadeIn_m1hgl_8\">Pe\u00e7as <\/span><span class=\"_fadeIn_m1hgl_8\">para <\/span><span class=\"_fadeIn_m1hgl_8\">prevenir. <\/span><span class=\"_fadeIn_m1hgl_8\">O <\/span><span class=\"_fadeIn_m1hgl_8\">Processo de agita\u00e7\u00e3o <\/span><span class=\"_fadeIn_m1hgl_8\">come\u00e7a <\/span><span class=\"_fadeIn_m1hgl_8\">novamente <\/span><span class=\"_fadeIn_m1hgl_8\">automaticamente <\/span><span class=\"_fadeIn_m1hgl_8\">sobre <\/span><span class=\"_fadeIn_m1hgl_8\">um <\/span><span class=\"_fadeIn_m1hgl_8\">Dete\u00e7\u00e3o de contentores<\/span> <span class=\"_fadeIn_m1hgl_8\">no <\/span><span class=\"_fadeIn_m1hgl_8\">Baixar - <\/span><span class=\"_fadeIn_m1hgl_8\">eficaz <\/span><span class=\"_fadeIn_m1hgl_8\">e <\/span><span class=\"_fadeIn_m1hgl_8\">seguro.<\/span><\/p>\n<h3 data-start=\"1337\" data-end=\"1549\"><span class=\"_fadeIn_m1hgl_8\">As suas op\u00e7\u00f5es:<\/span><\/h3>\n<p>ATEX Zona 1:<br \/>\nEx II 2 G Ex h IIC T5 Gb X<br \/>\nEx II 2 D Ex h IIIC T100\u00b0C Db X ou<br \/>\nZona ATEX 0\/1:<br \/>\nEx II 1\/2 G Ex h IIC T5 Ga\/Gb<br \/>\nEx II 1\/2 D Ex h IIIC T100\u00b0C Da\/Db<\/p>\n<p>Sistema de troca r\u00e1pida do eixo do agitador:<br \/>\nO nosso <a href=\"https:\/\/youtu.be\/TjagGW4DoyA?feature=shared\" target=\"_blank\" rel=\"noopener\">Sistema de troca r\u00e1pida eco-Quick<\/a> oferece-lhe uma mudan\u00e7a r\u00e1pida e limpa do veio do agitador em segundos, sem ferramentas adicionais.<\/p>\n<p>Agitador de copo eco-Cup ou misturador de l\u00e2minas inclinadas:<br \/>\n<span class=\"_fadeIn_m1hgl_8\">O <\/span><span class=\"_fadeIn_m1hgl_8\">eco-<\/span><span class=\"_fadeIn_m1hgl_8\">Ta\u00e7a <\/span><span class=\"_fadeIn_m1hgl_8\">Agitador de copo<\/span> <span class=\"_fadeIn_m1hgl_8\">ofertas <\/span><span class=\"_fadeIn_m1hgl_8\">atrav\u00e9s de <\/span><span class=\"_fadeIn_m1hgl_8\">ser <\/span><span class=\"_fadeIn_m1hgl_8\">laminar <\/span><span class=\"_fadeIn_m1hgl_8\">Comportamento agitador<\/span> <span class=\"_fadeIn_m1hgl_8\">um <\/span><span class=\"_fadeIn_m1hgl_8\">homog\u00e9neo <\/span><span class=\"_fadeIn_m1hgl_8\">Mistura<\/span><span class=\"_fadeIn_m1hgl_8\"> \u2013 <\/span><span class=\"_fadeIn_m1hgl_8\">em si <\/span><span class=\"_fadeIn_m1hgl_8\">com <\/span><span class=\"_fadeIn_m1hgl_8\">exigente, <\/span><span class=\"_fadeIn_m1hgl_8\">muito viscoso <\/span><span class=\"_fadeIn_m1hgl_8\">Media <\/span><span class=\"_fadeIn_m1hgl_8\">como <\/span><span class=\"_fadeIn_m1hgl_8\">Pastas, <\/span><span class=\"_fadeIn_m1hgl_8\">Suspens\u00f5es <\/span><span class=\"_fadeIn_m1hgl_8\">ou <\/span><span class=\"_fadeIn_m1hgl_8\">Emuls\u00f5es.<\/span><\/p>\n<p data-start=\"1337\" data-end=\"1549\">O misturador de p\u00e1s inclinadas impressiona pelas suas carater\u00edsticas de transporte axial com um componente ligeiramente radial e gera um fluxo turbulento que permite uma mistura particularmente eficaz. O seu design robusto torna-o ideal para subst\u00e2ncias altamente viscosas.<\/p>\n<p data-start=\"1337\" data-end=\"1549\">Conceito de funcionamento:<br \/>\nA batedeira est\u00e1 dispon\u00edvel opcionalmente com um painel de controlo standard com pega de homem-morto ou <a href=\"https:\/\/ptm-mechatronics.com\/pt\/product\/dguv-schalttafel\/\" target=\"_blank\" rel=\"noopener\">Painel de controlo DGUV<\/a> com <a href=\"https:\/\/ptm-mechatronics.com\/pt\/grundlagen-guide\/not-aus\/\" target=\"_blank\" rel=\"noopener\">Paragem de emerg\u00eancia<\/a> e <a href=\"https:\/\/ptm-mechatronics.com\/pt\/grundlagen-guide\/zweihandbedienung\/\" target=\"_blank\" rel=\"noopener\">Funcionamento com duas m\u00e3os<\/a>.<\/p>\n<p data-start=\"1337\" data-end=\"1549\">Fixa\u00e7\u00e3o:<br \/>\nA batedeira est\u00e1 dispon\u00edvel tanto para montagem na parede como no ch\u00e3o.<\/p>\n<p data-start=\"1617\" data-end=\"1648\"><span class=\"_fadeIn_m1hgl_8\">Vantagens <\/span><span class=\"_fadeIn_m1hgl_8\">sobre <\/span><span class=\"_fadeIn_m1hgl_8\">um <\/span><span class=\"_fadeIn_m1hgl_8\">Ver:<\/span><\/p>\n<ul>\n<li data-start=\"1651\" data-end=\"1697\"><span class=\"_fadeIn_m1hgl_8\">Pneum\u00e1tico <\/span><span class=\"_fadeIn_m1hgl_8\">Condu\u00e7\u00e3o <\/span><span class=\"_fadeIn_m1hgl_8\">para <\/span><span class=\"_fadeIn_m1hgl_8\">poderoso <\/span><span class=\"_fadeIn_m1hgl_8\">Mexer<\/span><\/li>\n<li data-start=\"1651\" data-end=\"1697\">Certifica\u00e7\u00e3o ATEX para a zona 1 ou 0\/1<\/li>\n<li data-start=\"1651\" data-end=\"1697\"><span class=\"_fadeIn_m1hgl_8\">Para 3<\/span><span class=\"_fadeIn_m1hgl_8\">0-<\/span><span class=\"_fadeIn_m1hgl_8\">Litro<\/span><span class=\"_fadeIn_m1hgl_8\">Barris <\/span><span class=\"_fadeIn_m1hgl_8\">optimizado<\/span><\/li>\n<li data-start=\"1651\" data-end=\"1697\"><span class=\"_fadeIn_m1hgl_8\">Veio do agitador &amp; <\/span><span class=\"_fadeIn_m1hgl_8\">eco-<\/span><span class=\"_fadeIn_m1hgl_8\">Ta\u00e7a <\/span><span class=\"_fadeIn_m1hgl_8\">de <\/span><span class=\"_fadeIn_m1hgl_8\">V4A <\/span><span class=\"_fadeIn_m1hgl_8\">A\u00e7o inoxid\u00e1vel<\/span><\/li>\n<li data-start=\"1651\" data-end=\"1697\"><span class=\"_fadeIn_m1hgl_8\">Autom\u00e1tico <\/span><span class=\"_fadeIn_m1hgl_8\">Dispositivo de eleva\u00e7\u00e3o <\/span><span class=\"_fadeIn_m1hgl_8\">para <\/span><span class=\"_fadeIn_m1hgl_8\">ergon\u00f3mico <\/span><span class=\"_fadeIn_m1hgl_8\">Trabalho<\/span><\/li>\n<li data-start=\"1651\" data-end=\"1697\"><span class=\"_fadeIn_m1hgl_8\">Painel de controlo <\/span><span class=\"_fadeIn_m1hgl_8\">para o <\/span><span class=\"_fadeIn_m1hgl_8\">simples <\/span><span class=\"_fadeIn_m1hgl_8\">Sistema de controlo<\/span><\/li>\n<li data-start=\"1651\" data-end=\"1697\"><span class=\"_fadeIn_m1hgl_8\">Encerramento de seguran\u00e7a <\/span><span class=\"_fadeIn_m1hgl_8\">com <\/span><span class=\"_fadeIn_m1hgl_8\">Levantamento da tampa<\/span><\/li>\n<li data-start=\"1651\" data-end=\"1697\"><span class=\"_fadeIn_m1hgl_8\">Autom\u00e1tico <\/span><span class=\"_fadeIn_m1hgl_8\">Reiniciar <\/span><span class=\"_fadeIn_m1hgl_8\">atrav\u00e9s de <\/span><span class=\"_fadeIn_m1hgl_8\">Dete\u00e7\u00e3o de contentores<\/span><\/li>\n<li data-start=\"1651\" data-end=\"1697\"><span class=\"_fadeIn_m1hgl_8\">Para <\/span><span class=\"_fadeIn_m1hgl_8\">baixo <\/span><span class=\"_fadeIn_m1hgl_8\">at\u00e9 <\/span><span class=\"_fadeIn_m1hgl_8\">alta viscosidade <\/span><span class=\"_fadeIn_m1hgl_8\">Media<\/span><\/li>\n<li data-start=\"1651\" data-end=\"1697\"><span class=\"_fadeIn_m1hgl_8\">Higi\u00e9nico, <\/span><span class=\"_fadeIn_m1hgl_8\">seguro, <\/span><span class=\"_fadeIn_m1hgl_8\">adequado para utiliza\u00e7\u00e3o industrial<\/span><\/li>\n<\/ul>","protected":false},"excerpt":{"rendered":"<p><span class=\"_fadeIn_m1hgl_8\">Batedeira de bancada ATEX <\/span><span class=\"_fadeIn_m1hgl_8\">para 3<\/span><span class=\"_fadeIn_m1hgl_8\">0-<\/span><span class=\"_fadeIn_m1hgl_8\">Litro<\/span><span class=\"_fadeIn_m1hgl_8\">Barris <\/span><span class=\"_fadeIn_m1hgl_8\">com <\/span><span class=\"_fadeIn_m1hgl_8\">pneum\u00e1tico <\/span><span class=\"_fadeIn_m1hgl_8\">Conduzir, <\/span><span class=\"_fadeIn_m1hgl_8\">V4A-<\/span><span class=\"_fadeIn_m1hgl_8\">Componentes, <\/span><span class=\"_fadeIn_m1hgl_8\">mais autom\u00e1tico <\/span><span class=\"_fadeIn_m1hgl_8\">Dispositivo de eleva\u00e7\u00e3o, <\/span><span class=\"_fadeIn_m1hgl_8\">Encerramento de seguran\u00e7a <\/span><span class=\"_fadeIn_m1hgl_8\">e <\/span><span class=\"_fadeIn_m1hgl_8\">Agitador<\/span><span class=\"_fadeIn_m1hgl_8\">\u00a0<\/span><span class=\"_fadeIn_m1hgl_8\">para <\/span><span class=\"_fadeIn_m1hgl_8\">eficiente, <\/span><span class=\"_fadeIn_m1hgl_8\">seguro <\/span><span class=\"_fadeIn_m1hgl_8\">Mexer <\/span><span class=\"_fadeIn_m1hgl_8\">com <\/span><span class=\"_fadeIn_m1hgl_8\">todos <\/span><span class=\"_fadeIn_m1hgl_8\">viscosidades, com montagem na parede ou no ch\u00e3o.<\/span><\/p>","protected":false},"featured_media":15447,"comment_status":"open","ping_status":"closed","template":"","meta":{"_acf_changed":false},"product_brand":[],"product_cat":[595,612],"product_tag":[2980,2893,2939,2950,2966,2977,2978,2979],"class_list":{"0":"post-7666","1":"product","2":"type-product","3":"status-publish","4":"has-post-thumbnail","6":"product_cat-ruehrwerkstechnik","7":"product_cat-kleingebinderuehrwerke","8":"product_tag-bedienpult-ruehrwerk","9":"product_tag-ruehrwerk-mit-hebevorrichtung","10":"product_tag-pneumatischer-ruehrantrieb-atex","11":"product_tag-hygienisches-fassruehrwerk","12":"product_tag-v4a-ruehrwelle-eco-cup","13":"product_tag-stativruehrwerk-30-liter","14":"product_tag-ruehrwerk-edelstahl-30l","15":"product_tag-edelstahl-ruehrsystem-30-liter","16":"product_shipping_class-europalette-speditionsversand","17":"pa_antriebsart-pneumatisch","18":"pa_atex-fuer-atex-zone-1","19":"pa_atex-fuer-atex-zone-0-1","20":"pa_bedienkonzept-standardschalttafel","21":"pa_bedienkonzept-dguv-schalttafel","22":"pa_befestigung-mit-bodenbefestigung","23":"pa_befestigung-mit-wandbefestigung","24":"pa_behaeltervolumen-30-liter","25":"pa_deckeldurchmesser-380mm","26":"pa_dichtung-ptfe","27":"pa_drehmoment-4nm","28":"pa_drehzahl-0-300-1-min","29":"pa_durchmesser-ruehrwelle-16mm","30":"pa_geeignete-fassdurchmesser-30-liter","31":"pa_geraeuschpegel-75db","32":"pa_gesamtbreite-440mm","33":"pa_gesamthoehe-1335mm","34":"pa_labs-oel-und-silikonfrei","35":"pa_laenge-ruehrwelle-ca-360mm-ab-deckeloberkante","36":"pa_material-deckel-v4a-edelstahl-1-4404","37":"pa_mittlerer-luftverbrauch-25l-min","38":"pa_model-eco-station-30","39":"pa_ruehrorgan-schraegblattmischer-175mm","40":"pa_ruehrorgan-becherruehrorgan-eco-cup-170mm","41":"pa_schnellwechselsystem-mit-gewindeverbindung","42":"pa_schnellwechselsystem-mit-schnellwechselsystem","43":"pa_stativverfahrweg-500mm","44":"pa_typ-stativruehrwerk","45":"pa_versorgung-5-6bar","47":"first","48":"instock","49":"taxable","50":"shipping-taxable","51":"purchasable","52":"product-type-variable"},"bundled_by":[],"bundle_stock_status":"instock","bundle_stock_quantity":null,"bundle_virtual":false,"bundle_layout":"","bundle_add_to_cart_form_location":"","bundle_editable_in_cart":false,"bundle_sold_individually_context":"","bundle_item_grouping":"","bundle_min_size":"","bundle_max_size":"","bundle_price":[],"bundled_items":[],"bundle_sell_ids":[],"exclude_global_add_ons":[],"addons":[],"acf":[],"_links":{"self":[{"href":"https:\/\/ptm-mechatronics.com\/pt\/wp-json\/wp\/v2\/product\/7666","targetHints":{"allow":["GET"]}}],"collection":[{"href":"https:\/\/ptm-mechatronics.com\/pt\/wp-json\/wp\/v2\/product"}],"about":[{"href":"https:\/\/ptm-mechatronics.com\/pt\/wp-json\/wp\/v2\/types\/product"}],"replies":[{"embeddable":true,"href":"https:\/\/ptm-mechatronics.com\/pt\/wp-json\/wp\/v2\/comments?post=7666"}],"wp:featuredmedia":[{"embeddable":true,"href":"https:\/\/ptm-mechatronics.com\/pt\/wp-json\/wp\/v2\/media\/15447"}],"wp:attachment":[{"href":"https:\/\/ptm-mechatronics.com\/pt\/wp-json\/wp\/v2\/media?parent=7666"}],"wp:term":[{"taxonomy":"product_brand","embeddable":true,"href":"https:\/\/ptm-mechatronics.com\/pt\/wp-json\/wp\/v2\/product_brand?post=7666"},{"taxonomy":"product_cat","embeddable":true,"href":"https:\/\/ptm-mechatronics.com\/pt\/wp-json\/wp\/v2\/product_cat?post=7666"},{"taxonomy":"product_tag","embeddable":true,"href":"https:\/\/ptm-mechatronics.com\/pt\/wp-json\/wp\/v2\/product_tag?post=7666"}],"curies":[{"name":"wp","href":"https:\/\/api.w.org\/{rel}","templated":true}]}}