{"id":7660,"date":"2024-02-07T17:44:21","date_gmt":"2024-02-07T17:44:21","guid":{"rendered":""},"modified":"2026-03-09T10:27:09","modified_gmt":"2026-03-09T09:27:09","slug":"stativruehrwerk-fuer-100-liter-fass-antrieb-atex-zone-1","status":"publish","type":"product","link":"https:\/\/ptm-mechatronics.com\/pt\/product\/stativruehrwerk-fuer-100-liter-fass-antrieb-atex-zone-1\/","title":{"rendered":"Agitador de p\u00e9 para bid\u00e3o de 100 litros - acionamento ATEX zona 1"},"content":{"rendered":"<p data-start=\"372\" data-end=\"913\"><span class=\"_fadeIn_m1hgl_8\">O <\/span><span class=\"_fadeIn_m1hgl_8\">Agitador de bancada <\/span><span class=\"_fadeIn_m1hgl_8\">para 1<\/span><span class=\"_fadeIn_m1hgl_8\">00-<\/span><span class=\"_fadeIn_m1hgl_8\">Litro<\/span><span class=\"_fadeIn_m1hgl_8\">Barris<\/span> <span class=\"_fadeIn_m1hgl_8\">era <\/span><span class=\"_fadeIn_m1hgl_8\">para <\/span><span class=\"_fadeIn_m1hgl_8\">a <\/span><span class=\"_fadeIn_m1hgl_8\">eficaz <\/span><span class=\"_fadeIn_m1hgl_8\">e <\/span><span class=\"_fadeIn_m1hgl_8\">seguro <\/span><span class=\"_fadeIn_m1hgl_8\">Processamento <\/span><span class=\"_fadeIn_m1hgl_8\">baixo <\/span><span class=\"_fadeIn_m1hgl_8\">at\u00e9 <\/span><span class=\"_fadeIn_m1hgl_8\">muito viscoso <\/span><span class=\"_fadeIn_m1hgl_8\">Media<\/span> <span class=\"_fadeIn_m1hgl_8\">desenvolvido. <\/span><span class=\"_fadeIn_m1hgl_8\">\u00c9 <\/span><span class=\"_fadeIn_m1hgl_8\">existe <\/span><span class=\"_fadeIn_m1hgl_8\">de <\/span><span class=\"_fadeIn_m1hgl_8\">um <\/span><span class=\"_fadeIn_m1hgl_8\">poderoso, <\/span><span class=\"_fadeIn_m1hgl_8\">pneum\u00e1tico <\/span><span class=\"_fadeIn_m1hgl_8\">Condu\u00e7\u00e3o<\/span><span class=\"_fadeIn_m1hgl_8\">, <\/span><span class=\"_fadeIn_m1hgl_8\">um <\/span><span class=\"_fadeIn_m1hgl_8\">maci\u00e7o <\/span><span class=\"_fadeIn_m1hgl_8\">A\u00e7o inoxid\u00e1vel<\/span><span class=\"_fadeIn_m1hgl_8\">Tampa<\/span><span class=\"_fadeIn_m1hgl_8\">, <\/span><span class=\"_fadeIn_m1hgl_8\">um <\/span><span class=\"_fadeIn_m1hgl_8\">Eixo do agitador <\/span><span class=\"_fadeIn_m1hgl_8\">com <\/span><span class=\"_fadeIn_m1hgl_8\">Agitador de copo <\/span><span class=\"_fadeIn_m1hgl_8\">eco-<\/span><span class=\"_fadeIn_m1hgl_8\">Ta\u00e7a<\/span> <span class=\"_fadeIn_m1hgl_8\">e <\/span><span class=\"_fadeIn_m1hgl_8\">um <\/span><span class=\"_fadeIn_m1hgl_8\">Trip\u00e9 <\/span><span class=\"_fadeIn_m1hgl_8\">com <\/span><span class=\"_fadeIn_m1hgl_8\">mais autom\u00e1tico <\/span><span class=\"_fadeIn_m1hgl_8\">Dispositivo de eleva\u00e7\u00e3o <\/span><span class=\"_fadeIn_m1hgl_8\">e <\/span><span class=\"_fadeIn_m1hgl_8\">Painel de controlo<\/span><span class=\"_fadeIn_m1hgl_8\">. <\/span><span class=\"_fadeIn_m1hgl_8\">Todos <\/span><span class=\"_fadeIn_m1hgl_8\">contacto com os media <\/span><span class=\"_fadeIn_m1hgl_8\">Componentes - <\/span><span class=\"_fadeIn_m1hgl_8\">Eixo do agitador <\/span><span class=\"_fadeIn_m1hgl_8\">e <\/span><span class=\"_fadeIn_m1hgl_8\">Agitador<\/span><span class=\"_fadeIn_m1hgl_8\"> \u2013 <\/span><span class=\"_fadeIn_m1hgl_8\">s\u00e3o <\/span><span class=\"_fadeIn_m1hgl_8\">de <\/span><span class=\"_fadeIn_m1hgl_8\">V4A <\/span><span class=\"_fadeIn_m1hgl_8\">A\u00e7o inoxid\u00e1vel (<\/span><span class=\"_fadeIn_m1hgl_8\">1.4404)<\/span> <span class=\"_fadeIn_m1hgl_8\">fabricado <\/span><span class=\"_fadeIn_m1hgl_8\">e <\/span><span class=\"_fadeIn_m1hgl_8\">oferecer um elevado <\/span><span class=\"_fadeIn_m1hgl_8\">Higiene <\/span><span class=\"_fadeIn_m1hgl_8\">e <\/span><span class=\"_fadeIn_m1hgl_8\">Resist\u00eancia \u00e0 corros\u00e3o.<\/span><\/p>\n<p data-start=\"915\" data-end=\"1293\"><span class=\"_fadeIn_m1hgl_8\">O <\/span><span class=\"_fadeIn_m1hgl_8\">Agitador <\/span><span class=\"_fadeIn_m1hgl_8\">\u00e9 <\/span><span class=\"_fadeIn_m1hgl_8\">completo <\/span><span class=\"_fadeIn_m1hgl_8\">sobre <\/span><span class=\"_fadeIn_m1hgl_8\">o <\/span><span class=\"_fadeIn_m1hgl_8\">Utiliza\u00e7\u00e3o <\/span><span class=\"_fadeIn_m1hgl_8\">em <\/span><span class=\"_fadeIn_m1hgl_8\">normalizado 1<\/span><span class=\"_fadeIn_m1hgl_8\">00-<\/span><span class=\"_fadeIn_m1hgl_8\">Litro<\/span><span class=\"_fadeIn_m1hgl_8\">Barris<\/span> <span class=\"_fadeIn_m1hgl_8\">harmonizado <\/span><span class=\"_fadeIn_m1hgl_8\">e <\/span><span class=\"_fadeIn_m1hgl_8\">ofertas <\/span><span class=\"_fadeIn_m1hgl_8\">a <\/span><span class=\"_fadeIn_m1hgl_8\">mesmo, <\/span><span class=\"_fadeIn_m1hgl_8\">homog\u00e9neo <\/span><span class=\"_fadeIn_m1hgl_8\">Resultado da agita\u00e7\u00e3o<\/span><span class=\"_fadeIn_m1hgl_8\">, <\/span><span class=\"_fadeIn_m1hgl_8\">em si <\/span><span class=\"_fadeIn_m1hgl_8\">com <\/span><span class=\"_fadeIn_m1hgl_8\">duro, <\/span><span class=\"_fadeIn_m1hgl_8\">viscoso <\/span><span class=\"_fadeIn_m1hgl_8\">Subst\u00e2ncias. <\/span><span class=\"_fadeIn_m1hgl_8\">O <\/span><span class=\"_fadeIn_m1hgl_8\">autom\u00e1tico <\/span><span class=\"_fadeIn_m1hgl_8\">Dispositivo de eleva\u00e7\u00e3o<\/span> <span class=\"_fadeIn_m1hgl_8\">facilita <\/span><span class=\"_fadeIn_m1hgl_8\">a <\/span><span class=\"_fadeIn_m1hgl_8\">Levantamento <\/span><span class=\"_fadeIn_m1hgl_8\">e <\/span><span class=\"_fadeIn_m1hgl_8\">Baixar <\/span><span class=\"_fadeIn_m1hgl_8\">do <\/span><span class=\"_fadeIn_m1hgl_8\">agitador, <\/span><span class=\"_fadeIn_m1hgl_8\">fornece <\/span><span class=\"_fadeIn_m1hgl_8\">para <\/span><span class=\"_fadeIn_m1hgl_8\">um <\/span><span class=\"_fadeIn_m1hgl_8\">seguro <\/span><span class=\"_fadeIn_m1hgl_8\">Mudan\u00e7a de contentor <\/span><span class=\"_fadeIn_m1hgl_8\">e <\/span><span class=\"_fadeIn_m1hgl_8\">reduzido <\/span><span class=\"_fadeIn_m1hgl_8\">f\u00edsico <\/span><span class=\"_fadeIn_m1hgl_8\">Carga <\/span><span class=\"_fadeIn_m1hgl_8\">no <\/span><span class=\"_fadeIn_m1hgl_8\">Trabalho quotidiano.<\/span><\/p>\n<p data-start=\"1295\" data-end=\"1572\"><span class=\"_fadeIn_m1hgl_8\">Para <\/span><span class=\"_fadeIn_m1hgl_8\">m\u00e1ximo <\/span><span class=\"_fadeIn_m1hgl_8\">Seguran\u00e7a no trabalho <\/span><span class=\"_fadeIn_m1hgl_8\">tem <\/span><span class=\"_fadeIn_m1hgl_8\">a <\/span><span class=\"_fadeIn_m1hgl_8\">Agitador <\/span><span class=\"_fadeIn_m1hgl_8\">sobre <\/span><span class=\"_fadeIn_m1hgl_8\">um <\/span><span class=\"_fadeIn_m1hgl_8\">autom\u00e1tico <\/span><span class=\"_fadeIn_m1hgl_8\">Desligar <\/span><span class=\"_fadeIn_m1hgl_8\">no <\/span><span class=\"_fadeIn_m1hgl_8\">Levantamento <\/span><span class=\"_fadeIn_m1hgl_8\">do <\/span><span class=\"_fadeIn_m1hgl_8\">Tampas<\/span><span class=\"_fadeIn_m1hgl_8\">, <\/span><span class=\"_fadeIn_m1hgl_8\">em <\/span><span class=\"_fadeIn_m1hgl_8\">Interven\u00e7\u00f5es <\/span><span class=\"_fadeIn_m1hgl_8\">em <\/span><span class=\"_fadeIn_m1hgl_8\">m\u00f3vel <\/span><span class=\"_fadeIn_m1hgl_8\">Pe\u00e7as <\/span><span class=\"_fadeIn_m1hgl_8\">para <\/span><span class=\"_fadeIn_m1hgl_8\">prevenir. <\/span><span class=\"_fadeIn_m1hgl_8\">O <\/span><span class=\"_fadeIn_m1hgl_8\">Processo de agita\u00e7\u00e3o <\/span><span class=\"_fadeIn_m1hgl_8\">come\u00e7a <\/span><span class=\"_fadeIn_m1hgl_8\">novamente <\/span><span class=\"_fadeIn_m1hgl_8\">automaticamente <\/span><span class=\"_fadeIn_m1hgl_8\">sobre <\/span><span class=\"_fadeIn_m1hgl_8\">um <\/span><span class=\"_fadeIn_m1hgl_8\">Dete\u00e7\u00e3o de contentores<\/span> <span class=\"_fadeIn_m1hgl_8\">no <\/span><span class=\"_fadeIn_m1hgl_8\">Baixar - <\/span><span class=\"_fadeIn_m1hgl_8\">eficaz <\/span><span class=\"_fadeIn_m1hgl_8\">e <\/span><span class=\"_fadeIn_m1hgl_8\">seguro.<\/span><\/p>\n<p data-start=\"1295\" data-end=\"1572\">A batedeira est\u00e1 dispon\u00edvel tanto para montagem na parede como no ch\u00e3o.<\/p>\n<p data-start=\"1574\" data-end=\"1615\"><span class=\"_fadeIn_m1hgl_8\">Nota: <\/span><span class=\"_fadeIn_m1hgl_8\">entrega <\/span><span class=\"_fadeIn_m1hgl_8\">tem lugar <\/span><span class=\"_fadeIn_m1hgl_8\">sem <\/span><span class=\"_fadeIn_m1hgl_8\">Barril.<\/span><\/p>\n<p data-start=\"1617\" data-end=\"1648\"><span class=\"_fadeIn_m1hgl_8\">Vantagens <\/span><span class=\"_fadeIn_m1hgl_8\">sobre <\/span><span class=\"_fadeIn_m1hgl_8\">um <\/span><span class=\"_fadeIn_m1hgl_8\">Ver:<\/span><\/p>\n<ul>\n<li data-start=\"1651\" data-end=\"1697\"><span class=\"_fadeIn_m1hgl_8\">Pneum\u00e1tico <\/span><span class=\"_fadeIn_m1hgl_8\">Condu\u00e7\u00e3o <\/span><span class=\"_fadeIn_m1hgl_8\">para <\/span><span class=\"_fadeIn_m1hgl_8\">poderoso <\/span><span class=\"_fadeIn_m1hgl_8\">Mexer<\/span><\/li>\n<li data-start=\"1651\" data-end=\"1697\"><span class=\"_fadeIn_m1hgl_8\">Para 1<\/span><span class=\"_fadeIn_m1hgl_8\">00-<\/span><span class=\"_fadeIn_m1hgl_8\">Litro<\/span><span class=\"_fadeIn_m1hgl_8\">Barris <\/span><span class=\"_fadeIn_m1hgl_8\">optimizado<\/span><\/li>\n<li data-start=\"1651\" data-end=\"1697\"><span class=\"_fadeIn_m1hgl_8\">Veio do agitador &amp; <\/span><span class=\"_fadeIn_m1hgl_8\">eco-<\/span><span class=\"_fadeIn_m1hgl_8\">Ta\u00e7a <\/span><span class=\"_fadeIn_m1hgl_8\">de <\/span><span class=\"_fadeIn_m1hgl_8\">V4A <\/span><span class=\"_fadeIn_m1hgl_8\">A\u00e7o inoxid\u00e1vel<\/span><\/li>\n<li data-start=\"1651\" data-end=\"1697\"><span class=\"_fadeIn_m1hgl_8\">Autom\u00e1tico <\/span><span class=\"_fadeIn_m1hgl_8\">Dispositivo de eleva\u00e7\u00e3o <\/span><span class=\"_fadeIn_m1hgl_8\">para <\/span><span class=\"_fadeIn_m1hgl_8\">ergon\u00f3mico <\/span><span class=\"_fadeIn_m1hgl_8\">Trabalho<\/span><\/li>\n<li data-start=\"1651\" data-end=\"1697\"><span class=\"_fadeIn_m1hgl_8\">Painel de controlo <\/span><span class=\"_fadeIn_m1hgl_8\">para o <\/span><span class=\"_fadeIn_m1hgl_8\">simples <\/span><span class=\"_fadeIn_m1hgl_8\">Sistema de controlo<\/span><\/li>\n<li data-start=\"1651\" data-end=\"1697\"><span class=\"_fadeIn_m1hgl_8\">Encerramento de seguran\u00e7a <\/span><span class=\"_fadeIn_m1hgl_8\">com <\/span><span class=\"_fadeIn_m1hgl_8\">Levantamento da tampa<\/span><\/li>\n<li data-start=\"1651\" data-end=\"1697\"><span class=\"_fadeIn_m1hgl_8\">Autom\u00e1tico <\/span><span class=\"_fadeIn_m1hgl_8\">Reiniciar <\/span><span class=\"_fadeIn_m1hgl_8\">atrav\u00e9s de <\/span><span class=\"_fadeIn_m1hgl_8\">Dete\u00e7\u00e3o de contentores<\/span><\/li>\n<li data-start=\"1651\" data-end=\"1697\"><span class=\"_fadeIn_m1hgl_8\">Para <\/span><span class=\"_fadeIn_m1hgl_8\">baixo <\/span><span class=\"_fadeIn_m1hgl_8\">at\u00e9 <\/span><span class=\"_fadeIn_m1hgl_8\">alta viscosidade <\/span><span class=\"_fadeIn_m1hgl_8\">Media<\/span><\/li>\n<li data-start=\"1651\" data-end=\"1697\"><span class=\"_fadeIn_m1hgl_8\">Higi\u00e9nico, <\/span><span class=\"_fadeIn_m1hgl_8\">seguro, <\/span><span class=\"_fadeIn_m1hgl_8\">adequado para utiliza\u00e7\u00e3o industrial<\/span><\/li>\n<\/ul>","protected":false},"excerpt":{"rendered":"<p><span class=\"_fadeIn_m1hgl_8\">Agitador de bancada <\/span><span class=\"_fadeIn_m1hgl_8\">para 1<\/span><span class=\"_fadeIn_m1hgl_8\">00-<\/span><span class=\"_fadeIn_m1hgl_8\">Litro<\/span><span class=\"_fadeIn_m1hgl_8\">Barris <\/span><span class=\"_fadeIn_m1hgl_8\">com <\/span><span class=\"_fadeIn_m1hgl_8\">pneum\u00e1tico <\/span><span class=\"_fadeIn_m1hgl_8\">Conduzir, <\/span><span class=\"_fadeIn_m1hgl_8\">V4A-<\/span><span class=\"_fadeIn_m1hgl_8\">Componentes, <\/span><span class=\"_fadeIn_m1hgl_8\">mais autom\u00e1tico <\/span><span class=\"_fadeIn_m1hgl_8\">Dispositivo de eleva\u00e7\u00e3o, <\/span><span class=\"_fadeIn_m1hgl_8\">Encerramento de seguran\u00e7a <\/span><span class=\"_fadeIn_m1hgl_8\">e <\/span><span class=\"_fadeIn_m1hgl_8\">eco-<\/span><span class=\"_fadeIn_m1hgl_8\">Ta\u00e7a <\/span><span class=\"_fadeIn_m1hgl_8\">para <\/span><span class=\"_fadeIn_m1hgl_8\">eficiente, <\/span><span class=\"_fadeIn_m1hgl_8\">seguro <\/span><span class=\"_fadeIn_m1hgl_8\">Mexer <\/span><span class=\"_fadeIn_m1hgl_8\">com <\/span><span class=\"_fadeIn_m1hgl_8\">todos <\/span><span class=\"_fadeIn_m1hgl_8\">viscosidades, com montagem na parede ou no ch\u00e3o.<\/span><\/p>","protected":false},"featured_media":15445,"comment_status":"open","ping_status":"closed","template":"","meta":{"_acf_changed":false},"product_brand":[],"product_cat":[595,603],"product_tag":[2895,2939,2960,2971,2972,2973,2974,2975,2976,2893],"class_list":{"0":"post-7660","1":"product","2":"type-product","3":"status-publish","4":"has-post-thumbnail","6":"product_cat-ruehrwerkstechnik","7":"product_cat-fassruehrwerke","8":"product_tag-ruehrwerk-mit-sicherheitsabschaltung","9":"product_tag-pneumatischer-ruehrantrieb-atex","10":"product_tag-fassruehrwerk-edelstahl","11":"product_tag-bedienpult-ruehrtechnik","12":"product_tag-stativruehrwerk-100-liter","13":"product_tag-v4a-ruehrwerk-eco-cup","14":"product_tag-edelstahl-ruehrsystem-100l","15":"product_tag-fassruehrwerk-industrie","16":"product_tag-hygienisches-ruehrwerk-100-liter","17":"product_tag-ruehrwerk-mit-hebevorrichtung","18":"product_shipping_class-europalette-speditionsversand","19":"pa_antriebsart-pneumatisch","20":"pa_atex-zone-122122","21":"pa_behaeltervolumen-100-liter","22":"pa_deckeldurchmesser-440mm","23":"pa_dichtung-ptfe","24":"pa_drehmoment-8nm","25":"pa_drehzahl-0-300-1-min","26":"pa_durchmesser-ruehrwelle-20mm","27":"pa_ex-gas-ex-ii-2-g-ex-h-iic-t5-gb-x","28":"pa_ex-staub-ex-ii-2-d-ex-h-iiic-t100c-db-x","29":"pa_geeignete-fassdurchmesser-100-liter","30":"pa_geraeuschpegel-75db","31":"pa_gesamtbreite-550mm","32":"pa_gesamthoehe-1746mm","33":"pa_gesamttiefe-700mm","34":"pa_labs-oel-und-silikonfrei","35":"pa_laenge-ruehrwelle-ca-740mm-ab-deckeloberkante","36":"pa_material-deckel-v4a-edelstahl-1-4404","37":"pa_mittlerer-luftverbrauch-50l-min","38":"pa_model-eco-station-100","39":"pa_ruehrorgan-becherruehrorgan-eco-cup-260mm","40":"pa_stativverfahrweg-700mm","41":"pa_typ-stativruehrwerk","42":"pa_versorgung-5-6bar","44":"first","45":"instock","46":"taxable","47":"shipping-taxable","48":"purchasable","49":"product-type-variable"},"bundled_by":[],"bundle_stock_status":"instock","bundle_stock_quantity":null,"bundle_virtual":false,"bundle_layout":"","bundle_add_to_cart_form_location":"","bundle_editable_in_cart":false,"bundle_sold_individually_context":"","bundle_item_grouping":"","bundle_min_size":"","bundle_max_size":"","bundle_price":[],"bundled_items":[],"bundle_sell_ids":[],"exclude_global_add_ons":[],"addons":[],"acf":[],"_links":{"self":[{"href":"https:\/\/ptm-mechatronics.com\/pt\/wp-json\/wp\/v2\/product\/7660","targetHints":{"allow":["GET"]}}],"collection":[{"href":"https:\/\/ptm-mechatronics.com\/pt\/wp-json\/wp\/v2\/product"}],"about":[{"href":"https:\/\/ptm-mechatronics.com\/pt\/wp-json\/wp\/v2\/types\/product"}],"replies":[{"embeddable":true,"href":"https:\/\/ptm-mechatronics.com\/pt\/wp-json\/wp\/v2\/comments?post=7660"}],"wp:featuredmedia":[{"embeddable":true,"href":"https:\/\/ptm-mechatronics.com\/pt\/wp-json\/wp\/v2\/media\/15445"}],"wp:attachment":[{"href":"https:\/\/ptm-mechatronics.com\/pt\/wp-json\/wp\/v2\/media?parent=7660"}],"wp:term":[{"taxonomy":"product_brand","embeddable":true,"href":"https:\/\/ptm-mechatronics.com\/pt\/wp-json\/wp\/v2\/product_brand?post=7660"},{"taxonomy":"product_cat","embeddable":true,"href":"https:\/\/ptm-mechatronics.com\/pt\/wp-json\/wp\/v2\/product_cat?post=7660"},{"taxonomy":"product_tag","embeddable":true,"href":"https:\/\/ptm-mechatronics.com\/pt\/wp-json\/wp\/v2\/product_tag?post=7660"}],"curies":[{"name":"wp","href":"https:\/\/api.w.org\/{rel}","templated":true}]}}