{"id":7653,"date":"2024-02-07T17:44:21","date_gmt":"2024-02-07T17:44:21","guid":{"rendered":""},"modified":"2025-11-07T15:52:16","modified_gmt":"2025-11-07T14:52:16","slug":"ruehrwerk-mit-traverse-fuer-30-liter-fass-antrieb-atex-zone-1","status":"publish","type":"product","link":"https:\/\/ptm-mechatronics.com\/pt\/product\/ruehrwerk-mit-traverse-fuer-30-liter-fass-antrieb-atex-zone-1\/","title":{"rendered":"Agitador com desloca\u00e7\u00e3o para bid\u00e3o de 30 litros - acionamento ATEX Zona 1"},"content":{"rendered":"<p>O agitador \u00e9 composto por um acionamento pneum\u00e1tico potente e energeticamente eficiente, com certifica\u00e7\u00e3o ATEX para a zona ATEX 1, veio agitador com agitador eco-Cup e travessa. O veio do agitador, o elemento agitador e a travessa s\u00e3o fabricados em a\u00e7o inoxid\u00e1vel V4A 1.4404 de alta qualidade. A travessa com dois dispositivos de fixa\u00e7\u00e3o adapta-se a bid\u00f5es normalizados com uma capacidade de 30 litros e um di\u00e2metro de 300 a 400 mm.<br \/>\nO agitador agita de forma fi\u00e1vel todos os tipos de meios de baixa e alta viscosidade. Os seus componentes j\u00e1 est\u00e3o optimizados para um processo de agita\u00e7\u00e3o fi\u00e1vel e seguro em tambores de 30 litros. O agitador eco-Cup inclu\u00eddo no volume de fornecimento tem um comportamento de agita\u00e7\u00e3o suave e proporciona um resultado de agita\u00e7\u00e3o homog\u00e9neo.<\/p>","protected":false},"excerpt":{"rendered":"<p>Agitador potente, totalmente equipado com desloca\u00e7\u00e3o, veio agitador e elemento agitador para tambor de 30 litros - acionamento ATEX Zona 1<\/p>","protected":false},"featured_media":15340,"comment_status":"open","ping_status":"closed","template":"","meta":{"_acf_changed":false},"product_brand":[],"product_cat":[612,595],"product_tag":[],"class_list":{"0":"post-7653","1":"product","2":"type-product","3":"status-publish","4":"has-post-thumbnail","6":"product_cat-kleingebinderuehrwerke","7":"product_cat-ruehrwerkstechnik","8":"product_shipping_class-karton-paketversand","9":"pa_antriebsart-pneumatisch","10":"pa_atex-zone-122122","11":"pa_behaeltervolumen-30-liter","12":"pa_dichtung-ptfe","13":"pa_drehmoment-4nm","14":"pa_drehzahl-0-300-1-min","15":"pa_durchmesser-ruehrwelle-16mm","16":"pa_ex-gas-ex-ii-2-g-ex-h-iic-t5-gb-x","17":"pa_ex-staub-ex-ii-2-d-ex-h-iiic-t100c-db-x","18":"pa_geeignete-fassdurchmesser-300-400mm","19":"pa_geraeuschpegel-75db","20":"pa_labs-oel-und-silikonfrei","21":"pa_laenge-ruehrwelle-ca-360mm-ab-deckeloberkante","22":"pa_material-gehaeuse-aluminium-eloxiert","23":"pa_material-traverse-v4a-edelstahl-1-4404","24":"pa_mittlerer-luftverbrauch-25l-min","25":"pa_ruehrorgan-becherruehrorgan-eco-cup-170mm","26":"pa_schutzart-ip67","27":"pa_steckverschraubung-abluft-schlauch-o10mm","28":"pa_steckverschraubung-zuluft-schlauch-o6mm","29":"pa_typ-traversenruehrwerk","30":"pa_versorgung-5-6bar","32":"first","33":"instock","34":"taxable","35":"shipping-taxable","36":"purchasable","37":"product-type-simple"},"bundled_by":[],"bundle_stock_status":"instock","bundle_stock_quantity":null,"bundle_virtual":false,"bundle_layout":"","bundle_add_to_cart_form_location":"","bundle_editable_in_cart":false,"bundle_sold_individually_context":"","bundle_item_grouping":"","bundle_min_size":"","bundle_max_size":"","bundle_price":[],"bundled_items":[],"bundle_sell_ids":[],"exclude_global_add_ons":[],"addons":[],"acf":[],"_links":{"self":[{"href":"https:\/\/ptm-mechatronics.com\/pt\/wp-json\/wp\/v2\/product\/7653","targetHints":{"allow":["GET"]}}],"collection":[{"href":"https:\/\/ptm-mechatronics.com\/pt\/wp-json\/wp\/v2\/product"}],"about":[{"href":"https:\/\/ptm-mechatronics.com\/pt\/wp-json\/wp\/v2\/types\/product"}],"replies":[{"embeddable":true,"href":"https:\/\/ptm-mechatronics.com\/pt\/wp-json\/wp\/v2\/comments?post=7653"}],"wp:featuredmedia":[{"embeddable":true,"href":"https:\/\/ptm-mechatronics.com\/pt\/wp-json\/wp\/v2\/media\/15340"}],"wp:attachment":[{"href":"https:\/\/ptm-mechatronics.com\/pt\/wp-json\/wp\/v2\/media?parent=7653"}],"wp:term":[{"taxonomy":"product_brand","embeddable":true,"href":"https:\/\/ptm-mechatronics.com\/pt\/wp-json\/wp\/v2\/product_brand?post=7653"},{"taxonomy":"product_cat","embeddable":true,"href":"https:\/\/ptm-mechatronics.com\/pt\/wp-json\/wp\/v2\/product_cat?post=7653"},{"taxonomy":"product_tag","embeddable":true,"href":"https:\/\/ptm-mechatronics.com\/pt\/wp-json\/wp\/v2\/product_tag?post=7653"}],"curies":[{"name":"wp","href":"https:\/\/api.w.org\/{rel}","templated":true}]}}