{"id":7623,"date":"2024-02-07T17:44:20","date_gmt":"2024-02-07T17:44:20","guid":{"rendered":""},"modified":"2025-11-07T15:52:13","modified_gmt":"2025-11-07T14:52:13","slug":"handruehrer-atex-eco-up-900","status":"publish","type":"product","link":"https:\/\/ptm-mechatronics.com\/pt\/product\/handruehrer-atex-eco-up-900\/","title":{"rendered":"Batedeira manual ATEX eco-Up 900"},"content":{"rendered":"<p data-start=\"164\" data-end=\"221\"><span class=\"_fadeIn_m1hgl_8\">Batedeira manual <\/span><span class=\"_fadeIn_m1hgl_8\">eco-<\/span><span class=\"_fadeIn_m1hgl_8\">Para cima - <\/span><span class=\"_fadeIn_m1hgl_8\">ergon\u00f3mico, <\/span><span class=\"_fadeIn_m1hgl_8\">poderoso, <\/span><span class=\"_fadeIn_m1hgl_8\">seguro<\/span><\/p>\n<p data-start=\"223\" data-end=\"575\"><span class=\"_fadeIn_m1hgl_8\">Com <\/span><span class=\"_fadeIn_m1hgl_8\">a <\/span><span class=\"_fadeIn_m1hgl_8\">Batedeira manual <\/span><span class=\"_fadeIn_m1hgl_8\">eco-<\/span><span class=\"_fadeIn_m1hgl_8\">Para cima<\/span> <span class=\"_fadeIn_m1hgl_8\">sair <\/span><span class=\"_fadeIn_m1hgl_8\">em si <\/span><span class=\"_fadeIn_m1hgl_8\">l\u00edquido <\/span><span class=\"_fadeIn_m1hgl_8\">e <\/span><span class=\"_fadeIn_m1hgl_8\">alta viscosidade <\/span><span class=\"_fadeIn_m1hgl_8\">Subst\u00e2ncias<\/span> <span class=\"_fadeIn_m1hgl_8\">seguro, <\/span><span class=\"_fadeIn_m1hgl_8\">Poderoso <\/span><span class=\"_fadeIn_m1hgl_8\">e <\/span><span class=\"_fadeIn_m1hgl_8\">confort\u00e1vel <\/span><span class=\"_fadeIn_m1hgl_8\">agitar. <\/span><span class=\"_fadeIn_m1hgl_8\">O <\/span><span class=\"_fadeIn_m1hgl_8\">Dispositivo <\/span><span class=\"_fadeIn_m1hgl_8\">era <\/span><span class=\"_fadeIn_m1hgl_8\">especialmente <\/span><span class=\"_fadeIn_m1hgl_8\">para <\/span><span class=\"_fadeIn_m1hgl_8\">a <\/span><span class=\"_fadeIn_m1hgl_8\">ergon\u00f3mico <\/span><span class=\"_fadeIn_m1hgl_8\">Funcionamento com duas m\u00e3os<\/span> <span class=\"_fadeIn_m1hgl_8\">concebido <\/span><span class=\"_fadeIn_m1hgl_8\">e <\/span><span class=\"_fadeIn_m1hgl_8\">convencido <\/span><span class=\"_fadeIn_m1hgl_8\">atrav\u00e9s de <\/span><span class=\"_fadeIn_m1hgl_8\">um <\/span><span class=\"_fadeIn_m1hgl_8\">est\u00e1vel, <\/span><span class=\"_fadeIn_m1hgl_8\">de f\u00e1cil utiliza\u00e7\u00e3o <\/span><span class=\"_fadeIn_m1hgl_8\">Manuseamento<\/span><span class=\"_fadeIn_m1hgl_8\"> \u2013 <\/span><span class=\"_fadeIn_m1hgl_8\">ideal <\/span><span class=\"_fadeIn_m1hgl_8\">para <\/span><span class=\"_fadeIn_m1hgl_8\">o <\/span><span class=\"_fadeIn_m1hgl_8\">Utiliza\u00e7\u00e3o <\/span><span class=\"_fadeIn_m1hgl_8\">em <\/span><span class=\"_fadeIn_m1hgl_8\">Produ\u00e7\u00e3o e <\/span><span class=\"_fadeIn_m1hgl_8\">Ind\u00fastria.<\/span><\/p>\n<p data-start=\"577\" data-end=\"952\"><span class=\"_fadeIn_m1hgl_8\">Agradecimentos a <\/span><span class=\"_fadeIn_m1hgl_8\">do <\/span><span class=\"_fadeIn_m1hgl_8\">Ergon\u00f3mico <\/span><span class=\"_fadeIn_m1hgl_8\">moldado <\/span><span class=\"_fadeIn_m1hgl_8\">Pegas<\/span> <span class=\"_fadeIn_m1hgl_8\">para <\/span><span class=\"_fadeIn_m1hgl_8\">ambos <\/span><span class=\"_fadeIn_m1hgl_8\">M\u00e3os <\/span><span class=\"_fadeIn_m1hgl_8\">\u00e9 <\/span><span class=\"_fadeIn_m1hgl_8\">a <\/span><span class=\"_fadeIn_m1hgl_8\">mais seguro <\/span><span class=\"_fadeIn_m1hgl_8\">Suporte <\/span><span class=\"_fadeIn_m1hgl_8\">no <\/span><span class=\"_fadeIn_m1hgl_8\">Mexer <\/span><span class=\"_fadeIn_m1hgl_8\">garantido. <\/span><span class=\"_fadeIn_m1hgl_8\">O <\/span><span class=\"_fadeIn_m1hgl_8\">Levantamento, <\/span><span class=\"_fadeIn_m1hgl_8\">Manter <\/span><span class=\"_fadeIn_m1hgl_8\">e <\/span><span class=\"_fadeIn_m1hgl_8\">Chumbo <\/span><span class=\"_fadeIn_m1hgl_8\">do <\/span><span class=\"_fadeIn_m1hgl_8\">Dispositivo <\/span><span class=\"_fadeIn_m1hgl_8\">tem lugar <\/span><span class=\"_fadeIn_m1hgl_8\">sem esfor\u00e7o <\/span><span class=\"_fadeIn_m1hgl_8\">e <\/span><span class=\"_fadeIn_m1hgl_8\">permite <\/span><span class=\"_fadeIn_m1hgl_8\">a <\/span><span class=\"_fadeIn_m1hgl_8\">Utilizadores <\/span><span class=\"_fadeIn_m1hgl_8\">um <\/span><span class=\"_fadeIn_m1hgl_8\">controlado, <\/span><span class=\"_fadeIn_m1hgl_8\">poderoso <\/span><span class=\"_fadeIn_m1hgl_8\">Movimento<\/span><span class=\"_fadeIn_m1hgl_8\">, <\/span><span class=\"_fadeIn_m1hgl_8\">em si <\/span><span class=\"_fadeIn_m1hgl_8\">com <\/span><span class=\"_fadeIn_m1hgl_8\">duro <\/span><span class=\"_fadeIn_m1hgl_8\">Meios de comunica\u00e7\u00e3o social. <\/span><span class=\"_fadeIn_m1hgl_8\">No processo <\/span><span class=\"_fadeIn_m1hgl_8\">restos <\/span><span class=\"_fadeIn_m1hgl_8\">a <\/span><span class=\"_fadeIn_m1hgl_8\">Funcionamento <\/span><span class=\"_fadeIn_m1hgl_8\">em qualquer altura <\/span><span class=\"_fadeIn_m1hgl_8\">seguro <\/span><span class=\"_fadeIn_m1hgl_8\">e <\/span><span class=\"_fadeIn_m1hgl_8\">simples<\/span><span class=\"_fadeIn_m1hgl_8\">, <\/span><span class=\"_fadeIn_m1hgl_8\">sem <\/span><span class=\"_fadeIn_m1hgl_8\">sobre <\/span><span class=\"_fadeIn_m1hgl_8\">importante <\/span><span class=\"_fadeIn_m1hgl_8\">Elementos de seguran\u00e7a <\/span><span class=\"_fadeIn_m1hgl_8\">para <\/span><span class=\"_fadeIn_m1hgl_8\">passar sem.<\/span><\/p>\n<p data-start=\"954\" data-end=\"1186\"><span class=\"_fadeIn_m1hgl_8\">Entregue <\/span><span class=\"_fadeIn_m1hgl_8\">torna-se <\/span><span class=\"_fadeIn_m1hgl_8\">a <\/span><span class=\"_fadeIn_m1hgl_8\">eco-<\/span><span class=\"_fadeIn_m1hgl_8\">Para cima <\/span><span class=\"_fadeIn_m1hgl_8\">Batedeira manual <\/span><span class=\"_fadeIn_m1hgl_8\">com <\/span><span class=\"_fadeIn_m1hgl_8\">um <\/span><span class=\"_fadeIn_m1hgl_8\">promo\u00e7\u00e3o descendente <\/span><span class=\"_fadeIn_m1hgl_8\">Agitador helicoidal<\/span><span class=\"_fadeIn_m1hgl_8\">, <\/span><span class=\"_fadeIn_m1hgl_8\">a <\/span><span class=\"_fadeIn_m1hgl_8\">um <\/span><span class=\"_fadeIn_m1hgl_8\">especialmente <\/span><span class=\"_fadeIn_m1hgl_8\">efetivo <\/span><span class=\"_fadeIn_m1hgl_8\">e <\/span><span class=\"_fadeIn_m1hgl_8\">mesmo <\/span><span class=\"_fadeIn_m1hgl_8\">Mistura <\/span><span class=\"_fadeIn_m1hgl_8\">mais diversificada <\/span><span class=\"_fadeIn_m1hgl_8\">Media <\/span><span class=\"_fadeIn_m1hgl_8\">garantido - <\/span><span class=\"_fadeIn_m1hgl_8\">de <\/span><span class=\"_fadeIn_m1hgl_8\">baixa viscosidade <\/span><span class=\"_fadeIn_m1hgl_8\">at\u00e9 <\/span><span class=\"_fadeIn_m1hgl_8\">muito viscoso <\/span><span class=\"_fadeIn_m1hgl_8\">Materiais.<\/span><\/p>\n<p data-start=\"1188\" data-end=\"1219\"><span class=\"_fadeIn_m1hgl_8\">Vantagens <\/span><span class=\"_fadeIn_m1hgl_8\">sobre <\/span><span class=\"_fadeIn_m1hgl_8\">um <\/span><span class=\"_fadeIn_m1hgl_8\">Ver:<\/span><\/p>\n<ul>\n<li data-start=\"1222\" data-end=\"1270\"><span class=\"_fadeIn_m1hgl_8\">Ergon\u00f3mico <\/span><span class=\"_fadeIn_m1hgl_8\">Dispositivo para duas m\u00e3os <\/span><span class=\"_fadeIn_m1hgl_8\">para <\/span><span class=\"_fadeIn_m1hgl_8\">seguro <\/span><span class=\"_fadeIn_m1hgl_8\">Suporte<\/span><\/li>\n<li data-start=\"1222\" data-end=\"1270\"><span class=\"_fadeIn_m1hgl_8\">Poderoso <\/span><span class=\"_fadeIn_m1hgl_8\">manual <\/span><span class=\"_fadeIn_m1hgl_8\">Mexer <\/span><span class=\"_fadeIn_m1hgl_8\">mais diversificada <\/span><span class=\"_fadeIn_m1hgl_8\">Media<\/span><\/li>\n<li data-start=\"1222\" data-end=\"1270\"><span class=\"_fadeIn_m1hgl_8\">Ideal <\/span><span class=\"_fadeIn_m1hgl_8\">para <\/span><span class=\"_fadeIn_m1hgl_8\">alta viscosidade <\/span><span class=\"_fadeIn_m1hgl_8\">e <\/span><span class=\"_fadeIn_m1hgl_8\">l\u00edquido <\/span><span class=\"_fadeIn_m1hgl_8\">Subst\u00e2ncias<\/span><\/li>\n<li data-start=\"1222\" data-end=\"1270\"><span class=\"_fadeIn_m1hgl_8\">Simples, <\/span><span class=\"_fadeIn_m1hgl_8\">seguro <\/span><span class=\"_fadeIn_m1hgl_8\">Manuseamento <\/span><span class=\"_fadeIn_m1hgl_8\">com <\/span><span class=\"_fadeIn_m1hgl_8\">ambos <\/span><span class=\"_fadeIn_m1hgl_8\">m\u00e3os<\/span><\/li>\n<li data-start=\"1222\" data-end=\"1270\"><span class=\"_fadeIn_m1hgl_8\">Inclu\u00eddo <\/span><span class=\"_fadeIn_m1hgl_8\">para baixo <\/span><span class=\"_fadeIn_m1hgl_8\">Agitador helicoidal<\/span><\/li>\n<li data-start=\"1222\" data-end=\"1270\"><span class=\"_fadeIn_m1hgl_8\">Telem\u00f3vel, <\/span><span class=\"_fadeIn_m1hgl_8\">Flex\u00edvel <\/span><span class=\"_fadeIn_m1hgl_8\">e <\/span><span class=\"_fadeIn_m1hgl_8\">Vers\u00e1til <\/span><span class=\"_fadeIn_m1hgl_8\">aplic\u00e1vel<\/span><\/li>\n<li data-start=\"1222\" data-end=\"1270\"><span class=\"_fadeIn_m1hgl_8\">Adequado <\/span><span class=\"_fadeIn_m1hgl_8\">para <\/span><span class=\"_fadeIn_m1hgl_8\">Produ\u00e7\u00e3o<\/span> <span class=\"_fadeIn_m1hgl_8\">e <\/span><span class=\"_fadeIn_m1hgl_8\">Ind\u00fastria<\/span><\/li>\n<\/ul>","protected":false},"excerpt":{"rendered":"<p><span class=\"_fadeIn_m1hgl_8\">E<\/span><span class=\"_fadeIn_m1hgl_8\">rgon\u00f3mico <\/span><span class=\"_fadeIn_m1hgl_8\">Batedeira manual <\/span><span class=\"_fadeIn_m1hgl_8\">eco-<\/span><span class=\"_fadeIn_m1hgl_8\">Para cima <\/span><span class=\"_fadeIn_m1hgl_8\">para <\/span><span class=\"_fadeIn_m1hgl_8\">seguro <\/span><span class=\"_fadeIn_m1hgl_8\">e <\/span><span class=\"_fadeIn_m1hgl_8\">poderoso <\/span><span class=\"_fadeIn_m1hgl_8\">Mexer <\/span><span class=\"_fadeIn_m1hgl_8\">de <\/span><span class=\"_fadeIn_m1hgl_8\">l\u00edquido <\/span><span class=\"_fadeIn_m1hgl_8\">at\u00e9 <\/span><span class=\"_fadeIn_m1hgl_8\">muito viscoso <\/span><span class=\"_fadeIn_m1hgl_8\">Media <\/span><span class=\"_fadeIn_m1hgl_8\">por <\/span><span class=\"_fadeIn_m1hgl_8\">Funcionamento com duas m\u00e3os - <\/span><span class=\"_fadeIn_m1hgl_8\">inclusive <\/span><span class=\"_fadeIn_m1hgl_8\">Agitador helicoidal <\/span><span class=\"_fadeIn_m1hgl_8\">para <\/span><span class=\"_fadeIn_m1hgl_8\">efetivo <\/span><span class=\"_fadeIn_m1hgl_8\">Mistura.<\/span><\/p>","protected":false},"featured_media":15438,"comment_status":"open","ping_status":"closed","template":"","meta":{"_acf_changed":false},"product_brand":[],"product_cat":[595,600],"product_tag":[2903,2904,2905,2906,2907,2908,2899,2900,2901,2902],"class_list":{"0":"post-7623","1":"product","2":"type-product","3":"status-publish","4":"has-post-thumbnail","6":"product_cat-ruehrwerkstechnik","7":"product_cat-handruehrer","8":"product_tag-manuelles-ruehrgeraet","9":"product_tag-ruehrgeraet-hochviskose-medien","10":"product_tag-ruehrgeraet-fuer-labor","11":"product_tag-handruehrer-mit-wendelruehrorgan","12":"product_tag-manuelles-ruehrwerkzeug","13":"product_tag-fluessigkeiten-manuell-ruehren","14":"product_tag-handruehrgeraet-industrie","15":"product_tag-handruehrer-eco-up","16":"product_tag-zweihandruehrer-kaufen","17":"product_tag-ergonomischer-handruehrer","18":"product_shipping_class-karton-paketversand","19":"pa_anschluss-schnellkupplung-nw7-2","20":"pa_antriebsart-pneumatisch","21":"pa_atex-zone-122122","22":"pa_aufnahme-fuer-ruehrorgan-m14-gewinde","23":"pa_dichtung-ptfe","24":"pa_drehmoment-8nm","25":"pa_drehzahl-0-300-1-min","26":"pa_ex-gas-ex-ii-2-g-ex-h-iic-t5-gb-x","27":"pa_ex-staub-ex-ii-2-d-ex-h-iiic-t100c-db-x","28":"pa_geraeuschpegel-75db","29":"pa_labs-oel-und-silikonfrei","30":"pa_material-gehaeuse-aluminium-eloxiert","31":"pa_mittlerer-luftverbrauch-25l-min","32":"pa_model-eco-lab-900","33":"pa_schutzart-ip67","34":"pa_versorgung-5-6bar","36":"first","37":"instock","38":"taxable","39":"shipping-taxable","40":"purchasable","41":"product-type-simple"},"bundled_by":[],"bundle_stock_status":"instock","bundle_stock_quantity":null,"bundle_virtual":false,"bundle_layout":"","bundle_add_to_cart_form_location":"","bundle_editable_in_cart":false,"bundle_sold_individually_context":"","bundle_item_grouping":"","bundle_min_size":"","bundle_max_size":"","bundle_price":[],"bundled_items":[],"bundle_sell_ids":[],"exclude_global_add_ons":[],"addons":[],"acf":[],"_links":{"self":[{"href":"https:\/\/ptm-mechatronics.com\/pt\/wp-json\/wp\/v2\/product\/7623","targetHints":{"allow":["GET"]}}],"collection":[{"href":"https:\/\/ptm-mechatronics.com\/pt\/wp-json\/wp\/v2\/product"}],"about":[{"href":"https:\/\/ptm-mechatronics.com\/pt\/wp-json\/wp\/v2\/types\/product"}],"replies":[{"embeddable":true,"href":"https:\/\/ptm-mechatronics.com\/pt\/wp-json\/wp\/v2\/comments?post=7623"}],"wp:featuredmedia":[{"embeddable":true,"href":"https:\/\/ptm-mechatronics.com\/pt\/wp-json\/wp\/v2\/media\/15438"}],"wp:attachment":[{"href":"https:\/\/ptm-mechatronics.com\/pt\/wp-json\/wp\/v2\/media?parent=7623"}],"wp:term":[{"taxonomy":"product_brand","embeddable":true,"href":"https:\/\/ptm-mechatronics.com\/pt\/wp-json\/wp\/v2\/product_brand?post=7623"},{"taxonomy":"product_cat","embeddable":true,"href":"https:\/\/ptm-mechatronics.com\/pt\/wp-json\/wp\/v2\/product_cat?post=7623"},{"taxonomy":"product_tag","embeddable":true,"href":"https:\/\/ptm-mechatronics.com\/pt\/wp-json\/wp\/v2\/product_tag?post=7623"}],"curies":[{"name":"wp","href":"https:\/\/api.w.org\/{rel}","templated":true}]}}