{"id":4016,"date":"2024-02-07T17:44:43","date_gmt":"2024-02-07T17:44:43","guid":{"rendered":""},"modified":"2025-11-27T16:33:44","modified_gmt":"2025-11-27T15:33:44","slug":"drehzahlanzeige-atex-zone-1","status":"publish","type":"product","link":"https:\/\/ptm-mechatronics.com\/pt\/product\/drehzahlanzeige-atex-zone-1\/","title":{"rendered":"Indicador de velocidade ATEX Zona 1"},"content":{"rendered":"<h2 data-start=\"190\" data-end=\"266\"><span style=\"font-size: 75%\">Indicador de velocidade para ATEX Zona 1 - preciso, seguro, \u00e0 prova de explos\u00e3o<\/span><\/h2>\n<p data-start=\"268\" data-end=\"641\">O indicador de velocidade para a Zona 1 ATEX foi especialmente desenvolvido para monitorizar de forma fi\u00e1vel e segura a velocidade dos agitadores PTM em atmosferas potencialmente explosivas. Permite uma indica\u00e7\u00e3o precisa da velocidade do agitador, apoiando assim o controlo exato do processo, mesmo em ambientes de produ\u00e7\u00e3o sens\u00edveis, como as ind\u00fastrias qu\u00edmica, farmac\u00eautica ou alimentar.<\/p>\n<p data-start=\"643\" data-end=\"1006\">Gra\u00e7as ao seu design robusto e \u00e0 prova de explos\u00e3o, o indicador de velocidade est\u00e1 perfeitamente adaptado \u00e0 zona ATEX 1 e cumpre os mais elevados padr\u00f5es de seguran\u00e7a para funcionamento em \u00e1reas perigosas com riscos de explos\u00e3o de g\u00e1s ou poeiras. A integra\u00e7\u00e3o simples nos sistemas de agitadores PTM existentes garante uma instala\u00e7\u00e3o r\u00e1pida e um funcionamento sem problemas.<\/p>\n<p data-start=\"1008\" data-end=\"1243\">O visor fornece valores precisos em tempo real que ajudam o utilizador a controlar e otimizar os processos de mistura. Isto n\u00e3o s\u00f3 aumenta a fiabilidade do processo, como tamb\u00e9m a qualidade e a reprodutibilidade do produto.<\/p>","protected":false},"excerpt":{"rendered":"<p>Indicador de velocidade \u00e0 prova de explos\u00e3o para a zona ATEX 1 para monitoriza\u00e7\u00e3o precisa da velocidade dos agitadores PTM para m\u00e1xima fiabilidade do processo em ambientes de produ\u00e7\u00e3o perigosos.<\/p>","protected":false},"featured_media":15410,"comment_status":"open","ping_status":"closed","template":"","meta":{"_acf_changed":false},"product_brand":[],"product_cat":[595,596,603,612,614,1421],"product_tag":[3106,3107,3108,3109,3110,3111,3112,3113,3114,3115],"class_list":{"0":"post-4016","1":"product","2":"type-product","3":"status-publish","4":"has-post-thumbnail","6":"product_cat-ruehrwerkstechnik","7":"product_cat-laborruehrer","8":"product_cat-fassruehrwerke","9":"product_cat-kleingebinderuehrwerke","10":"product_cat-containerruehrwerke","11":"product_cat-zubehoer-ruehrwerkstechnik","12":"product_tag-drehzahlanzeige-atex","13":"product_tag-atex-zone-1-anzeige","14":"product_tag-drehzahlueberwachung-ruehrwerk","15":"product_tag-explosionsgeschuetzte-anzeige","16":"product_tag-ptm-drehzahlanzeige","17":"product_tag-ruehrwerksanzeige-zone-1","18":"product_tag-drehzahlmessung-atex","19":"product_tag-prozessueberwachung-ruehrwerk","20":"product_tag-atex-drehzahlkontrolle","21":"product_tag-explosionsgeschuetztes-zubehoer-ruehrwerk","22":"product_shipping_class-karton-paketversand","24":"first","25":"instock","26":"taxable","27":"shipping-taxable","28":"purchasable","29":"product-type-simple"},"bundled_by":[],"bundle_stock_status":"instock","bundle_stock_quantity":null,"bundle_virtual":false,"bundle_layout":"","bundle_add_to_cart_form_location":"","bundle_editable_in_cart":false,"bundle_sold_individually_context":"","bundle_item_grouping":"","bundle_min_size":"","bundle_max_size":"","bundle_price":[],"bundled_items":[],"bundle_sell_ids":[],"exclude_global_add_ons":[],"addons":[],"acf":[],"_links":{"self":[{"href":"https:\/\/ptm-mechatronics.com\/pt\/wp-json\/wp\/v2\/product\/4016","targetHints":{"allow":["GET"]}}],"collection":[{"href":"https:\/\/ptm-mechatronics.com\/pt\/wp-json\/wp\/v2\/product"}],"about":[{"href":"https:\/\/ptm-mechatronics.com\/pt\/wp-json\/wp\/v2\/types\/product"}],"replies":[{"embeddable":true,"href":"https:\/\/ptm-mechatronics.com\/pt\/wp-json\/wp\/v2\/comments?post=4016"}],"wp:featuredmedia":[{"embeddable":true,"href":"https:\/\/ptm-mechatronics.com\/pt\/wp-json\/wp\/v2\/media\/15410"}],"wp:attachment":[{"href":"https:\/\/ptm-mechatronics.com\/pt\/wp-json\/wp\/v2\/media?parent=4016"}],"wp:term":[{"taxonomy":"product_brand","embeddable":true,"href":"https:\/\/ptm-mechatronics.com\/pt\/wp-json\/wp\/v2\/product_brand?post=4016"},{"taxonomy":"product_cat","embeddable":true,"href":"https:\/\/ptm-mechatronics.com\/pt\/wp-json\/wp\/v2\/product_cat?post=4016"},{"taxonomy":"product_tag","embeddable":true,"href":"https:\/\/ptm-mechatronics.com\/pt\/wp-json\/wp\/v2\/product_tag?post=4016"}],"curies":[{"name":"wp","href":"https:\/\/api.w.org\/{rel}","templated":true}]}}