{"id":3991,"date":"2024-02-07T17:44:42","date_gmt":"2024-02-07T17:44:42","guid":{"rendered":""},"modified":"2025-11-07T15:51:30","modified_gmt":"2025-11-07T14:51:30","slug":"deckel-eco-cap-200-fuer-200-220-liter-fass","status":"publish","type":"product","link":"https:\/\/ptm-mechatronics.com\/pt\/product\/deckel-eco-cap-200-fuer-200-220-liter-fass\/","title":{"rendered":"Tampa eco-Cap 200 para bid\u00f5es de 200-220 litros"},"content":{"rendered":"<h1 data-start=\"317\" data-end=\"393\"><span style=\"font-size: 75%;\"><span class=\"_fadeIn_m1hgl_8\">Tampa em a\u00e7o inoxid\u00e1vel <\/span><span class=\"_fadeIn_m1hgl_8\">com <\/span><span class=\"_fadeIn_m1hgl_8\">Aba de visualiza\u00e7\u00e3o - <\/span><span class=\"_fadeIn_m1hgl_8\">seguro, <\/span><span class=\"_fadeIn_m1hgl_8\">Flex\u00edvel <\/span><span class=\"_fadeIn_m1hgl_8\">e <\/span><span class=\"_fadeIn_m1hgl_8\">orientado para o processo<\/span><\/span><\/h1>\n<p data-start=\"395\" data-end=\"709\"><span class=\"_fadeIn_m1hgl_8\">O <\/span><span class=\"_fadeIn_m1hgl_8\">alta qualidade <\/span><span class=\"_fadeIn_m1hgl_8\">Tampa <\/span><span class=\"_fadeIn_m1hgl_8\">de <\/span><span class=\"_fadeIn_m1hgl_8\">V4A <\/span><span class=\"_fadeIn_m1hgl_8\">A\u00e7o inoxid\u00e1vel (<\/span><span class=\"_fadeIn_m1hgl_8\">1.4404)<\/span> <span class=\"_fadeIn_m1hgl_8\">era <\/span><span class=\"_fadeIn_m1hgl_8\">especialmente <\/span><span class=\"_fadeIn_m1hgl_8\">para <\/span><span class=\"_fadeIn_m1hgl_8\">a <\/span><span class=\"_fadeIn_m1hgl_8\">seguro <\/span><span class=\"_fadeIn_m1hgl_8\">Capa <\/span><span class=\"_fadeIn_m1hgl_8\">de <\/span><span class=\"_fadeIn_m1hgl_8\">Barris <\/span><span class=\"_fadeIn_m1hgl_8\">e <\/span><span class=\"_fadeIn_m1hgl_8\">contentores <\/span><span class=\"_fadeIn_m1hgl_8\">com <\/span><span class=\"_fadeIn_m1hgl_8\">um <\/span><span class=\"_fadeIn_m1hgl_8\">Di\u00e2metro <\/span><span class=\"_fadeIn_m1hgl_8\">de <\/span><span class=\"_fadeIn_m1hgl_8\">500 <\/span><span class=\"_fadeIn_m1hgl_8\">at\u00e9 <\/span><span class=\"_fadeIn_m1hgl_8\">600 mm<\/span> <span class=\"_fadeIn_m1hgl_8\">desenvolvido. <\/span><span class=\"_fadeIn_m1hgl_8\">O seu <\/span><span class=\"_fadeIn_m1hgl_8\">robusto <\/span><span class=\"_fadeIn_m1hgl_8\">e <\/span><span class=\"_fadeIn_m1hgl_8\">higi\u00e9nico <\/span><span class=\"_fadeIn_m1hgl_8\">M\u00e9todo de constru\u00e7\u00e3o <\/span><span class=\"_fadeIn_m1hgl_8\">faz <\/span><span class=\"_fadeIn_m1hgl_8\">ele <\/span><span class=\"_fadeIn_m1hgl_8\">ideal <\/span><span class=\"_fadeIn_m1hgl_8\">para <\/span><span class=\"_fadeIn_m1hgl_8\">Aplica\u00e7\u00f5es <\/span><span class=\"_fadeIn_m1hgl_8\">em <\/span><span class=\"_fadeIn_m1hgl_8\">a <\/span><span class=\"_fadeIn_m1hgl_8\">Comida-, <\/span><span class=\"_fadeIn_m1hgl_8\">Produtos farmac\u00eauticos, <\/span><span class=\"_fadeIn_m1hgl_8\">Cosm\u00e9ticos <\/span><span class=\"_fadeIn_m1hgl_8\">e <\/span><span class=\"_fadeIn_m1hgl_8\">Ind\u00fastria qu\u00edmica<\/span><span class=\"_fadeIn_m1hgl_8\">.<\/span><\/p>\n<p data-start=\"711\" data-end=\"1189\"><span class=\"_fadeIn_m1hgl_8\">Equipado <\/span><span class=\"_fadeIn_m1hgl_8\">com <\/span><span class=\"_fadeIn_m1hgl_8\">dois <\/span><span class=\"_fadeIn_m1hgl_8\">ajust\u00e1vel <\/span><span class=\"_fadeIn_m1hgl_8\">Dispositivos de fixa\u00e7\u00e3o<\/span><span class=\"_fadeIn_m1hgl_8\">, <\/span><span class=\"_fadeIn_m1hgl_8\">folhas <\/span><span class=\"_fadeIn_m1hgl_8\">em si <\/span><span class=\"_fadeIn_m1hgl_8\">a <\/span><span class=\"_fadeIn_m1hgl_8\">Tampa <\/span><span class=\"_fadeIn_m1hgl_8\">r\u00e1pido <\/span><span class=\"_fadeIn_m1hgl_8\">e <\/span><span class=\"_fadeIn_m1hgl_8\">seguro <\/span><span class=\"_fadeIn_m1hgl_8\">sobre <\/span><span class=\"_fadeIn_m1hgl_8\">diversos <\/span><span class=\"_fadeIn_m1hgl_8\">Tamanhos dos contentores <\/span><span class=\"_fadeIn_m1hgl_8\">corrigir - <\/span><span class=\"_fadeIn_m1hgl_8\">todo <\/span><span class=\"_fadeIn_m1hgl_8\">sem <\/span><span class=\"_fadeIn_m1hgl_8\">Ferramenta. <\/span><span class=\"_fadeIn_m1hgl_8\">A <\/span><span class=\"_fadeIn_m1hgl_8\">especial <\/span><span class=\"_fadeIn_m1hgl_8\">Destaque <\/span><span class=\"_fadeIn_m1hgl_8\">\u00e9 <\/span><span class=\"_fadeIn_m1hgl_8\">a <\/span><span class=\"_fadeIn_m1hgl_8\">integrado <\/span><span class=\"_fadeIn_m1hgl_8\">\u00bc-<\/span><span class=\"_fadeIn_m1hgl_8\">Aba de visualiza\u00e7\u00e3o <\/span><span class=\"_fadeIn_m1hgl_8\">com <\/span><span class=\"_fadeIn_m1hgl_8\">Grelha de seguran\u00e7a<\/span><span class=\"_fadeIn_m1hgl_8\">, <\/span><span class=\"_fadeIn_m1hgl_8\">a <\/span><span class=\"_fadeIn_m1hgl_8\">um <\/span><span class=\"_fadeIn_m1hgl_8\">seguro <\/span><span class=\"_fadeIn_m1hgl_8\">visual <\/span><span class=\"_fadeIn_m1hgl_8\">Controlo de processos <\/span><span class=\"_fadeIn_m1hgl_8\">tornada poss\u00edvel, <\/span><span class=\"_fadeIn_m1hgl_8\">sem <\/span><span class=\"_fadeIn_m1hgl_8\">o <\/span><span class=\"_fadeIn_m1hgl_8\">Tampa <\/span><span class=\"_fadeIn_m1hgl_8\">Remover <\/span><span class=\"_fadeIn_m1hgl_8\">para <\/span><span class=\"_fadeIn_m1hgl_8\">deve. <\/span><span class=\"_fadeIn_m1hgl_8\">Assim <\/span><span class=\"_fadeIn_m1hgl_8\">sair <\/span><span class=\"_fadeIn_m1hgl_8\">em si <\/span><span class=\"_fadeIn_m1hgl_8\">Misto <\/span><span class=\"_fadeIn_m1hgl_8\">ou <\/span><span class=\"_fadeIn_m1hgl_8\">Processos de agita\u00e7\u00e3o <\/span><span class=\"_fadeIn_m1hgl_8\">conveniente <\/span><span class=\"_fadeIn_m1hgl_8\">monitor, <\/span><span class=\"_fadeIn_m1hgl_8\">enquanto <\/span><span class=\"_fadeIn_m1hgl_8\">ao mesmo tempo <\/span><span class=\"_fadeIn_m1hgl_8\">a <\/span><span class=\"_fadeIn_m1hgl_8\">Prote\u00e7\u00e3o <\/span><span class=\"_fadeIn_m1hgl_8\">antes de <\/span><span class=\"_fadeIn_m1hgl_8\">m\u00f3vel <\/span><span class=\"_fadeIn_m1hgl_8\">Partilhar <\/span><span class=\"_fadeIn_m1hgl_8\">garantida <\/span><span class=\"_fadeIn_m1hgl_8\">restos.<\/span><\/p>\n<p data-start=\"1191\" data-end=\"1222\"><span class=\"_fadeIn_m1hgl_8\">Vantagens <\/span><span class=\"_fadeIn_m1hgl_8\">sobre <\/span><span class=\"_fadeIn_m1hgl_8\">um <\/span><span class=\"_fadeIn_m1hgl_8\">Ver:<\/span><\/p>\n<ul>\n<li data-start=\"1225\" data-end=\"1266\"><span class=\"_fadeIn_m1hgl_8\">De <\/span><span class=\"_fadeIn_m1hgl_8\">alta qualidade <\/span><span class=\"_fadeIn_m1hgl_8\">V4A <\/span><span class=\"_fadeIn_m1hgl_8\">A\u00e7o inoxid\u00e1vel (<\/span><span class=\"_fadeIn_m1hgl_8\">1.4404)<\/span><\/li>\n<li data-start=\"1225\" data-end=\"1266\"><span class=\"_fadeIn_m1hgl_8\">Gama de fixa\u00e7\u00e3o <\/span><span class=\"_fadeIn_m1hgl_8\">para <\/span><span class=\"_fadeIn_m1hgl_8\">500-<\/span><span class=\"_fadeIn_m1hgl_8\">600 mm <\/span><span class=\"_fadeIn_m1hgl_8\">Di\u00e2metro<\/span><\/li>\n<li data-start=\"1225\" data-end=\"1266\"><span class=\"_fadeIn_m1hgl_8\">Dois <\/span><span class=\"_fadeIn_m1hgl_8\">Dispositivos de fixa\u00e7\u00e3o <\/span><span class=\"_fadeIn_m1hgl_8\">para <\/span><span class=\"_fadeIn_m1hgl_8\">s\u00f3lido <\/span><span class=\"_fadeIn_m1hgl_8\">Parar<\/span><\/li>\n<li data-start=\"1225\" data-end=\"1266\"><span class=\"_fadeIn_m1hgl_8\">Com <\/span><span class=\"_fadeIn_m1hgl_8\">integrado \u00bc-<\/span><span class=\"_fadeIn_m1hgl_8\">Aba de visualiza\u00e7\u00e3o<\/span><\/li>\n<li data-start=\"1225\" data-end=\"1266\"><span class=\"_fadeIn_m1hgl_8\">Grelha de seguran\u00e7a <\/span><span class=\"_fadeIn_m1hgl_8\">para <\/span><span class=\"_fadeIn_m1hgl_8\">Prote\u00e7\u00e3o <\/span><span class=\"_fadeIn_m1hgl_8\">com <\/span><span class=\"_fadeIn_m1hgl_8\">em funcionamento <\/span><span class=\"_fadeIn_m1hgl_8\">Funcionamento<\/span><\/li>\n<li data-start=\"1225\" data-end=\"1266\"><span class=\"_fadeIn_m1hgl_8\">Higi\u00e9nico <\/span><span class=\"_fadeIn_m1hgl_8\">e <\/span><span class=\"_fadeIn_m1hgl_8\">luz <\/span><span class=\"_fadeIn_m1hgl_8\">para <\/span><span class=\"_fadeIn_m1hgl_8\">limpo<\/span><\/li>\n<li data-start=\"1225\" data-end=\"1266\"><span class=\"_fadeIn_m1hgl_8\">Ideal <\/span><span class=\"_fadeIn_m1hgl_8\">para <\/span><span class=\"_fadeIn_m1hgl_8\">Produ\u00e7\u00e3o, <\/span><span class=\"_fadeIn_m1hgl_8\">Laborat\u00f3rio <\/span><span class=\"_fadeIn_m1hgl_8\">e <\/span><span class=\"_fadeIn_m1hgl_8\">Processos de agita\u00e7\u00e3o<\/span><\/li>\n<li data-start=\"1225\" data-end=\"1266\"><span class=\"_fadeIn_m1hgl_8\">Montagem <\/span><span class=\"_fadeIn_m1hgl_8\">para <\/span><span class=\"_fadeIn_m1hgl_8\">diversos <\/span><span class=\"_fadeIn_m1hgl_8\">Barril <\/span><span class=\"_fadeIn_m1hgl_8\">e <\/span><span class=\"_fadeIn_m1hgl_8\">Tamanhos dos contentores<\/span><\/li>\n<\/ul>","protected":false},"excerpt":{"rendered":"<p><span class=\"_fadeIn_m1hgl_8\">V4A-<\/span><span class=\"_fadeIn_m1hgl_8\">Tampa em a\u00e7o inoxid\u00e1vel <\/span><span class=\"_fadeIn_m1hgl_8\">com <\/span><span class=\"_fadeIn_m1hgl_8\">Dispositivo de fixa\u00e7\u00e3o <\/span><span class=\"_fadeIn_m1hgl_8\">para <\/span><span class=\"_fadeIn_m1hgl_8\">Barris <\/span><span class=\"_fadeIn_m1hgl_8\">com <\/span><span class=\"_fadeIn_m1hgl_8\">500-<\/span><span class=\"_fadeIn_m1hgl_8\">600 mm <\/span><span class=\"_fadeIn_m1hgl_8\">de di\u00e2metro (bid\u00f5es de 200-220 litros),<\/span><span class=\"_fadeIn_m1hgl_8\"> com <\/span><span class=\"_fadeIn_m1hgl_8\">integrado \u00bc-<\/span><span class=\"_fadeIn_m1hgl_8\">Aba de visualiza\u00e7\u00e3o <\/span><span class=\"_fadeIn_m1hgl_8\">com <\/span><span class=\"_fadeIn_m1hgl_8\">Grelha de seguran\u00e7a <\/span><span class=\"_fadeIn_m1hgl_8\">para o <\/span><span class=\"_fadeIn_m1hgl_8\">seguro <\/span><span class=\"_fadeIn_m1hgl_8\">Monitoriza\u00e7\u00e3o do processo.<\/span><\/p>","protected":false},"featured_media":15398,"comment_status":"open","ping_status":"closed","template":"","meta":{"_acf_changed":false},"product_brand":[],"product_cat":[603,594,595],"product_tag":[2914,2915,2916,2917,2918,2909,2910,2911,2912,2913],"class_list":{"0":"post-3991","1":"product","2":"type-product","3":"status-publish","4":"has-post-thumbnail","6":"product_cat-fassruehrwerke","7":"product_cat-zubehoer","8":"product_cat-ruehrwerkstechnik","9":"product_tag-ruehrwerksdeckel-mit-klappe","10":"product_tag-hygienischer-fassdeckel","11":"product_tag-sichtkontrolle-ruehrprozess","12":"product_tag-spannvorrichtung-deckel-edelstahl","13":"product_tag-deckel-fuer-grosse-behaelter","14":"product_tag-edelstahldeckel-500-600-mm","15":"product_tag-deckel-mit-sichtklappe","16":"product_tag-deckel-mit-sicherheitsgitter","17":"product_tag-v4a-deckel-ruehrwerk","18":"product_tag-edelstahl-deckel-industrie","19":"product_shipping_class-karton-paketversand","20":"pa_behaeltervolumen-200-liter","21":"pa_mgl-fassdurchmesser-500-600mm","23":"first","24":"instock","25":"taxable","26":"shipping-taxable","27":"purchasable","28":"product-type-simple"},"bundled_by":["4312"],"bundle_stock_status":"instock","bundle_stock_quantity":null,"bundle_virtual":false,"bundle_layout":"","bundle_add_to_cart_form_location":"","bundle_editable_in_cart":false,"bundle_sold_individually_context":"","bundle_item_grouping":"","bundle_min_size":"","bundle_max_size":"","bundle_price":[],"bundled_items":[],"bundle_sell_ids":[],"exclude_global_add_ons":[],"addons":[],"acf":[],"_links":{"self":[{"href":"https:\/\/ptm-mechatronics.com\/pt\/wp-json\/wp\/v2\/product\/3991","targetHints":{"allow":["GET"]}}],"collection":[{"href":"https:\/\/ptm-mechatronics.com\/pt\/wp-json\/wp\/v2\/product"}],"about":[{"href":"https:\/\/ptm-mechatronics.com\/pt\/wp-json\/wp\/v2\/types\/product"}],"replies":[{"embeddable":true,"href":"https:\/\/ptm-mechatronics.com\/pt\/wp-json\/wp\/v2\/comments?post=3991"}],"wp:featuredmedia":[{"embeddable":true,"href":"https:\/\/ptm-mechatronics.com\/pt\/wp-json\/wp\/v2\/media\/15398"}],"wp:attachment":[{"href":"https:\/\/ptm-mechatronics.com\/pt\/wp-json\/wp\/v2\/media?parent=3991"}],"wp:term":[{"taxonomy":"product_brand","embeddable":true,"href":"https:\/\/ptm-mechatronics.com\/pt\/wp-json\/wp\/v2\/product_brand?post=3991"},{"taxonomy":"product_cat","embeddable":true,"href":"https:\/\/ptm-mechatronics.com\/pt\/wp-json\/wp\/v2\/product_cat?post=3991"},{"taxonomy":"product_tag","embeddable":true,"href":"https:\/\/ptm-mechatronics.com\/pt\/wp-json\/wp\/v2\/product_tag?post=3991"}],"curies":[{"name":"wp","href":"https:\/\/api.w.org\/{rel}","templated":true}]}}