{"id":3963,"date":"2024-02-07T17:44:42","date_gmt":"2024-02-07T17:44:42","guid":{"rendered":""},"modified":"2026-02-03T10:31:50","modified_gmt":"2026-02-03T09:31:50","slug":"anschlusset-mit-filterregler-und-manometer-fuer-ptm-antriebe-lebensmittelkonform","status":"publish","type":"product","link":"https:\/\/ptm-mechatronics.com\/pt\/product\/anschlusset-mit-filterregler-und-manometer-fuer-ptm-antriebe-lebensmittelkonform\/","title":{"rendered":"Conjunto de liga\u00e7\u00e3o com filtro regulador e man\u00f3metro para actuadores PTM, seguro para alimentos"},"content":{"rendered":"<p data-start=\"248\" data-end=\"343\">Conjunto de liga\u00e7\u00e3o seguro para alimentos com filtro regulador e man\u00f3metro - completo, seguro e higi\u00e9nico<\/p>\n<p data-start=\"345\" data-end=\"744\">O conjunto de liga\u00e7\u00e3o seguro para alimentos com filtro regulador e man\u00f3metro \u00e9 um m\u00f3dulo de fornecimento de ar totalmente pr\u00e9-montado que cont\u00e9m todos os componentes necess\u00e1rios para a liga\u00e7\u00e3o segura e higi\u00e9nica dos seus accionamentos PTM a um sistema de ar comprimido. Inclui um conjunto de mangueiras em conformidade com a FDA, uma v\u00e1lvula de fecho e uma unidade de manuten\u00e7\u00e3o com filtro, regulador de press\u00e3o e man\u00f3metro.<\/p>\n<p data-start=\"746\" data-end=\"1161\">O filtro regulador integrado limpa de forma fi\u00e1vel o ar comprimido de impurezas e humidade, enquanto o man\u00f3metro permite um controlo preciso da press\u00e3o do ar. Gra\u00e7as ao conjunto de mangueiras em conformidade com a FDA, este m\u00f3dulo de fornecimento de ar foi concebido para ser seguro para alimentos, para utiliza\u00e7\u00e3o em \u00e1reas higienicamente sens\u00edveis, como as ind\u00fastrias alimentar, farmac\u00eautica e cosm\u00e9tica.<\/p>\n<p data-start=\"1163\" data-end=\"1343\">O m\u00f3dulo de liga\u00e7\u00e3o est\u00e1 optimizado para os accionamentos PTM e permite um funcionamento eficiente, duradouro e de baixa manuten\u00e7\u00e3o - mesmo em condi\u00e7\u00f5es exigentes.<\/p>","protected":false},"excerpt":{"rendered":"<p>O conjunto de liga\u00e7\u00e3o \u00e0 prova de alimentos com filtro regulador, man\u00f3metro e conjunto de mangueiras em conformidade com a FDA garante uma alimenta\u00e7\u00e3o de ar comprimido higi\u00e9nica, segura e duradoura para os accionamentos PTM.<\/p>","protected":false},"featured_media":15393,"comment_status":"open","ping_status":"closed","template":"","meta":{"_acf_changed":false},"product_brand":[],"product_cat":[1421,1906,428,594],"product_tag":[3064,3065,3050,3057,3058,3059,3060,3061,3062,3063],"class_list":{"0":"post-3963","1":"product","2":"type-product","3":"status-publish","4":"has-post-thumbnail","6":"product_cat-zubehoer-ruehrwerkstechnik","7":"product_cat-zubehoer-druckluftmotor","8":"product_cat-antriebstechnik","9":"product_cat-zubehoer","10":"product_tag-filtereinheit-fuer-antriebe","11":"product_tag-schlauchset-fda-konform","12":"product_tag-filterregler-manometer-set","13":"product_tag-lebensmittelechtes-anschlussset","14":"product_tag-druckluftanschluss-lebensmittelkonform","15":"product_tag-druckluftmodul-hygienisch","16":"product_tag-ptm-anschlussset-fda","17":"product_tag-druckluft-zubehoer-antriebe","18":"product_tag-hygienisches-druckluftset","19":"product_tag-anschlusskit-lebensmittelecht","20":"product_shipping_class-karton-paketversand","21":"pa_filter-5m","22":"pa_schlauchlaenge-3m","23":"pa_schnellkupplung-nw7","25":"first","26":"instock","27":"taxable","28":"shipping-taxable","29":"purchasable","30":"product-type-variable"},"bundled_by":[],"bundle_stock_status":"instock","bundle_stock_quantity":null,"bundle_virtual":false,"bundle_layout":"","bundle_add_to_cart_form_location":"","bundle_editable_in_cart":false,"bundle_sold_individually_context":"","bundle_item_grouping":"","bundle_min_size":"","bundle_max_size":"","bundle_price":[],"bundled_items":[],"bundle_sell_ids":[],"exclude_global_add_ons":[],"addons":[],"acf":[],"_links":{"self":[{"href":"https:\/\/ptm-mechatronics.com\/pt\/wp-json\/wp\/v2\/product\/3963","targetHints":{"allow":["GET"]}}],"collection":[{"href":"https:\/\/ptm-mechatronics.com\/pt\/wp-json\/wp\/v2\/product"}],"about":[{"href":"https:\/\/ptm-mechatronics.com\/pt\/wp-json\/wp\/v2\/types\/product"}],"replies":[{"embeddable":true,"href":"https:\/\/ptm-mechatronics.com\/pt\/wp-json\/wp\/v2\/comments?post=3963"}],"wp:featuredmedia":[{"embeddable":true,"href":"https:\/\/ptm-mechatronics.com\/pt\/wp-json\/wp\/v2\/media\/15393"}],"wp:attachment":[{"href":"https:\/\/ptm-mechatronics.com\/pt\/wp-json\/wp\/v2\/media?parent=3963"}],"wp:term":[{"taxonomy":"product_brand","embeddable":true,"href":"https:\/\/ptm-mechatronics.com\/pt\/wp-json\/wp\/v2\/product_brand?post=3963"},{"taxonomy":"product_cat","embeddable":true,"href":"https:\/\/ptm-mechatronics.com\/pt\/wp-json\/wp\/v2\/product_cat?post=3963"},{"taxonomy":"product_tag","embeddable":true,"href":"https:\/\/ptm-mechatronics.com\/pt\/wp-json\/wp\/v2\/product_tag?post=3963"}],"curies":[{"name":"wp","href":"https:\/\/api.w.org\/{rel}","templated":true}]}}