{"id":3961,"date":"2024-02-07T17:44:42","date_gmt":"2024-02-07T17:44:42","guid":{"rendered":""},"modified":"2026-02-03T10:32:55","modified_gmt":"2026-02-03T09:32:55","slug":"luftversorgungsmodul-mit-absperrventil-filterregler-und-manometer-fuer-ptm-ruehrwerksantriebe","status":"publish","type":"product","link":"https:\/\/ptm-mechatronics.com\/pt\/product\/luftversorgungsmodul-mit-absperrventil-filterregler-und-manometer-fuer-ptm-ruehrwerksantriebe\/","title":{"rendered":"M\u00f3dulo de alimenta\u00e7\u00e3o de ar com v\u00e1lvula de corte, filtro regulador e man\u00f3metro para accionamentos de agitadores PTM"},"content":{"rendered":"<p>O m\u00f3dulo de alimenta\u00e7\u00e3o de ar inclui todos os componentes necess\u00e1rios para ligar o seu agitador ao seu sistema de ar comprimido: conjunto de mangueiras, v\u00e1lvula de fecho e unidade de manuten\u00e7\u00e3o com filtro. Isto garante uma alimenta\u00e7\u00e3o fi\u00e1vel de ar comprimido do seu sistema de ar comprimido para o motor do agitador e assegura uma longa vida \u00fatil.<\/p>","protected":false},"excerpt":{"rendered":"<p>M\u00f3dulo de alimenta\u00e7\u00e3o de ar com filtro regulador, man\u00f3metro, v\u00e1lvula de fecho, ficha de acoplamento de ar comprimido para agitadores PTM<\/p>","protected":false},"featured_media":15392,"comment_status":"open","ping_status":"closed","template":"","meta":{"_acf_changed":false},"product_brand":[],"product_cat":[1421,595,603,614],"product_tag":[],"class_list":{"0":"post-3961","1":"product","2":"type-product","3":"status-publish","4":"has-post-thumbnail","6":"product_cat-zubehoer-ruehrwerkstechnik","7":"product_cat-ruehrwerkstechnik","8":"product_cat-fassruehrwerke","9":"product_cat-containerruehrwerke","10":"product_shipping_class-karton-paketversand","11":"pa_filter-5m","12":"pa_schnellkupplung-nw7","14":"first","15":"instock","16":"taxable","17":"shipping-taxable","18":"purchasable","19":"product-type-simple"},"bundled_by":[],"bundle_stock_status":"instock","bundle_stock_quantity":null,"bundle_virtual":false,"bundle_layout":"","bundle_add_to_cart_form_location":"","bundle_editable_in_cart":false,"bundle_sold_individually_context":"","bundle_item_grouping":"","bundle_min_size":"","bundle_max_size":"","bundle_price":[],"bundled_items":[],"bundle_sell_ids":[],"exclude_global_add_ons":[],"addons":[],"acf":[],"_links":{"self":[{"href":"https:\/\/ptm-mechatronics.com\/pt\/wp-json\/wp\/v2\/product\/3961","targetHints":{"allow":["GET"]}}],"collection":[{"href":"https:\/\/ptm-mechatronics.com\/pt\/wp-json\/wp\/v2\/product"}],"about":[{"href":"https:\/\/ptm-mechatronics.com\/pt\/wp-json\/wp\/v2\/types\/product"}],"replies":[{"embeddable":true,"href":"https:\/\/ptm-mechatronics.com\/pt\/wp-json\/wp\/v2\/comments?post=3961"}],"wp:featuredmedia":[{"embeddable":true,"href":"https:\/\/ptm-mechatronics.com\/pt\/wp-json\/wp\/v2\/media\/15392"}],"wp:attachment":[{"href":"https:\/\/ptm-mechatronics.com\/pt\/wp-json\/wp\/v2\/media?parent=3961"}],"wp:term":[{"taxonomy":"product_brand","embeddable":true,"href":"https:\/\/ptm-mechatronics.com\/pt\/wp-json\/wp\/v2\/product_brand?post=3961"},{"taxonomy":"product_cat","embeddable":true,"href":"https:\/\/ptm-mechatronics.com\/pt\/wp-json\/wp\/v2\/product_cat?post=3961"},{"taxonomy":"product_tag","embeddable":true,"href":"https:\/\/ptm-mechatronics.com\/pt\/wp-json\/wp\/v2\/product_tag?post=3961"}],"curies":[{"name":"wp","href":"https:\/\/api.w.org\/{rel}","templated":true}]}}