{"id":3955,"date":"2024-02-07T17:44:42","date_gmt":"2024-02-07T17:44:42","guid":{"rendered":""},"modified":"2026-02-03T10:31:29","modified_gmt":"2026-02-03T09:31:29","slug":"anschlussset-mit-filterregler-und-manometer-fuer-ptm-antriebe","status":"publish","type":"product","link":"https:\/\/ptm-mechatronics.com\/pt\/product\/anschlussset-mit-filterregler-und-manometer-fuer-ptm-antriebe\/","title":{"rendered":"Conjunto de liga\u00e7\u00e3o com filtro regulador e man\u00f3metro para os actuadores PTM"},"content":{"rendered":"<p data-start=\"223\" data-end=\"298\">Conjunto de liga\u00e7\u00e3o com filtro regulador e man\u00f3metro - completo, seguro e duradouro<\/p>\n<p data-start=\"300\" data-end=\"740\">O conjunto de liga\u00e7\u00e3o com filtro regulador e man\u00f3metro \u00e9 um m\u00f3dulo de alimenta\u00e7\u00e3o de ar totalmente pr\u00e9-montado que cont\u00e9m todos os componentes necess\u00e1rios para a liga\u00e7\u00e3o segura do seu acionamento de ar comprimido PTM ao sistema de ar comprimido existente. \u00c9 composto por um conjunto de mangueiras de alta qualidade, uma v\u00e1lvula de corte e uma unidade de manuten\u00e7\u00e3o com filtro e man\u00f3metro, que regula de forma fi\u00e1vel a press\u00e3o e a qualidade do ar.<\/p>\n<p data-start=\"742\" data-end=\"1122\">O filtro regulador integrado remove as impurezas e a humidade do ar comprimido, enquanto o man\u00f3metro permite uma monitoriza\u00e7\u00e3o precisa da press\u00e3o. Assim, o conjunto de liga\u00e7\u00e3o garante n\u00e3o s\u00f3 um fornecimento de ar constante e limpo, mas tamb\u00e9m o funcionamento duradouro e sem problemas do seu acionamento de ar comprimido - mesmo sob condi\u00e7\u00f5es exigentes.<\/p>\n<p data-start=\"1124\" data-end=\"1385\">O m\u00f3dulo de liga\u00e7\u00e3o \u00e9 ideal para todos os motores pneum\u00e1ticos e accionamentos de agitadores PTM e pode ser r\u00e1pida e facilmente integrado em sistemas existentes. Uma solu\u00e7\u00e3o compacta e eficiente para m\u00e1xima fiabilidade operacional e custos de manuten\u00e7\u00e3o reduzidos.<\/p>","protected":false},"excerpt":{"rendered":"<p>Conjunto de liga\u00e7\u00e3o com filtro regulador, man\u00f3metro e conjunto de mangueiras para uma alimenta\u00e7\u00e3o de ar comprimido segura e limpa - para um funcionamento fi\u00e1vel e duradouro.<\/p>","protected":false},"featured_media":15391,"comment_status":"open","ping_status":"closed","template":"","meta":{"_acf_changed":false},"product_brand":[],"product_cat":[428,594,1421,1906],"product_tag":[3047,3048,3049,3050,3051,3052,3053,3054,3055,3056],"class_list":{"0":"post-3955","1":"product","2":"type-product","3":"status-publish","4":"has-post-thumbnail","6":"product_cat-antriebstechnik","7":"product_cat-zubehoer","8":"product_cat-zubehoer-ruehrwerkstechnik","9":"product_cat-zubehoer-druckluftmotor","10":"product_tag-anschlussset-druckluftmotor","11":"product_tag-druckluftanschluss-ptm","12":"product_tag-luftversorgungsmodul-mit-filter","13":"product_tag-filterregler-manometer-set","14":"product_tag-druckluft-zubehoer-ptm","15":"product_tag-anschlussset-mit-wartungseinheit","16":"product_tag-druckluftfilter-mit-manometer","17":"product_tag-druckluftschlauchset-komplett","18":"product_tag-druckluftmotor-anschlusskit","19":"product_tag-druckluftregler-set","20":"product_shipping_class-karton-paketversand","21":"pa_filter-5m","22":"pa_schnellkupplung-nw7","24":"first","25":"instock","26":"taxable","27":"shipping-taxable","28":"purchasable","29":"product-type-variable"},"bundled_by":["4335","4344","4345","4346"],"bundle_stock_status":"instock","bundle_stock_quantity":null,"bundle_virtual":false,"bundle_layout":"","bundle_add_to_cart_form_location":"","bundle_editable_in_cart":false,"bundle_sold_individually_context":"","bundle_item_grouping":"","bundle_min_size":"","bundle_max_size":"","bundle_price":[],"bundled_items":[],"bundle_sell_ids":[],"exclude_global_add_ons":[],"addons":[],"acf":[],"_links":{"self":[{"href":"https:\/\/ptm-mechatronics.com\/pt\/wp-json\/wp\/v2\/product\/3955","targetHints":{"allow":["GET"]}}],"collection":[{"href":"https:\/\/ptm-mechatronics.com\/pt\/wp-json\/wp\/v2\/product"}],"about":[{"href":"https:\/\/ptm-mechatronics.com\/pt\/wp-json\/wp\/v2\/types\/product"}],"replies":[{"embeddable":true,"href":"https:\/\/ptm-mechatronics.com\/pt\/wp-json\/wp\/v2\/comments?post=3955"}],"wp:featuredmedia":[{"embeddable":true,"href":"https:\/\/ptm-mechatronics.com\/pt\/wp-json\/wp\/v2\/media\/15391"}],"wp:attachment":[{"href":"https:\/\/ptm-mechatronics.com\/pt\/wp-json\/wp\/v2\/media?parent=3955"}],"wp:term":[{"taxonomy":"product_brand","embeddable":true,"href":"https:\/\/ptm-mechatronics.com\/pt\/wp-json\/wp\/v2\/product_brand?post=3955"},{"taxonomy":"product_cat","embeddable":true,"href":"https:\/\/ptm-mechatronics.com\/pt\/wp-json\/wp\/v2\/product_cat?post=3955"},{"taxonomy":"product_tag","embeddable":true,"href":"https:\/\/ptm-mechatronics.com\/pt\/wp-json\/wp\/v2\/product_tag?post=3955"}],"curies":[{"name":"wp","href":"https:\/\/api.w.org\/{rel}","templated":true}]}}