{"id":3952,"date":"2024-02-07T17:44:42","date_gmt":"2024-02-07T17:44:42","guid":{"rendered":""},"modified":"2025-11-07T15:51:25","modified_gmt":"2025-11-07T14:51:25","slug":"drehzahlsensor-namur-3-leiter","status":"publish","type":"product","link":"https:\/\/ptm-mechatronics.com\/pt\/product\/drehzahlsensor-namur-3-leiter\/","title":{"rendered":"Sensor de velocidade NAMUR 3-fios, com cabo de 5m, IP68, ATEX II 3GD Zona 2;22"},"content":{"rendered":"<p data-start=\"182\" data-end=\"257\">Sensor de velocidade NAMUR - preciso, robusto, certificado ATEX para a Zona 2\/22<\/p>\n<p data-start=\"259\" data-end=\"632\">O sensor de velocidade de 3 fios da NAMUR com cabo de liga\u00e7\u00e3o de 5 m, classe de prote\u00e7\u00e3o IP68 e aprova\u00e7\u00e3o ATEX II 3GD foi especialmente concebido para utiliza\u00e7\u00e3o em atmosferas potencialmente explosivas nas zonas 2 e 22. Permite uma monitoriza\u00e7\u00e3o fi\u00e1vel e cont\u00ednua da velocidade em aplica\u00e7\u00f5es industriais, tais como tecnologia de acionamento, sistemas de mistura e sistemas de transporte.<\/p>\n<p data-start=\"634\" data-end=\"999\">Gra\u00e7as \u00e0 tecnologia NAMUR de 3 fios, o sensor pode ser integrado sem problemas nos conceitos de controlo existentes e fornece sinais precisos para o controlo de processos. A caixa robusta com certifica\u00e7\u00e3o IP68 proporciona uma prote\u00e7\u00e3o fi\u00e1vel contra o p\u00f3 e a \u00e1gua - ideal para ambientes exigentes nas ind\u00fastrias de engenharia de processos, alimentar, qu\u00edmica e farmac\u00eautica.<\/p>\n<p data-start=\"1001\" data-end=\"1272\">Com o seu cabo de 5 m de comprimento, o sensor pode ser montado de forma flex\u00edvel e \u00e9 ideal para combina\u00e7\u00e3o com motores pneum\u00e1ticos e sistemas de acionamento PTM. O sensor preenche todos os requisitos para uma monitoriza\u00e7\u00e3o duradoura, segura e de baixa manuten\u00e7\u00e3o do movimento rotativo.<\/p>","protected":false},"excerpt":{"rendered":"<p>O robusto sensor de velocidade NAMUR com tecnologia de 3 fios, cabo de 5 m, prote\u00e7\u00e3o IP68 e aprova\u00e7\u00e3o ATEX para a Zona 2\/22 permite uma monitoriza\u00e7\u00e3o precisa e segura da velocidade em ambientes industriais potencialmente explosivos.<\/p>","protected":false},"featured_media":15390,"comment_status":"open","ping_status":"closed","template":"","meta":{"_acf_changed":false},"product_brand":[],"product_cat":[1421,594,595,1906,428],"product_tag":[3003,3004,3005,2995,3006,2996,2997,2998,2999,3000,3001,3002],"class_list":{"0":"post-3952","1":"product","2":"type-product","3":"status-publish","4":"has-post-thumbnail","6":"product_cat-zubehoer-ruehrwerkstechnik","7":"product_cat-zubehoer","8":"product_cat-ruehrwerkstechnik","9":"product_cat-zubehoer-druckluftmotor","10":"product_cat-antriebstechnik","11":"product_tag-sensor-mit-5m-kabel","12":"product_tag-namur-sensor-zone-0","13":"product_tag-ptm-drehzahlsensor","14":"product_tag-drehzahlsensor-namur","15":"product_tag-namur-messwertgeber","16":"product_tag-namur-sensor-3-leiter","17":"product_tag-atex-drehzahlsensor","18":"product_tag-zone-0-20-sensor","19":"product_tag-ip68-sensor","20":"product_tag-explosionsgeschuetzter-drehzahlsensor","21":"product_tag-namur-signalgeber","22":"product_tag-drehzahlueberwachung-atex","23":"product_shipping_class-karton-paketversand","24":"pa_anzahl-leiter-732","25":"pa_art-namur","26":"pa_atex-gas-ex-ll-3g-eex-na-iic-t6-x","27":"pa_atex-staub-ex-ii-3d-ip67-t80c-x","28":"pa_gewinde-m8x1","29":"pa_kabellaenge-5m","30":"pa_schutzart-ip68","31":"pa_spannung-7--30-vdc","33":"first","34":"instock","35":"taxable","36":"shipping-taxable","37":"purchasable","38":"product-type-simple"},"bundled_by":["4335","4344","4345"],"bundle_stock_status":"instock","bundle_stock_quantity":null,"bundle_virtual":false,"bundle_layout":"","bundle_add_to_cart_form_location":"","bundle_editable_in_cart":false,"bundle_sold_individually_context":"","bundle_item_grouping":"","bundle_min_size":"","bundle_max_size":"","bundle_price":[],"bundled_items":[],"bundle_sell_ids":[],"exclude_global_add_ons":[],"addons":[],"acf":[],"_links":{"self":[{"href":"https:\/\/ptm-mechatronics.com\/pt\/wp-json\/wp\/v2\/product\/3952","targetHints":{"allow":["GET"]}}],"collection":[{"href":"https:\/\/ptm-mechatronics.com\/pt\/wp-json\/wp\/v2\/product"}],"about":[{"href":"https:\/\/ptm-mechatronics.com\/pt\/wp-json\/wp\/v2\/types\/product"}],"replies":[{"embeddable":true,"href":"https:\/\/ptm-mechatronics.com\/pt\/wp-json\/wp\/v2\/comments?post=3952"}],"wp:featuredmedia":[{"embeddable":true,"href":"https:\/\/ptm-mechatronics.com\/pt\/wp-json\/wp\/v2\/media\/15390"}],"wp:attachment":[{"href":"https:\/\/ptm-mechatronics.com\/pt\/wp-json\/wp\/v2\/media?parent=3952"}],"wp:term":[{"taxonomy":"product_brand","embeddable":true,"href":"https:\/\/ptm-mechatronics.com\/pt\/wp-json\/wp\/v2\/product_brand?post=3952"},{"taxonomy":"product_cat","embeddable":true,"href":"https:\/\/ptm-mechatronics.com\/pt\/wp-json\/wp\/v2\/product_cat?post=3952"},{"taxonomy":"product_tag","embeddable":true,"href":"https:\/\/ptm-mechatronics.com\/pt\/wp-json\/wp\/v2\/product_tag?post=3952"}],"curies":[{"name":"wp","href":"https:\/\/api.w.org\/{rel}","templated":true}]}}