{"id":3948,"date":"2024-02-07T17:44:42","date_gmt":"2024-02-07T17:44:42","guid":{"rendered":""},"modified":"2025-11-07T15:51:25","modified_gmt":"2025-11-07T14:51:25","slug":"drehzahlsensor-namur-2-leiter","status":"publish","type":"product","link":"https:\/\/ptm-mechatronics.com\/pt\/product\/drehzahlsensor-namur-2-leiter\/","title":{"rendered":"Sensor de velocidade NAMUR 2-fios, com cabo de 5m, IP68, ATEX II 1GD Zona 0;20"},"content":{"rendered":"<p data-start=\"221\" data-end=\"310\">Sensor de velocidade NAMUR de 2 fios - \u00e0 prova de explos\u00e3o para a zona 0\/20, preciso e robusto<\/p>\n<p data-start=\"312\" data-end=\"734\">O sensor de velocidade NAMUR com tecnologia de 2 fios foi especialmente desenvolvido para a monitoriza\u00e7\u00e3o segura da velocidade em atmosferas potencialmente explosivas nas zonas ATEX 0 e 20. Com a sua aprova\u00e7\u00e3o ATEX II 1GD, classe de prote\u00e7\u00e3o IP68 e um cabo de liga\u00e7\u00e3o de 5 m, cumpre os mais elevados padr\u00f5es de seguran\u00e7a e qualidade em ambientes industriais como a ind\u00fastria qu\u00edmica, farmac\u00eautica, alimentar e engenharia de processos.<\/p>\n<p data-start=\"736\" data-end=\"1100\">Gra\u00e7as \u00e0 tecnologia NAMUR de 2 fios, o sensor oferece uma transmiss\u00e3o de sinal simples e fi\u00e1vel e pode ser facilmente integrado em sistemas de medi\u00e7\u00e3o e controlo existentes. A certifica\u00e7\u00e3o IP68 garante uma resist\u00eancia permanente ao p\u00f3, sujidade e humidade - mesmo em condi\u00e7\u00f5es ambientais exigentes ou processos de limpeza.<\/p>\n<p data-start=\"1102\" data-end=\"1433\">Com a sua caixa compacta e robusta e o seu design \u00e0 prova de explos\u00e3o, este sensor \u00e9 ideal para ser utilizado em combina\u00e7\u00e3o com motores pneum\u00e1ticos, agitadores e solu\u00e7\u00f5es de acionamento PTM. Fornece um feedback preciso da velocidade e contribui decisivamente para a fiabilidade e reprodutibilidade do processo.<\/p>","protected":false},"excerpt":{"rendered":"<p>Sensor de velocidade NAMUR com tecnologia de 2 fios, cabo de 5 m, prote\u00e7\u00e3o IP68 e aprova\u00e7\u00e3o ATEX para a Zona 0\/20, monitoriza\u00e7\u00e3o precisa da velocidade em ambientes industriais altamente sens\u00edveis e potencialmente explosivos.<\/p>","protected":false},"featured_media":15386,"comment_status":"open","ping_status":"closed","template":"","meta":{"_acf_changed":false},"product_brand":[],"product_cat":[428,1421,594,595,1906],"product_tag":[3002,3003,3005,3007,3008,3009,3010,3011,3012,3013,3000,3014],"class_list":{"0":"post-3948","1":"product","2":"type-product","3":"status-publish","4":"has-post-thumbnail","6":"product_cat-antriebstechnik","7":"product_cat-zubehoer-ruehrwerkstechnik","8":"product_cat-zubehoer","9":"product_cat-ruehrwerkstechnik","10":"product_cat-zubehoer-druckluftmotor","11":"product_tag-drehzahlueberwachung-atex","12":"product_tag-sensor-mit-5m-kabel","13":"product_tag-ptm-drehzahlsensor","14":"product_tag-drehzahlsensor-namur-2-leiter","15":"product_tag-atex-sensor-zone-0","16":"product_tag-atex-sensor-zone-20","17":"product_tag-ip68-drehzahlsensor","18":"product_tag-namur-sensor-industrie","19":"product_tag-atex-1gd-sensor","20":"product_tag-sensor-fuer-explosionsgefaehrdete-bereiche","21":"product_tag-explosionsgeschuetzter-drehzahlsensor","22":"product_tag-2-leiter-signalgeber","23":"product_shipping_class-karton-paketversand","24":"pa_anzahl-leiter-728","25":"pa_art-namur","26":"pa_atex-gas-ex-ll-1g-ex-ia-iic-t6","27":"pa_atex-staub-ex-ii-1d-ex-iad-20-t80c","28":"pa_gewinde-m8x1","29":"pa_kabellaenge-5m","30":"pa_schutzart-ip68","31":"pa_spannung-731","33":"first","34":"instock","35":"taxable","36":"shipping-taxable","37":"purchasable","38":"product-type-simple"},"bundled_by":["4335","4344","4345","4346"],"bundle_stock_status":"instock","bundle_stock_quantity":null,"bundle_virtual":false,"bundle_layout":"","bundle_add_to_cart_form_location":"","bundle_editable_in_cart":false,"bundle_sold_individually_context":"","bundle_item_grouping":"","bundle_min_size":"","bundle_max_size":"","bundle_price":[],"bundled_items":[],"bundle_sell_ids":[],"exclude_global_add_ons":[],"addons":[],"acf":[],"_links":{"self":[{"href":"https:\/\/ptm-mechatronics.com\/pt\/wp-json\/wp\/v2\/product\/3948","targetHints":{"allow":["GET"]}}],"collection":[{"href":"https:\/\/ptm-mechatronics.com\/pt\/wp-json\/wp\/v2\/product"}],"about":[{"href":"https:\/\/ptm-mechatronics.com\/pt\/wp-json\/wp\/v2\/types\/product"}],"replies":[{"embeddable":true,"href":"https:\/\/ptm-mechatronics.com\/pt\/wp-json\/wp\/v2\/comments?post=3948"}],"wp:featuredmedia":[{"embeddable":true,"href":"https:\/\/ptm-mechatronics.com\/pt\/wp-json\/wp\/v2\/media\/15386"}],"wp:attachment":[{"href":"https:\/\/ptm-mechatronics.com\/pt\/wp-json\/wp\/v2\/media?parent=3948"}],"wp:term":[{"taxonomy":"product_brand","embeddable":true,"href":"https:\/\/ptm-mechatronics.com\/pt\/wp-json\/wp\/v2\/product_brand?post=3948"},{"taxonomy":"product_cat","embeddable":true,"href":"https:\/\/ptm-mechatronics.com\/pt\/wp-json\/wp\/v2\/product_cat?post=3948"},{"taxonomy":"product_tag","embeddable":true,"href":"https:\/\/ptm-mechatronics.com\/pt\/wp-json\/wp\/v2\/product_tag?post=3948"}],"curies":[{"name":"wp","href":"https:\/\/api.w.org\/{rel}","templated":true}]}}