{"id":3923,"date":"2024-02-07T17:44:41","date_gmt":"2024-02-07T17:44:41","guid":{"rendered":""},"modified":"2025-11-07T15:51:20","modified_gmt":"2025-11-07T14:51:20","slug":"druckluftmotor-ip68-8nm-0-300rpm","status":"publish","type":"product","link":"https:\/\/ptm-mechatronics.com\/pt\/product\/druckluftmotor-ip68-8nm-0-300rpm\/","title":{"rendered":"Motor pneum\u00e1tico IP68, 8Nm, 0-300rpm"},"content":{"rendered":"<p>Os motores pneum\u00e1ticos PTM s\u00e3o adequados para uma vasta gama de aplica\u00e7\u00f5es gra\u00e7as \u00e0 sua conce\u00e7\u00e3o muito robusta, puramente mec\u00e2nica e \u00e0 sua pot\u00eancia. Em geral, podem ser utilizados como accionamentos em sistemas e m\u00e1quinas ou para gerar movimentos rotativos e girat\u00f3rios. Os motores pneum\u00e1ticos PTM baseiam-se no princ\u00edpio do pist\u00e3o radial extremamente eficiente: apesar do baixo consumo de ar, os motores desenvolvem um grau de efici\u00eancia muito elevado e um bin\u00e1rio muito elevado.  Isto faz deles a alternativa moderna e econ\u00f3mica aos motores de palhetas. Podem ser operados tanto no sentido dos ponteiros do rel\u00f3gio como no sentido contr\u00e1rio e podem ser carregados at\u00e9 \u00e0 paragem. Gra\u00e7as ao seu tamanho compacto, podem ser integrados em quase todas as aplica\u00e7\u00f5es. O modelo IP68 \u00e9 tamb\u00e9m completamente \u00e0 prova de \u00e1gua e pode, portanto, ser utilizado em todos os ambientes h\u00famidos e mesmo debaixo de \u00e1gua.<\/p>","protected":false},"excerpt":{"rendered":"<p>Motor pneum\u00e1tico IP68, extremamente eficiente e potente, o motor pneum\u00e1tico atinge um rendimento muito elevado e um bin\u00e1rio muito elevado, apesar do consumo m\u00ednimo de ar. Conce\u00e7\u00e3o imperme\u00e1vel de acordo com a classe de prote\u00e7\u00e3o IP68, podendo assim ser utilizado em ambientes h\u00famidos e debaixo de \u00e1gua.<\/p>","protected":false},"featured_media":15313,"comment_status":"open","ping_status":"closed","template":"","meta":{"_acf_changed":false},"product_brand":[],"product_cat":[21],"product_tag":[],"class_list":{"0":"post-3923","1":"product","2":"type-product","3":"status-publish","4":"has-post-thumbnail","6":"product_cat-unkategorisiert","7":"product_shipping_class-karton-paketversand","8":"pa_antriebsart-pneumatisch","9":"pa_dichtung-ptfe","10":"pa_drehmoment-8nm","11":"pa_drehzahl-0-300-1-min","12":"pa_durchmesser-99mm","13":"pa_geraeuschpegel-75db","14":"pa_hoehe-52mm","15":"pa_labs-oel-und-silikonfrei","16":"pa_luftanschluesse-2xm6x075","17":"pa_material-gehaeuse-aluminium-eloxiert","18":"pa_model-pmo-900-ip67","19":"pa_schutzart-ip68","20":"pa_steckverschraubung-2xschlauch-o6mm","21":"pa_versorgung-5-6bar","23":"first","24":"instock","25":"taxable","26":"shipping-taxable","27":"purchasable","28":"product-type-simple"},"bundled_by":["4344"],"bundle_stock_status":"instock","bundle_stock_quantity":null,"bundle_virtual":false,"bundle_layout":"","bundle_add_to_cart_form_location":"","bundle_editable_in_cart":false,"bundle_sold_individually_context":"","bundle_item_grouping":"","bundle_min_size":"","bundle_max_size":"","bundle_price":[],"bundled_items":[],"bundle_sell_ids":[],"exclude_global_add_ons":[],"addons":[],"acf":[],"_links":{"self":[{"href":"https:\/\/ptm-mechatronics.com\/pt\/wp-json\/wp\/v2\/product\/3923","targetHints":{"allow":["GET"]}}],"collection":[{"href":"https:\/\/ptm-mechatronics.com\/pt\/wp-json\/wp\/v2\/product"}],"about":[{"href":"https:\/\/ptm-mechatronics.com\/pt\/wp-json\/wp\/v2\/types\/product"}],"replies":[{"embeddable":true,"href":"https:\/\/ptm-mechatronics.com\/pt\/wp-json\/wp\/v2\/comments?post=3923"}],"wp:featuredmedia":[{"embeddable":true,"href":"https:\/\/ptm-mechatronics.com\/pt\/wp-json\/wp\/v2\/media\/15313"}],"wp:attachment":[{"href":"https:\/\/ptm-mechatronics.com\/pt\/wp-json\/wp\/v2\/media?parent=3923"}],"wp:term":[{"taxonomy":"product_brand","embeddable":true,"href":"https:\/\/ptm-mechatronics.com\/pt\/wp-json\/wp\/v2\/product_brand?post=3923"},{"taxonomy":"product_cat","embeddable":true,"href":"https:\/\/ptm-mechatronics.com\/pt\/wp-json\/wp\/v2\/product_cat?post=3923"},{"taxonomy":"product_tag","embeddable":true,"href":"https:\/\/ptm-mechatronics.com\/pt\/wp-json\/wp\/v2\/product_tag?post=3923"}],"curies":[{"name":"wp","href":"https:\/\/api.w.org\/{rel}","templated":true}]}}